{"id":1525,"date":"2012-05-07T18:52:08","date_gmt":"2012-05-07T18:52:08","guid":{"rendered":"http:\/\/www2.unifap.br\/pet-fisica\/?page_id=1525"},"modified":"2023-01-31T18:00:33","modified_gmt":"2023-01-31T18:00:33","slug":"grupo-de-apoio-academico","status":"publish","type":"page","link":"http:\/\/www2.unifap.br\/pet-fisica\/trabalhos\/ensino\/grupo-de-apoio-academico\/","title":{"rendered":"Grupo de Apoio Acad\u00eamico"},"content":{"rendered":"\t\t<div data-elementor-type=\"wp-page\" data-elementor-id=\"1525\" class=\"elementor elementor-1525\">\n\t\t\t\t\t\t<section class=\"elementor-section elementor-top-section elementor-element elementor-element-a00b635 elementor-section-boxed elementor-section-height-default elementor-section-height-default\" data-id=\"a00b635\" data-element_type=\"section\" data-e-type=\"section\">\n\t\t\t\t\t\t<div class=\"elementor-container elementor-column-gap-default\">\n\t\t\t\t\t<div class=\"elementor-column elementor-col-100 elementor-top-column elementor-element elementor-element-a40865a\" data-id=\"a40865a\" data-element_type=\"column\" data-e-type=\"column\">\n\t\t\t<div class=\"elementor-widget-wrap elementor-element-populated\">\n\t\t\t\t\t\t<div class=\"elementor-element elementor-element-95cf638 elementor-widget elementor-widget-spacer\" data-id=\"95cf638\" data-element_type=\"widget\" data-e-type=\"widget\" data-widget_type=\"spacer.default\">\n\t\t\t\t<div class=\"elementor-widget-container\">\n\t\t\t\t\t\t\t<div class=\"elementor-spacer\">\n\t\t\t<div class=\"elementor-spacer-inner\"><\/div>\n\t\t<\/div>\n\t\t\t\t\t\t<\/div>\n\t\t\t\t<\/div>\n\t\t\t\t<div class=\"elementor-element elementor-element-495046e elementor-widget elementor-widget-heading\" data-id=\"495046e\" data-element_type=\"widget\" data-e-type=\"widget\" data-widget_type=\"heading.default\">\n\t\t\t\t<div class=\"elementor-widget-container\">\n\t\t\t\t\t<h2 class=\"elementor-heading-title elementor-size-default\">Grupo de Apoio Acad\u00eamico<\/h2>\t\t\t\t<\/div>\n\t\t\t\t<\/div>\n\t\t\t\t<div class=\"elementor-element elementor-element-3f8efd0 elementor-widget-divider--view-line elementor-widget elementor-widget-divider\" data-id=\"3f8efd0\" data-element_type=\"widget\" data-e-type=\"widget\" data-widget_type=\"divider.default\">\n\t\t\t\t<div class=\"elementor-widget-container\">\n\t\t\t\t\t\t\t<div class=\"elementor-divider\">\n\t\t\t<span class=\"elementor-divider-separator\">\n\t\t\t\t\t\t<\/span>\n\t\t<\/div>\n\t\t\t\t\t\t<\/div>\n\t\t\t\t<\/div>\n\t\t\t\t\t<\/div>\n\t\t<\/div>\n\t\t\t\t\t<\/div>\n\t\t<\/section>\n\t\t\t\t<section class=\"elementor-section elementor-top-section elementor-element elementor-element-568bdd2 elementor-section-boxed elementor-section-height-default elementor-section-height-default\" data-id=\"568bdd2\" data-element_type=\"section\" data-e-type=\"section\">\n\t\t\t\t\t\t<div class=\"elementor-container elementor-column-gap-default\">\n\t\t\t\t\t<div class=\"elementor-column elementor-col-100 elementor-top-column elementor-element elementor-element-ddf1159\" data-id=\"ddf1159\" data-element_type=\"column\" data-e-type=\"column\">\n\t\t\t<div class=\"elementor-widget-wrap elementor-element-populated\">\n\t\t\t\t\t\t<div class=\"elementor-element elementor-element-cd32bbd elementor-widget elementor-widget-heading\" data-id=\"cd32bbd\" data-element_type=\"widget\" data-e-type=\"widget\" data-widget_type=\"heading.default\">\n\t\t\t\t<div class=\"elementor-widget-container\">\n\t\t\t\t\t<h2 class=\"elementor-heading-title elementor-size-default\">O que \u00e9?<\/h2>\t\t\t\t<\/div>\n\t\t\t\t<\/div>\n\t\t\t\t\t<\/div>\n\t\t<\/div>\n\t\t\t\t\t<\/div>\n\t\t<\/section>\n\t\t\t\t<section class=\"elementor-section elementor-top-section elementor-element elementor-element-545bbeba elementor-section-boxed elementor-section-height-default elementor-section-height-default\" data-id=\"545bbeba\" data-element_type=\"section\" data-e-type=\"section\">\n\t\t\t\t\t\t<div class=\"elementor-container elementor-column-gap-default\">\n\t\t\t\t\t<div class=\"elementor-column elementor-col-100 elementor-top-column elementor-element elementor-element-2e685c53\" data-id=\"2e685c53\" data-element_type=\"column\" data-e-type=\"column\">\n\t\t\t<div class=\"elementor-widget-wrap elementor-element-populated\">\n\t\t\t\t\t\t<div class=\"elementor-element elementor-element-713e3073 elementor-widget elementor-widget-text-editor\" data-id=\"713e3073\" data-element_type=\"widget\" data-e-type=\"widget\" data-widget_type=\"text-editor.default\">\n\t\t\t\t<div class=\"elementor-widget-container\">\n\t\t\t\t\t\t\t\t\t<div>\r\n\r\n<a href=\"http:\/\/www2.unifap.br\/pet-fisica\/files\/2012\/05\/grupo-de-apoio4.jpg\"><img fetchpriority=\"high\" decoding=\"async\" class=\"alignright size-medium wp-image-2108\" src=\"http:\/\/www2.unifap.br\/pet-fisica\/files\/2012\/05\/grupo-de-apoio4-300x224.jpg\" alt=\"\" width=\"590\" height=\"442\" srcset=\"http:\/\/www2.unifap.br\/pet-fisica\/files\/2012\/05\/grupo-de-apoio4-300x224.jpg 300w, http:\/\/www2.unifap.br\/pet-fisica\/files\/2012\/05\/grupo-de-apoio4-1024x766.jpg 1024w, http:\/\/www2.unifap.br\/pet-fisica\/files\/2012\/05\/grupo-de-apoio4-240x180.jpg 240w, http:\/\/www2.unifap.br\/pet-fisica\/files\/2012\/05\/grupo-de-apoio4.jpg 1501w\" sizes=\"(max-width: 590px) 100vw, 590px\" \/><\/a>\r\n\r\n<strong>O Grupo de Apoio Acad\u00eamico \u00e9 uma iniciativa do PET-F\u00edsica, que tem por objetivo proporcionar aos academicos do curso de F\u00edsica da UNIFAP, refor\u00e7o das disciplinas de C\u00e1lculo e F\u00edsica para ajudar melhorar o desempenho dos acad\u00eamicos da Institui\u00e7\u00e3o.<\/strong>\r\n\r\n<strong>As monitorias s\u00e3o realizadas de forma intermitente e s\u00e3o divulgadas no mural e no site do PET- F\u00edsica.<\/strong>\r\n\r\n<strong>&#8212;&#8212;&#8212;&#8212;&#8212;&#8212;&#8212;&#8212;&#8212;&#8212;&#8212;&#8212;&#8212;&#8212;&#8212;&#8212;&#8212;&#8212;&#8212;&#8212;&#8212;&#8212;&#8212;&#8212;&#8212;&#8212;&#8212;&#8212;&#8212;&#8212;&#8212;&#8212;&#8212;&#8212;&#8212;&#8211;<\/strong>\r\n\r\n<strong>O Grupo de Apoio Acad\u00eamico realizou no dia 13 de maio sua primeira aula com o tema<\/strong><strong>\u201cT\u00e9cnicas de Deriva\u00e7\u00e3o\u201d<\/strong><strong> para auxiliar os acad\u00eamicos da turma de 2011 do curso de F\u00edsica que est\u00e3o no 1\u00ba semestre.<\/strong>\r\n\r\n<strong>O tutor do grupo PET-F\u00edsica prof\u00ba Robert R. M. Zamora auxiliando os participantes.<\/strong>\r\n\r\n<strong><a href=\"http:\/\/www2.unifap.br\/pet-fisica\/files\/2012\/05\/P1000019-300x225.jpg\"><img decoding=\"async\" class=\"alignleft size-full wp-image-1530\" src=\"http:\/\/www2.unifap.br\/pet-fisica\/files\/2012\/05\/P1000019-300x225.jpg\" alt=\"\" width=\"224\" height=\"154\"><\/a><\/strong>\r\n\r\n<strong>Os petianos Daniel Santos e Marcelo Pires&nbsp; auxiliando os participantes<\/strong>\r\n\r\n<\/div>\r\n<div><strong><a href=\"http:\/\/www2.unifap.br\/pet-fisica\/files\/2012\/05\/221-300x225.jpg\"><img decoding=\"async\" class=\"alignleft size-full wp-image-1537\" src=\"http:\/\/www2.unifap.br\/pet-fisica\/files\/2012\/05\/221-300x225.jpg\" alt=\"\" width=\"224\" height=\"155\"><\/a><a href=\"http:\/\/www2.unifap.br\/pet-fisica\/files\/2012\/05\/403-300x225.jpg\"><img loading=\"lazy\" decoding=\"async\" class=\"alignleft size-full wp-image-1538\" src=\"http:\/\/www2.unifap.br\/pet-fisica\/files\/2012\/05\/403-300x225.jpg\" alt=\"\" width=\"224\" height=\"153\"><\/a>\r\n<\/strong><\/div>\r\n<div><strong>&nbsp;<\/strong><\/div>\t\t\t\t\t\t\t\t<\/div>\n\t\t\t\t<\/div>\n\t\t\t\t\t<\/div>\n\t\t<\/div>\n\t\t\t\t\t<\/div>\n\t\t<\/section>\n\t\t\t\t<\/div>\n\t\t","protected":false},"excerpt":{"rendered":"<p>Grupo de Apoio Acad\u00eamico O que \u00e9? O Grupo de Apoio Acad\u00eamico \u00e9 uma iniciativa do PET-F\u00edsica, que tem por objetivo proporcionar aos academicos do curso de F\u00edsica da UNIFAP, refor\u00e7o das disciplinas de C\u00e1lculo e F\u00edsica para ajudar melhorar o desempenho dos acad\u00eamicos da Institui\u00e7\u00e3o. As monitorias s\u00e3o realizadas de forma intermitente e s\u00e3o&#8230;<\/p>\n","protected":false},"author":8,"featured_media":0,"parent":3331,"menu_order":5,"comment_status":"open","ping_status":"open","template":"","meta":{"inline_featured_image":false,"site-sidebar-layout":"default","site-content-layout":"default","ast-site-content-layout":"default","site-content-style":"default","site-sidebar-style":"default","ast-global-header-display":"","ast-banner-title-visibility":"","ast-main-header-display":"","ast-hfb-above-header-display":"","ast-hfb-below-header-display":"","ast-hfb-mobile-header-display":"","site-post-title":"disabled","ast-breadcrumbs-content":"","ast-featured-img":"","footer-sml-layout":"","theme-transparent-header-meta":"default","adv-header-id-meta":"","stick-header-meta":"","header-above-stick-meta":"","header-main-stick-meta":"","header-below-stick-meta":"","astra-migrate-meta-layouts":"default","ast-page-background-enabled":"default","ast-page-background-meta":{"desktop":{"background-color":"var(--ast-global-color-4)","background-image":"","background-repeat":"repeat","background-position":"center center","background-size":"auto","background-attachment":"scroll","background-type":"","background-media":"","overlay-type":"","overlay-color":"","overlay-opacity":"","overlay-gradient":""},"tablet":{"background-color":"","background-image":"","background-repeat":"repeat","background-position":"center center","background-size":"auto","background-attachment":"scroll","background-type":"","background-media":"","overlay-type":"","overlay-color":"","overlay-opacity":"","overlay-gradient":""},"mobile":{"background-color":"","background-image":"","background-repeat":"repeat","background-position":"center center","background-size":"auto","background-attachment":"scroll","background-type":"","background-media":"","overlay-type":"","overlay-color":"","overlay-opacity":"","overlay-gradient":""}},"ast-content-background-meta":{"desktop":{"background-color":"var(--ast-global-color-5)","background-image":"","background-repeat":"repeat","background-position":"center center","background-size":"auto","background-attachment":"scroll","background-type":"","background-media":"","overlay-type":"","overlay-color":"","overlay-opacity":"","overlay-gradient":""},"tablet":{"background-color":"var(--ast-global-color-5)","background-image":"","background-repeat":"repeat","background-position":"center center","background-size":"auto","background-attachment":"scroll","background-type":"","background-media":"","overlay-type":"","overlay-color":"","overlay-opacity":"","overlay-gradient":""},"mobile":{"background-color":"var(--ast-global-color-5)","background-image":"","background-repeat":"repeat","background-position":"center center","background-size":"auto","background-attachment":"scroll","background-type":"","background-media":"","overlay-type":"","overlay-color":"","overlay-opacity":"","overlay-gradient":""}},"ngg_post_thumbnail":0,"footnotes":""},"class_list":["post-1525","page","type-page","status-publish","hentry"],"_links":{"self":[{"href":"http:\/\/www2.unifap.br\/pet-fisica\/wp-json\/wp\/v2\/pages\/1525","targetHints":{"allow":["GET"]}}],"collection":[{"href":"http:\/\/www2.unifap.br\/pet-fisica\/wp-json\/wp\/v2\/pages"}],"about":[{"href":"http:\/\/www2.unifap.br\/pet-fisica\/wp-json\/wp\/v2\/types\/page"}],"author":[{"embeddable":true,"href":"http:\/\/www2.unifap.br\/pet-fisica\/wp-json\/wp\/v2\/users\/8"}],"replies":[{"embeddable":true,"href":"http:\/\/www2.unifap.br\/pet-fisica\/wp-json\/wp\/v2\/comments?post=1525"}],"version-history":[{"count":39,"href":"http:\/\/www2.unifap.br\/pet-fisica\/wp-json\/wp\/v2\/pages\/1525\/revisions"}],"predecessor-version":[{"id":5858,"href":"http:\/\/www2.unifap.br\/pet-fisica\/wp-json\/wp\/v2\/pages\/1525\/revisions\/5858"}],"up":[{"embeddable":true,"href":"http:\/\/www2.unifap.br\/pet-fisica\/wp-json\/wp\/v2\/pages\/3331"}],"wp:attachment":[{"href":"http:\/\/www2.unifap.br\/pet-fisica\/wp-json\/wp\/v2\/media?parent=1525"}],"curies":[{"name":"wp","href":"https:\/\/api.w.org\/{rel}","templated":true}]}}