{"id":1750,"date":"2012-06-20T12:29:50","date_gmt":"2012-06-20T12:29:50","guid":{"rendered":"http:\/\/www2.unifap.br\/pet-fisica\/?page_id=1750"},"modified":"2023-01-23T15:55:39","modified_gmt":"2023-01-23T15:55:39","slug":"semana-do-calouro","status":"publish","type":"page","link":"http:\/\/www2.unifap.br\/pet-fisica\/trabalhos\/extras-eventos\/semana-do-calouro\/","title":{"rendered":"Semana do Calouro"},"content":{"rendered":"\t\t<div data-elementor-type=\"wp-page\" data-elementor-id=\"1750\" class=\"elementor elementor-1750\">\n\t\t\t\t\t\t<section class=\"elementor-section elementor-top-section elementor-element elementor-element-7bfed87 elementor-section-boxed elementor-section-height-default elementor-section-height-default\" data-id=\"7bfed87\" data-element_type=\"section\" data-e-type=\"section\">\n\t\t\t\t\t\t<div class=\"elementor-container elementor-column-gap-default\">\n\t\t\t\t\t<div class=\"elementor-column elementor-col-100 elementor-top-column elementor-element elementor-element-3717e1e\" data-id=\"3717e1e\" data-element_type=\"column\" data-e-type=\"column\">\n\t\t\t<div class=\"elementor-widget-wrap elementor-element-populated\">\n\t\t\t\t\t\t<div class=\"elementor-element elementor-element-56bc95f elementor-widget elementor-widget-spacer\" data-id=\"56bc95f\" data-element_type=\"widget\" data-e-type=\"widget\" data-widget_type=\"spacer.default\">\n\t\t\t\t<div class=\"elementor-widget-container\">\n\t\t\t\t\t\t\t<div class=\"elementor-spacer\">\n\t\t\t<div class=\"elementor-spacer-inner\"><\/div>\n\t\t<\/div>\n\t\t\t\t\t\t<\/div>\n\t\t\t\t<\/div>\n\t\t\t\t<div class=\"elementor-element elementor-element-bf21184 elementor-widget elementor-widget-heading\" data-id=\"bf21184\" data-element_type=\"widget\" data-e-type=\"widget\" data-widget_type=\"heading.default\">\n\t\t\t\t<div class=\"elementor-widget-container\">\n\t\t\t\t\t<h2 class=\"elementor-heading-title elementor-size-default\">Semana do Calouro<\/h2>\t\t\t\t<\/div>\n\t\t\t\t<\/div>\n\t\t\t\t<div class=\"elementor-element elementor-element-977bd65 elementor-widget-divider--view-line elementor-widget elementor-widget-divider\" data-id=\"977bd65\" data-element_type=\"widget\" data-e-type=\"widget\" data-widget_type=\"divider.default\">\n\t\t\t\t<div class=\"elementor-widget-container\">\n\t\t\t\t\t\t\t<div class=\"elementor-divider\">\n\t\t\t<span class=\"elementor-divider-separator\">\n\t\t\t\t\t\t<\/span>\n\t\t<\/div>\n\t\t\t\t\t\t<\/div>\n\t\t\t\t<\/div>\n\t\t\t\t<div class=\"elementor-element elementor-element-f46c105 elementor-widget elementor-widget-spacer\" data-id=\"f46c105\" data-element_type=\"widget\" data-e-type=\"widget\" data-widget_type=\"spacer.default\">\n\t\t\t\t<div class=\"elementor-widget-container\">\n\t\t\t\t\t\t\t<div class=\"elementor-spacer\">\n\t\t\t<div class=\"elementor-spacer-inner\"><\/div>\n\t\t<\/div>\n\t\t\t\t\t\t<\/div>\n\t\t\t\t<\/div>\n\t\t\t\t\t<\/div>\n\t\t<\/div>\n\t\t\t\t\t<\/div>\n\t\t<\/section>\n\t\t\t\t<section class=\"elementor-section elementor-top-section elementor-element elementor-element-65e4f58 elementor-section-boxed elementor-section-height-default elementor-section-height-default\" data-id=\"65e4f58\" data-element_type=\"section\" data-e-type=\"section\">\n\t\t\t\t\t\t<div class=\"elementor-container elementor-column-gap-default\">\n\t\t\t\t\t<div class=\"elementor-column elementor-col-100 elementor-top-column elementor-element elementor-element-6ecbcb0e\" data-id=\"6ecbcb0e\" data-element_type=\"column\" data-e-type=\"column\">\n\t\t\t<div class=\"elementor-widget-wrap elementor-element-populated\">\n\t\t\t\t\t\t<div class=\"elementor-element elementor-element-69e29809 elementor-widget elementor-widget-text-editor\" data-id=\"69e29809\" data-element_type=\"widget\" data-e-type=\"widget\" data-widget_type=\"text-editor.default\">\n\t\t\t\t<div class=\"elementor-widget-container\">\n\t\t\t\t\t\t\t\t\t<strong><span style=\"color: #ff0000\">Semana do Calouro 2011<\/span><\/strong>\r\n\r\n<strong>TEMA:<\/strong>Vetores\r\n\r\n<strong>MINISTRANTE : <\/strong>Dr. Robert Ronald Magui\u00f1a Zamora\r\n\r\n<strong>DATA: <\/strong>15\/02\/2011\r\n\r\n<strong>PARTICIPANTES: <\/strong>39\r\n\r\n<strong>&nbsp;<\/strong>\r\n\r\n<strong>TEMA: <\/strong>Propriedades de Fun\u00e7\u00f5es\r\n\r\n<strong>MINISTRANTE: <\/strong>Claudio da Silva Nobre\r\n\r\n<strong>DATA: <\/strong>16\/02\/2011\r\n\r\n<strong>PARTICIPANTES: <\/strong>38\r\n\r\n&nbsp;\r\n\r\n<strong>TEMA: <\/strong>Matrizes\r\n\r\n<strong>MINISTRANTE: <\/strong>Magner Reis Lobo\r\n\r\n<strong>DATA: <\/strong>16\/02\/2011\r\n\r\n<strong>PARTICIPANTES: <\/strong>38\r\n\r\n&nbsp;\r\n\r\n<strong>TEMA: <\/strong>Propriedades Trigom\u00e9tricas\r\n\r\n<strong>MINISTRANTE: <\/strong>Daniel Sousa dos Santos\r\n\r\n<strong>DATA: <\/strong>17\/02\/2011\r\n\r\n<strong>PARTICIPANTES: <\/strong>35\r\n\r\n&nbsp;\r\n\r\n<strong>TEMA: <\/strong>Fatora\u00e7\u00e3o Alg\u00e9brica\r\n\r\n<strong>MINISTRANTE: <\/strong>Jo\u00e3o Victor Peres Leit\u00e3o\r\n\r\n<strong>DATA: <\/strong>17\/02\/2011\r\n\r\n<strong>PARTICIPANTES: <\/strong>36\r\n\r\n&nbsp;\r\n\r\n&nbsp;\r\n\r\n<strong>TEMA: <\/strong>N\u00fameros Complexos\r\n\r\n<strong>MINISTRANTE: <\/strong>Carla Cristina Lima\r\n\r\n<strong>DATA: <\/strong>18\/02\/2011\r\n\r\n<strong>PARTICIPANTES: <\/strong>36\r\n\r\n&nbsp;\r\n\r\n<strong>TEMA: <\/strong>Geometria Anal\u00edtica da Reta\r\n\r\n<strong>MINISTRANTE:<\/strong> Leonan Rocha de Lima\r\n\r\n<strong>DATA:<\/strong> 18\/02\/2011\r\n\r\n<strong>PARTICIPANTES: <\/strong>36\r\n\r\n==========================================================================\r\n\r\n<strong><span style=\"color: #ff0000\">Semana do Calouro 2010<\/span><\/strong>\r\n\r\n<strong>TEMA:<\/strong> Fun\u00e7\u00f5es\r\n\r\n<strong>MINISTRANTE: <\/strong>Edson Dantas de Lima\r\n\r\n<strong>DATA: <\/strong>11\/02\/2010\r\n\r\n<strong>PARTICIPANTES: <\/strong>20\r\n\r\n&nbsp;\r\n\r\n&nbsp;\r\n\r\n<strong>TEMA: <\/strong>Propiedades de fatora\u00e7\u00e3o\r\n\r\n<strong>MINISTRANTE: <\/strong>Marcelo Amanaj\u00e1s&nbsp; Pires\r\n\r\n<strong>DATA:<\/strong> 11\/02\/2010\r\n\r\n<strong>PARTICIPANTES: <\/strong>13\r\n\r\n&nbsp;\r\n\r\n&nbsp;\r\n\r\n<strong>TEMA:<\/strong> Propriedades Trigonom\u00e9tricas\r\n\r\n<strong>MINISTRANTE: <\/strong>Claudio da Silva Nobre\r\n\r\n<strong>DATA :<\/strong>11\/02\/2010\r\n\r\n<strong>PARTICIPANTES: <\/strong>15\r\n\r\n&nbsp;\r\n\r\n&nbsp;\r\n\r\n<strong>TEMA: <\/strong>N\u00fameros Complexos\r\n\r\n<strong>MINISTRANTE: <\/strong>Siljane dos Santos Sampaio\r\n\r\n<strong>DATA: <\/strong>12\/02\/2010\r\n\r\n<strong>PARTICIPANTES: <\/strong>15\r\n\r\n&nbsp;\r\n\r\n&nbsp;\r\n\r\n<strong>TEMA:<\/strong> Microscopia de varredura por sonda\r\n\r\n<strong>MINISTRANTE:<\/strong> Gerson Anderson Carvalho de Sousa\r\n\r\n<strong>DATA:<\/strong> 12\/02\/2010\r\n\r\n<strong>PARTICIPANTES:<\/strong> 12\r\n\r\n&nbsp;\r\n\r\n&nbsp;\r\n\r\n<strong>TEMA :<\/strong>Introdu\u00e7\u00e3o a vetores\r\n\r\n<strong>MINISTRANTE:<\/strong>Robert Saraiva Matos\r\n\r\n<strong>DATA: <\/strong>12\/02\/2010\r\n\r\n<strong>PARTICIPANTES: <\/strong>13\t\t\t\t\t\t\t\t<\/div>\n\t\t\t\t<\/div>\n\t\t\t\t\t<\/div>\n\t\t<\/div>\n\t\t\t\t\t<\/div>\n\t\t<\/section>\n\t\t\t\t<\/div>\n\t\t","protected":false},"excerpt":{"rendered":"<p>Semana do Calouro Semana do Calouro 2011 TEMA:Vetores MINISTRANTE : Dr. Robert Ronald Magui\u00f1a Zamora DATA: 15\/02\/2011 PARTICIPANTES: 39 &nbsp; TEMA: Propriedades de Fun\u00e7\u00f5es MINISTRANTE: Claudio da Silva Nobre DATA: 16\/02\/2011 PARTICIPANTES: 38 &nbsp; TEMA: Matrizes MINISTRANTE: Magner Reis Lobo DATA: 16\/02\/2011 PARTICIPANTES: 38 &nbsp; TEMA: Propriedades Trigom\u00e9tricas MINISTRANTE: Daniel Sousa dos Santos DATA: 17\/02\/2011&#8230;<\/p>\n","protected":false},"author":8,"featured_media":0,"parent":1878,"menu_order":1,"comment_status":"open","ping_status":"open","template":"","meta":{"inline_featured_image":false,"site-sidebar-layout":"default","site-content-layout":"default","ast-site-content-layout":"default","site-content-style":"default","site-sidebar-style":"default","ast-global-header-display":"","ast-banner-title-visibility":"","ast-main-header-display":"","ast-hfb-above-header-display":"","ast-hfb-below-header-display":"","ast-hfb-mobile-header-display":"","site-post-title":"disabled","ast-breadcrumbs-content":"","ast-featured-img":"","footer-sml-layout":"","theme-transparent-header-meta":"default","adv-header-id-meta":"","stick-header-meta":"","header-above-stick-meta":"","header-main-stick-meta":"","header-below-stick-meta":"","astra-migrate-meta-layouts":"default","ast-page-background-enabled":"default","ast-page-background-meta":{"desktop":{"background-color":"var(--ast-global-color-4)","background-image":"","background-repeat":"repeat","background-position":"center center","background-size":"auto","background-attachment":"scroll","background-type":"","background-media":"","overlay-type":"","overlay-color":"","overlay-opacity":"","overlay-gradient":""},"tablet":{"background-color":"","background-image":"","background-repeat":"repeat","background-position":"center center","background-size":"auto","background-attachment":"scroll","background-type":"","background-media":"","overlay-type":"","overlay-color":"","overlay-opacity":"","overlay-gradient":""},"mobile":{"background-color":"","background-image":"","background-repeat":"repeat","background-position":"center center","background-size":"auto","background-attachment":"scroll","background-type":"","background-media":"","overlay-type":"","overlay-color":"","overlay-opacity":"","overlay-gradient":""}},"ast-content-background-meta":{"desktop":{"background-color":"var(--ast-global-color-5)","background-image":"","background-repeat":"repeat","background-position":"center center","background-size":"auto","background-attachment":"scroll","background-type":"","background-media":"","overlay-type":"","overlay-color":"","overlay-opacity":"","overlay-gradient":""},"tablet":{"background-color":"var(--ast-global-color-5)","background-image":"","background-repeat":"repeat","background-position":"center center","background-size":"auto","background-attachment":"scroll","background-type":"","background-media":"","overlay-type":"","overlay-color":"","overlay-opacity":"","overlay-gradient":""},"mobile":{"background-color":"var(--ast-global-color-5)","background-image":"","background-repeat":"repeat","background-position":"center center","background-size":"auto","background-attachment":"scroll","background-type":"","background-media":"","overlay-type":"","overlay-color":"","overlay-opacity":"","overlay-gradient":""}},"ngg_post_thumbnail":0,"footnotes":""},"class_list":["post-1750","page","type-page","status-publish","hentry"],"_links":{"self":[{"href":"http:\/\/www2.unifap.br\/pet-fisica\/wp-json\/wp\/v2\/pages\/1750","targetHints":{"allow":["GET"]}}],"collection":[{"href":"http:\/\/www2.unifap.br\/pet-fisica\/wp-json\/wp\/v2\/pages"}],"about":[{"href":"http:\/\/www2.unifap.br\/pet-fisica\/wp-json\/wp\/v2\/types\/page"}],"author":[{"embeddable":true,"href":"http:\/\/www2.unifap.br\/pet-fisica\/wp-json\/wp\/v2\/users\/8"}],"replies":[{"embeddable":true,"href":"http:\/\/www2.unifap.br\/pet-fisica\/wp-json\/wp\/v2\/comments?post=1750"}],"version-history":[{"count":14,"href":"http:\/\/www2.unifap.br\/pet-fisica\/wp-json\/wp\/v2\/pages\/1750\/revisions"}],"predecessor-version":[{"id":5574,"href":"http:\/\/www2.unifap.br\/pet-fisica\/wp-json\/wp\/v2\/pages\/1750\/revisions\/5574"}],"up":[{"embeddable":true,"href":"http:\/\/www2.unifap.br\/pet-fisica\/wp-json\/wp\/v2\/pages\/1878"}],"wp:attachment":[{"href":"http:\/\/www2.unifap.br\/pet-fisica\/wp-json\/wp\/v2\/media?parent=1750"}],"curies":[{"name":"wp","href":"https:\/\/api.w.org\/{rel}","templated":true}]}}