{"id":1756,"date":"2012-06-21T12:02:19","date_gmt":"2012-06-21T12:02:19","guid":{"rendered":"http:\/\/www2.unifap.br\/pet-fisica\/?page_id=1756"},"modified":"2023-01-31T17:59:38","modified_gmt":"2023-01-31T17:59:38","slug":"seminarios-da-semana","status":"publish","type":"page","link":"http:\/\/www2.unifap.br\/pet-fisica\/trabalhos\/ensino\/seminarios-da-semana\/","title":{"rendered":"Semin\u00e1rios da Semana"},"content":{"rendered":"\t\t<div data-elementor-type=\"wp-page\" data-elementor-id=\"1756\" class=\"elementor elementor-1756\">\n\t\t\t\t\t\t<section class=\"elementor-section elementor-top-section elementor-element elementor-element-fd97cd5 elementor-section-boxed elementor-section-height-default elementor-section-height-default\" data-id=\"fd97cd5\" data-element_type=\"section\" data-e-type=\"section\">\n\t\t\t\t\t\t<div class=\"elementor-container elementor-column-gap-default\">\n\t\t\t\t\t<div class=\"elementor-column elementor-col-100 elementor-top-column elementor-element elementor-element-8d80378\" data-id=\"8d80378\" data-element_type=\"column\" data-e-type=\"column\">\n\t\t\t<div class=\"elementor-widget-wrap elementor-element-populated\">\n\t\t\t\t\t\t<div class=\"elementor-element elementor-element-a2382f4 elementor-widget elementor-widget-spacer\" data-id=\"a2382f4\" data-element_type=\"widget\" data-e-type=\"widget\" data-widget_type=\"spacer.default\">\n\t\t\t\t<div class=\"elementor-widget-container\">\n\t\t\t\t\t\t\t<div class=\"elementor-spacer\">\n\t\t\t<div class=\"elementor-spacer-inner\"><\/div>\n\t\t<\/div>\n\t\t\t\t\t\t<\/div>\n\t\t\t\t<\/div>\n\t\t\t\t<div class=\"elementor-element elementor-element-0e02518 elementor-widget elementor-widget-heading\" data-id=\"0e02518\" data-element_type=\"widget\" data-e-type=\"widget\" data-widget_type=\"heading.default\">\n\t\t\t\t<div class=\"elementor-widget-container\">\n\t\t\t\t\t<h2 class=\"elementor-heading-title elementor-size-default\">Semin\u00e1rios da Semana<\/h2>\t\t\t\t<\/div>\n\t\t\t\t<\/div>\n\t\t\t\t\t<\/div>\n\t\t<\/div>\n\t\t\t\t\t<\/div>\n\t\t<\/section>\n\t\t\t\t<section class=\"elementor-section elementor-top-section elementor-element elementor-element-0c7d829 elementor-section-boxed elementor-section-height-default elementor-section-height-default\" data-id=\"0c7d829\" data-element_type=\"section\" data-e-type=\"section\">\n\t\t\t\t\t\t<div class=\"elementor-container elementor-column-gap-default\">\n\t\t\t\t\t<div class=\"elementor-column elementor-col-100 elementor-top-column elementor-element elementor-element-3d6be69\" data-id=\"3d6be69\" data-element_type=\"column\" data-e-type=\"column\" id=\"home\">\n\t\t\t<div class=\"elementor-widget-wrap elementor-element-populated\">\n\t\t\t\t\t\t<div class=\"elementor-element elementor-element-fc80591 elementor-widget-divider--view-line elementor-widget elementor-widget-divider\" data-id=\"fc80591\" data-element_type=\"widget\" data-e-type=\"widget\" data-widget_type=\"divider.default\">\n\t\t\t\t<div class=\"elementor-widget-container\">\n\t\t\t\t\t\t\t<div class=\"elementor-divider\">\n\t\t\t<span class=\"elementor-divider-separator\">\n\t\t\t\t\t\t<\/span>\n\t\t<\/div>\n\t\t\t\t\t\t<\/div>\n\t\t\t\t<\/div>\n\t\t\t\t<div class=\"elementor-element elementor-element-886037a elementor-widget elementor-widget-heading\" data-id=\"886037a\" data-element_type=\"widget\" data-e-type=\"widget\" data-widget_type=\"heading.default\">\n\t\t\t\t<div class=\"elementor-widget-container\">\n\t\t\t\t\t<h2 class=\"elementor-heading-title elementor-size-default\">Como funciona?<\/h2>\t\t\t\t<\/div>\n\t\t\t\t<\/div>\n\t\t\t\t\t<\/div>\n\t\t<\/div>\n\t\t\t\t\t<\/div>\n\t\t<\/section>\n\t\t\t\t<section class=\"elementor-section elementor-top-section elementor-element elementor-element-787c95d elementor-section-boxed elementor-section-height-default elementor-section-height-default\" data-id=\"787c95d\" data-element_type=\"section\" data-e-type=\"section\">\n\t\t\t\t\t\t<div class=\"elementor-container elementor-column-gap-default\">\n\t\t\t\t\t<div class=\"elementor-column elementor-col-100 elementor-top-column elementor-element elementor-element-49ea3ba\" data-id=\"49ea3ba\" data-element_type=\"column\" data-e-type=\"column\">\n\t\t\t<div class=\"elementor-widget-wrap elementor-element-populated\">\n\t\t\t\t\t\t<div class=\"elementor-element elementor-element-468d3aa elementor-widget elementor-widget-text-editor\" data-id=\"468d3aa\" data-element_type=\"widget\" data-e-type=\"widget\" data-widget_type=\"text-editor.default\">\n\t\t\t\t<div class=\"elementor-widget-container\">\n\t\t\t\t\t\t\t\t\t<p class=\"wnd-align-justify\">O projeto &#8220;Semin\u00e1rio da Semana&#8221; oferece aos acad\u00eamicos a oportunidade de conhecer e aprofundar conte\u00fados pouco explorados nas disciplinas da grade curricular.<\/p><p class=\"wnd-align-justify\">Os conte\u00fados dos semin\u00e1rios s\u00e3o selecionados pelos petianos e o tutor, sempre com o objetivo de abordar assuntos de interesse nas \u00e1reas de ci\u00eancias exatas e naturais, especialmente F\u00edsica, Matem\u00e1tica e Engenharia. A qualidade das apresenta\u00e7\u00f5es \u00e9 controlada pelo tutor atrav\u00e9s de apresenta\u00e7\u00f5es pr\u00e9vias, e pela ficha de avalia\u00e7\u00e3o fornecida aos participantes dos semin\u00e1rios. Al\u00e9m dos petianos, os acad\u00eamicos de inicia\u00e7\u00e3o cient\u00edfica e professores podem ministrar os semin\u00e1rios. A divulga\u00e7\u00e3o dos semin\u00e1rios \u00e9 feita em redes sociais na internet e nos murais da universidade.<\/p><p>\u00a0<\/p>\t\t\t\t\t\t\t\t<\/div>\n\t\t\t\t<\/div>\n\t\t\t\t\t<\/div>\n\t\t<\/div>\n\t\t\t\t\t<\/div>\n\t\t<\/section>\n\t\t\t\t<section class=\"elementor-section elementor-top-section elementor-element elementor-element-8f275d1 elementor-section-boxed elementor-section-height-default elementor-section-height-default\" data-id=\"8f275d1\" data-element_type=\"section\" data-e-type=\"section\">\n\t\t\t\t\t\t<div class=\"elementor-container elementor-column-gap-default\">\n\t\t\t\t\t<div class=\"elementor-column elementor-col-100 elementor-top-column elementor-element elementor-element-d000d1d\" data-id=\"d000d1d\" data-element_type=\"column\" data-e-type=\"column\">\n\t\t\t<div class=\"elementor-widget-wrap elementor-element-populated\">\n\t\t\t\t\t\t<div class=\"elementor-element elementor-element-c6365f5 elementor-widget elementor-widget-heading\" data-id=\"c6365f5\" data-element_type=\"widget\" data-e-type=\"widget\" data-widget_type=\"heading.default\">\n\t\t\t\t<div class=\"elementor-widget-container\">\n\t\t\t\t\t<h2 class=\"elementor-heading-title elementor-size-default\">Imagens<\/h2>\t\t\t\t<\/div>\n\t\t\t\t<\/div>\n\t\t\t\t\t<\/div>\n\t\t<\/div>\n\t\t\t\t\t<\/div>\n\t\t<\/section>\n\t\t\t\t<section class=\"elementor-section elementor-top-section elementor-element elementor-element-e66d9d7 elementor-section-boxed elementor-section-height-default elementor-section-height-default\" data-id=\"e66d9d7\" data-element_type=\"section\" data-e-type=\"section\">\n\t\t\t\t\t\t<div class=\"elementor-container elementor-column-gap-default\">\n\t\t\t\t\t<div class=\"elementor-column elementor-col-100 elementor-top-column elementor-element elementor-element-2e0ca6f\" data-id=\"2e0ca6f\" data-element_type=\"column\" data-e-type=\"column\">\n\t\t\t<div class=\"elementor-widget-wrap elementor-element-populated\">\n\t\t\t\t\t\t<div class=\"elementor-element elementor-element-edfeab9 gallery-spacing-custom elementor-widget elementor-widget-image-gallery\" data-id=\"edfeab9\" data-element_type=\"widget\" data-e-type=\"widget\" data-widget_type=\"image-gallery.default\">\n\t\t\t\t<div class=\"elementor-widget-container\">\n\t\t\t\t\t\t\t<div class=\"elementor-image-gallery\">\n\t\t\t<div id='gallery-1' class='gallery galleryid-1756 gallery-columns-4 gallery-size-full'><figure class='gallery-item'>\n\t\t\t<div class='gallery-icon landscape'>\n\t\t\t\t<a data-elementor-open-lightbox=\"yes\" data-elementor-lightbox-slideshow=\"edfeab9\" data-elementor-lightbox-title=\"pet_fisica-20201026-0008\" data-e-action-hash=\"#elementor-action%3Aaction%3Dlightbox%26settings%3DeyJpZCI6Mzc5NSwidXJsIjoiaHR0cHM6XC9cL3d3dzIudW5pZmFwLmJyXC9wZXQtZmlzaWNhXC9maWxlc1wvMjAyMlwvMTBcL3BldF9maXNpY2EtMjAyMDEwMjYtMDAwOC5qcGciLCJzbGlkZXNob3ciOiJlZGZlYWI5In0%3D\" href='https:\/\/www2.unifap.br\/pet-fisica\/files\/2022\/10\/pet_fisica-20201026-0008.jpg'><img fetchpriority=\"high\" decoding=\"async\" width=\"864\" height=\"864\" src=\"https:\/\/www2.unifap.br\/pet-fisica\/files\/2022\/10\/pet_fisica-20201026-0008.jpg\" class=\"attachment-full size-full\" alt=\"\" \/><\/a>\n\t\t\t<\/div><\/figure><figure class='gallery-item'>\n\t\t\t<div class='gallery-icon landscape'>\n\t\t\t\t<a data-elementor-open-lightbox=\"yes\" data-elementor-lightbox-slideshow=\"edfeab9\" data-elementor-lightbox-title=\"pet_fisica-20201026-0007\" data-e-action-hash=\"#elementor-action%3Aaction%3Dlightbox%26settings%3DeyJpZCI6Mzc5NiwidXJsIjoiaHR0cHM6XC9cL3d3dzIudW5pZmFwLmJyXC9wZXQtZmlzaWNhXC9maWxlc1wvMjAyMlwvMTBcL3BldF9maXNpY2EtMjAyMDEwMjYtMDAwNy5qcGciLCJzbGlkZXNob3ciOiJlZGZlYWI5In0%3D\" href='https:\/\/www2.unifap.br\/pet-fisica\/files\/2022\/10\/pet_fisica-20201026-0007.jpg'><img decoding=\"async\" width=\"918\" height=\"918\" src=\"https:\/\/www2.unifap.br\/pet-fisica\/files\/2022\/10\/pet_fisica-20201026-0007.jpg\" class=\"attachment-full size-full\" alt=\"\" \/><\/a>\n\t\t\t<\/div><\/figure><figure class='gallery-item'>\n\t\t\t<div class='gallery-icon landscape'>\n\t\t\t\t<a data-elementor-open-lightbox=\"yes\" data-elementor-lightbox-slideshow=\"edfeab9\" data-elementor-lightbox-title=\"pet_fisica-20201026-0006\" data-e-action-hash=\"#elementor-action%3Aaction%3Dlightbox%26settings%3DeyJpZCI6Mzc5NywidXJsIjoiaHR0cHM6XC9cL3d3dzIudW5pZmFwLmJyXC9wZXQtZmlzaWNhXC9maWxlc1wvMjAyMlwvMTBcL3BldF9maXNpY2EtMjAyMDEwMjYtMDAwNi5qcGciLCJzbGlkZXNob3ciOiJlZGZlYWI5In0%3D\" href='https:\/\/www2.unifap.br\/pet-fisica\/files\/2022\/10\/pet_fisica-20201026-0006.jpg'><img decoding=\"async\" width=\"918\" height=\"918\" src=\"https:\/\/www2.unifap.br\/pet-fisica\/files\/2022\/10\/pet_fisica-20201026-0006.jpg\" class=\"attachment-full size-full\" alt=\"\" \/><\/a>\n\t\t\t<\/div><\/figure><figure class='gallery-item'>\n\t\t\t<div class='gallery-icon landscape'>\n\t\t\t\t<a data-elementor-open-lightbox=\"yes\" data-elementor-lightbox-slideshow=\"edfeab9\" data-elementor-lightbox-title=\"pet_fisica-20201026-0005\" data-e-action-hash=\"#elementor-action%3Aaction%3Dlightbox%26settings%3DeyJpZCI6Mzc5OCwidXJsIjoiaHR0cHM6XC9cL3d3dzIudW5pZmFwLmJyXC9wZXQtZmlzaWNhXC9maWxlc1wvMjAyMlwvMTBcL3BldF9maXNpY2EtMjAyMDEwMjYtMDAwNS5qcGciLCJzbGlkZXNob3ciOiJlZGZlYWI5In0%3D\" href='https:\/\/www2.unifap.br\/pet-fisica\/files\/2022\/10\/pet_fisica-20201026-0005.jpg'><img loading=\"lazy\" decoding=\"async\" width=\"774\" height=\"774\" src=\"https:\/\/www2.unifap.br\/pet-fisica\/files\/2022\/10\/pet_fisica-20201026-0005.jpg\" class=\"attachment-full size-full\" alt=\"\" \/><\/a>\n\t\t\t<\/div><\/figure><figure class='gallery-item'>\n\t\t\t<div class='gallery-icon landscape'>\n\t\t\t\t<a data-elementor-open-lightbox=\"yes\" data-elementor-lightbox-slideshow=\"edfeab9\" data-elementor-lightbox-title=\"pet_fisica-20201026-0001\" data-e-action-hash=\"#elementor-action%3Aaction%3Dlightbox%26settings%3DeyJpZCI6Mzc5OSwidXJsIjoiaHR0cHM6XC9cL3d3dzIudW5pZmFwLmJyXC9wZXQtZmlzaWNhXC9maWxlc1wvMjAyMlwvMTBcL3BldF9maXNpY2EtMjAyMDEwMjYtMDAwMS5qcGciLCJzbGlkZXNob3ciOiJlZGZlYWI5In0%3D\" href='https:\/\/www2.unifap.br\/pet-fisica\/files\/2022\/10\/pet_fisica-20201026-0001.jpg'><img loading=\"lazy\" decoding=\"async\" width=\"918\" height=\"918\" src=\"https:\/\/www2.unifap.br\/pet-fisica\/files\/2022\/10\/pet_fisica-20201026-0001.jpg\" class=\"attachment-full size-full\" alt=\"\" \/><\/a>\n\t\t\t<\/div><\/figure><figure class='gallery-item'>\n\t\t\t<div class='gallery-icon landscape'>\n\t\t\t\t<a data-elementor-open-lightbox=\"yes\" data-elementor-lightbox-slideshow=\"edfeab9\" data-elementor-lightbox-title=\"pet_fisica-20201026-0002\" data-e-action-hash=\"#elementor-action%3Aaction%3Dlightbox%26settings%3DeyJpZCI6MzgwMCwidXJsIjoiaHR0cHM6XC9cL3d3dzIudW5pZmFwLmJyXC9wZXQtZmlzaWNhXC9maWxlc1wvMjAyMlwvMTBcL3BldF9maXNpY2EtMjAyMDEwMjYtMDAwMi5qcGciLCJzbGlkZXNob3ciOiJlZGZlYWI5In0%3D\" href='https:\/\/www2.unifap.br\/pet-fisica\/files\/2022\/10\/pet_fisica-20201026-0002.jpg'><img loading=\"lazy\" decoding=\"async\" width=\"918\" height=\"918\" src=\"https:\/\/www2.unifap.br\/pet-fisica\/files\/2022\/10\/pet_fisica-20201026-0002.jpg\" class=\"attachment-full size-full\" alt=\"\" \/><\/a>\n\t\t\t<\/div><\/figure><figure class='gallery-item'>\n\t\t\t<div class='gallery-icon landscape'>\n\t\t\t\t<a data-elementor-open-lightbox=\"yes\" data-elementor-lightbox-slideshow=\"edfeab9\" data-elementor-lightbox-title=\"pet_fisica-20201026-0003\" data-e-action-hash=\"#elementor-action%3Aaction%3Dlightbox%26settings%3DeyJpZCI6MzgwMSwidXJsIjoiaHR0cHM6XC9cL3d3dzIudW5pZmFwLmJyXC9wZXQtZmlzaWNhXC9maWxlc1wvMjAyMlwvMTBcL3BldF9maXNpY2EtMjAyMDEwMjYtMDAwMy5qcGciLCJzbGlkZXNob3ciOiJlZGZlYWI5In0%3D\" href='https:\/\/www2.unifap.br\/pet-fisica\/files\/2022\/10\/pet_fisica-20201026-0003.jpg'><img loading=\"lazy\" decoding=\"async\" width=\"864\" height=\"864\" src=\"https:\/\/www2.unifap.br\/pet-fisica\/files\/2022\/10\/pet_fisica-20201026-0003.jpg\" class=\"attachment-full size-full\" alt=\"\" \/><\/a>\n\t\t\t<\/div><\/figure><figure class='gallery-item'>\n\t\t\t<div class='gallery-icon landscape'>\n\t\t\t\t<a data-elementor-open-lightbox=\"yes\" data-elementor-lightbox-slideshow=\"edfeab9\" data-elementor-lightbox-title=\"pet_fisica-20201026-0004\" data-e-action-hash=\"#elementor-action%3Aaction%3Dlightbox%26settings%3DeyJpZCI6MzgwMiwidXJsIjoiaHR0cHM6XC9cL3d3dzIudW5pZmFwLmJyXC9wZXQtZmlzaWNhXC9maWxlc1wvMjAyMlwvMTBcL3BldF9maXNpY2EtMjAyMDEwMjYtMDAwNC5qcGciLCJzbGlkZXNob3ciOiJlZGZlYWI5In0%3D\" href='https:\/\/www2.unifap.br\/pet-fisica\/files\/2022\/10\/pet_fisica-20201026-0004.jpg'><img loading=\"lazy\" decoding=\"async\" width=\"774\" height=\"774\" src=\"https:\/\/www2.unifap.br\/pet-fisica\/files\/2022\/10\/pet_fisica-20201026-0004.jpg\" class=\"attachment-full size-full\" alt=\"\" \/><\/a>\n\t\t\t<\/div><\/figure>\n\t\t<\/div>\n\t\t<\/div>\n\t\t\t\t\t\t<\/div>\n\t\t\t\t<\/div>\n\t\t\t\t\t<\/div>\n\t\t<\/div>\n\t\t\t\t\t<\/div>\n\t\t<\/section>\n\t\t\t\t<section class=\"elementor-section elementor-top-section elementor-element elementor-element-3d810e0 elementor-section-boxed elementor-section-height-default elementor-section-height-default\" data-id=\"3d810e0\" data-element_type=\"section\" data-e-type=\"section\">\n\t\t\t\t\t\t<div class=\"elementor-container elementor-column-gap-default\">\n\t\t\t\t\t<div class=\"elementor-column elementor-col-100 elementor-top-column elementor-element elementor-element-2273b59\" data-id=\"2273b59\" data-element_type=\"column\" data-e-type=\"column\">\n\t\t\t<div class=\"elementor-widget-wrap elementor-element-populated\">\n\t\t\t\t\t\t<div class=\"elementor-element elementor-element-ad5a56f elementor-widget elementor-widget-heading\" data-id=\"ad5a56f\" data-element_type=\"widget\" data-e-type=\"widget\" data-widget_type=\"heading.default\">\n\t\t\t\t<div class=\"elementor-widget-container\">\n\t\t\t\t\t<h2 class=\"elementor-heading-title elementor-size-default\">Como participar?<\/h2>\t\t\t\t<\/div>\n\t\t\t\t<\/div>\n\t\t\t\t\t<\/div>\n\t\t<\/div>\n\t\t\t\t\t<\/div>\n\t\t<\/section>\n\t\t\t\t<section class=\"elementor-section elementor-top-section elementor-element elementor-element-684753f elementor-section-boxed elementor-section-height-default elementor-section-height-default\" data-id=\"684753f\" data-element_type=\"section\" data-e-type=\"section\">\n\t\t\t\t\t\t<div class=\"elementor-container elementor-column-gap-default\">\n\t\t\t\t\t<div class=\"elementor-column elementor-col-100 elementor-top-column elementor-element elementor-element-349f335\" data-id=\"349f335\" data-element_type=\"column\" data-e-type=\"column\">\n\t\t\t<div class=\"elementor-widget-wrap elementor-element-populated\">\n\t\t\t\t\t\t<div class=\"elementor-element elementor-element-63e61ba elementor-widget elementor-widget-text-editor\" data-id=\"63e61ba\" data-element_type=\"widget\" data-e-type=\"widget\" data-widget_type=\"text-editor.default\">\n\t\t\t\t<div class=\"elementor-widget-container\">\n\t\t\t\t\t\t\t\t\t<ul>\n<li class=\"wnd-align-justify\"><strong>Siga as nossas redes sociais:&nbsp;<\/strong>atrav\u00e9s delas voc\u00ea fica por dentro das datas e local que ocorrer\u00e1 os semin\u00e1rios antecipadamente;<\/li>\n<li class=\"wnd-align-justify\"><strong>Acesse esta p\u00e1gina regularmente: <\/strong>estaremos disponibilizando no in\u00edcio, na se\u00e7\u00e3o &#8220;NOT\u00cdCIAS&#8221; os semin\u00e1rios mais pr\u00f3ximos;<\/li>\n<li class=\"wnd-align-justify\"><strong>Veja o nosso mural: <\/strong>temos um mural, contendo curiosidades, projetos, not\u00edcias, e mais. Basta comparecer ao Bloco de F\u00edsica que voc\u00ea encontrar\u00e1 nosso mural.<\/li>\n<\/ul>\t\t\t\t\t\t\t\t<\/div>\n\t\t\t\t<\/div>\n\t\t\t\t\t<\/div>\n\t\t<\/div>\n\t\t\t\t\t<\/div>\n\t\t<\/section>\n\t\t\t\t<section class=\"elementor-section elementor-top-section elementor-element elementor-element-9cae809 elementor-section-boxed elementor-section-height-default elementor-section-height-default\" data-id=\"9cae809\" data-element_type=\"section\" data-e-type=\"section\">\n\t\t\t\t\t\t<div class=\"elementor-container elementor-column-gap-default\">\n\t\t\t\t\t<div class=\"elementor-column elementor-col-100 elementor-top-column elementor-element elementor-element-5818dd5\" data-id=\"5818dd5\" data-element_type=\"column\" data-e-type=\"column\">\n\t\t\t<div class=\"elementor-widget-wrap elementor-element-populated\">\n\t\t\t\t\t\t<div class=\"elementor-element elementor-element-1b4d39c elementor-view-stacked elementor-shape-circle elementor-widget elementor-widget-icon\" data-id=\"1b4d39c\" data-element_type=\"widget\" data-e-type=\"widget\" data-widget_type=\"icon.default\">\n\t\t\t\t<div class=\"elementor-widget-container\">\n\t\t\t\t\t\t\t<div class=\"elementor-icon-wrapper\">\n\t\t\t<a class=\"elementor-icon\" href=\"#home\">\n\t\t\t<i aria-hidden=\"true\" class=\"fas fa-angle-up\"><\/i>\t\t\t<\/a>\n\t\t<\/div>\n\t\t\t\t\t\t<\/div>\n\t\t\t\t<\/div>\n\t\t\t\t\t<\/div>\n\t\t<\/div>\n\t\t\t\t\t<\/div>\n\t\t<\/section>\n\t\t\t\t<\/div>\n\t\t","protected":false},"excerpt":{"rendered":"<p>Semin\u00e1rios da Semana Como funciona? O projeto &#8220;Semin\u00e1rio da Semana&#8221; oferece aos acad\u00eamicos a oportunidade de conhecer e aprofundar conte\u00fados pouco explorados nas disciplinas da grade curricular. Os conte\u00fados dos semin\u00e1rios s\u00e3o selecionados pelos petianos e o tutor, sempre com o objetivo de abordar assuntos de interesse nas \u00e1reas de ci\u00eancias exatas e naturais, especialmente&#8230;<\/p>\n","protected":false},"author":8,"featured_media":0,"parent":3331,"menu_order":2,"comment_status":"open","ping_status":"open","template":"","meta":{"inline_featured_image":false,"site-sidebar-layout":"no-sidebar","site-content-layout":"page-builder","ast-site-content-layout":"default","site-content-style":"default","site-sidebar-style":"default","ast-global-header-display":"","ast-banner-title-visibility":"","ast-main-header-display":"","ast-hfb-above-header-display":"","ast-hfb-below-header-display":"","ast-hfb-mobile-header-display":"","site-post-title":"disabled","ast-breadcrumbs-content":"","ast-featured-img":"disabled","footer-sml-layout":"","theme-transparent-header-meta":"default","adv-header-id-meta":"","stick-header-meta":"","header-above-stick-meta":"","header-main-stick-meta":"","header-below-stick-meta":"","astra-migrate-meta-layouts":"default","ast-page-background-enabled":"default","ast-page-background-meta":{"desktop":{"background-color":"var(--ast-global-color-4)","background-image":"","background-repeat":"repeat","background-position":"center center","background-size":"auto","background-attachment":"scroll","background-type":"","background-media":"","overlay-type":"","overlay-color":"","overlay-opacity":"","overlay-gradient":""},"tablet":{"background-color":"","background-image":"","background-repeat":"repeat","background-position":"center center","background-size":"auto","background-attachment":"scroll","background-type":"","background-media":"","overlay-type":"","overlay-color":"","overlay-opacity":"","overlay-gradient":""},"mobile":{"background-color":"","background-image":"","background-repeat":"repeat","background-position":"center center","background-size":"auto","background-attachment":"scroll","background-type":"","background-media":"","overlay-type":"","overlay-color":"","overlay-opacity":"","overlay-gradient":""}},"ast-content-background-meta":{"desktop":{"background-color":"var(--ast-global-color-5)","background-image":"","background-repeat":"repeat","background-position":"center center","background-size":"auto","background-attachment":"scroll","background-type":"","background-media":"","overlay-type":"","overlay-color":"","overlay-opacity":"","overlay-gradient":""},"tablet":{"background-color":"var(--ast-global-color-5)","background-image":"","background-repeat":"repeat","background-position":"center center","background-size":"auto","background-attachment":"scroll","background-type":"","background-media":"","overlay-type":"","overlay-color":"","overlay-opacity":"","overlay-gradient":""},"mobile":{"background-color":"var(--ast-global-color-5)","background-image":"","background-repeat":"repeat","background-position":"center center","background-size":"auto","background-attachment":"scroll","background-type":"","background-media":"","overlay-type":"","overlay-color":"","overlay-opacity":"","overlay-gradient":""}},"ngg_post_thumbnail":0,"footnotes":""},"class_list":["post-1756","page","type-page","status-publish","hentry"],"_links":{"self":[{"href":"http:\/\/www2.unifap.br\/pet-fisica\/wp-json\/wp\/v2\/pages\/1756","targetHints":{"allow":["GET"]}}],"collection":[{"href":"http:\/\/www2.unifap.br\/pet-fisica\/wp-json\/wp\/v2\/pages"}],"about":[{"href":"http:\/\/www2.unifap.br\/pet-fisica\/wp-json\/wp\/v2\/types\/page"}],"author":[{"embeddable":true,"href":"http:\/\/www2.unifap.br\/pet-fisica\/wp-json\/wp\/v2\/users\/8"}],"replies":[{"embeddable":true,"href":"http:\/\/www2.unifap.br\/pet-fisica\/wp-json\/wp\/v2\/comments?post=1756"}],"version-history":[{"count":39,"href":"http:\/\/www2.unifap.br\/pet-fisica\/wp-json\/wp\/v2\/pages\/1756\/revisions"}],"predecessor-version":[{"id":5849,"href":"http:\/\/www2.unifap.br\/pet-fisica\/wp-json\/wp\/v2\/pages\/1756\/revisions\/5849"}],"up":[{"embeddable":true,"href":"http:\/\/www2.unifap.br\/pet-fisica\/wp-json\/wp\/v2\/pages\/3331"}],"wp:attachment":[{"href":"http:\/\/www2.unifap.br\/pet-fisica\/wp-json\/wp\/v2\/media?parent=1756"}],"curies":[{"name":"wp","href":"https:\/\/api.w.org\/{rel}","templated":true}]}}