{"id":1796,"date":"2012-06-21T11:48:37","date_gmt":"2012-06-21T11:48:37","guid":{"rendered":"http:\/\/www2.unifap.br\/pet-fisica\/?page_id=1796"},"modified":"2023-01-31T17:59:57","modified_gmt":"2023-01-31T17:59:57","slug":"ciclos-de-fisica-matematica","status":"publish","type":"page","link":"http:\/\/www2.unifap.br\/pet-fisica\/trabalhos\/ensino\/ciclos-de-fisica-matematica\/","title":{"rendered":"F\u00edsica Matem\u00e1tica"},"content":{"rendered":"\t\t<div data-elementor-type=\"wp-page\" data-elementor-id=\"1796\" class=\"elementor elementor-1796\">\n\t\t\t\t\t\t<section class=\"elementor-section elementor-top-section elementor-element elementor-element-18f63ee elementor-section-boxed elementor-section-height-default elementor-section-height-default\" data-id=\"18f63ee\" data-element_type=\"section\" data-e-type=\"section\">\n\t\t\t\t\t\t<div class=\"elementor-container elementor-column-gap-default\">\n\t\t\t\t\t<div class=\"elementor-column elementor-col-100 elementor-top-column elementor-element elementor-element-0e3fc66\" data-id=\"0e3fc66\" data-element_type=\"column\" data-e-type=\"column\">\n\t\t\t<div class=\"elementor-widget-wrap elementor-element-populated\">\n\t\t\t\t\t\t<div class=\"elementor-element elementor-element-739d84e elementor-widget elementor-widget-spacer\" data-id=\"739d84e\" data-element_type=\"widget\" data-e-type=\"widget\" data-widget_type=\"spacer.default\">\n\t\t\t\t<div class=\"elementor-widget-container\">\n\t\t\t\t\t\t\t<div class=\"elementor-spacer\">\n\t\t\t<div class=\"elementor-spacer-inner\"><\/div>\n\t\t<\/div>\n\t\t\t\t\t\t<\/div>\n\t\t\t\t<\/div>\n\t\t\t\t\t<\/div>\n\t\t<\/div>\n\t\t\t\t\t<\/div>\n\t\t<\/section>\n\t\t\t\t<section class=\"elementor-section elementor-top-section elementor-element elementor-element-df48b53 elementor-section-boxed elementor-section-height-default elementor-section-height-default\" data-id=\"df48b53\" data-element_type=\"section\" data-e-type=\"section\">\n\t\t\t\t\t\t<div class=\"elementor-container elementor-column-gap-default\">\n\t\t\t\t\t<div class=\"elementor-column elementor-col-100 elementor-top-column elementor-element elementor-element-0b65cfc\" data-id=\"0b65cfc\" data-element_type=\"column\" data-e-type=\"column\">\n\t\t\t<div class=\"elementor-widget-wrap elementor-element-populated\">\n\t\t\t\t\t\t<div class=\"elementor-element elementor-element-5fcce60 elementor-widget elementor-widget-heading\" data-id=\"5fcce60\" data-element_type=\"widget\" data-e-type=\"widget\" data-widget_type=\"heading.default\">\n\t\t\t\t<div class=\"elementor-widget-container\">\n\t\t\t\t\t<h2 class=\"elementor-heading-title elementor-size-default\">F\u00edsica Matem\u00e1tica<\/h2>\t\t\t\t<\/div>\n\t\t\t\t<\/div>\n\t\t\t\t<div class=\"elementor-element elementor-element-d49cca4 elementor-widget-divider--view-line elementor-widget elementor-widget-divider\" data-id=\"d49cca4\" data-element_type=\"widget\" data-e-type=\"widget\" data-widget_type=\"divider.default\">\n\t\t\t\t<div class=\"elementor-widget-container\">\n\t\t\t\t\t\t\t<div class=\"elementor-divider\">\n\t\t\t<span class=\"elementor-divider-separator\">\n\t\t\t\t\t\t<\/span>\n\t\t<\/div>\n\t\t\t\t\t\t<\/div>\n\t\t\t\t<\/div>\n\t\t\t\t\t<\/div>\n\t\t<\/div>\n\t\t\t\t\t<\/div>\n\t\t<\/section>\n\t\t\t\t<section class=\"elementor-section elementor-top-section elementor-element elementor-element-7f831185 elementor-section-boxed elementor-section-height-default elementor-section-height-default\" data-id=\"7f831185\" data-element_type=\"section\" data-e-type=\"section\">\n\t\t\t\t\t\t<div class=\"elementor-container elementor-column-gap-default\">\n\t\t\t\t\t<div class=\"elementor-column elementor-col-100 elementor-top-column elementor-element elementor-element-31a765f1\" data-id=\"31a765f1\" data-element_type=\"column\" data-e-type=\"column\">\n\t\t\t<div class=\"elementor-widget-wrap elementor-element-populated\">\n\t\t\t\t\t\t<div class=\"elementor-element elementor-element-71e60fd2 elementor-widget elementor-widget-text-editor\" data-id=\"71e60fd2\" data-element_type=\"widget\" data-e-type=\"widget\" data-widget_type=\"text-editor.default\">\n\t\t\t\t<div class=\"elementor-widget-container\">\n\t\t\t\t\t\t\t\t\t<span style=\"color: #ff0000\"><strong>I Ciclo de F\u00edsica Matem\u00e1tica<\/strong><\/span>\r\n\r\nNos dias 15 e 16 de abril de 2011 foi realizado no Bloco de F\u00edsica o&nbsp; I CICLO DE F\u00cdSICA MATEM\u00c1TICA com v\u00e1rios participantes de diversas institui\u00e7\u00f5es como:<strong> UEAP<\/strong> ,<strong>FAMA<\/strong>,<strong> UVA<\/strong>,<strong> IMMES<\/strong> , <strong>SEAMA<\/strong> e etc.\r\n\r\nAgradecemos \u00e0 PROEAC pela colabora\u00e7\u00e3o.\r\n\r\nConfira as fotos dos dois dias de evento.\r\n\r\n<strong>1\u00b0 Dia<\/strong>\r\n\r\n<strong>Prof. Dr. Robert Zamora: T\u00e9cnicas para solu\u00e7\u00e3o de Equa\u00e7\u00f5es Diferenciais<\/strong>\r\n\r\n<a href=\"http:\/\/www2.unifap.br\/pet-fisica\/files\/2011\/04\/P10600511.jpg\"><img decoding=\"async\" src=\"http:\/\/www2.unifap.br\/pet-fisica\/files\/2011\/04\/P10600511-300x225.jpg\" alt=\"\" width=\"224\" height=\"153\"><\/a><a href=\"http:\/\/www2.unifap.br\/pet-fisica\/files\/2011\/04\/P10600582.jpg\"><img decoding=\"async\" src=\"http:\/\/www2.unifap.br\/pet-fisica\/files\/2011\/04\/P10600582-300x225.jpg\" alt=\"\" width=\"225\" height=\"153\"><\/a>\r\n\r\n&nbsp;\r\n\r\n<strong>&nbsp;<\/strong>\r\n\r\n&#8212;&#8212;&#8212;&#8212;&#8212;&#8212;&#8212;&#8212;&#8212;&#8212;&#8212;&#8212;&#8212;&#8212;&#8212;&#8212;&#8212;&#8212;&#8212;&#8212;&#8212;&#8212;&#8212;&#8212;&#8212;&#8212;&#8212;&#8212;&#8212;&#8212;&#8212;&#8212;&#8212;&#8212;&#8212;&#8212;&#8212;&#8212;&#8212;&#8212;&#8212;&#8212;&#8212;&#8212;&#8212;&#8212;&#8212;&#8212;&#8212;&#8212;\r\n\r\n<strong>Prof. Dr. Victor Aguila : Transformada e S\u00e9rie de Fourier<\/strong>\r\n\r\n<a href=\"http:\/\/www2.unifap.br\/pet-fisica\/files\/2011\/04\/P1060005.jpg\"><img decoding=\"async\" src=\"http:\/\/www2.unifap.br\/pet-fisica\/files\/2011\/04\/P1060005-300x225.jpg\" alt=\"\" width=\"224\" height=\"153\"><\/a><a href=\"http:\/\/www2.unifap.br\/pet-fisica\/files\/2011\/04\/P1060011.jpg\"><img loading=\"lazy\" decoding=\"async\" src=\"http:\/\/www2.unifap.br\/pet-fisica\/files\/2011\/04\/P1060011-300x225.jpg\" alt=\"\" width=\"224\" height=\"153\"><\/a>\r\n\r\n<strong><a href=\"http:\/\/www2.unifap.br\/pet-fisica\/files\/2011\/04\/P10600061.jpg\">&nbsp;<\/a><\/strong>\r\n\r\n<strong>&#8212;&#8212;&#8212;&#8212;&#8212;&#8212;&#8212;&#8212;&#8212;&#8212;&#8212;&#8212;&#8212;&#8212;&#8212;&#8212;&#8212;&#8212;&#8212;&#8212;&#8212;&#8212;&#8212;&#8212;&#8212;&#8212;&#8212;&#8212;&#8212;&#8212;&#8212;&#8212;&#8212;&#8212;&#8212;&#8212;&#8212;&#8212;&#8212;&#8212;&#8212;&#8212;&#8212;&#8212;&#8212;&#8212;&#8212;&#8212;&#8212;&#8212;<\/strong>\r\n\r\n<strong>Acad\u00eamico bolsista de inicia\u00e7\u00e3o cient\u00edfica Erveton Pinheiro : Ferramentas para solu\u00e7\u00e3o de EDO por S\u00e9rie de pot\u00eancias.<\/strong>\r\n\r\n<strong><a href=\"http:\/\/www2.unifap.br\/pet-fisica\/files\/2011\/04\/DSC000512.jpg\"><img loading=\"lazy\" decoding=\"async\" src=\"http:\/\/www2.unifap.br\/pet-fisica\/files\/2011\/04\/DSC000512-300x225.jpg\" alt=\"\" width=\"224\" height=\"153\"><\/a><a href=\"http:\/\/www2.unifap.br\/pet-fisica\/files\/2011\/04\/DSC000553.jpg\"><img loading=\"lazy\" decoding=\"async\" src=\"http:\/\/www2.unifap.br\/pet-fisica\/files\/2011\/04\/DSC000553-300x225.jpg\" alt=\"\" width=\"224\" height=\"153\"><\/a><\/strong>\r\n\r\n<strong>&#8212;&#8212;&#8212;&#8212;&#8212;&#8212;&#8212;&#8212;&#8212;&#8212;&#8212;&#8212;&#8212;&#8212;&#8212;&#8212;&#8212;&#8212;&#8212;&#8212;&#8212;&#8212;&#8212;&#8212;&#8212;&#8212;&#8212;&#8212;&#8212;&#8212;&#8212;&#8212;&#8212;&#8212;&#8212;&#8212;&#8212;&#8212;&#8212;&#8212;&#8212;&#8212;&#8212;&#8212;&#8212;&#8212;&#8212;&#8212;&#8212;&#8212;<\/strong>\r\n\r\n<strong>Prof.Msc: <\/strong>Marcelo Ribeiro ministrando o minicurso:&nbsp;<strong>C\u00e1lculo Vetorial.<\/strong>\r\n\r\n<a href=\"http:\/\/www2.unifap.br\/pet-fisica\/files\/2011\/04\/M1.jpg\"><img loading=\"lazy\" decoding=\"async\" src=\"http:\/\/www2.unifap.br\/pet-fisica\/files\/2011\/04\/M1.jpg\" alt=\"\" width=\"224\" height=\"153\"><\/a><a href=\"http:\/\/www2.unifap.br\/pet-fisica\/files\/2011\/04\/M2.jpg\"><img loading=\"lazy\" decoding=\"async\" src=\"http:\/\/www2.unifap.br\/pet-fisica\/files\/2011\/04\/M2.jpg\" alt=\"\" width=\"224\" height=\"153\"><\/a>\r\n\r\n&#8212;&#8212;&#8212;&#8212;&#8212;&#8212;&#8212;&#8212;&#8212;&#8212;&#8212;&#8212;&#8212;&#8212;&#8212;&#8212;&#8212;&#8212;&#8212;&#8212;&#8212;&#8212;&#8212;&#8212;&#8212;&#8212;&#8212;&#8212;&#8212;&#8212;&#8212;&#8212;&#8212;&#8212;&#8212;&#8212;&#8212;&#8212;&#8212;&#8212;&#8212;&#8212;&#8212;&#8212;&#8212;&#8212;&#8212;&#8212;&#8212;&#8212;&#8212;\r\n\r\n<strong>2\u00b0 Dia<\/strong>\r\n\r\n<strong>Prof. Dr. Yony Walter: Integrais complexas e T\u00e9cnicas de integra\u00e7\u00e3o.<\/strong>\r\n\r\n<strong><a href=\"http:\/\/www2.unifap.br\/pet-fisica\/files\/2011\/04\/DSC00073.jpg\"><img loading=\"lazy\" decoding=\"async\" src=\"http:\/\/www2.unifap.br\/pet-fisica\/files\/2011\/04\/DSC00073-300x225.jpg\" alt=\"\" width=\"224\" height=\"153\"><\/a><a href=\"http:\/\/www2.unifap.br\/pet-fisica\/files\/2011\/04\/DSC00068.jpg\"><img loading=\"lazy\" decoding=\"async\" src=\"http:\/\/www2.unifap.br\/pet-fisica\/files\/2011\/04\/DSC00068-300x225.jpg\" alt=\"\" width=\"224\" height=\"153\"><\/a>\r\n<\/strong>\r\n\r\n<strong>&nbsp;<\/strong>\r\n\r\n<strong>&#8212;&#8212;&#8212;&#8212;&#8212;&#8212;&#8212;&#8212;&#8212;&#8212;&#8212;&#8212;&#8212;&#8212;&#8212;&#8212;&#8212;&#8212;&#8212;&#8212;&#8212;&#8212;&#8212;&#8212;&#8212;&#8212;&#8212;&#8212;&#8212;&#8212;&#8212;&#8212;&#8212;&#8212;&#8212;&#8212;&#8212;&#8212;&#8212;&#8212;&#8212;&#8212;&#8212;&#8212;&#8212;&#8212;&#8212;&#8212;&#8212;-<\/strong>\r\n\r\n<strong>Prof. Dr. Henrique Duarte: Transforma\u00e7\u00e3o de coordenadas<\/strong>\r\n\r\n<strong><a href=\"http:\/\/www2.unifap.br\/pet-fisica\/files\/2011\/04\/DSC00061.jpg\"><img loading=\"lazy\" decoding=\"async\" src=\"http:\/\/www2.unifap.br\/pet-fisica\/files\/2011\/04\/DSC00061-300x225.jpg\" alt=\"\" width=\"224\" height=\"153\"><\/a><a href=\"http:\/\/www2.unifap.br\/pet-fisica\/files\/2011\/04\/DSC000632.jpg\"><img loading=\"lazy\" decoding=\"async\" src=\"http:\/\/www2.unifap.br\/pet-fisica\/files\/2011\/04\/DSC000632-300x225.jpg\" alt=\"\" width=\"226\" height=\"154\"><\/a><\/strong>\r\n\r\n<strong>&#8212;&#8212;&#8212;&#8212;&#8212;&#8212;&#8212;&#8212;&#8212;&#8212;&#8212;&#8212;&#8212;&#8212;&#8212;&#8212;&#8212;&#8212;&#8212;&#8212;&#8212;&#8212;&#8212;&#8212;&#8212;&#8212;&#8212;&#8212;&#8212;&#8212;&#8212;&#8212;&#8212;&#8212;&#8212;&#8212;&#8212;&#8212;&#8212;&#8212;&#8212;&#8212;&#8212;&#8212;&#8212;&#8212;&#8212;&#8212;&#8212;&#8212;&#8212;-<\/strong>\r\n\r\n<strong>Prof. Dr. Robert Zamora: Delta de Dirac<\/strong>\r\n\r\n<strong><a href=\"http:\/\/www2.unifap.br\/pet-fisica\/files\/2011\/04\/DSC000861.jpg\"><img loading=\"lazy\" decoding=\"async\" src=\"http:\/\/www2.unifap.br\/pet-fisica\/files\/2011\/04\/DSC000861-300x225.jpg\" alt=\"\" width=\"224\" height=\"153\"><\/a><a href=\"http:\/\/www2.unifap.br\/pet-fisica\/files\/2011\/04\/DSC00082.jpg\"><img loading=\"lazy\" decoding=\"async\" src=\"http:\/\/www2.unifap.br\/pet-fisica\/files\/2011\/04\/DSC00082-300x225.jpg\" alt=\"\" width=\"224\" height=\"153\"><\/a><\/strong>\r\n\r\n&nbsp;\t\t\t\t\t\t\t\t<\/div>\n\t\t\t\t<\/div>\n\t\t\t\t\t<\/div>\n\t\t<\/div>\n\t\t\t\t\t<\/div>\n\t\t<\/section>\n\t\t\t\t<\/div>\n\t\t","protected":false},"excerpt":{"rendered":"<p>F\u00edsica Matem\u00e1tica I Ciclo de F\u00edsica Matem\u00e1tica Nos dias 15 e 16 de abril de 2011 foi realizado no Bloco de F\u00edsica o&nbsp; I CICLO DE F\u00cdSICA MATEM\u00c1TICA com v\u00e1rios participantes de diversas institui\u00e7\u00f5es como: UEAP ,FAMA, UVA, IMMES , SEAMA e etc. Agradecemos \u00e0 PROEAC pela colabora\u00e7\u00e3o. Confira as fotos dos dois dias de&#8230;<\/p>\n","protected":false},"author":8,"featured_media":0,"parent":3331,"menu_order":3,"comment_status":"open","ping_status":"open","template":"","meta":{"inline_featured_image":false,"site-sidebar-layout":"default","site-content-layout":"default","ast-site-content-layout":"default","site-content-style":"default","site-sidebar-style":"default","ast-global-header-display":"","ast-banner-title-visibility":"","ast-main-header-display":"","ast-hfb-above-header-display":"","ast-hfb-below-header-display":"","ast-hfb-mobile-header-display":"","site-post-title":"disabled","ast-breadcrumbs-content":"","ast-featured-img":"","footer-sml-layout":"","theme-transparent-header-meta":"default","adv-header-id-meta":"","stick-header-meta":"","header-above-stick-meta":"","header-main-stick-meta":"","header-below-stick-meta":"","astra-migrate-meta-layouts":"default","ast-page-background-enabled":"default","ast-page-background-meta":{"desktop":{"background-color":"var(--ast-global-color-4)","background-image":"","background-repeat":"repeat","background-position":"center center","background-size":"auto","background-attachment":"scroll","background-type":"","background-media":"","overlay-type":"","overlay-color":"","overlay-opacity":"","overlay-gradient":""},"tablet":{"background-color":"","background-image":"","background-repeat":"repeat","background-position":"center center","background-size":"auto","background-attachment":"scroll","background-type":"","background-media":"","overlay-type":"","overlay-color":"","overlay-opacity":"","overlay-gradient":""},"mobile":{"background-color":"","background-image":"","background-repeat":"repeat","background-position":"center center","background-size":"auto","background-attachment":"scroll","background-type":"","background-media":"","overlay-type":"","overlay-color":"","overlay-opacity":"","overlay-gradient":""}},"ast-content-background-meta":{"desktop":{"background-color":"var(--ast-global-color-5)","background-image":"","background-repeat":"repeat","background-position":"center center","background-size":"auto","background-attachment":"scroll","background-type":"","background-media":"","overlay-type":"","overlay-color":"","overlay-opacity":"","overlay-gradient":""},"tablet":{"background-color":"var(--ast-global-color-5)","background-image":"","background-repeat":"repeat","background-position":"center center","background-size":"auto","background-attachment":"scroll","background-type":"","background-media":"","overlay-type":"","overlay-color":"","overlay-opacity":"","overlay-gradient":""},"mobile":{"background-color":"var(--ast-global-color-5)","background-image":"","background-repeat":"repeat","background-position":"center center","background-size":"auto","background-attachment":"scroll","background-type":"","background-media":"","overlay-type":"","overlay-color":"","overlay-opacity":"","overlay-gradient":""}},"ngg_post_thumbnail":0,"footnotes":""},"class_list":["post-1796","page","type-page","status-publish","hentry"],"_links":{"self":[{"href":"http:\/\/www2.unifap.br\/pet-fisica\/wp-json\/wp\/v2\/pages\/1796","targetHints":{"allow":["GET"]}}],"collection":[{"href":"http:\/\/www2.unifap.br\/pet-fisica\/wp-json\/wp\/v2\/pages"}],"about":[{"href":"http:\/\/www2.unifap.br\/pet-fisica\/wp-json\/wp\/v2\/types\/page"}],"author":[{"embeddable":true,"href":"http:\/\/www2.unifap.br\/pet-fisica\/wp-json\/wp\/v2\/users\/8"}],"replies":[{"embeddable":true,"href":"http:\/\/www2.unifap.br\/pet-fisica\/wp-json\/wp\/v2\/comments?post=1796"}],"version-history":[{"count":20,"href":"http:\/\/www2.unifap.br\/pet-fisica\/wp-json\/wp\/v2\/pages\/1796\/revisions"}],"predecessor-version":[{"id":5852,"href":"http:\/\/www2.unifap.br\/pet-fisica\/wp-json\/wp\/v2\/pages\/1796\/revisions\/5852"}],"up":[{"embeddable":true,"href":"http:\/\/www2.unifap.br\/pet-fisica\/wp-json\/wp\/v2\/pages\/3331"}],"wp:attachment":[{"href":"http:\/\/www2.unifap.br\/pet-fisica\/wp-json\/wp\/v2\/media?parent=1796"}],"curies":[{"name":"wp","href":"https:\/\/api.w.org\/{rel}","templated":true}]}}