{"id":1814,"date":"2012-06-21T12:00:40","date_gmt":"2012-06-21T12:00:40","guid":{"rendered":"http:\/\/www2.unifap.br\/pet-fisica\/?page_id=1814"},"modified":"2023-01-31T18:00:16","modified_gmt":"2023-01-31T18:00:16","slug":"minicursos-de-ferias","status":"publish","type":"page","link":"http:\/\/www2.unifap.br\/pet-fisica\/trabalhos\/ensino\/minicursos-de-ferias\/","title":{"rendered":"Minicursos de F\u00e9rias"},"content":{"rendered":"\t\t<div data-elementor-type=\"wp-page\" data-elementor-id=\"1814\" class=\"elementor elementor-1814\">\n\t\t\t\t\t\t<section class=\"elementor-section elementor-top-section elementor-element elementor-element-1f5863f elementor-section-boxed elementor-section-height-default elementor-section-height-default\" data-id=\"1f5863f\" data-element_type=\"section\" data-e-type=\"section\">\n\t\t\t\t\t\t<div class=\"elementor-container elementor-column-gap-default\">\n\t\t\t\t\t<div class=\"elementor-column elementor-col-100 elementor-top-column elementor-element elementor-element-90b3f46\" data-id=\"90b3f46\" data-element_type=\"column\" data-e-type=\"column\">\n\t\t\t<div class=\"elementor-widget-wrap elementor-element-populated\">\n\t\t\t\t\t\t<div class=\"elementor-element elementor-element-847a606 elementor-widget elementor-widget-spacer\" data-id=\"847a606\" data-element_type=\"widget\" data-e-type=\"widget\" data-widget_type=\"spacer.default\">\n\t\t\t\t<div class=\"elementor-widget-container\">\n\t\t\t\t\t\t\t<div class=\"elementor-spacer\">\n\t\t\t<div class=\"elementor-spacer-inner\"><\/div>\n\t\t<\/div>\n\t\t\t\t\t\t<\/div>\n\t\t\t\t<\/div>\n\t\t\t\t<div class=\"elementor-element elementor-element-348d4e0 elementor-widget elementor-widget-heading\" data-id=\"348d4e0\" data-element_type=\"widget\" data-e-type=\"widget\" data-widget_type=\"heading.default\">\n\t\t\t\t<div class=\"elementor-widget-container\">\n\t\t\t\t\t<h2 class=\"elementor-heading-title elementor-size-default\">Minicursos de F\u00e9rias<\/h2>\t\t\t\t<\/div>\n\t\t\t\t<\/div>\n\t\t\t\t\t<\/div>\n\t\t<\/div>\n\t\t\t\t\t<\/div>\n\t\t<\/section>\n\t\t\t\t<section class=\"elementor-section elementor-top-section elementor-element elementor-element-99af8e2 elementor-section-boxed elementor-section-height-default elementor-section-height-default\" data-id=\"99af8e2\" data-element_type=\"section\" data-e-type=\"section\">\n\t\t\t\t\t\t<div class=\"elementor-container elementor-column-gap-default\">\n\t\t\t\t\t<div class=\"elementor-column elementor-col-100 elementor-top-column elementor-element elementor-element-e079638\" data-id=\"e079638\" data-element_type=\"column\" data-e-type=\"column\">\n\t\t\t<div class=\"elementor-widget-wrap elementor-element-populated\">\n\t\t\t\t\t\t<div class=\"elementor-element elementor-element-0767d2a elementor-widget-divider--view-line elementor-widget elementor-widget-divider\" data-id=\"0767d2a\" data-element_type=\"widget\" data-e-type=\"widget\" data-widget_type=\"divider.default\">\n\t\t\t\t<div class=\"elementor-widget-container\">\n\t\t\t\t\t\t\t<div class=\"elementor-divider\">\n\t\t\t<span class=\"elementor-divider-separator\">\n\t\t\t\t\t\t<\/span>\n\t\t<\/div>\n\t\t\t\t\t\t<\/div>\n\t\t\t\t<\/div>\n\t\t\t\t<div class=\"elementor-element elementor-element-dbfba83 elementor-widget elementor-widget-spacer\" data-id=\"dbfba83\" data-element_type=\"widget\" data-e-type=\"widget\" data-widget_type=\"spacer.default\">\n\t\t\t\t<div class=\"elementor-widget-container\">\n\t\t\t\t\t\t\t<div class=\"elementor-spacer\">\n\t\t\t<div class=\"elementor-spacer-inner\"><\/div>\n\t\t<\/div>\n\t\t\t\t\t\t<\/div>\n\t\t\t\t<\/div>\n\t\t\t\t\t<\/div>\n\t\t<\/div>\n\t\t\t\t\t<\/div>\n\t\t<\/section>\n\t\t\t\t<section class=\"elementor-section elementor-top-section elementor-element elementor-element-64473edc elementor-section-boxed elementor-section-height-default elementor-section-height-default\" data-id=\"64473edc\" data-element_type=\"section\" data-e-type=\"section\">\n\t\t\t\t\t\t<div class=\"elementor-container elementor-column-gap-default\">\n\t\t\t\t\t<div class=\"elementor-column elementor-col-100 elementor-top-column elementor-element elementor-element-6ef09d89\" data-id=\"6ef09d89\" data-element_type=\"column\" data-e-type=\"column\">\n\t\t\t<div class=\"elementor-widget-wrap elementor-element-populated\">\n\t\t\t\t\t\t<div class=\"elementor-element elementor-element-629809dc elementor-widget elementor-widget-text-editor\" data-id=\"629809dc\" data-element_type=\"widget\" data-e-type=\"widget\" data-widget_type=\"text-editor.default\">\n\t\t\t\t<div class=\"elementor-widget-container\">\n\t\t\t\t\t\t\t\t\t<span style=\"color: #ff0000\"><strong>I Minicurso de F\u00e9rias de F\u00edsica<\/strong><\/span>\r\n<p style=\"text-align: justify\"><strong>O 1\u02da Minicurso de F\u00e9rias de F\u00edsica<\/strong>, que ocorreu de 27 de junho a 1\u00ba julho.<\/p>\r\n<p style=\"text-align: justify\">Contou com a presen\u00e7a de 180 participantes que se diviriram nos 4 minicursos apresentados no Evento.<\/p>\r\n<p style=\"text-align: justify\">Fotos do Evento:<\/p>\r\n<strong>M\u00e9todos Matem\u00e1ticos em Eletromagnetismo:<\/strong>\r\n\r\n<strong>Ministrante: Dr. Henrique Duarte Filho<\/strong>\r\n\r\n<strong><a href=\"http:\/\/www2.unifap.br\/pet-fisica\/files\/2011\/04\/DSC000621.jpg\"><img decoding=\"async\" src=\"http:\/\/www2.unifap.br\/pet-fisica\/files\/2011\/04\/DSC000621.jpg\" alt=\"\" width=\"224\" height=\"153\"><\/a><\/strong>\r\n\r\n<strong>Monitor: Everton Pinheiro Pinto (Inicia\u00e7\u00e3o Ci\u00eantifica)<\/strong>\r\n\r\n<strong><a href=\"http:\/\/www2.unifap.br\/pet-fisica\/files\/2011\/04\/DSC00055.jpg\"><img decoding=\"async\" src=\"http:\/\/www2.unifap.br\/pet-fisica\/files\/2011\/04\/DSC00055.jpg\" alt=\"\" width=\"224\" height=\"153\"><\/a><\/strong>\r\n\r\n<strong>Monitor: Marcelo Pires (PET-F\u00edsica)<\/strong>\r\n\r\n<strong><a href=\"http:\/\/www2.unifap.br\/pet-fisica\/files\/2011\/04\/Marcelo.jpg\"><img decoding=\"async\" src=\"http:\/\/www2.unifap.br\/pet-fisica\/files\/2011\/04\/Marcelo.jpg\" alt=\"\" width=\"224\" height=\"153\"><\/a><\/strong>\r\n\r\n<strong>Monitor: Claudio Nobre (PET-F\u00edsica)<\/strong>\r\n\r\n<strong><a href=\"http:\/\/www2.unifap.br\/pet-fisica\/files\/2011\/04\/Claudio.jpg\"><img loading=\"lazy\" decoding=\"async\" src=\"http:\/\/www2.unifap.br\/pet-fisica\/files\/2011\/04\/Claudio.jpg\" alt=\"\" width=\"225\" height=\"153\"><\/a><\/strong>\r\n\r\n<strong>M\u00e9todos Matem\u00e1ticos em Mec\u00e2nica Qu\u00e2ntica:<\/strong>\r\n\r\n<strong>Ministrante: Dr. Robert Ronald Magui\u00f1a Zamora<\/strong>\r\n\r\n<strong><a href=\"http:\/\/www2.unifap.br\/pet-fisica\/files\/2011\/04\/DSC000861.jpg\"><img loading=\"lazy\" decoding=\"async\" src=\"http:\/\/www2.unifap.br\/pet-fisica\/files\/2011\/04\/DSC000861.jpg\" alt=\"\" width=\"224\" height=\"153\"><\/a><\/strong>\r\n\r\n<strong>M\u00e9todos Matem\u00e1ticos em Mec\u00e2nica Cl\u00e1ssica<\/strong><strong>:<\/strong>\r\n\r\n<strong>Ministrante: Dr. Yoni Walter Milla Gonzales<\/strong>\r\n\r\n<strong><a href=\"http:\/\/www2.unifap.br\/pet-fisica\/files\/2011\/04\/Yoni.jpg\"><img loading=\"lazy\" decoding=\"async\" src=\"http:\/\/www2.unifap.br\/pet-fisica\/files\/2011\/04\/Yoni.jpg\" alt=\"\" width=\"224\" height=\"153\"><\/a><\/strong>\r\n\r\n<strong>M\u00e9todos Matem\u00e1ticos em F\u00edsica Estat\u00edstica:<\/strong>\r\n\r\n<strong>Ministrante: Dr. Victor Montero Del \u00c1guila<\/strong>\r\n\r\n<strong><a href=\"http:\/\/www2.unifap.br\/pet-fisica\/files\/2011\/04\/Victor.jpg\"><img loading=\"lazy\" decoding=\"async\" src=\"http:\/\/www2.unifap.br\/pet-fisica\/files\/2011\/04\/Victor.jpg\" alt=\"\" width=\"225\" height=\"153\"><\/a>\r\n<\/strong>\r\n\r\n<strong>&nbsp;<\/strong>\t\t\t\t\t\t\t\t<\/div>\n\t\t\t\t<\/div>\n\t\t\t\t\t<\/div>\n\t\t<\/div>\n\t\t\t\t\t<\/div>\n\t\t<\/section>\n\t\t\t\t<\/div>\n\t\t","protected":false},"excerpt":{"rendered":"<p>Minicursos de F\u00e9rias I Minicurso de F\u00e9rias de F\u00edsica O 1\u02da Minicurso de F\u00e9rias de F\u00edsica, que ocorreu de 27 de junho a 1\u00ba julho. Contou com a presen\u00e7a de 180 participantes que se diviriram nos 4 minicursos apresentados no Evento. Fotos do Evento: M\u00e9todos Matem\u00e1ticos em Eletromagnetismo: Ministrante: Dr. Henrique Duarte Filho Monitor: Everton&#8230;<\/p>\n","protected":false},"author":8,"featured_media":0,"parent":3331,"menu_order":4,"comment_status":"open","ping_status":"open","template":"","meta":{"inline_featured_image":false,"site-sidebar-layout":"default","site-content-layout":"default","ast-site-content-layout":"default","site-content-style":"default","site-sidebar-style":"default","ast-global-header-display":"","ast-banner-title-visibility":"","ast-main-header-display":"","ast-hfb-above-header-display":"","ast-hfb-below-header-display":"","ast-hfb-mobile-header-display":"","site-post-title":"disabled","ast-breadcrumbs-content":"","ast-featured-img":"","footer-sml-layout":"","theme-transparent-header-meta":"default","adv-header-id-meta":"","stick-header-meta":"","header-above-stick-meta":"","header-main-stick-meta":"","header-below-stick-meta":"","astra-migrate-meta-layouts":"default","ast-page-background-enabled":"default","ast-page-background-meta":{"desktop":{"background-color":"var(--ast-global-color-4)","background-image":"","background-repeat":"repeat","background-position":"center center","background-size":"auto","background-attachment":"scroll","background-type":"","background-media":"","overlay-type":"","overlay-color":"","overlay-opacity":"","overlay-gradient":""},"tablet":{"background-color":"","background-image":"","background-repeat":"repeat","background-position":"center center","background-size":"auto","background-attachment":"scroll","background-type":"","background-media":"","overlay-type":"","overlay-color":"","overlay-opacity":"","overlay-gradient":""},"mobile":{"background-color":"","background-image":"","background-repeat":"repeat","background-position":"center center","background-size":"auto","background-attachment":"scroll","background-type":"","background-media":"","overlay-type":"","overlay-color":"","overlay-opacity":"","overlay-gradient":""}},"ast-content-background-meta":{"desktop":{"background-color":"var(--ast-global-color-5)","background-image":"","background-repeat":"repeat","background-position":"center center","background-size":"auto","background-attachment":"scroll","background-type":"","background-media":"","overlay-type":"","overlay-color":"","overlay-opacity":"","overlay-gradient":""},"tablet":{"background-color":"var(--ast-global-color-5)","background-image":"","background-repeat":"repeat","background-position":"center center","background-size":"auto","background-attachment":"scroll","background-type":"","background-media":"","overlay-type":"","overlay-color":"","overlay-opacity":"","overlay-gradient":""},"mobile":{"background-color":"var(--ast-global-color-5)","background-image":"","background-repeat":"repeat","background-position":"center center","background-size":"auto","background-attachment":"scroll","background-type":"","background-media":"","overlay-type":"","overlay-color":"","overlay-opacity":"","overlay-gradient":""}},"ngg_post_thumbnail":0,"footnotes":""},"class_list":["post-1814","page","type-page","status-publish","hentry"],"_links":{"self":[{"href":"http:\/\/www2.unifap.br\/pet-fisica\/wp-json\/wp\/v2\/pages\/1814","targetHints":{"allow":["GET"]}}],"collection":[{"href":"http:\/\/www2.unifap.br\/pet-fisica\/wp-json\/wp\/v2\/pages"}],"about":[{"href":"http:\/\/www2.unifap.br\/pet-fisica\/wp-json\/wp\/v2\/types\/page"}],"author":[{"embeddable":true,"href":"http:\/\/www2.unifap.br\/pet-fisica\/wp-json\/wp\/v2\/users\/8"}],"replies":[{"embeddable":true,"href":"http:\/\/www2.unifap.br\/pet-fisica\/wp-json\/wp\/v2\/comments?post=1814"}],"version-history":[{"count":12,"href":"http:\/\/www2.unifap.br\/pet-fisica\/wp-json\/wp\/v2\/pages\/1814\/revisions"}],"predecessor-version":[{"id":5855,"href":"http:\/\/www2.unifap.br\/pet-fisica\/wp-json\/wp\/v2\/pages\/1814\/revisions\/5855"}],"up":[{"embeddable":true,"href":"http:\/\/www2.unifap.br\/pet-fisica\/wp-json\/wp\/v2\/pages\/3331"}],"wp:attachment":[{"href":"http:\/\/www2.unifap.br\/pet-fisica\/wp-json\/wp\/v2\/media?parent=1814"}],"curies":[{"name":"wp","href":"https:\/\/api.w.org\/{rel}","templated":true}]}}