{"id":1831,"date":"2012-06-21T11:53:25","date_gmt":"2012-06-21T11:53:25","guid":{"rendered":"http:\/\/www2.unifap.br\/pet-fisica\/?page_id=1831"},"modified":"2023-01-31T11:23:07","modified_gmt":"2023-01-31T11:23:07","slug":"inter-fisica","status":"publish","type":"page","link":"http:\/\/www2.unifap.br\/pet-fisica\/trabalhos\/extensao\/inter-fisica\/","title":{"rendered":"Inter-F\u00edsica"},"content":{"rendered":"\t\t<div data-elementor-type=\"wp-page\" data-elementor-id=\"1831\" class=\"elementor elementor-1831\">\n\t\t\t\t\t\t<section class=\"elementor-section elementor-top-section elementor-element elementor-element-33b3a20 elementor-section-boxed elementor-section-height-default elementor-section-height-default\" data-id=\"33b3a20\" data-element_type=\"section\" data-e-type=\"section\">\n\t\t\t\t\t\t<div class=\"elementor-container elementor-column-gap-default\">\n\t\t\t\t\t<div class=\"elementor-column elementor-col-100 elementor-top-column elementor-element elementor-element-7feb652\" data-id=\"7feb652\" data-element_type=\"column\" data-e-type=\"column\">\n\t\t\t<div class=\"elementor-widget-wrap elementor-element-populated\">\n\t\t\t\t\t\t<div class=\"elementor-element elementor-element-9442653 elementor-widget elementor-widget-spacer\" data-id=\"9442653\" data-element_type=\"widget\" data-e-type=\"widget\" data-widget_type=\"spacer.default\">\n\t\t\t\t<div class=\"elementor-widget-container\">\n\t\t\t\t\t\t\t<div class=\"elementor-spacer\">\n\t\t\t<div class=\"elementor-spacer-inner\"><\/div>\n\t\t<\/div>\n\t\t\t\t\t\t<\/div>\n\t\t\t\t<\/div>\n\t\t\t\t<div class=\"elementor-element elementor-element-4f75e1e elementor-widget elementor-widget-heading\" data-id=\"4f75e1e\" data-element_type=\"widget\" data-e-type=\"widget\" data-widget_type=\"heading.default\">\n\t\t\t\t<div class=\"elementor-widget-container\">\n\t\t\t\t\t<h2 class=\"elementor-heading-title elementor-size-default\">Inter-F\u00edsica<\/h2>\t\t\t\t<\/div>\n\t\t\t\t<\/div>\n\t\t\t\t<div class=\"elementor-element elementor-element-bfcae4d elementor-widget-divider--view-line elementor-widget elementor-widget-divider\" data-id=\"bfcae4d\" data-element_type=\"widget\" data-e-type=\"widget\" data-widget_type=\"divider.default\">\n\t\t\t\t<div class=\"elementor-widget-container\">\n\t\t\t\t\t\t\t<div class=\"elementor-divider\">\n\t\t\t<span class=\"elementor-divider-separator\">\n\t\t\t\t\t\t<\/span>\n\t\t<\/div>\n\t\t\t\t\t\t<\/div>\n\t\t\t\t<\/div>\n\t\t\t\t\t<\/div>\n\t\t<\/div>\n\t\t\t\t\t<\/div>\n\t\t<\/section>\n\t\t\t\t<section class=\"elementor-section elementor-top-section elementor-element elementor-element-324f146 elementor-section-boxed elementor-section-height-default elementor-section-height-default\" data-id=\"324f146\" data-element_type=\"section\" data-e-type=\"section\">\n\t\t\t\t\t\t<div class=\"elementor-container elementor-column-gap-default\">\n\t\t\t\t\t<div class=\"elementor-column elementor-col-100 elementor-top-column elementor-element elementor-element-806d28e\" data-id=\"806d28e\" data-element_type=\"column\" data-e-type=\"column\">\n\t\t\t<div class=\"elementor-widget-wrap elementor-element-populated\">\n\t\t\t\t\t\t<div class=\"elementor-element elementor-element-34cae8b elementor-widget elementor-widget-heading\" data-id=\"34cae8b\" data-element_type=\"widget\" data-e-type=\"widget\" data-widget_type=\"heading.default\">\n\t\t\t\t<div class=\"elementor-widget-container\">\n\t\t\t\t\t<h2 class=\"elementor-heading-title elementor-size-default\">2\u00b0 Inter-F\u00edsica<\/h2>\t\t\t\t<\/div>\n\t\t\t\t<\/div>\n\t\t\t\t\t<\/div>\n\t\t<\/div>\n\t\t\t\t\t<\/div>\n\t\t<\/section>\n\t\t\t\t<section class=\"elementor-section elementor-top-section elementor-element elementor-element-3c7c7f81 elementor-section-boxed elementor-section-height-default elementor-section-height-default\" data-id=\"3c7c7f81\" data-element_type=\"section\" data-e-type=\"section\">\n\t\t\t\t\t\t<div class=\"elementor-container elementor-column-gap-default\">\n\t\t\t\t\t<div class=\"elementor-column elementor-col-100 elementor-top-column elementor-element elementor-element-a38b498\" data-id=\"a38b498\" data-element_type=\"column\" data-e-type=\"column\">\n\t\t\t<div class=\"elementor-widget-wrap elementor-element-populated\">\n\t\t\t\t\t\t<div class=\"elementor-element elementor-element-1b4696f2 elementor-widget elementor-widget-text-editor\" data-id=\"1b4696f2\" data-element_type=\"widget\" data-e-type=\"widget\" data-widget_type=\"text-editor.default\">\n\t\t\t\t<div class=\"elementor-widget-container\">\n\t\t\t\t\t\t\t\t\t<p style=\"text-align: justify\"><span style=\"font-style: inherit;font-weight: inherit;color: var( --e-global-color-text );font-family: var( --e-global-typography-text-font-family ), Sans-serif;background-color: var( --e-global-color-astglobalcolor6 )\">No dia 16 de dezembro o Grupo PET-F\u00edsica realizou a segunda edi\u00e7\u00e3o do evento Inter-F\u00edsica, evento este que visa aproximar as ci\u00eancias por meio do dialogo interdisciplinar. Neste evento compareceram acad\u00eamicos de v\u00e1rios cursos da Universidade Federal do Amap\u00e1 e de outras institui\u00e7\u00f5es de ensino superior de Macap\u00e1.<\/span><\/p><p style=\"text-align: justify\">O Grupo PET-F\u00edsica agradece a participa\u00e7\u00e3o dos palestrantes convidados: Dr.\u00aa Liudmila Miyar Otero de enfermagem, Dr.\u00aaLeila do Socorro Rodrigues Feio de Pedagogia e Dr. Rafael Martinez Rodriguez de F\u00edsica por suas disponibilidades inestim\u00e1veis em colaborar para a realiza\u00e7\u00e3o deste evento.<\/p><p style=\"text-align: justify\">Fotos do Evento:<\/p><p><strong>Petiano Claudio Nobre Fazendo a Abertura do Evento<\/strong><\/p><p><strong><a href=\"http:\/\/www2.unifap.br\/pet-fisica\/files\/2012\/02\/2inter-011.jpg\"><img decoding=\"async\" src=\"http:\/\/www2.unifap.br\/pet-fisica\/files\/2012\/02\/2inter-011-300x225.jpg\" alt=\"\" width=\"222\" height=\"153\" \/><\/a><\/strong><\/p><p><strong>Dr.\u00aa Liudmila Miyar Otero (Palestra: F\u00edsica dos Sinais Vitais)<\/strong><\/p><p><a href=\"http:\/\/www2.unifap.br\/pet-fisica\/files\/2012\/02\/2inter-02.jpg\"><img decoding=\"async\" src=\"http:\/\/www2.unifap.br\/pet-fisica\/files\/2012\/02\/2inter-02-300x225.jpg\" alt=\"\" width=\"224\" height=\"153\" \/><\/a><\/p><p><strong>Dr.\u00aa Leila do Socorro Rodrigues Feio (Palestra: Comportamento Matem\u00e1tico numa Vis\u00e3o Interdisciplinar: Universidade e Forma\u00e7\u00e3o Profissional)<\/strong><\/p><p><strong><a href=\"http:\/\/www2.unifap.br\/pet-fisica\/files\/2012\/02\/2inter-03.jpg\"><img decoding=\"async\" src=\"http:\/\/www2.unifap.br\/pet-fisica\/files\/2012\/02\/2inter-03-300x225.jpg\" alt=\"\" width=\"224\" height=\"153\" \/><\/a><\/strong><\/p><p><strong><strong>Dr. Rafael Martinez Rodriguez (Palestra: Princ\u00edpios F\u00edsicos e Aplica\u00e7\u00f5es da Espectrometria)<\/strong><br \/><\/strong><\/p><p><a href=\"http:\/\/www2.unifap.br\/pet-fisica\/files\/2012\/02\/2inter-04.jpg\"><img loading=\"lazy\" decoding=\"async\" src=\"http:\/\/www2.unifap.br\/pet-fisica\/files\/2012\/02\/2inter-04-300x225.jpg\" alt=\"\" width=\"224\" height=\"157\" \/><\/a><\/p>\t\t\t\t\t\t\t\t<\/div>\n\t\t\t\t<\/div>\n\t\t\t\t\t<\/div>\n\t\t<\/div>\n\t\t\t\t\t<\/div>\n\t\t<\/section>\n\t\t\t\t<section class=\"elementor-section elementor-top-section elementor-element elementor-element-7ef21c9 elementor-section-boxed elementor-section-height-default elementor-section-height-default\" data-id=\"7ef21c9\" data-element_type=\"section\" data-e-type=\"section\">\n\t\t\t\t\t\t<div class=\"elementor-container elementor-column-gap-default\">\n\t\t\t\t\t<div class=\"elementor-column elementor-col-100 elementor-top-column elementor-element elementor-element-0e98cf4\" data-id=\"0e98cf4\" data-element_type=\"column\" data-e-type=\"column\">\n\t\t\t<div class=\"elementor-widget-wrap elementor-element-populated\">\n\t\t\t\t\t\t<div class=\"elementor-element elementor-element-498d233 elementor-widget elementor-widget-heading\" data-id=\"498d233\" data-element_type=\"widget\" data-e-type=\"widget\" data-widget_type=\"heading.default\">\n\t\t\t\t<div class=\"elementor-widget-container\">\n\t\t\t\t\t<h2 class=\"elementor-heading-title elementor-size-default\">1\u00b0 Inter-F\u00edsica<\/h2>\t\t\t\t<\/div>\n\t\t\t\t<\/div>\n\t\t\t\t\t<\/div>\n\t\t<\/div>\n\t\t\t\t\t<\/div>\n\t\t<\/section>\n\t\t\t\t<section class=\"elementor-section elementor-top-section elementor-element elementor-element-11937b6 elementor-section-boxed elementor-section-height-default elementor-section-height-default\" data-id=\"11937b6\" data-element_type=\"section\" data-e-type=\"section\">\n\t\t\t\t\t\t<div class=\"elementor-container elementor-column-gap-default\">\n\t\t\t\t\t<div class=\"elementor-column elementor-col-100 elementor-top-column elementor-element elementor-element-a7de2c4\" data-id=\"a7de2c4\" data-element_type=\"column\" data-e-type=\"column\">\n\t\t\t<div class=\"elementor-widget-wrap elementor-element-populated\">\n\t\t\t\t\t\t<div class=\"elementor-element elementor-element-7108269 elementor-widget elementor-widget-text-editor\" data-id=\"7108269\" data-element_type=\"widget\" data-e-type=\"widget\" data-widget_type=\"text-editor.default\">\n\t\t\t\t<div class=\"elementor-widget-container\">\n\t\t\t\t\t\t\t\t\t<p style=\"text-align: justify\">Aconteceu no dia 16 de junho na UNIFAP o 1\u00b0 interf\u00edsica, realizado pelo grupo PET-F\u00cdSICA do Departamento de f\u00edsica\/ UNIFAP,\u00a0com o objetivo de levar aos academicos de gradua\u00e7\u00e3o de ci\u00eancias exatas e naturais e comunidade acad\u00eamica em geral,\u00a0um conjunto interdisciplinar de discurss\u00f5es reflexivas sobre assuntos de relev\u00e2ncia f\u00edsica em termos internacionais, nacionais, regionais e locais.<\/p><p style=\"text-align: justify\">O evento obteve 154 participantes,estudantes da UNIFAP e outras institui\u00e7\u00f5es.<\/p><p style=\"text-align: justify\">Agradecemos aos professores: Dr. Alan Ubaiara Brito (Eng. El\u00e9trica) e Msc. Simone Leal de Almeida Delphim (Matem\u00e1tica) pelas suas colabora\u00e7\u00f5es em nosso evento.<\/p><div><p style=\"text-align: justify\">Agradecemos pelo apoio da Pr\u00f3 Reitoria de Exten\u00e7\u00e3o e A\u00e7\u00f5es Comunit\u00e1rias (PROEAC) e a Pr\u00f3 Reitoria de Gradua\u00e7\u00e3o (PROGRAD).<\/p><\/div><p><strong>FOTOS DO EVENTO:<\/strong><\/p><p><strong>TEMA: Aproveitamento Solar Fotovoltaico para Gera\u00e7\u00e3o de Energia El\u00e9trica.<\/strong><\/p><p><strong>PALESTRANTE: Dr. Alan Ubaiara Brito (Eng. El\u00e9trica\/UNIFAP):<\/strong><\/p><p><strong>\u00a0<\/strong><\/p><p><strong><a href=\"http:\/\/www2.unifap.br\/pet-fisica\/files\/2011\/04\/P100015123.jpg\"><img loading=\"lazy\" decoding=\"async\" src=\"http:\/\/www2.unifap.br\/pet-fisica\/files\/2011\/04\/P100015123.jpg\" alt=\"\" width=\"224\" height=\"153\" \/><\/a><\/strong><a href=\"http:\/\/www2.unifap.br\/pet-fisica\/files\/2011\/04\/P10001364.jpg\"><img loading=\"lazy\" decoding=\"async\" src=\"http:\/\/www2.unifap.br\/pet-fisica\/files\/2011\/04\/P10001364.jpg\" alt=\"\" width=\"224\" height=\"153\" \/><\/a><strong><br \/><\/strong><\/p><p><strong>TEMA: <\/strong><strong>Modelagem Matem\u00e1tica de Fen\u00f4menos F\u00edsicos<\/strong><\/p><p><strong>PALESTRANTE: <\/strong><strong>Msc. Simone Leal de Almeida Delphim (Matem\u00e1tica\/UNIFAP)<\/strong><\/p><p><a href=\"http:\/\/www2.unifap.br\/pet-fisica\/files\/2011\/04\/P10001631.jpg\"><img loading=\"lazy\" decoding=\"async\" src=\"http:\/\/www2.unifap.br\/pet-fisica\/files\/2011\/04\/P10001631.jpg\" alt=\"\" width=\"224\" height=\"153\" \/><\/a><a href=\"http:\/\/www2.unifap.br\/pet-fisica\/files\/2011\/04\/P10001601.jpg\"><img loading=\"lazy\" decoding=\"async\" src=\"http:\/\/www2.unifap.br\/pet-fisica\/files\/2011\/04\/P10001601.jpg\" alt=\"\" width=\"224\" height=\"153\" \/><\/a><\/p><p><strong>Tema:<\/strong><strong> F\u00edsica e sua import\u00e2ncia para a sociedade<\/strong><\/p><p><strong>PALESTRANTE: <\/strong><strong>Dr. Robert Ronald Magui\u00f1a Zamora \u00a0(F\u00edsica\/UNIFAP)<\/strong><\/p><p><strong><a href=\"http:\/\/www2.unifap.br\/pet-fisica\/files\/2011\/04\/P10001711.jpg\"><img loading=\"lazy\" decoding=\"async\" src=\"http:\/\/www2.unifap.br\/pet-fisica\/files\/2011\/04\/P10001711.jpg\" alt=\"\" width=\"224\" height=\"153\" \/><\/a><a href=\"http:\/\/www2.unifap.br\/pet-fisica\/files\/2011\/04\/P10001723.jpg\"><img loading=\"lazy\" decoding=\"async\" src=\"http:\/\/www2.unifap.br\/pet-fisica\/files\/2011\/04\/P10001723.jpg\" alt=\"\" width=\"224\" height=\"153\" \/><\/a><\/strong><\/p>\t\t\t\t\t\t\t\t<\/div>\n\t\t\t\t<\/div>\n\t\t\t\t\t<\/div>\n\t\t<\/div>\n\t\t\t\t\t<\/div>\n\t\t<\/section>\n\t\t\t\t<\/div>\n\t\t","protected":false},"excerpt":{"rendered":"<p>Inter-F\u00edsica 2\u00b0 Inter-F\u00edsica No dia 16 de dezembro o Grupo PET-F\u00edsica realizou a segunda edi\u00e7\u00e3o do evento Inter-F\u00edsica, evento este que visa aproximar as ci\u00eancias por meio do dialogo interdisciplinar. Neste evento compareceram acad\u00eamicos de v\u00e1rios cursos da Universidade Federal do Amap\u00e1 e de outras institui\u00e7\u00f5es de ensino superior de Macap\u00e1. O Grupo PET-F\u00edsica agradece&#8230;<\/p>\n","protected":false},"author":8,"featured_media":0,"parent":3335,"menu_order":9,"comment_status":"open","ping_status":"open","template":"","meta":{"inline_featured_image":false,"site-sidebar-layout":"default","site-content-layout":"default","ast-site-content-layout":"default","site-content-style":"default","site-sidebar-style":"default","ast-global-header-display":"","ast-banner-title-visibility":"","ast-main-header-display":"","ast-hfb-above-header-display":"","ast-hfb-below-header-display":"","ast-hfb-mobile-header-display":"","site-post-title":"disabled","ast-breadcrumbs-content":"","ast-featured-img":"","footer-sml-layout":"","theme-transparent-header-meta":"default","adv-header-id-meta":"","stick-header-meta":"","header-above-stick-meta":"","header-main-stick-meta":"","header-below-stick-meta":"","astra-migrate-meta-layouts":"default","ast-page-background-enabled":"default","ast-page-background-meta":{"desktop":{"background-color":"var(--ast-global-color-4)","background-image":"","background-repeat":"repeat","background-position":"center center","background-size":"auto","background-attachment":"scroll","background-type":"","background-media":"","overlay-type":"","overlay-color":"","overlay-opacity":"","overlay-gradient":""},"tablet":{"background-color":"","background-image":"","background-repeat":"repeat","background-position":"center center","background-size":"auto","background-attachment":"scroll","background-type":"","background-media":"","overlay-type":"","overlay-color":"","overlay-opacity":"","overlay-gradient":""},"mobile":{"background-color":"","background-image":"","background-repeat":"repeat","background-position":"center center","background-size":"auto","background-attachment":"scroll","background-type":"","background-media":"","overlay-type":"","overlay-color":"","overlay-opacity":"","overlay-gradient":""}},"ast-content-background-meta":{"desktop":{"background-color":"var(--ast-global-color-5)","background-image":"","background-repeat":"repeat","background-position":"center center","background-size":"auto","background-attachment":"scroll","background-type":"","background-media":"","overlay-type":"","overlay-color":"","overlay-opacity":"","overlay-gradient":""},"tablet":{"background-color":"var(--ast-global-color-5)","background-image":"","background-repeat":"repeat","background-position":"center center","background-size":"auto","background-attachment":"scroll","background-type":"","background-media":"","overlay-type":"","overlay-color":"","overlay-opacity":"","overlay-gradient":""},"mobile":{"background-color":"var(--ast-global-color-5)","background-image":"","background-repeat":"repeat","background-position":"center center","background-size":"auto","background-attachment":"scroll","background-type":"","background-media":"","overlay-type":"","overlay-color":"","overlay-opacity":"","overlay-gradient":""}},"ngg_post_thumbnail":0,"footnotes":""},"class_list":["post-1831","page","type-page","status-publish","hentry"],"_links":{"self":[{"href":"http:\/\/www2.unifap.br\/pet-fisica\/wp-json\/wp\/v2\/pages\/1831","targetHints":{"allow":["GET"]}}],"collection":[{"href":"http:\/\/www2.unifap.br\/pet-fisica\/wp-json\/wp\/v2\/pages"}],"about":[{"href":"http:\/\/www2.unifap.br\/pet-fisica\/wp-json\/wp\/v2\/types\/page"}],"author":[{"embeddable":true,"href":"http:\/\/www2.unifap.br\/pet-fisica\/wp-json\/wp\/v2\/users\/8"}],"replies":[{"embeddable":true,"href":"http:\/\/www2.unifap.br\/pet-fisica\/wp-json\/wp\/v2\/comments?post=1831"}],"version-history":[{"count":23,"href":"http:\/\/www2.unifap.br\/pet-fisica\/wp-json\/wp\/v2\/pages\/1831\/revisions"}],"predecessor-version":[{"id":5834,"href":"http:\/\/www2.unifap.br\/pet-fisica\/wp-json\/wp\/v2\/pages\/1831\/revisions\/5834"}],"up":[{"embeddable":true,"href":"http:\/\/www2.unifap.br\/pet-fisica\/wp-json\/wp\/v2\/pages\/3335"}],"wp:attachment":[{"href":"http:\/\/www2.unifap.br\/pet-fisica\/wp-json\/wp\/v2\/media?parent=1831"}],"curies":[{"name":"wp","href":"https:\/\/api.w.org\/{rel}","templated":true}]}}