{"id":1878,"date":"2012-06-21T11:52:03","date_gmt":"2012-06-21T11:52:03","guid":{"rendered":"http:\/\/www2.unifap.br\/pet-fisica\/?page_id=1878"},"modified":"2022-10-12T04:00:18","modified_gmt":"2022-10-12T04:00:18","slug":"extras-eventos","status":"publish","type":"page","link":"http:\/\/www2.unifap.br\/pet-fisica\/trabalhos\/extras-eventos\/","title":{"rendered":"OUTRAS ATIVIDADES"},"content":{"rendered":"<p><strong><strong>OLIMP\u00cdADA BRASILEIRA&nbsp; DE ASTRONOMIA<\/strong><\/strong><\/p>\n<p style=\"text-align: justify\">O PET-F\u00edsica foi convidado pelo professor Luis Aramis dos Reis Pinheiro, ex-acad\u00eamico desta IFES, a preparar alguns alunos da Escola Tiradentes para a prova da Olimp\u00edada Brasileira de Astronomia 2010. Quatro petianos foram designados para esta atividade. O conte\u00fado program\u00e1tico de F\u00edsica foi dividido entre os petianos participantes e o referido professor. As aulas foram expositivas, experimentais e tamb\u00e9m com utiliza\u00e7\u00e3o de recursos computacionais tais como simula\u00e7\u00f5es de fen\u00f4menos f\u00edsicos relacionados \u00e0 gravita\u00e7\u00e3o, e foram realizadas em sala de aula ou laborat\u00f3rio de ci\u00eancias da escola.<\/p>\n<p>As aulas&nbsp; aconteceram na escola Estadual Tiradentes.<\/p>\n<p><strong><strong>PETIANOS PARTICIPANTES:<\/strong><\/strong><\/p>\n<p>Claudio da Silva Nobre<\/p>\n<p>Jo\u00e3o Victor Peres Leit\u00e3o<\/p>\n<p>Marcelo Amanaj\u00e1s Pires<\/p>\n<p>Robert Saraiva Matos<\/p>\n<p>&#8212;&#8212;&#8212;&#8212;&#8212;&#8212;&#8212;&#8212;&#8212;&#8212;&#8212;&#8212;&#8212;&#8212;&#8212;&#8212;&#8212;&#8212;&#8212;&#8212;&#8212;&#8212;&#8212;&#8212;&#8212;&#8212;&#8212;&#8212;&#8212;&#8212;&#8212;&#8212;&#8212;&#8212;&#8212;&#8212;&#8212;&#8212;&#8212;&#8212;&#8212;&#8212;&#8212;&#8212;&#8212;&#8212;&#8212;&#8212;&#8212;&#8212;&#8212;&#8212;&#8212;&#8211;<\/p>\n<p><strong>F\u00edsica dos Fen\u00f4menos Naturais do Mundo Atual<\/strong><\/p>\n<p>O evento, F\u00edsica dos Fen\u00f4menos Naturais do Mundo Atual, foi idealizado devido \u00e0s grandes cat\u00e1strofes que estavam sendo divulgadas nos jornais, r\u00e1dios e revistas durante o in\u00edcio de 2010. A necessidade de d\u00e1 um enfoque f\u00edsico a estes desastres naturais e mostrar aos acad\u00eamicos interessados em entender estes fen\u00f4menos do ponto de vista f\u00edsico, foi suprida com o evento. Os temas abordados foram: Aspectos F\u00edsicos do Fen\u00f4meno das Tempestades El\u00e9tricas, Aspectos F\u00edsicos do Fen\u00f4meno dos Deslizamentos de Encostas; Aspectos F\u00edsicos do Fen\u00f4meno dos Furac\u00f5es; Aspectos F\u00edsicos do Fen\u00f4meno do Efeito Estufa; Aspectos F\u00edsicos do Fen\u00f4meno dos Maremotos, Terremotos e Tsunamis; Aspectos F\u00edsicos do Fen\u00f4meno do \u201cEl Ni\u00f1o\u201d.<\/p>\n<p>&#8212;&#8212;&#8212;&#8212;&#8212;&#8212;&#8212;&#8212;&#8212;&#8212;&#8212;&#8212;&#8212;&#8212;&#8212;&#8212;&#8212;&#8212;&#8212;&#8212;&#8212;&#8212;&#8212;&#8212;&#8212;&#8212;&#8212;&#8212;&#8212;&#8212;&#8212;&#8212;&#8212;&#8212;&#8212;&#8212;&#8212;&#8212;&#8212;&#8212;&#8212;&#8212;&#8212;&#8212;&#8212;&#8212;&#8212;&#8212;&#8212;&#8212;&#8212;&#8212;&#8212;&#8211;<\/p>\n<p><strong>Aplica\u00e7\u00e3o das provas da Olimp\u00edada Brasileira de F\u00edsica (OBF)<\/strong><\/p>\n<p>A 2\u00aa Fase da prova da OBF no Estado do Amap\u00e1 foi aplicada pelos alunos bolsistas do PET-F\u00edsica\/UNIFAP, juntamente com o atual tutor Dr. Robert Ronald Magui\u00f1a Zamora, que tamb\u00e9m \u00e9 o atual representante da OBF no Estado do Amap\u00e1.<\/p>\n<p>&#8212;&#8212;&#8212;&#8212;&#8212;&#8212;&#8212;&#8212;&#8212;&#8212;&#8212;&#8212;&#8212;&#8212;&#8212;&#8212;&#8212;&#8212;&#8212;&#8212;&#8212;&#8212;&#8212;&#8212;&#8212;&#8212;&#8212;&#8212;&#8212;&#8212;&#8212;&#8212;&#8212;&#8212;&#8212;&#8212;&#8212;&#8212;&#8212;&#8212;&#8212;&#8212;&#8212;&#8212;&#8212;&#8212;&#8212;&#8212;&#8212;&#8212;&#8212;&#8212;&#8212;&#8211;<\/p>\n<p><strong>PET-F\u00edsica na 1\u00aa Feira de Ci\u00eancias da escola Everaldo Vasconcellos<\/strong><\/p>\n<p>O PET-F\u00edsica foi convidado pelo professor de F\u00edsica Rosivaldo Carvalho Gama Junior, ex-acad\u00eamico desta IFES, a colaborar da 1\u00aa Feira de Ci\u00eancias da escola Everaldo Vasconcellos. Alguns bolsistas do PET-F\u00edsica levaram experi\u00eancias para mostrar ao p\u00fablico do referido evento, como a f\u00edsica \u00e9 simplesmente fascinante, sob todos os pontos de vista, principalmente quando conseguimos v\u00ea-la na pr\u00e1tica.<\/p>\n<p><strong>PETIANOS PARTICIPANTES :<\/strong><\/p>\n<p>Jalciane Cardoso Leal;<\/p>\n<p>Leonan Rocha de Lima;<\/p>\n<p>Marcelo Amanaj\u00e1s Pires e<\/p>\n<p>Siljane dos Santos Sampaio.<\/p>\n<p>&#8212;&#8212;&#8212;&#8212;&#8212;&#8212;&#8212;&#8212;&#8212;&#8212;&#8212;&#8212;&#8212;&#8212;&#8212;&#8212;&#8212;&#8212;&#8212;&#8212;&#8212;&#8212;&#8212;&#8212;&#8212;&#8212;&#8212;&#8212;&#8212;&#8212;&#8212;&#8212;&#8212;&#8212;&#8212;&#8212;&#8212;&#8212;&#8212;&#8212;&#8212;&#8212;&#8212;&#8212;&#8212;&#8212;&#8212;&#8212;&#8212;&#8212;&#8212;&#8212;&#8212;&#8211;<\/p>\n<p><strong>PET-F\u00edsica participa da VI Semana Amapaense de Ci\u00eancia e Tecnologia<\/strong><\/p>\n<p>Dois bolsistas do PET foram designados a participarem da VI Semana Amapaense de Ci\u00eancias e Tecnologia no SESC Amap\u00e1. Eles levaram banners e apresentaram no referido evento, tendo como p\u00fabico estudantes de diversas escolas do estado do Amap\u00e1.<\/p>\n<p><strong>Local de realiza\u00e7\u00e3o: <\/strong>SESC Amap\u00e1.<\/p>\n<p>&#8212;&#8212;&#8212;&#8212;&#8212;&#8212;&#8212;&#8212;&#8212;&#8212;&#8212;&#8212;&#8212;&#8212;&#8212;&#8212;&#8212;&#8212;&#8212;&#8212;&#8212;&#8212;&#8212;&#8212;&#8212;&#8212;&#8212;&#8212;&#8212;&#8212;&#8212;&#8212;&#8212;&#8212;&#8212;&#8212;&#8212;&#8212;&#8212;&#8212;&#8212;&#8212;&#8212;&#8212;&#8212;&#8212;&#8212;&#8212;&#8212;&#8212;&#8212;&#8212;&#8212;&#8211;<\/p>\n<p><strong>Entrevista para o programa caminhos do Amap\u00e1<br \/>\n<\/strong><\/p>\n<p>Em 2010 o tutor do PET (prof. Robert Zamora), e o bosista Claudio Nobre foram convidados pelo programa&nbsp; \u201cCaminhos do Amap\u00e1\u201d para participarem de uma entrevista explicando as caracter\u00edsticas do fen\u00f4meno do Equin\u00f3cio.<\/p>\n<p>&#8212;&#8212;&#8212;&#8212;&#8212;&#8212;&#8212;&#8212;&#8212;&#8212;&#8212;&#8212;&#8212;&#8212;&#8212;&#8212;&#8212;&#8212;&#8212;&#8212;&#8212;&#8212;&#8212;&#8212;&#8212;&#8212;&#8212;&#8212;&#8212;&#8212;&#8212;&#8212;&#8212;&#8212;&#8212;&#8212;&#8212;&#8212;&#8212;&#8212;&#8212;&#8212;&#8212;&#8212;&#8212;&#8212;&#8212;&#8212;&#8212;&#8212;&#8212;&#8212;&#8212;&#8211;<\/p>\n<p><strong>Cria\u00e7\u00e3o do Mural do PET-F\u00edsica<\/strong><\/p>\n<p><strong>PER\u00cdODO : <\/strong>1\u00b0 e 2\u00b0 semestre de 2010<\/p>\n<p><strong>LOCAL: <\/strong>Na entrada principal do bloco de F\u00edsica.<\/p>\n<p><strong><strong>DESCRI\u00c7\u00c3O DA ATIVIDADE: <\/strong><\/strong>avan\u00e7o da tecnologia no mundo<strong>, <\/strong>atividades extracurriculares realizadas nesta IFES e divulga\u00e7\u00e3o das atividades de ensino realizadas pelo PET.<\/p>\n<p><strong><strong>RESPONS\u00c1VEL: <\/strong><\/strong>Edson Dantas.<\/p>\n<p>&#8212;&#8212;&#8212;&#8212;&#8212;&#8212;&#8212;&#8212;&#8212;&#8212;&#8212;&#8212;&#8212;&#8212;&#8212;&#8212;&#8212;&#8212;&#8212;&#8212;&#8212;&#8212;&#8212;&#8212;&#8212;&#8212;&#8212;&#8212;&#8212;&#8212;&#8212;&#8212;&#8212;&#8212;&#8212;&#8212;&#8212;&#8212;&#8212;&#8212;&#8211;<\/p>\n<p><strong>CINE PET-F\u00edsica<\/strong><\/p>\n<p>Dia 24 de junho ocorreu o CINE PET-F\u00edsica, com o filme CRIA\u00c7\u00c3O que \u00e9 baseada na vida e hist\u00f3ria de Charles Darwin e sua Teoria da evolu\u00e7\u00e3o na cria\u00e7\u00e3o de sua obra A origem das esp\u00e9cies.<\/p>\n<p><strong>Fotos do evento:<\/strong><\/p>\n<p><a href=\"http:\/\/www2.unifap.br\/pet-fisica\/files\/2011\/04\/P1000190.jpg\"><img decoding=\"async\" src=\"http:\/\/www2.unifap.br\/pet-fisica\/files\/2011\/04\/P1000190.jpg\" alt=\"\" width=\"224\" height=\"153\"><\/a><a href=\"http:\/\/www2.unifap.br\/pet-fisica\/files\/2011\/04\/P1000192.jpg\"><img decoding=\"async\" src=\"http:\/\/www2.unifap.br\/pet-fisica\/files\/2011\/04\/P1000192.jpg\" alt=\"\" width=\"224\" height=\"153\"><\/a><\/p>\n<p>&#8212;&#8212;&#8212;&#8212;&#8212;&#8212;&#8212;&#8212;&#8212;&#8212;&#8212;&#8212;&#8212;&#8212;&#8212;&#8212;&#8212;&#8212;&#8212;&#8212;&#8212;&#8212;&#8212;&#8212;&#8212;&#8212;&#8212;&#8212;&#8212;&#8212;&#8212;&#8212;&#8212;&#8212;&#8212;&#8212;<\/p>\n<p><strong>F\u00cdSICA DOS FEN\u00d4MENOS NATURAIS<\/strong><\/p>\n<p>O PET REALIZOU NOS DIAS 8 E 9 DE JUNHO O EVENTO&nbsp;<strong>F\u00cdSICA DOS FEN\u00d4MENOS NATURAIS DO MUNDO ATUAL,<\/strong> APRESENTANDO&nbsp; V\u00c1RIAS PALESTRAS IMPORTANTES VISANDO DESTACAR OS ASPECTOS F\u00cdSICOS DE FEN\u00d4MENOS QUE S\u00c3O COMUMENTE DIVULGADOS NA IMPRENSA INTERNACIONAL E QUE S\u00c3O ALVOS DE PESQUISAS DE DIVERSAS \u00c1REAS DA CI\u00caNCIA COMO A CLIMATOLOGIA E A GEOF\u00cdSICA .<\/p>\n<p><a href=\"http:\/\/www2.unifap.br\/pet-fisica\/files\/2011\/04\/DSC01097.jpg\"><img decoding=\"async\" src=\"http:\/\/www2.unifap.br\/pet-fisica\/files\/2011\/04\/DSC01097-300x225.jpg\" alt=\"\" width=\"223\" height=\"153\"><\/a><a href=\"http:\/\/www2.unifap.br\/pet-fisica\/files\/2011\/04\/DSC010961.jpg\"><img loading=\"lazy\" decoding=\"async\" src=\"http:\/\/www2.unifap.br\/pet-fisica\/files\/2011\/04\/DSC010961-300x225.jpg\" alt=\"\" width=\"225\" height=\"153\"><\/a><a href=\"http:\/\/www2.unifap.br\/pet-fisica\/files\/2011\/04\/DSC01121.jpg\"><img loading=\"lazy\" decoding=\"async\" src=\"http:\/\/www2.unifap.br\/pet-fisica\/files\/2011\/04\/DSC01121-300x225.jpg\" alt=\"\" width=\"224\" height=\"153\"><\/a><a href=\"http:\/\/www2.unifap.br\/pet-fisica\/files\/2011\/04\/DSC01152.jpg\"><img loading=\"lazy\" decoding=\"async\" src=\"http:\/\/www2.unifap.br\/pet-fisica\/files\/2011\/04\/DSC01152-300x225.jpg\" alt=\"\" width=\"224\" height=\"153\"><\/a><\/p>\n<p><strong>I MINI CURSO DE F\u00cdSICA MATEM\u00c1TICA<\/strong> <strong>2009<\/strong><\/p>\n<p>O PET-F\u00cdSICA REALIZOU NO M\u00caS DE JULHO DE 2009 0&nbsp;<strong>I MINI CURSO DE F\u00cdSICA MATEM\u00c1TICA<\/strong> QUE FOI UM SUCESSO COM 4 M<strong>U<\/strong>INI CURSOS RELACIONADOS COM OS CURSOS DE F\u00cdSICA, MATEM\u00c1TICA E ENGENHARIAS, QUIMICA E \u00c1REAS AFINS, COM OS SEGINTES TEMAS:<\/p>\n<ul>\n<li><strong>CALCULO DIFERENCIAL APLICADO A F\u00cdSICA<\/strong><\/li>\n<li><strong>C\u00c1LCULO INTEGRAL APLICADO A F\u00cdSICA<\/strong><\/li>\n<li><strong>C\u00c1LCULO VETORIAL APLICADO A F\u00cdSICA<\/strong><\/li>\n<li><strong>EQUA\u00c7\u00d5ES DIFERENCIAIS APLICADA A F\u00cdSICA.<\/strong><\/li>\n<\/ul>\n","protected":false},"excerpt":{"rendered":"<p>OLIMP\u00cdADA BRASILEIRA&nbsp; DE ASTRONOMIA O PET-F\u00edsica foi convidado pelo professor Luis Aramis dos Reis Pinheiro, ex-acad\u00eamico desta IFES, a preparar alguns alunos da Escola Tiradentes para a prova da Olimp\u00edada Brasileira de Astronomia 2010. Quatro petianos foram designados para esta atividade. O conte\u00fado program\u00e1tico de F\u00edsica foi dividido entre os petianos participantes e o referido&#8230;<\/p>\n","protected":false},"author":8,"featured_media":0,"parent":28,"menu_order":11,"comment_status":"open","ping_status":"open","template":"","meta":{"inline_featured_image":false,"site-sidebar-layout":"default","site-content-layout":"default","ast-site-content-layout":"default","site-content-style":"default","site-sidebar-style":"default","ast-global-header-display":"","ast-banner-title-visibility":"","ast-main-header-display":"","ast-hfb-above-header-display":"","ast-hfb-below-header-display":"","ast-hfb-mobile-header-display":"","site-post-title":"","ast-breadcrumbs-content":"","ast-featured-img":"","footer-sml-layout":"","theme-transparent-header-meta":"default","adv-header-id-meta":"","stick-header-meta":"","header-above-stick-meta":"","header-main-stick-meta":"","header-below-stick-meta":"","astra-migrate-meta-layouts":"default","ast-page-background-enabled":"default","ast-page-background-meta":{"desktop":{"background-color":"var(--ast-global-color-4)","background-image":"","background-repeat":"repeat","background-position":"center center","background-size":"auto","background-attachment":"scroll","background-type":"","background-media":"","overlay-type":"","overlay-color":"","overlay-opacity":"","overlay-gradient":""},"tablet":{"background-color":"","background-image":"","background-repeat":"repeat","background-position":"center center","background-size":"auto","background-attachment":"scroll","background-type":"","background-media":"","overlay-type":"","overlay-color":"","overlay-opacity":"","overlay-gradient":""},"mobile":{"background-color":"","background-image":"","background-repeat":"repeat","background-position":"center center","background-size":"auto","background-attachment":"scroll","background-type":"","background-media":"","overlay-type":"","overlay-color":"","overlay-opacity":"","overlay-gradient":""}},"ast-content-background-meta":{"desktop":{"background-color":"var(--ast-global-color-5)","background-image":"","background-repeat":"repeat","background-position":"center center","background-size":"auto","background-attachment":"scroll","background-type":"","background-media":"","overlay-type":"","overlay-color":"","overlay-opacity":"","overlay-gradient":""},"tablet":{"background-color":"var(--ast-global-color-5)","background-image":"","background-repeat":"repeat","background-position":"center center","background-size":"auto","background-attachment":"scroll","background-type":"","background-media":"","overlay-type":"","overlay-color":"","overlay-opacity":"","overlay-gradient":""},"mobile":{"background-color":"var(--ast-global-color-5)","background-image":"","background-repeat":"repeat","background-position":"center center","background-size":"auto","background-attachment":"scroll","background-type":"","background-media":"","overlay-type":"","overlay-color":"","overlay-opacity":"","overlay-gradient":""}},"ngg_post_thumbnail":0,"footnotes":""},"class_list":["post-1878","page","type-page","status-publish","hentry"],"_links":{"self":[{"href":"http:\/\/www2.unifap.br\/pet-fisica\/wp-json\/wp\/v2\/pages\/1878","targetHints":{"allow":["GET"]}}],"collection":[{"href":"http:\/\/www2.unifap.br\/pet-fisica\/wp-json\/wp\/v2\/pages"}],"about":[{"href":"http:\/\/www2.unifap.br\/pet-fisica\/wp-json\/wp\/v2\/types\/page"}],"author":[{"embeddable":true,"href":"http:\/\/www2.unifap.br\/pet-fisica\/wp-json\/wp\/v2\/users\/8"}],"replies":[{"embeddable":true,"href":"http:\/\/www2.unifap.br\/pet-fisica\/wp-json\/wp\/v2\/comments?post=1878"}],"version-history":[{"count":10,"href":"http:\/\/www2.unifap.br\/pet-fisica\/wp-json\/wp\/v2\/pages\/1878\/revisions"}],"predecessor-version":[{"id":3364,"href":"http:\/\/www2.unifap.br\/pet-fisica\/wp-json\/wp\/v2\/pages\/1878\/revisions\/3364"}],"up":[{"embeddable":true,"href":"http:\/\/www2.unifap.br\/pet-fisica\/wp-json\/wp\/v2\/pages\/28"}],"wp:attachment":[{"href":"http:\/\/www2.unifap.br\/pet-fisica\/wp-json\/wp\/v2\/media?parent=1878"}],"curies":[{"name":"wp","href":"https:\/\/api.w.org\/{rel}","templated":true}]}}