{"id":28077,"date":"2024-05-22T16:52:34","date_gmt":"2024-05-22T16:52:34","guid":{"rendered":"https:\/\/www2.unifap.br\/pet-fisica\/?page_id=28077"},"modified":"2024-05-23T20:10:57","modified_gmt":"2024-05-23T20:10:57","slug":"livros","status":"publish","type":"page","link":"http:\/\/www2.unifap.br\/pet-fisica\/trabalhos\/extensao\/livros\/","title":{"rendered":"Livros"},"content":{"rendered":"\t\t<div data-elementor-type=\"wp-page\" data-elementor-id=\"28077\" class=\"elementor elementor-28077\">\n\t\t\t\t\t\t<section class=\"elementor-section elementor-top-section elementor-element elementor-element-5513a56d elementor-section-content-middle elementor-section-boxed elementor-section-height-default elementor-section-height-default\" data-id=\"5513a56d\" data-element_type=\"section\" data-e-type=\"section\">\n\t\t\t\t\t\t<div class=\"elementor-container elementor-column-gap-no\">\n\t\t\t\t\t<div class=\"elementor-column elementor-col-100 elementor-top-column elementor-element elementor-element-3b0c969a\" data-id=\"3b0c969a\" data-element_type=\"column\" data-e-type=\"column\">\n\t\t\t<div class=\"elementor-widget-wrap elementor-element-populated\">\n\t\t\t\t\t\t<div class=\"elementor-element elementor-element-14c1d0c elementor-widget elementor-widget-heading\" data-id=\"14c1d0c\" data-element_type=\"widget\" data-e-type=\"widget\" data-widget_type=\"heading.default\">\n\t\t\t\t<div class=\"elementor-widget-container\">\n\t\t\t\t\t<h2 class=\"elementor-heading-title elementor-size-default\">Livros<\/h2>\t\t\t\t<\/div>\n\t\t\t\t<\/div>\n\t\t\t\t<div class=\"elementor-element elementor-element-62f208c elementor-widget-divider--view-line elementor-widget elementor-widget-divider\" data-id=\"62f208c\" data-element_type=\"widget\" data-e-type=\"widget\" data-widget_type=\"divider.default\">\n\t\t\t\t<div class=\"elementor-widget-container\">\n\t\t\t\t\t\t\t<div class=\"elementor-divider\">\n\t\t\t<span class=\"elementor-divider-separator\">\n\t\t\t\t\t\t<\/span>\n\t\t<\/div>\n\t\t\t\t\t\t<\/div>\n\t\t\t\t<\/div>\n\t\t\t\t<div class=\"elementor-element elementor-element-3de7ba5 elementor-widget elementor-widget-heading\" data-id=\"3de7ba5\" data-element_type=\"widget\" data-e-type=\"widget\" data-widget_type=\"heading.default\">\n\t\t\t\t<div class=\"elementor-widget-container\">\n\t\t\t\t\t<h5 class=\"elementor-heading-title elementor-size-default\">As apostilas se mostraram \u00fateis como material complementar para professores de ambas as redes p\u00fablica e privada, servindo como manual de exerc\u00edcios para aulas te\u00f3rico-pr\u00e1ticas. Como resultado, as apostilas do PET-F\u00cdSICA UNIFAP evolu\u00edram para uma cole\u00e7\u00e3o de livros de solu\u00e7\u00f5es de exerc\u00edcios de f\u00edsica, destacando-se pela abordagem direta e pr\u00e1tica da teoria, com foco na resolu\u00e7\u00e3o de problemas.<\/h5>\t\t\t\t<\/div>\n\t\t\t\t<\/div>\n\t\t\t\t<section class=\"elementor-section elementor-inner-section elementor-element elementor-element-eaecc4e elementor-section-content-middle elementor-section-boxed elementor-section-height-default elementor-section-height-default\" data-id=\"eaecc4e\" data-element_type=\"section\" data-e-type=\"section\">\n\t\t\t\t\t\t<div class=\"elementor-container elementor-column-gap-no\">\n\t\t\t\t\t<div class=\"elementor-column elementor-col-50 elementor-inner-column elementor-element elementor-element-46cf2b7\" data-id=\"46cf2b7\" data-element_type=\"column\" data-e-type=\"column\" data-settings=\"{&quot;background_background&quot;:&quot;classic&quot;}\">\n\t\t\t<div class=\"elementor-widget-wrap elementor-element-populated\">\n\t\t\t\t\t\t<div class=\"elementor-element elementor-element-56bfebfd elementor-position-top elementor-widget elementor-widget-image-box\" data-id=\"56bfebfd\" data-element_type=\"widget\" data-e-type=\"widget\" data-widget_type=\"image-box.default\">\n\t\t\t\t<div class=\"elementor-widget-container\">\n\t\t\t\t\t<div class=\"elementor-image-box-wrapper\"><figure class=\"elementor-image-box-img\"><img fetchpriority=\"high\" decoding=\"async\" width=\"1414\" height=\"2000\" src=\"http:\/\/www2.unifap.br\/pet-fisica\/files\/2024\/04\/CAPA_LIVRO.png\" class=\"elementor-animation-grow attachment-full size-full wp-image-28082\" alt=\"\" srcset=\"http:\/\/www2.unifap.br\/pet-fisica\/files\/2024\/04\/CAPA_LIVRO.png 1414w, http:\/\/www2.unifap.br\/pet-fisica\/files\/2024\/04\/CAPA_LIVRO-212x300.png 212w, http:\/\/www2.unifap.br\/pet-fisica\/files\/2024\/04\/CAPA_LIVRO-724x1024.png 724w, http:\/\/www2.unifap.br\/pet-fisica\/files\/2024\/04\/CAPA_LIVRO-768x1086.png 768w, http:\/\/www2.unifap.br\/pet-fisica\/files\/2024\/04\/CAPA_LIVRO-1086x1536.png 1086w\" sizes=\"(max-width: 1414px) 100vw, 1414px\" \/><\/figure><div class=\"elementor-image-box-content\"><h3 class=\"elementor-image-box-title\">Cinem\u00e1tica <\/h3><p class=\"elementor-image-box-description\">Mec\u00e2nica - Primeira Parte: Cinem\u00e1tica<br>2023<\/p><\/div><\/div>\t\t\t\t<\/div>\n\t\t\t\t<\/div>\n\t\t\t\t<div class=\"elementor-element elementor-element-221e1309 elementor-align-center elementor-widget elementor-widget-button\" data-id=\"221e1309\" data-element_type=\"widget\" data-e-type=\"widget\" data-widget_type=\"button.default\">\n\t\t\t\t<div class=\"elementor-widget-container\">\n\t\t\t\t\t\t\t\t\t<div class=\"elementor-button-wrapper\">\n\t\t\t\t\t<a class=\"elementor-button elementor-button-link elementor-size-sm elementor-animation-grow\" href=\"http:\/\/www2.unifap.br\/pet-fisica\/files\/2024\/04\/Problemas-resolvidos-de-fisica-parte-1-cinematica-grupo-pet-fisica-unifap.pdf\" target=\"_blank\">\n\t\t\t\t\t\t<span class=\"elementor-button-content-wrapper\">\n\t\t\t\t\t\t<span class=\"elementor-button-icon\">\n\t\t\t\t<i aria-hidden=\"true\" class=\"fas fa-file-upload\"><\/i>\t\t\t<\/span>\n\t\t\t\t\t\t\t\t\t<span class=\"elementor-button-text\">Baixar<\/span>\n\t\t\t\t\t<\/span>\n\t\t\t\t\t<\/a>\n\t\t\t\t<\/div>\n\t\t\t\t\t\t\t\t<\/div>\n\t\t\t\t<\/div>\n\t\t\t\t\t<\/div>\n\t\t<\/div>\n\t\t\t\t<div class=\"elementor-column elementor-col-50 elementor-inner-column elementor-element elementor-element-75438348\" data-id=\"75438348\" data-element_type=\"column\" data-e-type=\"column\" data-settings=\"{&quot;background_background&quot;:&quot;classic&quot;}\">\n\t\t\t<div class=\"elementor-widget-wrap elementor-element-populated\">\n\t\t\t\t\t\t<div class=\"elementor-element elementor-element-37224947 elementor-position-top elementor-widget elementor-widget-image-box\" data-id=\"37224947\" data-element_type=\"widget\" data-e-type=\"widget\" data-widget_type=\"image-box.default\">\n\t\t\t\t<div class=\"elementor-widget-container\">\n\t\t\t\t\t<div class=\"elementor-image-box-wrapper\"><figure class=\"elementor-image-box-img\"><img decoding=\"async\" width=\"1414\" height=\"2000\" src=\"http:\/\/www2.unifap.br\/pet-fisica\/files\/2024\/05\/Capa-de-EM-BREVE-dos-livros.png\" class=\"elementor-animation-grow attachment-full size-full wp-image-28104\" alt=\"\" srcset=\"http:\/\/www2.unifap.br\/pet-fisica\/files\/2024\/05\/Capa-de-EM-BREVE-dos-livros.png 1414w, http:\/\/www2.unifap.br\/pet-fisica\/files\/2024\/05\/Capa-de-EM-BREVE-dos-livros-212x300.png 212w, http:\/\/www2.unifap.br\/pet-fisica\/files\/2024\/05\/Capa-de-EM-BREVE-dos-livros-724x1024.png 724w, http:\/\/www2.unifap.br\/pet-fisica\/files\/2024\/05\/Capa-de-EM-BREVE-dos-livros-768x1086.png 768w, http:\/\/www2.unifap.br\/pet-fisica\/files\/2024\/05\/Capa-de-EM-BREVE-dos-livros-1086x1536.png 1086w\" sizes=\"(max-width: 1414px) 100vw, 1414px\" \/><\/figure><div class=\"elementor-image-box-content\"><h3 class=\"elementor-image-box-title\">Est\u00e1tica<\/h3><p class=\"elementor-image-box-description\">Mec\u00e2nica - Segunda Parte: Est\u00e1tica <\/p><\/div><\/div>\t\t\t\t<\/div>\n\t\t\t\t<\/div>\n\t\t\t\t<div class=\"elementor-element elementor-element-3769da9a elementor-align-center elementor-widget elementor-widget-button\" data-id=\"3769da9a\" data-element_type=\"widget\" data-e-type=\"widget\" data-widget_type=\"button.default\">\n\t\t\t\t<div class=\"elementor-widget-container\">\n\t\t\t\t\t\t\t\t\t<div class=\"elementor-button-wrapper\">\n\t\t\t\t\t<a class=\"elementor-button elementor-size-sm elementor-animation-grow\" role=\"button\">\n\t\t\t\t\t\t<span class=\"elementor-button-content-wrapper\">\n\t\t\t\t\t\t<span class=\"elementor-button-icon\">\n\t\t\t\t<i aria-hidden=\"true\" class=\"fas fa-hourglass\"><\/i>\t\t\t<\/span>\n\t\t\t\t\t\t\t\t\t<span class=\"elementor-button-text\">Em breve<\/span>\n\t\t\t\t\t<\/span>\n\t\t\t\t\t<\/a>\n\t\t\t\t<\/div>\n\t\t\t\t\t\t\t\t<\/div>\n\t\t\t\t<\/div>\n\t\t\t\t\t<\/div>\n\t\t<\/div>\n\t\t\t\t\t<\/div>\n\t\t<\/section>\n\t\t\t\t<section class=\"elementor-section elementor-inner-section elementor-element elementor-element-2522f2d8 elementor-section-content-middle elementor-section-boxed elementor-section-height-default elementor-section-height-default\" data-id=\"2522f2d8\" data-element_type=\"section\" data-e-type=\"section\">\n\t\t\t\t\t\t<div class=\"elementor-container elementor-column-gap-no\">\n\t\t\t\t\t<div class=\"elementor-column elementor-col-50 elementor-inner-column elementor-element elementor-element-27b6c999\" data-id=\"27b6c999\" data-element_type=\"column\" data-e-type=\"column\" data-settings=\"{&quot;background_background&quot;:&quot;classic&quot;}\">\n\t\t\t<div class=\"elementor-widget-wrap elementor-element-populated\">\n\t\t\t\t\t\t<div class=\"elementor-element elementor-element-52a32a61 elementor-position-top elementor-widget elementor-widget-image-box\" data-id=\"52a32a61\" data-element_type=\"widget\" data-e-type=\"widget\" data-widget_type=\"image-box.default\">\n\t\t\t\t<div class=\"elementor-widget-container\">\n\t\t\t\t\t<div class=\"elementor-image-box-wrapper\"><figure class=\"elementor-image-box-img\"><img decoding=\"async\" width=\"1414\" height=\"2000\" src=\"http:\/\/www2.unifap.br\/pet-fisica\/files\/2024\/05\/Capa-de-EM-BREVE-dos-livros.png\" class=\"elementor-animation-grow attachment-full size-full wp-image-28104\" alt=\"\" srcset=\"http:\/\/www2.unifap.br\/pet-fisica\/files\/2024\/05\/Capa-de-EM-BREVE-dos-livros.png 1414w, http:\/\/www2.unifap.br\/pet-fisica\/files\/2024\/05\/Capa-de-EM-BREVE-dos-livros-212x300.png 212w, http:\/\/www2.unifap.br\/pet-fisica\/files\/2024\/05\/Capa-de-EM-BREVE-dos-livros-724x1024.png 724w, http:\/\/www2.unifap.br\/pet-fisica\/files\/2024\/05\/Capa-de-EM-BREVE-dos-livros-768x1086.png 768w, http:\/\/www2.unifap.br\/pet-fisica\/files\/2024\/05\/Capa-de-EM-BREVE-dos-livros-1086x1536.png 1086w\" sizes=\"(max-width: 1414px) 100vw, 1414px\" \/><\/figure><div class=\"elementor-image-box-content\"><h3 class=\"elementor-image-box-title\">Din\u00e2mica Linear<\/h3><p class=\"elementor-image-box-description\">Mec\u00e2nica - Terceira Parte: din\u00e2mica linear<\/p><\/div><\/div>\t\t\t\t<\/div>\n\t\t\t\t<\/div>\n\t\t\t\t<div class=\"elementor-element elementor-element-2f972bb elementor-align-center elementor-widget elementor-widget-button\" data-id=\"2f972bb\" data-element_type=\"widget\" data-e-type=\"widget\" data-widget_type=\"button.default\">\n\t\t\t\t<div class=\"elementor-widget-container\">\n\t\t\t\t\t\t\t\t\t<div class=\"elementor-button-wrapper\">\n\t\t\t\t\t<a class=\"elementor-button elementor-size-sm elementor-animation-grow\" role=\"button\">\n\t\t\t\t\t\t<span class=\"elementor-button-content-wrapper\">\n\t\t\t\t\t\t<span class=\"elementor-button-icon\">\n\t\t\t\t<i aria-hidden=\"true\" class=\"fas fa-hourglass\"><\/i>\t\t\t<\/span>\n\t\t\t\t\t\t\t\t\t<span class=\"elementor-button-text\">Em breve<\/span>\n\t\t\t\t\t<\/span>\n\t\t\t\t\t<\/a>\n\t\t\t\t<\/div>\n\t\t\t\t\t\t\t\t<\/div>\n\t\t\t\t<\/div>\n\t\t\t\t\t<\/div>\n\t\t<\/div>\n\t\t\t\t<div class=\"elementor-column elementor-col-50 elementor-inner-column elementor-element elementor-element-5c1d664a\" data-id=\"5c1d664a\" data-element_type=\"column\" data-e-type=\"column\" data-settings=\"{&quot;background_background&quot;:&quot;classic&quot;}\">\n\t\t\t<div class=\"elementor-widget-wrap elementor-element-populated\">\n\t\t\t\t\t\t<div class=\"elementor-element elementor-element-4536889e elementor-position-top elementor-widget elementor-widget-image-box\" data-id=\"4536889e\" data-element_type=\"widget\" data-e-type=\"widget\" data-widget_type=\"image-box.default\">\n\t\t\t\t<div class=\"elementor-widget-container\">\n\t\t\t\t\t<div class=\"elementor-image-box-wrapper\"><figure class=\"elementor-image-box-img\"><img decoding=\"async\" width=\"1414\" height=\"2000\" src=\"http:\/\/www2.unifap.br\/pet-fisica\/files\/2024\/05\/Capa-de-EM-BREVE-dos-livros.png\" class=\"elementor-animation-grow attachment-full size-full wp-image-28104\" alt=\"\" srcset=\"http:\/\/www2.unifap.br\/pet-fisica\/files\/2024\/05\/Capa-de-EM-BREVE-dos-livros.png 1414w, http:\/\/www2.unifap.br\/pet-fisica\/files\/2024\/05\/Capa-de-EM-BREVE-dos-livros-212x300.png 212w, http:\/\/www2.unifap.br\/pet-fisica\/files\/2024\/05\/Capa-de-EM-BREVE-dos-livros-724x1024.png 724w, http:\/\/www2.unifap.br\/pet-fisica\/files\/2024\/05\/Capa-de-EM-BREVE-dos-livros-768x1086.png 768w, http:\/\/www2.unifap.br\/pet-fisica\/files\/2024\/05\/Capa-de-EM-BREVE-dos-livros-1086x1536.png 1086w\" sizes=\"(max-width: 1414px) 100vw, 1414px\" \/><\/figure><div class=\"elementor-image-box-content\"><h3 class=\"elementor-image-box-title\">Din\u00e2mica Cicular<\/h3><p class=\"elementor-image-box-description\">Mec\u00e2nica - Quarta Parte: din\u00e2mica circular<\/p><\/div><\/div>\t\t\t\t<\/div>\n\t\t\t\t<\/div>\n\t\t\t\t<div class=\"elementor-element elementor-element-3ac61bf elementor-align-center elementor-widget elementor-widget-button\" data-id=\"3ac61bf\" data-element_type=\"widget\" data-e-type=\"widget\" data-widget_type=\"button.default\">\n\t\t\t\t<div class=\"elementor-widget-container\">\n\t\t\t\t\t\t\t\t\t<div class=\"elementor-button-wrapper\">\n\t\t\t\t\t<a class=\"elementor-button elementor-size-sm elementor-animation-grow\" role=\"button\">\n\t\t\t\t\t\t<span class=\"elementor-button-content-wrapper\">\n\t\t\t\t\t\t<span class=\"elementor-button-icon\">\n\t\t\t\t<i aria-hidden=\"true\" class=\"fas fa-hourglass\"><\/i>\t\t\t<\/span>\n\t\t\t\t\t\t\t\t\t<span class=\"elementor-button-text\">Em breve<\/span>\n\t\t\t\t\t<\/span>\n\t\t\t\t\t<\/a>\n\t\t\t\t<\/div>\n\t\t\t\t\t\t\t\t<\/div>\n\t\t\t\t<\/div>\n\t\t\t\t\t<\/div>\n\t\t<\/div>\n\t\t\t\t\t<\/div>\n\t\t<\/section>\n\t\t\t\t<section class=\"elementor-section elementor-inner-section elementor-element elementor-element-75d09ea elementor-section-content-middle elementor-section-boxed elementor-section-height-default elementor-section-height-default\" data-id=\"75d09ea\" data-element_type=\"section\" data-e-type=\"section\">\n\t\t\t\t\t\t<div class=\"elementor-container elementor-column-gap-no\">\n\t\t\t\t\t<div class=\"elementor-column elementor-col-50 elementor-inner-column elementor-element elementor-element-c06fdfe\" data-id=\"c06fdfe\" data-element_type=\"column\" data-e-type=\"column\" data-settings=\"{&quot;background_background&quot;:&quot;classic&quot;}\">\n\t\t\t<div class=\"elementor-widget-wrap elementor-element-populated\">\n\t\t\t\t\t\t<div class=\"elementor-element elementor-element-a76fc02 elementor-position-top elementor-widget elementor-widget-image-box\" data-id=\"a76fc02\" data-element_type=\"widget\" data-e-type=\"widget\" data-widget_type=\"image-box.default\">\n\t\t\t\t<div class=\"elementor-widget-container\">\n\t\t\t\t\t<div class=\"elementor-image-box-wrapper\"><figure class=\"elementor-image-box-img\"><img decoding=\"async\" width=\"1414\" height=\"2000\" src=\"http:\/\/www2.unifap.br\/pet-fisica\/files\/2024\/05\/Capa-de-EM-BREVE-dos-livros.png\" class=\"elementor-animation-grow attachment-full size-full wp-image-28104\" alt=\"\" srcset=\"http:\/\/www2.unifap.br\/pet-fisica\/files\/2024\/05\/Capa-de-EM-BREVE-dos-livros.png 1414w, http:\/\/www2.unifap.br\/pet-fisica\/files\/2024\/05\/Capa-de-EM-BREVE-dos-livros-212x300.png 212w, http:\/\/www2.unifap.br\/pet-fisica\/files\/2024\/05\/Capa-de-EM-BREVE-dos-livros-724x1024.png 724w, http:\/\/www2.unifap.br\/pet-fisica\/files\/2024\/05\/Capa-de-EM-BREVE-dos-livros-768x1086.png 768w, http:\/\/www2.unifap.br\/pet-fisica\/files\/2024\/05\/Capa-de-EM-BREVE-dos-livros-1086x1536.png 1086w\" sizes=\"(max-width: 1414px) 100vw, 1414px\" \/><\/figure><div class=\"elementor-image-box-content\"><h3 class=\"elementor-image-box-title\">Trabalho e Energia<\/h3><p class=\"elementor-image-box-description\">Mec\u00e2nica - Quinta Parte: trabalho e energia<\/p><\/div><\/div>\t\t\t\t<\/div>\n\t\t\t\t<\/div>\n\t\t\t\t<div class=\"elementor-element elementor-element-a838619 elementor-align-center elementor-widget elementor-widget-button\" data-id=\"a838619\" data-element_type=\"widget\" data-e-type=\"widget\" data-widget_type=\"button.default\">\n\t\t\t\t<div class=\"elementor-widget-container\">\n\t\t\t\t\t\t\t\t\t<div class=\"elementor-button-wrapper\">\n\t\t\t\t\t<a class=\"elementor-button elementor-size-sm elementor-animation-grow\" role=\"button\">\n\t\t\t\t\t\t<span class=\"elementor-button-content-wrapper\">\n\t\t\t\t\t\t<span class=\"elementor-button-icon\">\n\t\t\t\t<i aria-hidden=\"true\" class=\"fas fa-hourglass\"><\/i>\t\t\t<\/span>\n\t\t\t\t\t\t\t\t\t<span class=\"elementor-button-text\">Em breve<\/span>\n\t\t\t\t\t<\/span>\n\t\t\t\t\t<\/a>\n\t\t\t\t<\/div>\n\t\t\t\t\t\t\t\t<\/div>\n\t\t\t\t<\/div>\n\t\t\t\t\t<\/div>\n\t\t<\/div>\n\t\t\t\t<div class=\"elementor-column elementor-col-50 elementor-inner-column elementor-element elementor-element-50d0f32\" data-id=\"50d0f32\" data-element_type=\"column\" data-e-type=\"column\" data-settings=\"{&quot;background_background&quot;:&quot;classic&quot;}\">\n\t\t\t<div class=\"elementor-widget-wrap elementor-element-populated\">\n\t\t\t\t\t\t<div class=\"elementor-element elementor-element-62e36ca elementor-position-top elementor-widget elementor-widget-image-box\" data-id=\"62e36ca\" data-element_type=\"widget\" data-e-type=\"widget\" data-widget_type=\"image-box.default\">\n\t\t\t\t<div class=\"elementor-widget-container\">\n\t\t\t\t\t<div class=\"elementor-image-box-wrapper\"><figure class=\"elementor-image-box-img\"><img decoding=\"async\" width=\"1414\" height=\"2000\" src=\"http:\/\/www2.unifap.br\/pet-fisica\/files\/2024\/05\/Capa-de-EM-BREVE-dos-livros.png\" class=\"elementor-animation-grow attachment-full size-full wp-image-28104\" alt=\"\" srcset=\"http:\/\/www2.unifap.br\/pet-fisica\/files\/2024\/05\/Capa-de-EM-BREVE-dos-livros.png 1414w, http:\/\/www2.unifap.br\/pet-fisica\/files\/2024\/05\/Capa-de-EM-BREVE-dos-livros-212x300.png 212w, http:\/\/www2.unifap.br\/pet-fisica\/files\/2024\/05\/Capa-de-EM-BREVE-dos-livros-724x1024.png 724w, http:\/\/www2.unifap.br\/pet-fisica\/files\/2024\/05\/Capa-de-EM-BREVE-dos-livros-768x1086.png 768w, http:\/\/www2.unifap.br\/pet-fisica\/files\/2024\/05\/Capa-de-EM-BREVE-dos-livros-1086x1536.png 1086w\" sizes=\"(max-width: 1414px) 100vw, 1414px\" \/><\/figure><div class=\"elementor-image-box-content\"><h3 class=\"elementor-image-box-title\">Momento Linear e Impulso<\/h3><p class=\"elementor-image-box-description\">Mec\u00e2nica - Sexta Parte: momento linear e impulso<\/p><\/div><\/div>\t\t\t\t<\/div>\n\t\t\t\t<\/div>\n\t\t\t\t<div class=\"elementor-element elementor-element-99587a0 elementor-align-center elementor-widget elementor-widget-button\" data-id=\"99587a0\" data-element_type=\"widget\" data-e-type=\"widget\" data-widget_type=\"button.default\">\n\t\t\t\t<div class=\"elementor-widget-container\">\n\t\t\t\t\t\t\t\t\t<div class=\"elementor-button-wrapper\">\n\t\t\t\t\t<a class=\"elementor-button elementor-size-sm elementor-animation-grow\" role=\"button\">\n\t\t\t\t\t\t<span class=\"elementor-button-content-wrapper\">\n\t\t\t\t\t\t<span class=\"elementor-button-icon\">\n\t\t\t\t<i aria-hidden=\"true\" class=\"fas fa-hourglass\"><\/i>\t\t\t<\/span>\n\t\t\t\t\t\t\t\t\t<span class=\"elementor-button-text\">Em breve<\/span>\n\t\t\t\t\t<\/span>\n\t\t\t\t\t<\/a>\n\t\t\t\t<\/div>\n\t\t\t\t\t\t\t\t<\/div>\n\t\t\t\t<\/div>\n\t\t\t\t\t<\/div>\n\t\t<\/div>\n\t\t\t\t\t<\/div>\n\t\t<\/section>\n\t\t\t\t\t<\/div>\n\t\t<\/div>\n\t\t\t\t\t<\/div>\n\t\t<\/section>\n\t\t\t\t<\/div>\n\t\t","protected":false},"excerpt":{"rendered":"<p>Livros As apostilas se mostraram \u00fateis como material complementar para professores de ambas as redes p\u00fablica e privada, servindo como manual de exerc\u00edcios para aulas te\u00f3rico-pr\u00e1ticas. Como resultado, as apostilas do PET-F\u00cdSICA UNIFAP evolu\u00edram para uma cole\u00e7\u00e3o de livros de solu\u00e7\u00f5es de exerc\u00edcios de f\u00edsica, destacando-se pela abordagem direta e pr\u00e1tica da teoria, com foco&#8230;<\/p>\n","protected":false},"author":3977,"featured_media":0,"parent":3335,"menu_order":0,"comment_status":"closed","ping_status":"closed","template":"","meta":{"inline_featured_image":false,"site-sidebar-layout":"no-sidebar","site-content-layout":"page-builder","ast-site-content-layout":"full-width-container","site-content-style":"unboxed","site-sidebar-style":"unboxed","ast-global-header-display":"","ast-banner-title-visibility":"","ast-main-header-display":"","ast-hfb-above-header-display":"","ast-hfb-below-header-display":"","ast-hfb-mobile-header-display":"","site-post-title":"disabled","ast-breadcrumbs-content":"","ast-featured-img":"disabled","footer-sml-layout":"","theme-transparent-header-meta":"default","adv-header-id-meta":"","stick-header-meta":"","header-above-stick-meta":"","header-main-stick-meta":"","header-below-stick-meta":"","astra-migrate-meta-layouts":"set","ast-page-background-enabled":"default","ast-page-background-meta":{"desktop":{"background-color":"var(--ast-global-color-4)","background-image":"","background-repeat":"repeat","background-position":"center center","background-size":"auto","background-attachment":"scroll","background-type":"","background-media":"","overlay-type":"","overlay-color":"","overlay-opacity":"","overlay-gradient":""},"tablet":{"background-color":"","background-image":"","background-repeat":"repeat","background-position":"center center","background-size":"auto","background-attachment":"scroll","background-type":"","background-media":"","overlay-type":"","overlay-color":"","overlay-opacity":"","overlay-gradient":""},"mobile":{"background-color":"","background-image":"","background-repeat":"repeat","background-position":"center center","background-size":"auto","background-attachment":"scroll","background-type":"","background-media":"","overlay-type":"","overlay-color":"","overlay-opacity":"","overlay-gradient":""}},"ast-content-background-meta":{"desktop":{"background-color":"var(--ast-global-color-5)","background-image":"","background-repeat":"repeat","background-position":"center center","background-size":"auto","background-attachment":"scroll","background-type":"","background-media":"","overlay-type":"","overlay-color":"","overlay-opacity":"","overlay-gradient":""},"tablet":{"background-color":"var(--ast-global-color-5)","background-image":"","background-repeat":"repeat","background-position":"center center","background-size":"auto","background-attachment":"scroll","background-type":"","background-media":"","overlay-type":"","overlay-color":"","overlay-opacity":"","overlay-gradient":""},"mobile":{"background-color":"var(--ast-global-color-5)","background-image":"","background-repeat":"repeat","background-position":"center center","background-size":"auto","background-attachment":"scroll","background-type":"","background-media":"","overlay-type":"","overlay-color":"","overlay-opacity":"","overlay-gradient":""}},"ngg_post_thumbnail":0,"footnotes":""},"class_list":["post-28077","page","type-page","status-publish","hentry"],"_links":{"self":[{"href":"http:\/\/www2.unifap.br\/pet-fisica\/wp-json\/wp\/v2\/pages\/28077","targetHints":{"allow":["GET"]}}],"collection":[{"href":"http:\/\/www2.unifap.br\/pet-fisica\/wp-json\/wp\/v2\/pages"}],"about":[{"href":"http:\/\/www2.unifap.br\/pet-fisica\/wp-json\/wp\/v2\/types\/page"}],"author":[{"embeddable":true,"href":"http:\/\/www2.unifap.br\/pet-fisica\/wp-json\/wp\/v2\/users\/3977"}],"replies":[{"embeddable":true,"href":"http:\/\/www2.unifap.br\/pet-fisica\/wp-json\/wp\/v2\/comments?post=28077"}],"version-history":[{"count":22,"href":"http:\/\/www2.unifap.br\/pet-fisica\/wp-json\/wp\/v2\/pages\/28077\/revisions"}],"predecessor-version":[{"id":28142,"href":"http:\/\/www2.unifap.br\/pet-fisica\/wp-json\/wp\/v2\/pages\/28077\/revisions\/28142"}],"up":[{"embeddable":true,"href":"http:\/\/www2.unifap.br\/pet-fisica\/wp-json\/wp\/v2\/pages\/3335"}],"wp:attachment":[{"href":"http:\/\/www2.unifap.br\/pet-fisica\/wp-json\/wp\/v2\/media?parent=28077"}],"curies":[{"name":"wp","href":"https:\/\/api.w.org\/{rel}","templated":true}]}}