{"id":282,"date":"2011-04-12T08:31:53","date_gmt":"2011-04-12T08:31:53","guid":{"rendered":"http:\/\/pororoca.unifap.br\/pet-fisica\/"},"modified":"2023-01-23T15:53:31","modified_gmt":"2023-01-23T15:53:31","slug":"eventos-externos","status":"publish","type":"page","link":"http:\/\/www2.unifap.br\/pet-fisica\/trabalhos\/extras-eventos\/eventos-externos\/","title":{"rendered":"Interestaduais"},"content":{"rendered":"\t\t<div data-elementor-type=\"wp-page\" data-elementor-id=\"282\" class=\"elementor elementor-282\">\n\t\t\t\t\t\t<section class=\"elementor-section elementor-top-section elementor-element elementor-element-48be55d elementor-section-boxed elementor-section-height-default elementor-section-height-default\" data-id=\"48be55d\" data-element_type=\"section\" data-e-type=\"section\">\n\t\t\t\t\t\t<div class=\"elementor-container elementor-column-gap-default\">\n\t\t\t\t\t<div class=\"elementor-column elementor-col-100 elementor-top-column elementor-element elementor-element-904f2fd\" data-id=\"904f2fd\" data-element_type=\"column\" data-e-type=\"column\">\n\t\t\t<div class=\"elementor-widget-wrap elementor-element-populated\">\n\t\t\t\t\t\t<div class=\"elementor-element elementor-element-ac81abf elementor-widget elementor-widget-spacer\" data-id=\"ac81abf\" data-element_type=\"widget\" data-e-type=\"widget\" data-widget_type=\"spacer.default\">\n\t\t\t\t<div class=\"elementor-widget-container\">\n\t\t\t\t\t\t\t<div class=\"elementor-spacer\">\n\t\t\t<div class=\"elementor-spacer-inner\"><\/div>\n\t\t<\/div>\n\t\t\t\t\t\t<\/div>\n\t\t\t\t<\/div>\n\t\t\t\t<div class=\"elementor-element elementor-element-d0644c3 elementor-widget elementor-widget-heading\" data-id=\"d0644c3\" data-element_type=\"widget\" data-e-type=\"widget\" data-widget_type=\"heading.default\">\n\t\t\t\t<div class=\"elementor-widget-container\">\n\t\t\t\t\t<h2 class=\"elementor-heading-title elementor-size-default\">Interestaduais<\/h2>\t\t\t\t<\/div>\n\t\t\t\t<\/div>\n\t\t\t\t<div class=\"elementor-element elementor-element-9419b52 elementor-widget-divider--view-line elementor-widget elementor-widget-divider\" data-id=\"9419b52\" data-element_type=\"widget\" data-e-type=\"widget\" data-widget_type=\"divider.default\">\n\t\t\t\t<div class=\"elementor-widget-container\">\n\t\t\t\t\t\t\t<div class=\"elementor-divider\">\n\t\t\t<span class=\"elementor-divider-separator\">\n\t\t\t\t\t\t<\/span>\n\t\t<\/div>\n\t\t\t\t\t\t<\/div>\n\t\t\t\t<\/div>\n\t\t\t\t\t<\/div>\n\t\t<\/div>\n\t\t\t\t\t<\/div>\n\t\t<\/section>\n\t\t\t\t<section class=\"elementor-section elementor-top-section elementor-element elementor-element-76ded34f elementor-section-boxed elementor-section-height-default elementor-section-height-default\" data-id=\"76ded34f\" data-element_type=\"section\" data-e-type=\"section\">\n\t\t\t\t\t\t<div class=\"elementor-container elementor-column-gap-default\">\n\t\t\t\t\t<div class=\"elementor-column elementor-col-100 elementor-top-column elementor-element elementor-element-3e70ad62\" data-id=\"3e70ad62\" data-element_type=\"column\" data-e-type=\"column\">\n\t\t\t<div class=\"elementor-widget-wrap elementor-element-populated\">\n\t\t\t\t\t\t<div class=\"elementor-element elementor-element-17645819 elementor-widget elementor-widget-text-editor\" data-id=\"17645819\" data-element_type=\"widget\" data-e-type=\"widget\" data-widget_type=\"text-editor.default\">\n\t\t\t\t<div class=\"elementor-widget-container\">\n\t\t\t\t\t\t\t\t\t<p style=\"text-align: center\"><strong>EVENTOS EXTERNOS\r\n<\/strong><\/p>\r\n<p style=\"text-align: center\"><strong>2011<\/strong><\/p>\r\n<p style=\"text-align: left\"><strong>XVI &#8211; ENAPE &#8211; GOI\u00c2NIA\r\n<\/strong><\/p>\r\n<a href=\"http:\/\/www2.unifap.br\/pet-fisica\/files\/2011\/04\/P1000472.jpg\"><img decoding=\"async\" class=\"size-full wp-image-905 alignleft\" src=\"http:\/\/www2.unifap.br\/pet-fisica\/files\/2011\/04\/P1000472.jpg\" alt=\"\" width=\"224\" height=\"153\"><\/a><a href=\"http:\/\/www2.unifap.br\/pet-fisica\/files\/2011\/04\/P1000475.jpg\"><img decoding=\"async\" class=\"size-full wp-image-906 alignleft\" src=\"http:\/\/www2.unifap.br\/pet-fisica\/files\/2011\/04\/P1000475.jpg\" alt=\"\" width=\"224\" height=\"153\"><\/a> <strong>&#8212;&#8212;&#8212;&#8212;&#8212;&#8212;&#8212;&#8212;&#8212;&#8212;&#8212;&#8212;&#8212;&#8212;&#8212;&#8212;&#8212;&#8212;&#8212;&#8212;&#8212;&#8212;&#8212;&#8212;&#8212;&#8212;&#8212;&#8212;&#8212;&#8212;&#8212;&#8212;&#8212;&#8212;&#8212;&#8212;&#8212;&#8212;&#8212;&#8212;&#8211;<\/strong>\r\n<p style=\"text-align: center\"><strong>ESCOLA DE VER\u00c3O DO INSTITUTO NACIONAL DE MATEM\u00c1TICA PURA E APLICADA (IMPA)<\/strong><\/p>\r\nDESEMPENHO DOS ACAD\u00caMICOS DO CURSO DE F\u00cdSICA QUE PARTICIPARAM :\r\n\r\n<strong>Erveton Pinheiro Pinto: conceito<\/strong><strong> &#8221; B&#8221;<\/strong>\r\n\r\n<strong>Marcelo Amanaj\u00e1s Pires : conceito<\/strong><strong> &#8221; B &#8220;<\/strong>\r\n\r\n<strong>Jalciane Cardoso Leal : conceito <\/strong><strong>&#8221; C &#8220;<\/strong>\r\n\r\n<strong>Siljane dos Santos Sampaio :<\/strong><strong> &#8221; C &#8220;<\/strong>\r\n\r\n<a href=\"http:\/\/www2.unifap.br\/pet-fisica\/files\/2011\/04\/P1050358.jpg\"><img decoding=\"async\" class=\"size-medium wp-image-283 alignleft\" src=\"http:\/\/www2.unifap.br\/pet-fisica\/files\/2011\/04\/P1050358-300x225.jpg\" alt=\"\" width=\"224\" height=\"153\"><\/a><a href=\"http:\/\/www2.unifap.br\/pet-fisica\/files\/2011\/04\/P1050480.jpg\"><img loading=\"lazy\" decoding=\"async\" class=\"size-medium wp-image-284 alignleft\" src=\"http:\/\/www2.unifap.br\/pet-fisica\/files\/2011\/04\/P1050480-300x225.jpg\" alt=\"\" width=\"224\" height=\"153\"><\/a>\r\n\r\n&nbsp;\r\n\r\n&#8212;&#8212;&#8212;&#8212;&#8212;&#8212;&#8212;&#8212;&#8212;&#8212;&#8212;&#8212;&#8212;&#8212;&#8212;&#8212;&#8212;&#8212;&#8212;&#8212;&#8212;&#8212;&#8212;&#8212;&#8212;&#8212;&#8212;&#8212;&#8212;&#8212;&#8212;&#8212;&#8212;&#8212;&#8212;&#8212;&#8212;&#8212;&#8212;&#8212;&#8212;&#8212;&#8212;&#8212;&#8212;&#8212;&#8212;&#8212;&#8212;-\r\n<p style=\"text-align: center\"><strong>2010<\/strong><\/p>\r\n<p style=\"text-align: center\"><strong>I COL\u00d3QUIO NORTE DE MATEM\u00c1TICA (UFPA)<\/strong><\/p>\r\n&#8212;&#8212;&#8212;&#8212;&#8212;&#8212;&#8212;&#8212;&#8212;&#8212;&#8212;&#8212;&#8212;&#8212;&#8212;&#8212;&#8212;&#8212;&#8212;&#8212;&#8212;&#8212;&#8212;&#8212;&#8212;&#8212;&#8212;&#8212;&#8212;&#8212;&#8212;&#8212;&#8212;&#8212;&#8212;&#8212;&#8212;&#8212;&#8212;&#8212;&#8212;&#8212;&#8212;&#8212;&#8212;&#8212;&#8212;&#8212;&#8211;\r\n<p style=\"text-align: center\"><strong>ESCOLA DO CBPF- EVENTO SAT\u00c9LITE &#8211; UFPA\/BEL\u00c9M<\/strong><\/p>\r\n<a href=\"http:\/\/www2.unifap.br\/pet-fisica\/files\/2011\/04\/DSC09281.jpg\"><img loading=\"lazy\" decoding=\"async\" class=\"size-medium wp-image-289 alignleft\" src=\"http:\/\/www2.unifap.br\/pet-fisica\/files\/2011\/04\/DSC09281-300x225.jpg\" alt=\"\" width=\"224\" height=\"153\"><\/a><a href=\"http:\/\/www2.unifap.br\/pet-fisica\/files\/2011\/04\/DSC09291.jpg\"><img loading=\"lazy\" decoding=\"async\" class=\"size-medium wp-image-290 alignleft\" src=\"http:\/\/www2.unifap.br\/pet-fisica\/files\/2011\/04\/DSC09291-300x225.jpg\" alt=\"\" width=\"224\" height=\"153\"><\/a>&#8212;&#8212;&#8212;&#8212;&#8212;&#8212;&#8212;&#8212;&#8212;&#8212;&#8212;&#8212;&#8212;&#8212;&#8212;&#8212;&#8212;&#8212;&#8212;&#8212;&#8212;&#8212;&#8212;&#8212;&#8212;&#8212;&#8212;&#8212;&#8212;&#8212;&#8212;&#8212;&#8212;&#8212;&#8212;&#8212;&#8212;&#8212;&#8212;&#8212;&#8212;&#8212;&#8212;&#8212;&#8212;&#8212;&#8212;&#8212;&#8212;-\r\n<p style=\"text-align: center\"><strong>XV ENAPET-NATAL-RN<\/strong><\/p>\r\n<a href=\"http:\/\/www2.unifap.br\/pet-fisica\/files\/2011\/04\/siljane.jpg\"><img loading=\"lazy\" decoding=\"async\" class=\"size-medium wp-image-292 alignleft\" src=\"http:\/\/www2.unifap.br\/pet-fisica\/files\/2011\/04\/siljane-300x225.jpg\" alt=\"\" width=\"224\" height=\"153\"><\/a><a href=\"http:\/\/www2.unifap.br\/pet-fisica\/files\/2011\/04\/siljane.JPG-2.jpg\"><img loading=\"lazy\" decoding=\"async\" class=\"size-medium wp-image-293 alignleft\" src=\"http:\/\/www2.unifap.br\/pet-fisica\/files\/2011\/04\/siljane.JPG-2-300x225.jpg\" alt=\"\" width=\"224\" height=\"153\"><\/a>\t\t\t\t\t\t\t\t<\/div>\n\t\t\t\t<\/div>\n\t\t\t\t\t<\/div>\n\t\t<\/div>\n\t\t\t\t\t<\/div>\n\t\t<\/section>\n\t\t\t\t<\/div>\n\t\t","protected":false},"excerpt":{"rendered":"<p>Interestaduais EVENTOS EXTERNOS 2011 XVI &#8211; ENAPE &#8211; GOI\u00c2NIA &#8212;&#8212;&#8212;&#8212;&#8212;&#8212;&#8212;&#8212;&#8212;&#8212;&#8212;&#8212;&#8212;&#8212;&#8212;&#8212;&#8212;&#8212;&#8212;&#8212;&#8212;&#8212;&#8212;&#8212;&#8212;&#8212;&#8212;&#8212;&#8212;&#8212;&#8212;&#8212;&#8212;&#8212;&#8212;&#8212;&#8212;&#8212;&#8212;&#8212;&#8211; ESCOLA DE VER\u00c3O DO INSTITUTO NACIONAL DE MATEM\u00c1TICA PURA E APLICADA (IMPA) DESEMPENHO DOS ACAD\u00caMICOS DO CURSO DE F\u00cdSICA QUE PARTICIPARAM : Erveton Pinheiro Pinto: conceito &#8221; B&#8221; Marcelo Amanaj\u00e1s Pires : conceito &#8221; B &#8220; Jalciane Cardoso Leal : conceito &#8221; C &#8220; Siljane&#8230;<\/p>\n","protected":false},"author":1,"featured_media":0,"parent":1878,"menu_order":0,"comment_status":"closed","ping_status":"closed","template":"","meta":{"inline_featured_image":false,"site-sidebar-layout":"default","site-content-layout":"default","ast-site-content-layout":"default","site-content-style":"default","site-sidebar-style":"default","ast-global-header-display":"","ast-banner-title-visibility":"","ast-main-header-display":"","ast-hfb-above-header-display":"","ast-hfb-below-header-display":"","ast-hfb-mobile-header-display":"","site-post-title":"disabled","ast-breadcrumbs-content":"","ast-featured-img":"","footer-sml-layout":"","theme-transparent-header-meta":"default","adv-header-id-meta":"","stick-header-meta":"","header-above-stick-meta":"","header-main-stick-meta":"","header-below-stick-meta":"","astra-migrate-meta-layouts":"default","ast-page-background-enabled":"default","ast-page-background-meta":{"desktop":{"background-color":"var(--ast-global-color-4)","background-image":"","background-repeat":"repeat","background-position":"center center","background-size":"auto","background-attachment":"scroll","background-type":"","background-media":"","overlay-type":"","overlay-color":"","overlay-opacity":"","overlay-gradient":""},"tablet":{"background-color":"","background-image":"","background-repeat":"repeat","background-position":"center center","background-size":"auto","background-attachment":"scroll","background-type":"","background-media":"","overlay-type":"","overlay-color":"","overlay-opacity":"","overlay-gradient":""},"mobile":{"background-color":"","background-image":"","background-repeat":"repeat","background-position":"center center","background-size":"auto","background-attachment":"scroll","background-type":"","background-media":"","overlay-type":"","overlay-color":"","overlay-opacity":"","overlay-gradient":""}},"ast-content-background-meta":{"desktop":{"background-color":"var(--ast-global-color-5)","background-image":"","background-repeat":"repeat","background-position":"center center","background-size":"auto","background-attachment":"scroll","background-type":"","background-media":"","overlay-type":"","overlay-color":"","overlay-opacity":"","overlay-gradient":""},"tablet":{"background-color":"var(--ast-global-color-5)","background-image":"","background-repeat":"repeat","background-position":"center center","background-size":"auto","background-attachment":"scroll","background-type":"","background-media":"","overlay-type":"","overlay-color":"","overlay-opacity":"","overlay-gradient":""},"mobile":{"background-color":"var(--ast-global-color-5)","background-image":"","background-repeat":"repeat","background-position":"center center","background-size":"auto","background-attachment":"scroll","background-type":"","background-media":"","overlay-type":"","overlay-color":"","overlay-opacity":"","overlay-gradient":""}},"ngg_post_thumbnail":0,"footnotes":""},"class_list":["post-282","page","type-page","status-publish","hentry"],"_links":{"self":[{"href":"http:\/\/www2.unifap.br\/pet-fisica\/wp-json\/wp\/v2\/pages\/282","targetHints":{"allow":["GET"]}}],"collection":[{"href":"http:\/\/www2.unifap.br\/pet-fisica\/wp-json\/wp\/v2\/pages"}],"about":[{"href":"http:\/\/www2.unifap.br\/pet-fisica\/wp-json\/wp\/v2\/types\/page"}],"author":[{"embeddable":true,"href":"http:\/\/www2.unifap.br\/pet-fisica\/wp-json\/wp\/v2\/users\/1"}],"replies":[{"embeddable":true,"href":"http:\/\/www2.unifap.br\/pet-fisica\/wp-json\/wp\/v2\/comments?post=282"}],"version-history":[{"count":17,"href":"http:\/\/www2.unifap.br\/pet-fisica\/wp-json\/wp\/v2\/pages\/282\/revisions"}],"predecessor-version":[{"id":5571,"href":"http:\/\/www2.unifap.br\/pet-fisica\/wp-json\/wp\/v2\/pages\/282\/revisions\/5571"}],"up":[{"embeddable":true,"href":"http:\/\/www2.unifap.br\/pet-fisica\/wp-json\/wp\/v2\/pages\/1878"}],"wp:attachment":[{"href":"http:\/\/www2.unifap.br\/pet-fisica\/wp-json\/wp\/v2\/media?parent=282"}],"curies":[{"name":"wp","href":"https:\/\/api.w.org\/{rel}","templated":true}]}}