{"id":3331,"date":"2022-10-12T03:43:41","date_gmt":"2022-10-12T03:43:41","guid":{"rendered":"https:\/\/www2.unifap.br\/pet-fisica\/?page_id=3331"},"modified":"2025-11-08T23:29:35","modified_gmt":"2025-11-08T23:29:35","slug":"ensino","status":"publish","type":"page","link":"http:\/\/www2.unifap.br\/pet-fisica\/trabalhos\/ensino\/","title":{"rendered":"ENSINO"},"content":{"rendered":"\t\t<div data-elementor-type=\"wp-page\" data-elementor-id=\"3331\" class=\"elementor elementor-3331\">\n\t\t\t\t\t\t<section class=\"elementor-section elementor-top-section elementor-element elementor-element-b38d0dd elementor-section-boxed elementor-section-height-default elementor-section-height-default\" data-id=\"b38d0dd\" data-element_type=\"section\" data-e-type=\"section\">\n\t\t\t\t\t\t<div class=\"elementor-container elementor-column-gap-default\">\n\t\t\t\t\t<div class=\"elementor-column elementor-col-100 elementor-top-column elementor-element elementor-element-66e155b\" data-id=\"66e155b\" data-element_type=\"column\" data-e-type=\"column\">\n\t\t\t<div class=\"elementor-widget-wrap elementor-element-populated\">\n\t\t\t\t\t\t<div class=\"elementor-element elementor-element-17e6f1e elementor-widget elementor-widget-spacer\" data-id=\"17e6f1e\" data-element_type=\"widget\" data-e-type=\"widget\" data-widget_type=\"spacer.default\">\n\t\t\t\t<div class=\"elementor-widget-container\">\n\t\t\t\t\t\t\t<div class=\"elementor-spacer\">\n\t\t\t<div class=\"elementor-spacer-inner\"><\/div>\n\t\t<\/div>\n\t\t\t\t\t\t<\/div>\n\t\t\t\t<\/div>\n\t\t\t\t<div class=\"elementor-element elementor-element-062549a elementor-widget elementor-widget-heading\" data-id=\"062549a\" data-element_type=\"widget\" data-e-type=\"widget\" data-widget_type=\"heading.default\">\n\t\t\t\t<div class=\"elementor-widget-container\">\n\t\t\t\t\t<h1 class=\"elementor-heading-title elementor-size-default\">Ensino<\/h1>\t\t\t\t<\/div>\n\t\t\t\t<\/div>\n\t\t\t\t\t<\/div>\n\t\t<\/div>\n\t\t\t\t\t<\/div>\n\t\t<\/section>\n\t\t\t\t<section class=\"elementor-section elementor-top-section elementor-element elementor-element-38a1e9b elementor-section-boxed elementor-section-height-default elementor-section-height-default\" data-id=\"38a1e9b\" data-element_type=\"section\" data-e-type=\"section\">\n\t\t\t\t\t\t<div class=\"elementor-container elementor-column-gap-default\">\n\t\t\t\t\t<div class=\"elementor-column elementor-col-100 elementor-top-column elementor-element elementor-element-02162d1\" data-id=\"02162d1\" data-element_type=\"column\" data-e-type=\"column\">\n\t\t\t<div class=\"elementor-widget-wrap elementor-element-populated\">\n\t\t\t\t\t\t<div class=\"elementor-element elementor-element-a7a376f elementor-widget elementor-widget-naevents_basic_separator\" data-id=\"a7a376f\" data-element_type=\"widget\" data-e-type=\"widget\" data-widget_type=\"naevents_basic_separator.default\">\n\t\t\t\t<div class=\"elementor-widget-container\">\n\t\t\t\t\t<div class=\"naeep-separator border-two\"><span class=\"sep-two-left\"><\/span><div class=\"naeep-sep\"><i class=\"fas fa-caret-down\"><\/i><\/div><span class=\"sep-two-right\"><\/span><\/div>\t\t\t\t<\/div>\n\t\t\t\t<\/div>\n\t\t\t\t\t<\/div>\n\t\t<\/div>\n\t\t\t\t\t<\/div>\n\t\t<\/section>\n\t\t\t\t<section class=\"elementor-section elementor-top-section elementor-element elementor-element-eef8845 elementor-section-boxed elementor-section-height-default elementor-section-height-default\" data-id=\"eef8845\" data-element_type=\"section\" data-e-type=\"section\">\n\t\t\t\t\t\t<div class=\"elementor-container elementor-column-gap-default\">\n\t\t\t\t\t<div class=\"elementor-column elementor-col-100 elementor-top-column elementor-element elementor-element-f890a65\" data-id=\"f890a65\" data-element_type=\"column\" data-e-type=\"column\">\n\t\t\t<div class=\"elementor-widget-wrap elementor-element-populated\">\n\t\t\t\t\t\t<div class=\"elementor-element elementor-element-3091c2a elementor-widget elementor-widget-heading\" data-id=\"3091c2a\" data-element_type=\"widget\" data-e-type=\"widget\" data-widget_type=\"heading.default\">\n\t\t\t\t<div class=\"elementor-widget-container\">\n\t\t\t\t\t<h2 class=\"elementor-heading-title elementor-size-default\">ATIVIDADES DE ENSINO:<\/h2>\t\t\t\t<\/div>\n\t\t\t\t<\/div>\n\t\t\t\t\t<\/div>\n\t\t<\/div>\n\t\t\t\t\t<\/div>\n\t\t<\/section>\n\t\t\t\t<section class=\"elementor-section elementor-top-section elementor-element elementor-element-19ebfdb elementor-section-boxed elementor-section-height-default elementor-section-height-default\" data-id=\"19ebfdb\" data-element_type=\"section\" data-e-type=\"section\">\n\t\t\t\t\t\t<div class=\"elementor-container elementor-column-gap-default\">\n\t\t\t\t\t<div class=\"elementor-column elementor-col-100 elementor-top-column elementor-element elementor-element-e7756d9\" data-id=\"e7756d9\" data-element_type=\"column\" data-e-type=\"column\">\n\t\t\t<div class=\"elementor-widget-wrap elementor-element-populated\">\n\t\t\t\t\t\t<div class=\"elementor-element elementor-element-1114c4a elementor-widget elementor-widget-heading\" data-id=\"1114c4a\" data-element_type=\"widget\" data-e-type=\"widget\" data-widget_type=\"heading.default\">\n\t\t\t\t<div class=\"elementor-widget-container\">\n\t\t\t\t\t<h3 class=\"elementor-heading-title elementor-size-default\">Semana do Calouro<\/h3>\t\t\t\t<\/div>\n\t\t\t\t<\/div>\n\t\t\t\t\t<\/div>\n\t\t<\/div>\n\t\t\t\t\t<\/div>\n\t\t<\/section>\n\t\t\t\t<section class=\"elementor-section elementor-top-section elementor-element elementor-element-bbd0931 elementor-section-boxed elementor-section-height-default elementor-section-height-default\" data-id=\"bbd0931\" data-element_type=\"section\" data-e-type=\"section\">\n\t\t\t\t\t\t<div class=\"elementor-container elementor-column-gap-default\">\n\t\t\t\t\t<div class=\"elementor-column elementor-col-50 elementor-top-column elementor-element elementor-element-bc276c7\" data-id=\"bc276c7\" data-element_type=\"column\" data-e-type=\"column\">\n\t\t\t<div class=\"elementor-widget-wrap elementor-element-populated\">\n\t\t\t\t\t\t<div class=\"elementor-element elementor-element-812680e elementor-drop-cap-yes elementor-drop-cap-view-default elementor-widget elementor-widget-text-editor\" data-id=\"812680e\" data-element_type=\"widget\" data-e-type=\"widget\" data-settings=\"{&quot;drop_cap&quot;:&quot;yes&quot;}\" data-widget_type=\"text-editor.default\">\n\t\t\t\t<div class=\"elementor-widget-container\">\n\t\t\t\t\t\t\t\t\t<p>A semana do calouro \u00e9 um evento de recep\u00e7\u00e3o dos novos ingressantes no curso de F\u00edsica, com o\u00a0objetivo de integr\u00e1-los ao ambiente acad\u00eamico por meio de atividades de ensino e cultura cient\u00edfica.<\/p>\t\t\t\t\t\t\t\t<\/div>\n\t\t\t\t<\/div>\n\t\t\t\t<div class=\"elementor-element elementor-element-32cc912 elementor-widget elementor-widget-image\" data-id=\"32cc912\" data-element_type=\"widget\" data-e-type=\"widget\" data-widget_type=\"image.default\">\n\t\t\t\t<div class=\"elementor-widget-container\">\n\t\t\t\t\t\t\t\t\t\t\t\t\t\t\t<img fetchpriority=\"high\" decoding=\"async\" width=\"1024\" height=\"768\" src=\"http:\/\/www2.unifap.br\/pet-fisica\/files\/2025\/02\/photo_5039582319115087312_y-1024x768.jpg\" class=\"attachment-large size-large wp-image-28267\" alt=\"\" srcset=\"http:\/\/www2.unifap.br\/pet-fisica\/files\/2025\/02\/photo_5039582319115087312_y-1024x768.jpg 1024w, http:\/\/www2.unifap.br\/pet-fisica\/files\/2025\/02\/photo_5039582319115087312_y-300x225.jpg 300w, http:\/\/www2.unifap.br\/pet-fisica\/files\/2025\/02\/photo_5039582319115087312_y-768x576.jpg 768w, http:\/\/www2.unifap.br\/pet-fisica\/files\/2025\/02\/photo_5039582319115087312_y.jpg 1280w\" sizes=\"(max-width: 1024px) 100vw, 1024px\" \/>\t\t\t\t\t\t\t\t\t\t\t\t\t\t\t<\/div>\n\t\t\t\t<\/div>\n\t\t\t\t\t<\/div>\n\t\t<\/div>\n\t\t\t\t<div class=\"elementor-column elementor-col-50 elementor-top-column elementor-element elementor-element-a390d9b\" data-id=\"a390d9b\" data-element_type=\"column\" data-e-type=\"column\">\n\t\t\t<div class=\"elementor-widget-wrap elementor-element-populated\">\n\t\t\t\t\t\t<div class=\"elementor-element elementor-element-3195264 elementor-widget elementor-widget-text-editor\" data-id=\"3195264\" data-element_type=\"widget\" data-e-type=\"widget\" data-widget_type=\"text-editor.default\">\n\t\t\t\t<div class=\"elementor-widget-container\">\n\t\t\t\t\t\t\t\t\t<p style=\"text-align: left\">Os bolsistas e volunt\u00e1rios do PET-F\u00edsica organizam a Semana do Calouro de F\u00edsica assim como tamb\u00e9m organizam as boas vindas dos calouros do Departamento de Ci\u00eancias Exatas e Tecnol\u00f3gicas. Neste evento ocorre a apresenta\u00e7\u00e3o do Grupo de petianos, dos docentes e das instala\u00e7\u00f5es dos cursos. E durante o restante da semana os professores do curso \u00a0ministram palestras sobre suas \u00e1reas de pesquisa, assim como os bolsistas de inicia\u00e7\u00e3o cient\u00edfica e do PET-F\u00edsica apresentam suas produ\u00e7\u00f5es acad\u00eamicas. E por fim no \u00faltimo dia de programa\u00e7\u00e3o ocorre a Maratona de F\u00edsica, a qual \u00e9 composta por atividades l\u00fadicas de ensino, jogos de equipes, competi\u00e7\u00f5es que exigem coordena\u00e7\u00e3o motora, racioc\u00ednio, e trabalho em grupo dentro do contexto da F\u00edsica.<\/p>\t\t\t\t\t\t\t\t<\/div>\n\t\t\t\t<\/div>\n\t\t\t\t\t<\/div>\n\t\t<\/div>\n\t\t\t\t\t<\/div>\n\t\t<\/section>\n\t\t\t\t<section class=\"elementor-section elementor-top-section elementor-element elementor-element-152be19 elementor-section-boxed elementor-section-height-default elementor-section-height-default\" data-id=\"152be19\" data-element_type=\"section\" data-e-type=\"section\">\n\t\t\t\t\t\t<div class=\"elementor-container elementor-column-gap-default\">\n\t\t\t\t\t<div class=\"elementor-column elementor-col-100 elementor-top-column elementor-element elementor-element-1f6c48d\" data-id=\"1f6c48d\" data-element_type=\"column\" data-e-type=\"column\">\n\t\t\t<div class=\"elementor-widget-wrap elementor-element-populated\">\n\t\t\t\t\t\t<div class=\"elementor-element elementor-element-9a52834 elementor-widget elementor-widget-heading\" data-id=\"9a52834\" data-element_type=\"widget\" data-e-type=\"widget\" data-widget_type=\"heading.default\">\n\t\t\t\t<div class=\"elementor-widget-container\">\n\t\t\t\t\t<h3 class=\"elementor-heading-title elementor-size-default\">Semin\u00e1rios Semanais <\/h3>\t\t\t\t<\/div>\n\t\t\t\t<\/div>\n\t\t\t\t\t<\/div>\n\t\t<\/div>\n\t\t\t\t\t<\/div>\n\t\t<\/section>\n\t\t\t\t<section class=\"elementor-section elementor-top-section elementor-element elementor-element-cd4adac elementor-section-boxed elementor-section-height-default elementor-section-height-default\" data-id=\"cd4adac\" data-element_type=\"section\" data-e-type=\"section\">\n\t\t\t\t\t\t<div class=\"elementor-container elementor-column-gap-default\">\n\t\t\t\t\t<div class=\"elementor-column elementor-col-100 elementor-top-column elementor-element elementor-element-25acb6e\" data-id=\"25acb6e\" data-element_type=\"column\" data-e-type=\"column\">\n\t\t\t<div class=\"elementor-widget-wrap elementor-element-populated\">\n\t\t\t\t\t\t<div class=\"elementor-element elementor-element-ed41f25 elementor-drop-cap-yes elementor-drop-cap-view-default elementor-widget elementor-widget-text-editor\" data-id=\"ed41f25\" data-element_type=\"widget\" data-e-type=\"widget\" data-settings=\"{&quot;drop_cap&quot;:&quot;yes&quot;}\" data-widget_type=\"text-editor.default\">\n\t\t\t\t<div class=\"elementor-widget-container\">\n\t\t\t\t\t\t\t\t\t<p>Pretende-se oferecer aos estudantes de F\u00edsica, grupo PET-F\u00edsica e aos demais acad\u00eamicos desta IFES a oportunidade de conhecer e aprofundar conte\u00fados pouco explorados nas disciplinas da grade curricular.<\/p><p>Os conte\u00fados dos semin\u00e1rios s\u00e3o selecionados entre os petianos e o tutor, objetivando sempre abordar assuntos de interesse para as \u00e1reas de ci\u00eancias exatas e naturais, especialmente F\u00edsica, Matem\u00e1tica, Engenharia. A qualidade das apresenta\u00e7\u00f5es \u00e9 controlada pelo tutor atrav\u00e9s de apresenta\u00e7\u00f5es pr\u00e9vias, e pela ficha de avalia\u00e7\u00e3o fornecida aos participantes dos semin\u00e1rios. Al\u00e9m dos petianos, acad\u00eamicos de inicia\u00e7\u00e3o cient\u00edfica e professores podem ministrar semin\u00e1rios semanais. A divulga\u00e7\u00e3o dos semin\u00e1rios \u00e9 feita na pagina da UNIFAP, em redes sociais na internet, e nos murais desta universidade.<\/p>\t\t\t\t\t\t\t\t<\/div>\n\t\t\t\t<\/div>\n\t\t\t\t\t<\/div>\n\t\t<\/div>\n\t\t\t\t\t<\/div>\n\t\t<\/section>\n\t\t\t\t<section class=\"elementor-section elementor-top-section elementor-element elementor-element-b830e92 elementor-section-boxed elementor-section-height-default elementor-section-height-default\" data-id=\"b830e92\" data-element_type=\"section\" data-e-type=\"section\">\n\t\t\t\t\t\t<div class=\"elementor-container elementor-column-gap-default\">\n\t\t\t\t\t<div class=\"elementor-column elementor-col-100 elementor-top-column elementor-element elementor-element-7721ae0\" data-id=\"7721ae0\" data-element_type=\"column\" data-e-type=\"column\">\n\t\t\t<div class=\"elementor-widget-wrap elementor-element-populated\">\n\t\t\t\t\t\t<div class=\"elementor-element elementor-element-3f06bf2 elementor-widget elementor-widget-heading\" data-id=\"3f06bf2\" data-element_type=\"widget\" data-e-type=\"widget\" data-widget_type=\"heading.default\">\n\t\t\t\t<div class=\"elementor-widget-container\">\n\t\t\t\t\t<h3 class=\"elementor-heading-title elementor-size-default\">Ciclo de palestra de F\u00edsica Matem\u00e1tica<\/h3>\t\t\t\t<\/div>\n\t\t\t\t<\/div>\n\t\t\t\t\t<\/div>\n\t\t<\/div>\n\t\t\t\t\t<\/div>\n\t\t<\/section>\n\t\t\t\t<section class=\"elementor-section elementor-top-section elementor-element elementor-element-7afb24f elementor-section-boxed elementor-section-height-default elementor-section-height-default\" data-id=\"7afb24f\" data-element_type=\"section\" data-e-type=\"section\">\n\t\t\t\t\t\t<div class=\"elementor-container elementor-column-gap-default\">\n\t\t\t\t\t<div class=\"elementor-column elementor-col-100 elementor-top-column elementor-element elementor-element-17c584a\" data-id=\"17c584a\" data-element_type=\"column\" data-e-type=\"column\">\n\t\t\t<div class=\"elementor-widget-wrap elementor-element-populated\">\n\t\t\t\t\t\t<div class=\"elementor-element elementor-element-2ba63ef elementor-drop-cap-yes elementor-drop-cap-view-default elementor-widget elementor-widget-text-editor\" data-id=\"2ba63ef\" data-element_type=\"widget\" data-e-type=\"widget\" data-settings=\"{&quot;drop_cap&quot;:&quot;yes&quot;}\" data-widget_type=\"text-editor.default\">\n\t\t\t\t<div class=\"elementor-widget-container\">\n\t\t\t\t\t\t\t\t\t<p>Esse evento \u00e9 uma realiza\u00e7\u00e3o do grupo PET-F\u00edsica, no qual \u00e9 apresentado um conjunto de palestras especialmente voltadas para acad\u00eamicos das \u00e1reas de ci\u00eancias exatas e da natureza e de \u00e1reas afins com o prop\u00f3sito de motiv\u00e1-los para a manipula\u00e7\u00e3o de ferramentas matem\u00e1ticas em sistemas de dom\u00ednio da F\u00edsica. Com isto o grupo PET-F\u00edsica espera contribuir de forma significativa para o aprimoramento de habilidades f\u00edsico-matem\u00e1ticas e para a motiva\u00e7\u00e3o aos estudos no campo da pesquisa. Os temas das palestras s\u00e3o selecionados entre os bolsistas do PET-F\u00edsica e o Tutor, sob os crit\u00e9rios de aplicabilidade, objetividade e abrang\u00eancia. S\u00e3o ent\u00e3o convidados professores do colegiado de F\u00edsica para ministr\u00e1-las juntamente com os petianos e o tutor. Ap\u00f3s essa etapa \u00e9 feita a divulga\u00e7\u00e3o no site desta IFES e nas IES de Macap\u00e1. Avaliamos a qualidade deste evento atrav\u00e9s de um question\u00e1rio aplicado aos participantes inscritos, a fim de podermos fazer melhorias nesta atividade.<\/p>\t\t\t\t\t\t\t\t<\/div>\n\t\t\t\t<\/div>\n\t\t\t\t\t<\/div>\n\t\t<\/div>\n\t\t\t\t\t<\/div>\n\t\t<\/section>\n\t\t\t\t<section class=\"elementor-section elementor-top-section elementor-element elementor-element-3451e57 elementor-section-boxed elementor-section-height-default elementor-section-height-default\" data-id=\"3451e57\" data-element_type=\"section\" data-e-type=\"section\">\n\t\t\t\t\t\t<div class=\"elementor-container elementor-column-gap-default\">\n\t\t\t\t\t<div class=\"elementor-column elementor-col-100 elementor-top-column elementor-element elementor-element-1605783\" data-id=\"1605783\" data-element_type=\"column\" data-e-type=\"column\">\n\t\t\t<div class=\"elementor-widget-wrap elementor-element-populated\">\n\t\t\t\t\t\t<div class=\"elementor-element elementor-element-bec50e0 elementor-widget elementor-widget-heading\" data-id=\"bec50e0\" data-element_type=\"widget\" data-e-type=\"widget\" data-widget_type=\"heading.default\">\n\t\t\t\t<div class=\"elementor-widget-container\">\n\t\t\t\t\t<h3 class=\"elementor-heading-title elementor-size-default\">Minicursos de F\u00e9rias<\/h3>\t\t\t\t<\/div>\n\t\t\t\t<\/div>\n\t\t\t\t\t<\/div>\n\t\t<\/div>\n\t\t\t\t\t<\/div>\n\t\t<\/section>\n\t\t\t\t<section class=\"elementor-section elementor-top-section elementor-element elementor-element-b428f45 elementor-section-boxed elementor-section-height-default elementor-section-height-default\" data-id=\"b428f45\" data-element_type=\"section\" data-e-type=\"section\">\n\t\t\t\t\t\t<div class=\"elementor-container elementor-column-gap-default\">\n\t\t\t\t\t<div class=\"elementor-column elementor-col-100 elementor-top-column elementor-element elementor-element-0290ee1\" data-id=\"0290ee1\" data-element_type=\"column\" data-e-type=\"column\">\n\t\t\t<div class=\"elementor-widget-wrap elementor-element-populated\">\n\t\t\t\t\t\t<div class=\"elementor-element elementor-element-27ffb9f elementor-drop-cap-yes elementor-drop-cap-view-default elementor-widget elementor-widget-text-editor\" data-id=\"27ffb9f\" data-element_type=\"widget\" data-e-type=\"widget\" data-settings=\"{&quot;drop_cap&quot;:&quot;yes&quot;}\" data-widget_type=\"text-editor.default\">\n\t\t\t\t<div class=\"elementor-widget-container\">\n\t\t\t\t\t\t\t\t\t<p>Os Minicursos de F\u00e9rias s\u00e3o realizados nos in\u00edcio dos per\u00edodos de f\u00e9rias de cada ano com objetivo de oferecer uma variada gama de conte\u00fados para acad\u00eamicos e professores do ensino m\u00e9dio, interessados em conhecer e aperfei\u00e7oar assuntos importantes para suas \u00e1reas de trabalho. Estes minicursos s\u00e3o escolhidos entre os bolsistas e volunt\u00e1rios do grupo PET-F\u00edsica e o tutor e s\u00e3o ministrados pelos pr\u00f3prios petianos e por professores convidados. A qualidade desse evento \u00e9 verificada por meio de um question\u00e1rio aplicado aos participantes inscritos<\/p>\t\t\t\t\t\t\t\t<\/div>\n\t\t\t\t<\/div>\n\t\t\t\t\t<\/div>\n\t\t<\/div>\n\t\t\t\t\t<\/div>\n\t\t<\/section>\n\t\t\t\t<section class=\"elementor-section elementor-top-section elementor-element elementor-element-c36e7a6 elementor-section-boxed elementor-section-height-default elementor-section-height-default\" data-id=\"c36e7a6\" data-element_type=\"section\" data-e-type=\"section\">\n\t\t\t\t\t\t<div class=\"elementor-container elementor-column-gap-default\">\n\t\t\t\t\t<div class=\"elementor-column elementor-col-100 elementor-top-column elementor-element elementor-element-07cd35c\" data-id=\"07cd35c\" data-element_type=\"column\" data-e-type=\"column\">\n\t\t\t<div class=\"elementor-widget-wrap elementor-element-populated\">\n\t\t\t\t\t\t<div class=\"elementor-element elementor-element-1085a2a elementor-widget elementor-widget-heading\" data-id=\"1085a2a\" data-element_type=\"widget\" data-e-type=\"widget\" data-widget_type=\"heading.default\">\n\t\t\t\t<div class=\"elementor-widget-container\">\n\t\t\t\t\t<h3 class=\"elementor-heading-title elementor-size-default\">Mapas Mentais<\/h3>\t\t\t\t<\/div>\n\t\t\t\t<\/div>\n\t\t\t\t\t<\/div>\n\t\t<\/div>\n\t\t\t\t\t<\/div>\n\t\t<\/section>\n\t\t\t\t<section class=\"elementor-section elementor-top-section elementor-element elementor-element-56dd575 elementor-section-boxed elementor-section-height-default elementor-section-height-default\" data-id=\"56dd575\" data-element_type=\"section\" data-e-type=\"section\">\n\t\t\t\t\t\t<div class=\"elementor-container elementor-column-gap-default\">\n\t\t\t\t\t<div class=\"elementor-column elementor-col-100 elementor-top-column elementor-element elementor-element-83d88d8\" data-id=\"83d88d8\" data-element_type=\"column\" data-e-type=\"column\">\n\t\t\t<div class=\"elementor-widget-wrap elementor-element-populated\">\n\t\t\t\t\t\t<div class=\"elementor-element elementor-element-96d5ef8 elementor-drop-cap-yes elementor-drop-cap-view-default elementor-widget elementor-widget-text-editor\" data-id=\"96d5ef8\" data-element_type=\"widget\" data-e-type=\"widget\" data-settings=\"{&quot;drop_cap&quot;:&quot;yes&quot;}\" data-widget_type=\"text-editor.default\">\n\t\t\t\t<div class=\"elementor-widget-container\">\n\t\t\t\t\t\t\t\t\t<p>Os mapas mentais tamb\u00e9m conhecidos como mapas conceituais s\u00e3o diagramas bidimensionais que procuram mostrar rela\u00e7\u00f5es hier\u00e1rquicas entre conceitos de uma disciplina e que derivam sua exist\u00eancia da pr\u00f3pria estrutura conceitual da disciplina. Os petianos elaboram tais mapas conceituais \u00e0 medida que avan\u00e7am nos conte\u00fados do curso de F\u00edsica a fim de consolidar seu aprendizado e contribuir com o aprendizado dos futuros estudantes do referido curso. Os mapas mentais s\u00e3o produzidos sob a orienta\u00e7\u00e3o do tutor que analisa o grau de relev\u00e2ncia dos mesmos, os quais ap\u00f3s revis\u00f5es s\u00e3o postados na pagina do PET-F\u00edsica para servirem como material de apoio did\u00e1tico para qualquer estudante interessado.<\/p>\t\t\t\t\t\t\t\t<\/div>\n\t\t\t\t<\/div>\n\t\t\t\t\t<\/div>\n\t\t<\/div>\n\t\t\t\t\t<\/div>\n\t\t<\/section>\n\t\t\t\t<\/div>\n\t\t","protected":false},"excerpt":{"rendered":"<p>Ensino ATIVIDADES DE ENSINO: Semana do Calouro A semana do calouro \u00e9 um evento de recep\u00e7\u00e3o dos novos ingressantes no curso de F\u00edsica, com o\u00a0objetivo de integr\u00e1-los ao ambiente acad\u00eamico por meio de atividades de ensino e cultura cient\u00edfica. Os bolsistas e volunt\u00e1rios do PET-F\u00edsica organizam a Semana do Calouro de F\u00edsica assim como tamb\u00e9m&#8230;<\/p>\n","protected":false},"author":3938,"featured_media":0,"parent":28,"menu_order":0,"comment_status":"closed","ping_status":"closed","template":"","meta":{"inline_featured_image":false,"site-sidebar-layout":"no-sidebar","site-content-layout":"page-builder","ast-site-content-layout":"default","site-content-style":"default","site-sidebar-style":"default","ast-global-header-display":"","ast-banner-title-visibility":"","ast-main-header-display":"","ast-hfb-above-header-display":"","ast-hfb-below-header-display":"","ast-hfb-mobile-header-display":"","site-post-title":"disabled","ast-breadcrumbs-content":"","ast-featured-img":"disabled","footer-sml-layout":"","theme-transparent-header-meta":"default","adv-header-id-meta":"","stick-header-meta":"","header-above-stick-meta":"","header-main-stick-meta":"","header-below-stick-meta":"","astra-migrate-meta-layouts":"default","ast-page-background-enabled":"default","ast-page-background-meta":{"desktop":{"background-color":"var(--ast-global-color-4)","background-image":"","background-repeat":"repeat","background-position":"center center","background-size":"auto","background-attachment":"scroll","background-type":"","background-media":"","overlay-type":"","overlay-color":"","overlay-opacity":"","overlay-gradient":""},"tablet":{"background-color":"","background-image":"","background-repeat":"repeat","background-position":"center center","background-size":"auto","background-attachment":"scroll","background-type":"","background-media":"","overlay-type":"","overlay-color":"","overlay-opacity":"","overlay-gradient":""},"mobile":{"background-color":"","background-image":"","background-repeat":"repeat","background-position":"center center","background-size":"auto","background-attachment":"scroll","background-type":"","background-media":"","overlay-type":"","overlay-color":"","overlay-opacity":"","overlay-gradient":""}},"ast-content-background-meta":{"desktop":{"background-color":"var(--ast-global-color-5)","background-image":"","background-repeat":"repeat","background-position":"center center","background-size":"auto","background-attachment":"scroll","background-type":"","background-media":"","overlay-type":"","overlay-color":"","overlay-opacity":"","overlay-gradient":""},"tablet":{"background-color":"var(--ast-global-color-5)","background-image":"","background-repeat":"repeat","background-position":"center center","background-size":"auto","background-attachment":"scroll","background-type":"","background-media":"","overlay-type":"","overlay-color":"","overlay-opacity":"","overlay-gradient":""},"mobile":{"background-color":"var(--ast-global-color-5)","background-image":"","background-repeat":"repeat","background-position":"center center","background-size":"auto","background-attachment":"scroll","background-type":"","background-media":"","overlay-type":"","overlay-color":"","overlay-opacity":"","overlay-gradient":""}},"ngg_post_thumbnail":0,"footnotes":""},"class_list":["post-3331","page","type-page","status-publish","hentry"],"_links":{"self":[{"href":"http:\/\/www2.unifap.br\/pet-fisica\/wp-json\/wp\/v2\/pages\/3331","targetHints":{"allow":["GET"]}}],"collection":[{"href":"http:\/\/www2.unifap.br\/pet-fisica\/wp-json\/wp\/v2\/pages"}],"about":[{"href":"http:\/\/www2.unifap.br\/pet-fisica\/wp-json\/wp\/v2\/types\/page"}],"author":[{"embeddable":true,"href":"http:\/\/www2.unifap.br\/pet-fisica\/wp-json\/wp\/v2\/users\/3938"}],"replies":[{"embeddable":true,"href":"http:\/\/www2.unifap.br\/pet-fisica\/wp-json\/wp\/v2\/comments?post=3331"}],"version-history":[{"count":10,"href":"http:\/\/www2.unifap.br\/pet-fisica\/wp-json\/wp\/v2\/pages\/3331\/revisions"}],"predecessor-version":[{"id":28288,"href":"http:\/\/www2.unifap.br\/pet-fisica\/wp-json\/wp\/v2\/pages\/3331\/revisions\/28288"}],"up":[{"embeddable":true,"href":"http:\/\/www2.unifap.br\/pet-fisica\/wp-json\/wp\/v2\/pages\/28"}],"wp:attachment":[{"href":"http:\/\/www2.unifap.br\/pet-fisica\/wp-json\/wp\/v2\/media?parent=3331"}],"curies":[{"name":"wp","href":"https:\/\/api.w.org\/{rel}","templated":true}]}}