{"id":3333,"date":"2022-10-12T03:45:13","date_gmt":"2022-10-12T03:45:13","guid":{"rendered":"https:\/\/www2.unifap.br\/pet-fisica\/?page_id=3333"},"modified":"2023-01-31T18:25:44","modified_gmt":"2023-01-31T18:25:44","slug":"pesquisa","status":"publish","type":"page","link":"http:\/\/www2.unifap.br\/pet-fisica\/trabalhos\/pesquisa\/","title":{"rendered":"PESQUISA"},"content":{"rendered":"\t\t<div data-elementor-type=\"wp-page\" data-elementor-id=\"3333\" class=\"elementor elementor-3333\">\n\t\t\t\t\t\t<section class=\"elementor-section elementor-top-section elementor-element elementor-element-adbb4d8 elementor-section-boxed elementor-section-height-default elementor-section-height-default\" data-id=\"adbb4d8\" data-element_type=\"section\" data-e-type=\"section\">\n\t\t\t\t\t\t<div class=\"elementor-container elementor-column-gap-default\">\n\t\t\t\t\t<div class=\"elementor-column elementor-col-100 elementor-top-column elementor-element elementor-element-3889965\" data-id=\"3889965\" data-element_type=\"column\" data-e-type=\"column\">\n\t\t\t<div class=\"elementor-widget-wrap elementor-element-populated\">\n\t\t\t\t\t\t<div class=\"elementor-element elementor-element-8ed1a52 elementor-widget elementor-widget-spacer\" data-id=\"8ed1a52\" data-element_type=\"widget\" data-e-type=\"widget\" data-widget_type=\"spacer.default\">\n\t\t\t\t<div class=\"elementor-widget-container\">\n\t\t\t\t\t\t\t<div class=\"elementor-spacer\">\n\t\t\t<div class=\"elementor-spacer-inner\"><\/div>\n\t\t<\/div>\n\t\t\t\t\t\t<\/div>\n\t\t\t\t<\/div>\n\t\t\t\t<div class=\"elementor-element elementor-element-ea90954 elementor-widget elementor-widget-heading\" data-id=\"ea90954\" data-element_type=\"widget\" data-e-type=\"widget\" data-widget_type=\"heading.default\">\n\t\t\t\t<div class=\"elementor-widget-container\">\n\t\t\t\t\t<h2 class=\"elementor-heading-title elementor-size-default\">Pesquisa<\/h2>\t\t\t\t<\/div>\n\t\t\t\t<\/div>\n\t\t\t\t<div class=\"elementor-element elementor-element-01dd07c elementor-widget-divider--view-line elementor-widget elementor-widget-divider\" data-id=\"01dd07c\" data-element_type=\"widget\" data-e-type=\"widget\" data-widget_type=\"divider.default\">\n\t\t\t\t<div class=\"elementor-widget-container\">\n\t\t\t\t\t\t\t<div class=\"elementor-divider\">\n\t\t\t<span class=\"elementor-divider-separator\">\n\t\t\t\t\t\t<\/span>\n\t\t<\/div>\n\t\t\t\t\t\t<\/div>\n\t\t\t\t<\/div>\n\t\t\t\t\t<\/div>\n\t\t<\/div>\n\t\t\t\t\t<\/div>\n\t\t<\/section>\n\t\t\t\t<section class=\"elementor-section elementor-top-section elementor-element elementor-element-eb5a980 elementor-section-boxed elementor-section-height-default elementor-section-height-default\" data-id=\"eb5a980\" data-element_type=\"section\" data-e-type=\"section\">\n\t\t\t\t\t\t<div class=\"elementor-container elementor-column-gap-default\">\n\t\t\t\t\t<div class=\"elementor-column elementor-col-100 elementor-top-column elementor-element elementor-element-c20f06a\" data-id=\"c20f06a\" data-element_type=\"column\" data-e-type=\"column\">\n\t\t\t<div class=\"elementor-widget-wrap elementor-element-populated\">\n\t\t\t\t\t\t<div class=\"elementor-element elementor-element-f6025db elementor-widget elementor-widget-text-editor\" data-id=\"f6025db\" data-element_type=\"widget\" data-e-type=\"widget\" data-widget_type=\"text-editor.default\">\n\t\t\t\t<div class=\"elementor-widget-container\">\n\t\t\t\t\t\t\t\t\t<p>As pesquisas s\u00e3o desenvolvidas pelos petianos sob a orienta\u00e7\u00e3o de professores da UNIFAP da \u00e1rea de exatas, tal que o desenvolvimento das pesquisas s\u00e3o expostos em congressos nacionais e em encontros de F\u00edsica.<\/p>\t\t\t\t\t\t\t\t<\/div>\n\t\t\t\t<\/div>\n\t\t\t\t\t<\/div>\n\t\t<\/div>\n\t\t\t\t\t<\/div>\n\t\t<\/section>\n\t\t\t\t<section class=\"elementor-section elementor-top-section elementor-element elementor-element-19bd9cbd elementor-section-boxed elementor-section-height-default elementor-section-height-default\" data-id=\"19bd9cbd\" data-element_type=\"section\" data-e-type=\"section\">\n\t\t\t\t\t\t<div class=\"elementor-container elementor-column-gap-default\">\n\t\t\t\t\t<div class=\"elementor-column elementor-col-100 elementor-top-column elementor-element elementor-element-24ff1c18\" data-id=\"24ff1c18\" data-element_type=\"column\" data-e-type=\"column\">\n\t\t\t<div class=\"elementor-widget-wrap elementor-element-populated\">\n\t\t\t\t\t\t<div class=\"elementor-element elementor-element-2e9da381 elementor-widget elementor-widget-text-editor\" data-id=\"2e9da381\" data-element_type=\"widget\" data-e-type=\"widget\" data-widget_type=\"text-editor.default\">\n\t\t\t\t<div class=\"elementor-widget-container\">\n\t\t\t\t\t\t\t\t\t<p style=\"text-align: center\"><strong> PESQUISA REALIZADA PELO PET-F\u00cdSICA<\/strong><\/p>\r\n<strong>TEMA DA PESQUISA: <\/strong> Desigualdade de Cauchy-Schwarz : aplica\u00e7\u00e3o em cinem\u00e1tica, est\u00e1tica e din\u00e2mica\r\n\r\n<strong>DATA DA ELABORA\u00c7\u00c3O<\/strong> : 1\u00b0 Semestre de 2010\r\n\r\n<strong>EVENTO EM QUE FOI APRESENTADO<\/strong> : X ENAPET em Natal &#8211; RN .\r\n\r\nI Col\u00f3quio de Matem\u00e1tica da Regi\u00e3o Norte &#8211; Bel\u00e9m-PA\r\n\r\n<strong><a href=\"http:\/\/pororoca.unifap.br\/pet-fisica\/wp-content\/plugins\/downloads-manager\/upload\/DCS-BANNER%20pdf.pdf\" target=\"_blank\" rel=\"noopener\">Baixe o trabalho<\/a>\r\n<\/strong>\r\n\r\n<strong>PARTICIPANTES:<\/strong>\r\n\r\nCl\u00e1udio da Silva Nobre;\r\n\r\nDaniel Sousa dos Santos;\r\n\r\nEdson Dantas de Lima;\r\n\r\nJalciane Cardoso Leal;\r\n\r\nJo\u00e3o Victor Peres Leit\u00e3o;\r\n\r\nMarcelo Amanaj\u00e1s Pires;\r\n\r\nRobert Saraiva Matos\r\n\r\nSiljane dos Santos &nbsp;Sampaio\r\n\r\n&nbsp;\r\n<p style=\"text-align: center\"><strong>PESQUISAS REALIZADAS POR PETIANOS<\/strong><\/p>\r\n\r\n\r\n<hr>\r\n\r\n<strong>1-TEMA DA PESQUISA:<\/strong>Deposi\u00e7\u00e3o e caracteriza\u00e7\u00e3o de Filmes Finos.\r\n\r\n<strong>ALUNO: <\/strong>Daniel Sousa dos Santos<strong>\r\n<\/strong>\r\n\r\n<strong>ORIENTADOR:<\/strong> MSC. Nilson dos Santos Ferreira\r\n\r\n<strong>SITUA\u00c7\u00c3O : <\/strong>Em andamento\r\n\r\n<hr>\r\n\r\n<strong>2- TEMA DA PESQUISA<\/strong>: An\u00e1lise e compara\u00e7\u00e3o da For\u00e7a de Fric\u00e7\u00e3o nas escalas macro , micro e nanosc\u00f3pica\r\n\r\n<strong>ALUNA:<\/strong> Jalciane Cardoso Leal\r\n\r\n<strong>ORIENTADOR:<\/strong> Robert Ronald Magui\u00f1 Zamora\r\n\r\n<strong>SITUA\u00c7\u00c3O: <\/strong>Em andamento\r\n\r\n<hr>\r\n\r\n<strong>3 -TEMA DA PESQUISA<\/strong>: Matem\u00e1tica&nbsp; do Movimento Ondulat\u00f3rio\r\n\r\n<strong>ALUNO:<\/strong> Claudio da Silva Nobre\r\n\r\n<strong>ORIENTADOR:<\/strong> Dr. Robert Ronald Magui\u00f1a Zamora\r\n\r\n<strong>SITUA\u00c7\u00c3O:<\/strong> Em andamento.\r\n\r\n<hr>\r\n\r\n<strong>4- TEMA DA PESQUISA<\/strong>: Caracteriza\u00e7\u00e3o de Cristais por Difra\u00e7\u00e3o de Raio-x\r\n\r\n<strong>ALUNO<\/strong>: Jo\u00e3o victor Peres Leit\u00e3o\r\n\r\n<strong>ORIENTADOR<\/strong>: Msc. Nilson dos Santos Ferreira\r\n\r\n<strong>SITUA\u00c7\u00c3O: <\/strong>Em andamento\r\n\r\n<hr>\r\n\r\n<strong>5<\/strong>&#8211; <strong>TEMA DA PESQUISA<\/strong>: Modelo&nbsp; Fractal de Ades\u00e3o Capilar para Superf\u00edcie Aleat\u00f3riamente Rugosa.\r\n\r\n<strong>ALUNO<\/strong>: Marcelo Amanaj\u00e1s Pires.\r\n\r\n<strong>ORIENTADOR:<\/strong> Dr.: Robert R. M. Zamora.\r\n\r\n<strong>SITUA\u00c7\u00c3O:<\/strong> Em andamento.\r\n\r\n<hr>\r\n\r\n<strong>6-TEMA DA PESQUISA:<\/strong> Modelo Fractal para a \u00e1rea real de contato para superf\u00edcie aleat\u00f3riamente rugosa.\r\n\r\n<strong>ALUNA: <\/strong>Siljane Sampaio.\r\n\r\n<strong>ORIENTADOR:<\/strong> Dr.: Robert R. M. Zamora.\r\n\r\n<strong>SITUA\u00c7\u00c3O:<\/strong> Em andamento\r\n\r\n<hr>\r\n\r\n<strong>7-TEMA DA PESQUISA:<\/strong> Problemas F\u00edsicoa \u00e0 baixas Temperaturas.\r\n\r\n<strong>ALUNA<\/strong>: Carla Cristina.\r\n\r\n<strong>ORIENTADOR:<\/strong> Dr.: Robert R. M. Zamora.\r\n\r\n<strong>SITUA\u00c7\u00c3O:<\/strong> Em andamento.\t\t\t\t\t\t\t\t<\/div>\n\t\t\t\t<\/div>\n\t\t\t\t\t<\/div>\n\t\t<\/div>\n\t\t\t\t\t<\/div>\n\t\t<\/section>\n\t\t\t\t<\/div>\n\t\t","protected":false},"excerpt":{"rendered":"<p>Pesquisa As pesquisas s\u00e3o desenvolvidas pelos petianos sob a orienta\u00e7\u00e3o de professores da UNIFAP da \u00e1rea de exatas, tal que o desenvolvimento das pesquisas s\u00e3o expostos em congressos nacionais e em encontros de F\u00edsica. PESQUISA REALIZADA PELO PET-F\u00cdSICA TEMA DA PESQUISA: Desigualdade de Cauchy-Schwarz : aplica\u00e7\u00e3o em cinem\u00e1tica, est\u00e1tica e din\u00e2mica DATA DA ELABORA\u00c7\u00c3O :&#8230;<\/p>\n","protected":false},"author":3938,"featured_media":0,"parent":28,"menu_order":1,"comment_status":"closed","ping_status":"closed","template":"","meta":{"inline_featured_image":false,"site-sidebar-layout":"no-sidebar","site-content-layout":"page-builder","ast-site-content-layout":"default","site-content-style":"default","site-sidebar-style":"default","ast-global-header-display":"","ast-banner-title-visibility":"","ast-main-header-display":"","ast-hfb-above-header-display":"","ast-hfb-below-header-display":"","ast-hfb-mobile-header-display":"","site-post-title":"disabled","ast-breadcrumbs-content":"","ast-featured-img":"disabled","footer-sml-layout":"","theme-transparent-header-meta":"default","adv-header-id-meta":"","stick-header-meta":"","header-above-stick-meta":"","header-main-stick-meta":"","header-below-stick-meta":"","astra-migrate-meta-layouts":"default","ast-page-background-enabled":"default","ast-page-background-meta":{"desktop":{"background-color":"var(--ast-global-color-4)","background-image":"","background-repeat":"repeat","background-position":"center center","background-size":"auto","background-attachment":"scroll","background-type":"","background-media":"","overlay-type":"","overlay-color":"","overlay-opacity":"","overlay-gradient":""},"tablet":{"background-color":"","background-image":"","background-repeat":"repeat","background-position":"center center","background-size":"auto","background-attachment":"scroll","background-type":"","background-media":"","overlay-type":"","overlay-color":"","overlay-opacity":"","overlay-gradient":""},"mobile":{"background-color":"","background-image":"","background-repeat":"repeat","background-position":"center center","background-size":"auto","background-attachment":"scroll","background-type":"","background-media":"","overlay-type":"","overlay-color":"","overlay-opacity":"","overlay-gradient":""}},"ast-content-background-meta":{"desktop":{"background-color":"var(--ast-global-color-5)","background-image":"","background-repeat":"repeat","background-position":"center center","background-size":"auto","background-attachment":"scroll","background-type":"","background-media":"","overlay-type":"","overlay-color":"","overlay-opacity":"","overlay-gradient":""},"tablet":{"background-color":"var(--ast-global-color-5)","background-image":"","background-repeat":"repeat","background-position":"center center","background-size":"auto","background-attachment":"scroll","background-type":"","background-media":"","overlay-type":"","overlay-color":"","overlay-opacity":"","overlay-gradient":""},"mobile":{"background-color":"var(--ast-global-color-5)","background-image":"","background-repeat":"repeat","background-position":"center center","background-size":"auto","background-attachment":"scroll","background-type":"","background-media":"","overlay-type":"","overlay-color":"","overlay-opacity":"","overlay-gradient":""}},"ngg_post_thumbnail":0,"footnotes":""},"class_list":["post-3333","page","type-page","status-publish","hentry"],"_links":{"self":[{"href":"http:\/\/www2.unifap.br\/pet-fisica\/wp-json\/wp\/v2\/pages\/3333","targetHints":{"allow":["GET"]}}],"collection":[{"href":"http:\/\/www2.unifap.br\/pet-fisica\/wp-json\/wp\/v2\/pages"}],"about":[{"href":"http:\/\/www2.unifap.br\/pet-fisica\/wp-json\/wp\/v2\/types\/page"}],"author":[{"embeddable":true,"href":"http:\/\/www2.unifap.br\/pet-fisica\/wp-json\/wp\/v2\/users\/3938"}],"replies":[{"embeddable":true,"href":"http:\/\/www2.unifap.br\/pet-fisica\/wp-json\/wp\/v2\/comments?post=3333"}],"version-history":[{"count":22,"href":"http:\/\/www2.unifap.br\/pet-fisica\/wp-json\/wp\/v2\/pages\/3333\/revisions"}],"predecessor-version":[{"id":5879,"href":"http:\/\/www2.unifap.br\/pet-fisica\/wp-json\/wp\/v2\/pages\/3333\/revisions\/5879"}],"up":[{"embeddable":true,"href":"http:\/\/www2.unifap.br\/pet-fisica\/wp-json\/wp\/v2\/pages\/28"}],"wp:attachment":[{"href":"http:\/\/www2.unifap.br\/pet-fisica\/wp-json\/wp\/v2\/media?parent=3333"}],"curies":[{"name":"wp","href":"https:\/\/api.w.org\/{rel}","templated":true}]}}