{"id":3335,"date":"2022-10-12T03:45:51","date_gmt":"2022-10-12T03:45:51","guid":{"rendered":"https:\/\/www2.unifap.br\/pet-fisica\/?page_id=3335"},"modified":"2022-12-15T14:36:14","modified_gmt":"2022-12-15T14:36:14","slug":"extensao","status":"publish","type":"page","link":"http:\/\/www2.unifap.br\/pet-fisica\/trabalhos\/extensao\/","title":{"rendered":"EXTENS\u00c3O"},"content":{"rendered":"\t\t<div data-elementor-type=\"wp-page\" data-elementor-id=\"3335\" class=\"elementor elementor-3335\">\n\t\t\t\t\t\t<section class=\"elementor-section elementor-top-section elementor-element elementor-element-dc1be29 elementor-section-boxed elementor-section-height-default elementor-section-height-default\" data-id=\"dc1be29\" data-element_type=\"section\" data-e-type=\"section\">\n\t\t\t\t\t\t<div class=\"elementor-container elementor-column-gap-default\">\n\t\t\t\t\t<div class=\"elementor-column elementor-col-100 elementor-top-column elementor-element elementor-element-b5bdf85\" data-id=\"b5bdf85\" data-element_type=\"column\" data-e-type=\"column\">\n\t\t\t<div class=\"elementor-widget-wrap elementor-element-populated\">\n\t\t\t\t\t\t<div class=\"elementor-element elementor-element-219c580 elementor-widget elementor-widget-spacer\" data-id=\"219c580\" data-element_type=\"widget\" data-e-type=\"widget\" data-widget_type=\"spacer.default\">\n\t\t\t\t<div class=\"elementor-widget-container\">\n\t\t\t\t\t\t\t<div class=\"elementor-spacer\">\n\t\t\t<div class=\"elementor-spacer-inner\"><\/div>\n\t\t<\/div>\n\t\t\t\t\t\t<\/div>\n\t\t\t\t<\/div>\n\t\t\t\t<div class=\"elementor-element elementor-element-ac0ed2d elementor-widget elementor-widget-heading\" data-id=\"ac0ed2d\" data-element_type=\"widget\" data-e-type=\"widget\" data-widget_type=\"heading.default\">\n\t\t\t\t<div class=\"elementor-widget-container\">\n\t\t\t\t\t<h2 class=\"elementor-heading-title elementor-size-default\">Extens\u00e3o<\/h2>\t\t\t\t<\/div>\n\t\t\t\t<\/div>\n\t\t\t\t<div class=\"elementor-element elementor-element-a06ebc2 elementor-widget-divider--view-line elementor-widget elementor-widget-divider\" data-id=\"a06ebc2\" data-element_type=\"widget\" data-e-type=\"widget\" data-widget_type=\"divider.default\">\n\t\t\t\t<div class=\"elementor-widget-container\">\n\t\t\t\t\t\t\t<div class=\"elementor-divider\">\n\t\t\t<span class=\"elementor-divider-separator\">\n\t\t\t\t\t\t<\/span>\n\t\t<\/div>\n\t\t\t\t\t\t<\/div>\n\t\t\t\t<\/div>\n\t\t\t\t\t<\/div>\n\t\t<\/div>\n\t\t\t\t\t<\/div>\n\t\t<\/section>\n\t\t\t\t<section class=\"elementor-section elementor-top-section elementor-element elementor-element-ac13be5 elementor-section-boxed elementor-section-height-default elementor-section-height-default\" data-id=\"ac13be5\" data-element_type=\"section\" data-e-type=\"section\">\n\t\t\t\t\t\t<div class=\"elementor-container elementor-column-gap-default\">\n\t\t\t\t\t<div class=\"elementor-column elementor-col-100 elementor-top-column elementor-element elementor-element-f69be2a\" data-id=\"f69be2a\" data-element_type=\"column\" data-e-type=\"column\">\n\t\t\t<div class=\"elementor-widget-wrap elementor-element-populated\">\n\t\t\t\t\t\t<div class=\"elementor-element elementor-element-08203db elementor-widget elementor-widget-text-editor\" data-id=\"08203db\" data-element_type=\"widget\" data-e-type=\"widget\" data-widget_type=\"text-editor.default\">\n\t\t\t\t<div class=\"elementor-widget-container\">\n\t\t\t\t\t\t\t\t\t<div id=\"content\" class=\"site-content\">\n<div class=\"ast-container\">\n<div id=\"primary\" class=\"content-area primary\"><p><\/p><main id=\"main\" class=\"site-main\"><p><\/p>\n<article id=\"post-28\" class=\"post-28 page type-page status-publish ast-article-single\">\n<div class=\"entry-content clear\">\n<div class=\"elementor elementor-28\" data-elementor-type=\"wp-page\" data-elementor-id=\"28\">\n<div class=\"elementor-inner\">\n<div class=\"elementor-section-wrap\">\n<section class=\"elementor-section elementor-top-section elementor-element elementor-element-5968572c elementor-section-boxed elementor-section-height-default elementor-section-height-default\" data-id=\"5968572c\" data-element_type=\"section\">\n<div class=\"elementor-container elementor-column-gap-default\">\n<div class=\"elementor-row\">\n<div class=\"elementor-column elementor-col-100 elementor-top-column elementor-element elementor-element-1a703876\" data-id=\"1a703876\" data-element_type=\"column\">\n<div class=\"elementor-column-wrap elementor-element-populated\">\n<div class=\"elementor-widget-wrap\">\n<div class=\"elementor-element elementor-element-1bba966 elementor-widget elementor-widget-text-editor\" data-id=\"1bba966\" data-element_type=\"widget\" data-widget_type=\"text-editor.default\">\n<div class=\"elementor-widget-container\">\n<div class=\"elementor-text-editor elementor-clearfix\">\n<p><strong>ATIVIDADES DE EXTENS\u00c3O:<\/strong><\/p>\n<p><strong>Cine PET-F\u00edsica<\/strong>&nbsp;<a href=\"http:\/\/www2.unifap.br\/pet-fisica\/files\/2011\/03\/cine-pet.pdf\">[ver logo]<\/a><strong><br><\/strong><\/p>\n<p><\/p>\n<p><\/p>\n<p>Esta atividade consiste na exibi\u00e7\u00e3o de filmes de fic\u00e7\u00e3o cient\u00edfica, drama, com\u00e9dia, document\u00e1rio, que tragam ao p\u00fablico sempre uma reflex\u00e3o importante sobre ci\u00eancia, \u00e9tica, conflitos sociais e valores humanos. Estes filmes s\u00e3o escolhidos pelos petianos sob a orienta\u00e7\u00e3o do tutor. O Cine PET-F\u00edsica \u00e9 divulgado no site do PET-F\u00edsica e nos murais da universidade e \u00e9 aberto a todo o p\u00fablico universit\u00e1rio.<\/p>\n<p><\/p>\n<p><strong>Espa\u00e7o Aberto: Conhecendo e Aprendendo no Laborat\u00f3rio de F\u00edsica<\/strong><\/p>\n<p><\/p>\n<p><\/p>\n<p>Esta atividade consiste em trazermos estudantes das escolas p\u00fablicas de Macap\u00e1 e Santana para o ambiente da universidade a fim de introduzir a eles o universo da pesquisa cient\u00edfica, com a utiliza\u00e7\u00e3o de experimentos, instrumentos de medida e com a participa\u00e7\u00e3o de professores pesquisadores do curso de F\u00edsica falando sobre suas experi\u00eancias no campo da pesquisa. Al\u00e9m disso, buscamos motivar o interesse destes estudantes para o estudo de ci\u00eancias atrav\u00e9s da exibi\u00e7\u00e3o de filmes, document\u00e1rios e montagem de experimentos com materiais de baixo custo ou reutiliz\u00e1veis.<\/p>\n<p><strong>Inter-F\u00edsica<\/strong><\/p>\n<p><\/p>\n<p><\/p>\n<p>Este evento foi inserido em nosso planejamento anual no ano de 2011 e consiste na integra\u00e7\u00e3o dos conhecimentos das diferentes ci\u00eancias com a F\u00edsica, objetivando-se mostrar ao p\u00fablico que a F\u00edsica \u00e9 uma ci\u00eancia interligada com as demais e que a coopera\u00e7\u00e3o entre elas leva a uma vis\u00e3o mais ampla do objeto de pesquisa. Para a realiza\u00e7\u00e3o deste evento s\u00e3o convidados professores de institui\u00e7\u00f5es de ensino superior de diferentes \u00e1reas para ministrarem palestras de temas que relacionem a sua \u00e1rea de trabalho com a F\u00edsica de maneira direta ou indireta. Ap\u00f3s a confirma\u00e7\u00e3o dos nomes dos palestrantes e dos temas \u00e9 feita a divulga\u00e7\u00e3o do evento no site desta IFES (UNIFAP) e em outras IES do Amap\u00e1.<\/p>\n<p><strong>F\u00edsica do Equin\u00f3cio do Amap\u00e1<\/strong><\/p>\n<p><\/p>\n<p><\/p>\n<p>O fen\u00f4meno dos Equin\u00f3cios ocorre no estado do Amap\u00e1 nos per\u00edodos de mar\u00e7o e setembro. O ponto tur\u00edstico para visualiza\u00e7\u00e3o desse evento astron\u00f4mico \u00e9 o Monumento Marco Zero do Equador, onde neste per\u00edodo o grupo PET-F\u00edsica, a convite da secretaria de Turismo do Estado do Amap\u00e1, realiza exposi\u00e7\u00f5es de experimentos a respeito de fen\u00f4menos gravitacionais, a F\u00edsica do Equin\u00f3cio, as diferentes formas de demarcar o tempo e as caracter\u00edsticas geof\u00edsicas da Terra.<\/p>\n<p>Alunos de escolas p\u00fablicas da capital Macap\u00e1 e comunidade em geral visitam as exposi\u00e7\u00f5es que s\u00e3o realizadas durante uma semana. Nestas apresenta\u00e7\u00f5es o p\u00fablico conhece a import\u00e2ncia da ci\u00eancia no estudo dos fen\u00f4menos naturais, e se informam sobre a situa\u00e7\u00e3o do ser humano no planeta, no sistema solar, na gal\u00e1xia e no universo como um todo.<\/p>\n<p><strong>Atividades de Car\u00e1ter Coletivo e Integrador<\/strong><\/p>\n<p>Atividades integradas com demais estudantes\/grupos, participa\u00e7\u00e3o em eventos do programa ou n\u00e3o, entre outros.<\/p><\/div><\/div><\/div><\/div><\/div><\/div><\/div><\/div><\/section><\/div><\/div><\/div><\/div><\/article><\/main><\/div><\/div><\/div>\t\t\t\t\t\t\t\t<\/div>\n\t\t\t\t<\/div>\n\t\t\t\t\t<\/div>\n\t\t<\/div>\n\t\t\t\t\t<\/div>\n\t\t<\/section>\n\t\t\t\t<\/div>\n\t\t","protected":false},"excerpt":{"rendered":"<p>Extens\u00e3o ATIVIDADES DE EXTENS\u00c3O: Cine PET-F\u00edsica&nbsp;[ver logo] Esta atividade consiste na exibi\u00e7\u00e3o de filmes de fic\u00e7\u00e3o cient\u00edfica, drama, com\u00e9dia, document\u00e1rio, que tragam ao p\u00fablico sempre uma reflex\u00e3o importante sobre ci\u00eancia, \u00e9tica, conflitos sociais e valores humanos. Estes filmes s\u00e3o escolhidos pelos petianos sob a orienta\u00e7\u00e3o do tutor. O Cine PET-F\u00edsica \u00e9 divulgado no site do&#8230;<\/p>\n","protected":false},"author":3938,"featured_media":0,"parent":28,"menu_order":2,"comment_status":"closed","ping_status":"closed","template":"","meta":{"inline_featured_image":false,"site-sidebar-layout":"no-sidebar","site-content-layout":"page-builder","ast-site-content-layout":"default","site-content-style":"default","site-sidebar-style":"default","ast-global-header-display":"","ast-banner-title-visibility":"","ast-main-header-display":"","ast-hfb-above-header-display":"","ast-hfb-below-header-display":"","ast-hfb-mobile-header-display":"","site-post-title":"disabled","ast-breadcrumbs-content":"","ast-featured-img":"disabled","footer-sml-layout":"","theme-transparent-header-meta":"default","adv-header-id-meta":"","stick-header-meta":"","header-above-stick-meta":"","header-main-stick-meta":"","header-below-stick-meta":"","astra-migrate-meta-layouts":"default","ast-page-background-enabled":"default","ast-page-background-meta":{"desktop":{"background-color":"var(--ast-global-color-4)","background-image":"","background-repeat":"repeat","background-position":"center center","background-size":"auto","background-attachment":"scroll","background-type":"","background-media":"","overlay-type":"","overlay-color":"","overlay-opacity":"","overlay-gradient":""},"tablet":{"background-color":"","background-image":"","background-repeat":"repeat","background-position":"center center","background-size":"auto","background-attachment":"scroll","background-type":"","background-media":"","overlay-type":"","overlay-color":"","overlay-opacity":"","overlay-gradient":""},"mobile":{"background-color":"","background-image":"","background-repeat":"repeat","background-position":"center center","background-size":"auto","background-attachment":"scroll","background-type":"","background-media":"","overlay-type":"","overlay-color":"","overlay-opacity":"","overlay-gradient":""}},"ast-content-background-meta":{"desktop":{"background-color":"var(--ast-global-color-5)","background-image":"","background-repeat":"repeat","background-position":"center center","background-size":"auto","background-attachment":"scroll","background-type":"","background-media":"","overlay-type":"","overlay-color":"","overlay-opacity":"","overlay-gradient":""},"tablet":{"background-color":"var(--ast-global-color-5)","background-image":"","background-repeat":"repeat","background-position":"center center","background-size":"auto","background-attachment":"scroll","background-type":"","background-media":"","overlay-type":"","overlay-color":"","overlay-opacity":"","overlay-gradient":""},"mobile":{"background-color":"var(--ast-global-color-5)","background-image":"","background-repeat":"repeat","background-position":"center center","background-size":"auto","background-attachment":"scroll","background-type":"","background-media":"","overlay-type":"","overlay-color":"","overlay-opacity":"","overlay-gradient":""}},"ngg_post_thumbnail":0,"footnotes":""},"class_list":["post-3335","page","type-page","status-publish","hentry"],"_links":{"self":[{"href":"http:\/\/www2.unifap.br\/pet-fisica\/wp-json\/wp\/v2\/pages\/3335","targetHints":{"allow":["GET"]}}],"collection":[{"href":"http:\/\/www2.unifap.br\/pet-fisica\/wp-json\/wp\/v2\/pages"}],"about":[{"href":"http:\/\/www2.unifap.br\/pet-fisica\/wp-json\/wp\/v2\/types\/page"}],"author":[{"embeddable":true,"href":"http:\/\/www2.unifap.br\/pet-fisica\/wp-json\/wp\/v2\/users\/3938"}],"replies":[{"embeddable":true,"href":"http:\/\/www2.unifap.br\/pet-fisica\/wp-json\/wp\/v2\/comments?post=3335"}],"version-history":[{"count":19,"href":"http:\/\/www2.unifap.br\/pet-fisica\/wp-json\/wp\/v2\/pages\/3335\/revisions"}],"predecessor-version":[{"id":5203,"href":"http:\/\/www2.unifap.br\/pet-fisica\/wp-json\/wp\/v2\/pages\/3335\/revisions\/5203"}],"up":[{"embeddable":true,"href":"http:\/\/www2.unifap.br\/pet-fisica\/wp-json\/wp\/v2\/pages\/28"}],"wp:attachment":[{"href":"http:\/\/www2.unifap.br\/pet-fisica\/wp-json\/wp\/v2\/media?parent=3335"}],"curies":[{"name":"wp","href":"https:\/\/api.w.org\/{rel}","templated":true}]}}