{"id":602,"date":"2011-05-04T08:43:50","date_gmt":"2011-05-04T08:43:50","guid":{"rendered":"http:\/\/pororoca.unifap.br\/pet-fisica\/"},"modified":"2023-01-31T18:01:00","modified_gmt":"2023-01-31T18:01:00","slug":"projeto-mapas-mentais","status":"publish","type":"page","link":"http:\/\/www2.unifap.br\/pet-fisica\/trabalhos\/ensino\/projeto-mapas-mentais\/","title":{"rendered":"Projeto Mapas Mentais"},"content":{"rendered":"\t\t<div data-elementor-type=\"wp-page\" data-elementor-id=\"602\" class=\"elementor elementor-602\">\n\t\t\t\t\t\t<section class=\"elementor-section elementor-top-section elementor-element elementor-element-1661a26 elementor-section-boxed elementor-section-height-default elementor-section-height-default\" data-id=\"1661a26\" data-element_type=\"section\" data-e-type=\"section\">\n\t\t\t\t\t\t<div class=\"elementor-container elementor-column-gap-default\">\n\t\t\t\t\t<div class=\"elementor-column elementor-col-100 elementor-top-column elementor-element elementor-element-72a6aea\" data-id=\"72a6aea\" data-element_type=\"column\" data-e-type=\"column\">\n\t\t\t<div class=\"elementor-widget-wrap elementor-element-populated\">\n\t\t\t\t\t\t<div class=\"elementor-element elementor-element-743f636 elementor-widget elementor-widget-spacer\" data-id=\"743f636\" data-element_type=\"widget\" data-e-type=\"widget\" data-widget_type=\"spacer.default\">\n\t\t\t\t<div class=\"elementor-widget-container\">\n\t\t\t\t\t\t\t<div class=\"elementor-spacer\">\n\t\t\t<div class=\"elementor-spacer-inner\"><\/div>\n\t\t<\/div>\n\t\t\t\t\t\t<\/div>\n\t\t\t\t<\/div>\n\t\t\t\t<div class=\"elementor-element elementor-element-00d68d8 elementor-widget elementor-widget-heading\" data-id=\"00d68d8\" data-element_type=\"widget\" data-e-type=\"widget\" data-widget_type=\"heading.default\">\n\t\t\t\t<div class=\"elementor-widget-container\">\n\t\t\t\t\t<h2 class=\"elementor-heading-title elementor-size-default\">Projeto Mapa Mentais<\/h2>\t\t\t\t<\/div>\n\t\t\t\t<\/div>\n\t\t\t\t<div class=\"elementor-element elementor-element-d00bc77 elementor-widget-divider--view-line elementor-widget elementor-widget-divider\" data-id=\"d00bc77\" data-element_type=\"widget\" data-e-type=\"widget\" data-widget_type=\"divider.default\">\n\t\t\t\t<div class=\"elementor-widget-container\">\n\t\t\t\t\t\t\t<div class=\"elementor-divider\">\n\t\t\t<span class=\"elementor-divider-separator\">\n\t\t\t\t\t\t<\/span>\n\t\t<\/div>\n\t\t\t\t\t\t<\/div>\n\t\t\t\t<\/div>\n\t\t\t\t\t<\/div>\n\t\t<\/div>\n\t\t\t\t\t<\/div>\n\t\t<\/section>\n\t\t\t\t<section class=\"elementor-section elementor-top-section elementor-element elementor-element-86faa56 elementor-section-boxed elementor-section-height-default elementor-section-height-default\" data-id=\"86faa56\" data-element_type=\"section\" data-e-type=\"section\">\n\t\t\t\t\t\t<div class=\"elementor-container elementor-column-gap-default\">\n\t\t\t\t\t<div class=\"elementor-column elementor-col-100 elementor-top-column elementor-element elementor-element-d885443\" data-id=\"d885443\" data-element_type=\"column\" data-e-type=\"column\">\n\t\t\t<div class=\"elementor-widget-wrap elementor-element-populated\">\n\t\t\t\t\t\t<div class=\"elementor-element elementor-element-c1decde elementor-widget elementor-widget-heading\" data-id=\"c1decde\" data-element_type=\"widget\" data-e-type=\"widget\" data-widget_type=\"heading.default\">\n\t\t\t\t<div class=\"elementor-widget-container\">\n\t\t\t\t\t<h2 class=\"elementor-heading-title elementor-size-default\">O que s\u00e3o mapas mentais?<\/h2>\t\t\t\t<\/div>\n\t\t\t\t<\/div>\n\t\t\t\t\t<\/div>\n\t\t<\/div>\n\t\t\t\t\t<\/div>\n\t\t<\/section>\n\t\t\t\t<section class=\"elementor-section elementor-top-section elementor-element elementor-element-55deb542 elementor-section-boxed elementor-section-height-default elementor-section-height-default\" data-id=\"55deb542\" data-element_type=\"section\" data-e-type=\"section\">\n\t\t\t\t\t\t<div class=\"elementor-container elementor-column-gap-default\">\n\t\t\t\t\t<div class=\"elementor-column elementor-col-100 elementor-top-column elementor-element elementor-element-2d922355\" data-id=\"2d922355\" data-element_type=\"column\" data-e-type=\"column\">\n\t\t\t<div class=\"elementor-widget-wrap elementor-element-populated\">\n\t\t\t\t\t\t<div class=\"elementor-element elementor-element-3fa444b1 elementor-widget elementor-widget-text-editor\" data-id=\"3fa444b1\" data-element_type=\"widget\" data-e-type=\"widget\" data-widget_type=\"text-editor.default\">\n\t\t\t\t<div class=\"elementor-widget-container\">\n\t\t\t\t\t\t\t\t\t<p>De forma pr\u00e1tica podemos dizer : &#8220;Mapas Mentais s\u00e3o diagramas bidimensionais que procuram mostrar rela\u00e7\u00f5es e conex\u00f5es dentro de uma disciplina, t\u00f3pico ou tema&#8221;.<\/p><p>&#8211; Ajuda a administrar a disciplina.<\/p><p>&#8211; Facilita a organiza\u00e7\u00e3o das ideias.<\/p><p>&#8211; Contribui com a organiza\u00e7\u00e3o de quem o usa.<\/p><p>&#8211; Auxilia a conex\u00e3o entre diferentes ramifica\u00e7\u00f5es de um determinado assunto.<\/p><p>\u00a0<\/p><p>Para mais informa\u00e7\u00f5es sobre mapas mentais veja:<\/p><p><em>* ARTIGO NA REVISTA BRASILEIRA DE ENSINO DE F\u00cdSICA.<\/em><\/p><p><a href=\"http:\/\/www.scielo.br\/pdf\/rbef\/v31n3\/070811.pdf\" target=\"_blank\" rel=\"noopener\">http:\/\/www.scielo.br\/pdf\/rbef\/v31n3\/070811.pdf<\/a><\/p><p><a href=\"http:\/\/www.scielo.br\/pdf\/rbef\/v32n4\/09.pdf\" target=\"_blank\" rel=\"noopener\">http:\/\/www.scielo.br\/pdf\/rbef\/v32n4\/09.pdf<\/a><\/p><p><a href=\"http:\/\/www.scielo.br\/pdf\/rbef\/v30n4\/v30n4a09.pdf\" target=\"_blank\" rel=\"noopener\">http:\/\/www.scielo.br\/pdf\/rbef\/v30n4\/v30n4a09.pdf<\/a><\/p><p>\u00a0<\/p><p>&#8212;&#8212;&#8212;&#8212;&#8212;&#8212;&#8212;&#8212;&#8212;&#8212;&#8212;&#8212;&#8212;&#8212;&#8212;&#8212;&#8212;&#8212;&#8212;&#8212;&#8212;&#8212;&#8212;&#8212;&#8212;&#8212;&#8212;&#8212;&#8212;&#8212;&#8212;&#8212;&#8212;&#8212;&#8212;&#8212;&#8212;&#8212;&#8212;&#8212;&#8212;&#8212;&#8212;&#8212;&#8212;&#8212;&#8212;&#8212;&#8212;&#8212;&#8212;&#8212;&#8212;&#8212;&#8212;&#8212;&#8212;<\/p><p style=\"text-align: center\"><strong>PROJETO: MAPAS MENTAIS EM F\u00cdSICA<\/strong><\/p><p style=\"text-align: left\"><strong>1) Mapa mental de Eletrost\u00e1tica:<\/strong><\/p><p><a href=\"http:\/\/www2.unifap.br\/pet-fisica\/files\/2011\/05\/Apresenta\u00e7\u00e3o1.pdf\" target=\"_blank\" rel=\"noopener\">BAIXE AQUI.<\/a><\/p>\t\t\t\t\t\t\t\t<\/div>\n\t\t\t\t<\/div>\n\t\t\t\t\t<\/div>\n\t\t<\/div>\n\t\t\t\t\t<\/div>\n\t\t<\/section>\n\t\t\t\t<\/div>\n\t\t","protected":false},"excerpt":{"rendered":"<p>Projeto Mapa Mentais O que s\u00e3o mapas mentais? De forma pr\u00e1tica podemos dizer : &#8220;Mapas Mentais s\u00e3o diagramas bidimensionais que procuram mostrar rela\u00e7\u00f5es e conex\u00f5es dentro de uma disciplina, t\u00f3pico ou tema&#8221;. &#8211; Ajuda a administrar a disciplina. &#8211; Facilita a organiza\u00e7\u00e3o das ideias. &#8211; Contribui com a organiza\u00e7\u00e3o de quem o usa. &#8211; Auxilia&#8230;<\/p>\n","protected":false},"author":1,"featured_media":0,"parent":3331,"menu_order":5,"comment_status":"closed","ping_status":"closed","template":"","meta":{"inline_featured_image":false,"site-sidebar-layout":"default","site-content-layout":"default","ast-site-content-layout":"default","site-content-style":"default","site-sidebar-style":"default","ast-global-header-display":"","ast-banner-title-visibility":"","ast-main-header-display":"","ast-hfb-above-header-display":"","ast-hfb-below-header-display":"","ast-hfb-mobile-header-display":"","site-post-title":"disabled","ast-breadcrumbs-content":"","ast-featured-img":"","footer-sml-layout":"","theme-transparent-header-meta":"default","adv-header-id-meta":"","stick-header-meta":"","header-above-stick-meta":"","header-main-stick-meta":"","header-below-stick-meta":"","astra-migrate-meta-layouts":"default","ast-page-background-enabled":"default","ast-page-background-meta":{"desktop":{"background-color":"var(--ast-global-color-4)","background-image":"","background-repeat":"repeat","background-position":"center center","background-size":"auto","background-attachment":"scroll","background-type":"","background-media":"","overlay-type":"","overlay-color":"","overlay-opacity":"","overlay-gradient":""},"tablet":{"background-color":"","background-image":"","background-repeat":"repeat","background-position":"center center","background-size":"auto","background-attachment":"scroll","background-type":"","background-media":"","overlay-type":"","overlay-color":"","overlay-opacity":"","overlay-gradient":""},"mobile":{"background-color":"","background-image":"","background-repeat":"repeat","background-position":"center center","background-size":"auto","background-attachment":"scroll","background-type":"","background-media":"","overlay-type":"","overlay-color":"","overlay-opacity":"","overlay-gradient":""}},"ast-content-background-meta":{"desktop":{"background-color":"var(--ast-global-color-5)","background-image":"","background-repeat":"repeat","background-position":"center center","background-size":"auto","background-attachment":"scroll","background-type":"","background-media":"","overlay-type":"","overlay-color":"","overlay-opacity":"","overlay-gradient":""},"tablet":{"background-color":"var(--ast-global-color-5)","background-image":"","background-repeat":"repeat","background-position":"center center","background-size":"auto","background-attachment":"scroll","background-type":"","background-media":"","overlay-type":"","overlay-color":"","overlay-opacity":"","overlay-gradient":""},"mobile":{"background-color":"var(--ast-global-color-5)","background-image":"","background-repeat":"repeat","background-position":"center center","background-size":"auto","background-attachment":"scroll","background-type":"","background-media":"","overlay-type":"","overlay-color":"","overlay-opacity":"","overlay-gradient":""}},"ngg_post_thumbnail":0,"footnotes":""},"class_list":["post-602","page","type-page","status-publish","hentry"],"_links":{"self":[{"href":"http:\/\/www2.unifap.br\/pet-fisica\/wp-json\/wp\/v2\/pages\/602","targetHints":{"allow":["GET"]}}],"collection":[{"href":"http:\/\/www2.unifap.br\/pet-fisica\/wp-json\/wp\/v2\/pages"}],"about":[{"href":"http:\/\/www2.unifap.br\/pet-fisica\/wp-json\/wp\/v2\/types\/page"}],"author":[{"embeddable":true,"href":"http:\/\/www2.unifap.br\/pet-fisica\/wp-json\/wp\/v2\/users\/1"}],"replies":[{"embeddable":true,"href":"http:\/\/www2.unifap.br\/pet-fisica\/wp-json\/wp\/v2\/comments?post=602"}],"version-history":[{"count":21,"href":"http:\/\/www2.unifap.br\/pet-fisica\/wp-json\/wp\/v2\/pages\/602\/revisions"}],"predecessor-version":[{"id":5864,"href":"http:\/\/www2.unifap.br\/pet-fisica\/wp-json\/wp\/v2\/pages\/602\/revisions\/5864"}],"up":[{"embeddable":true,"href":"http:\/\/www2.unifap.br\/pet-fisica\/wp-json\/wp\/v2\/pages\/3331"}],"wp:attachment":[{"href":"http:\/\/www2.unifap.br\/pet-fisica\/wp-json\/wp\/v2\/media?parent=602"}],"curies":[{"name":"wp","href":"https:\/\/api.w.org\/{rel}","templated":true}]}}