{"id":3482,"date":"2024-05-05T01:57:19","date_gmt":"2024-05-05T04:57:19","guid":{"rendered":"https:\/\/www2.unifap.br\/ppcs\/?page_id=3482"},"modified":"2024-05-05T01:57:19","modified_gmt":"2024-05-05T04:57:19","slug":"areas-de-concentracao","status":"publish","type":"page","link":"http:\/\/www2.unifap.br\/ppcs\/apresentacao\/areas-de-concentracao\/","title":{"rendered":"\u00c1reas de Concentra\u00e7\u00e3o"},"content":{"rendered":"<p>O Programa de P\u00f3s-Gradua\u00e7\u00e3o em Ci\u00eancias da Sa\u00fade \u00e9 dividido em duas \u00e1reas de concentra\u00e7\u00e3o:<\/p>\n<ol>\n<li><strong>Ensaios Biol\u00f3gicos<\/strong>: Caracteriza-se pelas aplica\u00e7\u00f5es de t\u00e9cnicas que possam descobrir, caracterizar<br \/>\ne\/ou validar novos produtos de origem naturais ou sint\u00e9ticos, desenvolver novas t\u00e9cnicas de<br \/>\nan\u00e1lise, inferir novos mecanismos de a\u00e7\u00e3o de agentes biol\u00f3gicos, f\u00e1rmacos e marcadores<br \/>\nbiol\u00f3gicos em diversos sistemas, entre outras. Atrav\u00e9s dos ensaios biol\u00f3gicos pode-se estabelecer<br \/>\nm\u00e9todos que possibilitem o aproveitamento de recursos naturais para a aplica\u00e7\u00e3o como f\u00e1rmacos<br \/>\nou agentes diagn\u00f3sticos, descobrir e caracterizar patologias, bem como processos e servi\u00e7os<br \/>\nrelacionados.<\/li>\n<li><strong>Epidemiologia e Sa\u00fade P\u00fablica<\/strong>: Caracteriza-se por desenvolver pesquisas cujos objetivos s\u00e3o<br \/>\nestudar fatores condicionantes e determinantes do processo sa\u00fade-doen\u00e7a, os aspectos<br \/>\nepidemiol\u00f3gicos relevantes da regi\u00e3o amaz\u00f4nica, as estrat\u00e9gias para educa\u00e7\u00e3o e processos<br \/>\neducativos em sa\u00fade, diagn\u00f3stico, tratamento e controle.<\/li>\n<\/ol>\n","protected":false},"excerpt":{"rendered":"<p>O Programa de P\u00f3s-Gradua\u00e7\u00e3o em Ci\u00eancias da Sa\u00fade \u00e9 dividido em duas \u00e1reas de concentra\u00e7\u00e3o: Ensaios Biol\u00f3gicos: Caracteriza-se pelas aplica\u00e7\u00f5es de t\u00e9cnicas que possam descobrir, caracterizar e\/ou validar novos produtos de origem naturais ou sint\u00e9ticos, desenvolver novas t\u00e9cnicas de an\u00e1lise, inferir novos mecanismos de a\u00e7\u00e3o de agentes biol\u00f3gicos, f\u00e1rmacos e \u2026 <a class=\"continue-reading-link\" href=\"http:\/\/www2.unifap.br\/ppcs\/apresentacao\/areas-de-concentracao\/\"> Continue Lendo <span class=\"meta-nav\">&rarr; <\/span><\/a><\/p>\n","protected":false},"author":395,"featured_media":0,"parent":39,"menu_order":0,"comment_status":"closed","ping_status":"closed","template":"","meta":{"inline_featured_image":false,"ngg_post_thumbnail":0,"footnotes":""},"class_list":["post-3482","page","type-page","status-publish","hentry"],"_links":{"self":[{"href":"http:\/\/www2.unifap.br\/ppcs\/wp-json\/wp\/v2\/pages\/3482","targetHints":{"allow":["GET"]}}],"collection":[{"href":"http:\/\/www2.unifap.br\/ppcs\/wp-json\/wp\/v2\/pages"}],"about":[{"href":"http:\/\/www2.unifap.br\/ppcs\/wp-json\/wp\/v2\/types\/page"}],"author":[{"embeddable":true,"href":"http:\/\/www2.unifap.br\/ppcs\/wp-json\/wp\/v2\/users\/395"}],"replies":[{"embeddable":true,"href":"http:\/\/www2.unifap.br\/ppcs\/wp-json\/wp\/v2\/comments?post=3482"}],"version-history":[{"count":1,"href":"http:\/\/www2.unifap.br\/ppcs\/wp-json\/wp\/v2\/pages\/3482\/revisions"}],"predecessor-version":[{"id":3483,"href":"http:\/\/www2.unifap.br\/ppcs\/wp-json\/wp\/v2\/pages\/3482\/revisions\/3483"}],"up":[{"embeddable":true,"href":"http:\/\/www2.unifap.br\/ppcs\/wp-json\/wp\/v2\/pages\/39"}],"wp:attachment":[{"href":"http:\/\/www2.unifap.br\/ppcs\/wp-json\/wp\/v2\/media?parent=3482"}],"curies":[{"name":"wp","href":"https:\/\/api.w.org\/{rel}","templated":true}]}}