{"id":533,"date":"2014-11-03T14:33:34","date_gmt":"2014-11-03T14:33:34","guid":{"rendered":"http:\/\/www2.unifap.br\/ppcs\/?page_id=533"},"modified":"2024-05-03T22:59:23","modified_gmt":"2024-05-04T01:59:23","slug":"saude-publica-e-epidemiologia","status":"publish","type":"page","link":"http:\/\/www2.unifap.br\/ppcs\/corpo-academico\/corpo-docente\/saude-publica-e-epidemiologia\/","title":{"rendered":"SA\u00daDE P\u00daBLICA E EPIDEMIOLOGIA"},"content":{"rendered":"<ol>\n<li><a href=\"http:\/\/lattes.cnpq.br\/9314252766209613\">Profa. Dra.&nbsp;AMANDA&nbsp; ALVES FECURY<\/a><\/li>\n<li><a href=\"http:\/\/lattes.cnpq.br\/5754933755242793\">Profa. Dra. ANNELI MERCEDES CELIS DE CARDENAS<\/a><\/li>\n<li><a href=\"http:\/\/lattes.cnpq.br\/9193622763928241\" target=\"_blank\" rel=\"noopener\">Profa. Dra. CAMILA RODRIGUES BARBOSA NEMER<\/a>&nbsp;<\/li>\n<li><a href=\"http:\/\/lattes.cnpq.br\/8543904614534592\">Prof. Dr. CARLOS EDUARDO COSTA DE CAMPOS<\/a><\/li>\n<li><a href=\"http:\/\/lattes.cnpq.br\/9446157967930367\">Prof. Dr. DEMILTO YAMAGUCHI DA PUREZA<\/a><\/li>\n<li><a href=\"http:\/\/lattes.cnpq.br\/5547490063776157\">Profa. Dra. FRANCINEIDE PEREIRA DA SILVA PENA<\/a><\/li>\n<li><a href=\"http:\/\/lattes.cnpq.br\/5705421011644718\">Prof. Dr. GIVAGO DA SILVA SOUZA<\/a><\/li>\n<li><a href=\"http:\/\/lattes.cnpq.br\/0079553721029121\">Prof. Dr.JOS\u00c9 LUIS DA CUNHA PENA<\/a>&nbsp;<\/li>\n<li><a href=\"http:\/\/lattes.cnpq.br\/4239001732722008\" target=\"_blank\" rel=\"noopener\">Prof. Dr. J\u00daLIO C\u00c9SAR S\u00c1 DE OLIVEIRA<\/a>&nbsp;<\/li>\n<li><a style=\"line-height: 1.5em\" href=\"http:\/\/lattes.cnpq.br\/6757577789195331\">Profa. Dra. MAIRA TIYOMI SACATA TONGU NAZIMA<\/a><\/li>\n<li><a href=\"http:\/\/lattes.cnpq.br\/3913689546568227\">Profa. Dra. MARIA IZABEL TENTES C\u00d4RTES<\/a><\/li>\n<li><a href=\"http:\/\/lattes.cnpq.br\/3789934872661445\">Profa. Dra. MARLUCILENA PINHEIRO DA SILVA<\/a><\/li>\n<li><a href=\"http:\/\/lattes.cnpq.br\/9551442492893319\">Profa. Dra. ROSEMARY FERREIRA DE ANDRADE<\/a><\/li>\n<li><a href=\"http:\/\/lattes.cnpq.br\/7080095883066477\" target=\"_blank\" rel=\"noopener\">Prof. Dr. RUBENS ALEX DE OLIVEIRA MENEZES<\/a><\/li>\n<\/ol>\n<p>&nbsp;<\/p>\n<p><!-- [if gte mso 9]&gt;--><\/p>\n","protected":false},"excerpt":{"rendered":"<p>Profa. Dra.&nbsp;AMANDA&nbsp; ALVES FECURY Profa. Dra. ANNELI MERCEDES CELIS DE CARDENAS Profa. Dra. CAMILA RODRIGUES BARBOSA NEMER&nbsp; Prof. Dr. CARLOS EDUARDO COSTA DE CAMPOS Prof. Dr. DEMILTO YAMAGUCHI DA PUREZA Profa. Dra. FRANCINEIDE PEREIRA DA SILVA PENA Prof. Dr. GIVAGO DA SILVA SOUZA Prof. Dr.JOS\u00c9 LUIS DA CUNHA PENA&nbsp; Prof. \u2026 <a class=\"continue-reading-link\" href=\"http:\/\/www2.unifap.br\/ppcs\/corpo-academico\/corpo-docente\/saude-publica-e-epidemiologia\/\"> Continue Lendo <span class=\"meta-nav\">&rarr; <\/span><\/a><\/p>\n","protected":false},"author":734,"featured_media":0,"parent":29,"menu_order":0,"comment_status":"closed","ping_status":"open","template":"","meta":{"inline_featured_image":false,"ngg_post_thumbnail":0,"footnotes":""},"class_list":["post-533","page","type-page","status-publish","hentry"],"_links":{"self":[{"href":"http:\/\/www2.unifap.br\/ppcs\/wp-json\/wp\/v2\/pages\/533","targetHints":{"allow":["GET"]}}],"collection":[{"href":"http:\/\/www2.unifap.br\/ppcs\/wp-json\/wp\/v2\/pages"}],"about":[{"href":"http:\/\/www2.unifap.br\/ppcs\/wp-json\/wp\/v2\/types\/page"}],"author":[{"embeddable":true,"href":"http:\/\/www2.unifap.br\/ppcs\/wp-json\/wp\/v2\/users\/734"}],"replies":[{"embeddable":true,"href":"http:\/\/www2.unifap.br\/ppcs\/wp-json\/wp\/v2\/comments?post=533"}],"version-history":[{"count":18,"href":"http:\/\/www2.unifap.br\/ppcs\/wp-json\/wp\/v2\/pages\/533\/revisions"}],"predecessor-version":[{"id":3426,"href":"http:\/\/www2.unifap.br\/ppcs\/wp-json\/wp\/v2\/pages\/533\/revisions\/3426"}],"up":[{"embeddable":true,"href":"http:\/\/www2.unifap.br\/ppcs\/wp-json\/wp\/v2\/pages\/29"}],"wp:attachment":[{"href":"http:\/\/www2.unifap.br\/ppcs\/wp-json\/wp\/v2\/media?parent=533"}],"curies":[{"name":"wp","href":"https:\/\/api.w.org\/{rel}","templated":true}]}}