{"id":2028,"date":"2017-10-13T20:02:57","date_gmt":"2017-10-13T20:02:57","guid":{"rendered":"http:\/\/www2.unifap.br\/ppgcf\/?page_id=2028"},"modified":"2017-11-17T21:07:31","modified_gmt":"2017-11-17T21:07:31","slug":"processo-seletivo-2018","status":"publish","type":"page","link":"http:\/\/www2.unifap.br\/ppgcf\/processos-seletivos\/processo-seletivo-2018\/","title":{"rendered":"Processo Seletivo 2018"},"content":{"rendered":"<p>&#8211; Per\u00edodo de inscri\u00e7\u00f5es: 09 \u00e0 14 de Outubro de 2017.<\/p>\n<p>&#8211; N\u00ba de vagas: 25 (vinte e cinco) vagas\u00a0&#8211; distribu\u00eddas conforme disponibilidade dos orientadores.<\/p>\n<p>&nbsp;<\/p>\n<p><a href=\"http:\/\/www2.unifap.br\/ppgcf\/files\/2017\/09\/Edital-N\u00ba-03-2017-PPGCF_UNIFAP-Processo-Seletivo-PPGCF-2018.pdf\">\u2192 Edital N\u00ba 03\/2017-PPGCF\/UNIFAP &#8211; Processo Seletivo 2018<\/a><\/p>\n<p><a href=\"http:\/\/www2.unifap.br\/ppgcf\/files\/2017\/09\/Edital-N\u00ba-03-2017-PPGCF_UNIFAP-ANEXO-V.doc\">\u2192 Edital N\u00ba 03\/2017-PPGCF\/UNIFAP &#8211; Anexo V &#8211; Carta de Anu\u00eancia do Orientador<\/a><\/p>\n<p><a href=\"http:\/\/www2.unifap.br\/ppgcf\/files\/2017\/10\/Retificacao-do-Edital_N_03-2017-PPGCF_UNIFAP-Mestrado.pdf\">\u2192 Retifica\u00e7\u00e3o do Edital N\u00ba 03\/2017-PPGCF\/UNIFAP &#8211; Processo Seletivo 2018<\/a><\/p>\n<p><a href=\"http:\/\/www2.unifap.br\/ppgcf\/files\/2017\/10\/EDITAL-N\u00ba-03-2017_PPGCF-UNIFAP-HOMOLOGACAO-DAS-INSCRI\u00c7\u00d5ES.pdf\">\u2192 Homologa\u00e7\u00e3o das Inscri\u00e7\u00f5es &#8211; Edital N\u00ba 03\/2017-PPGCF\/UNIFAP &#8211; Processo Seletivo 2018<\/a><\/p>\n<p><a href=\"http:\/\/www2.unifap.br\/ppgcf\/files\/2017\/10\/EDITAL-N\u00ba-03-2017-LOCAL-DA-PROVA-TEM\u00c1TICA-PROCESSO-SELETIVO-PPGCF-2018.pdf\">\u2192 Local de Prova \u2013 Edital N\u00ba 03\/2017-PPGCF\/UNIFAP \u2013 Processo Seletivo 2018<\/a><\/p>\n<p><a href=\"http:\/\/www2.unifap.br\/ppgcf\/files\/2017\/11\/2\u00aa-Retificacao-do-Edital-N\u00ba-03-2017-PPGCF_UNIFAP-ALTERA\u00c7\u00c3O-DE-DATAS-PS-2018-PPGCF.pdf\">\u2192 2\u00aa Retifica\u00e7\u00e3o do Edital N\u00ba 03\/2017-PPGCF\/UNIFAP \u2013 Processo Seletivo 2018 (altera\u00e7\u00e3o de datas)<\/a><\/p>\n<p><a href=\"http:\/\/www2.unifap.br\/ppgcf\/files\/2017\/11\/PROVA-TEM\u00c1TICA-PPGCF-PS-2018.pdf\">\u2192 Prova Tem\u00e1tica \u2013 Edital N\u00ba 03\/2017-PPGCF\/UNIFAP \u2013 Processo Seletivo 2018<\/a><\/p>\n<p><a href=\"http:\/\/www2.unifap.br\/ppgcf\/files\/2017\/11\/EDITAL-N\u00ba-03-2017-PPGCF-UNIFAP_RESULTADO-DA-PROVA-TEMATIVA-PROCESSO-SELETIVO-2018.pdf\">\u2192 Resultado da Prova Tem\u00e1tica \u2013 Edital N\u00ba 03\/2017-PPGCF\/UNIFAP \u2013 Processo Seletivo 2018<\/a><\/p>\n<p><a href=\"http:\/\/www2.unifap.br\/ppgcf\/files\/2017\/11\/EDITAL-N\u00ba-003-2017_PPGCF-UNIFAP-REPOSTA-A-RECURSO-PARA-RESULTADO-DA-PROVA-TEMATICA.pdf\">\u2192 Resposta \u00e0 Recursos para Prova Tem\u00e1tica &#8211; Edital N\u00ba 03\/2017-PPGCF\/UNIFAP \u2013 Processo Seletivo 2018<\/a><\/p>\n<p><a href=\"http:\/\/www2.unifap.br\/ppgcf\/files\/2017\/11\/EDITAL-N\u00ba-03-2017-PPGCF-UNIFAP_RESULTADO-PRELIMINAR-PROCESSO-SELETIVO-2018.pdf\">\u2192 Resultado Preliminar \u2013 Edital N\u00ba 03\/2017-PPGCF\/UNIFAP \u2013 Processo Seletivo 2018<\/a><\/p>\n<p><a href=\"http:\/\/www2.unifap.br\/ppgcf\/files\/2017\/11\/EDITAL-N\u00ba-03-2017-PPGCF-UNIFAP_RESULTADO-FINAL-PROCESSO-SELETIVO-2018.pdf\">\u2192 Resultado Final \u2013 Edital N\u00ba 03\/2017-PPGCF\/UNIFAP \u2013 Processo Seletivo 2018<\/a><\/p>\n<p>&nbsp;<\/p>\n","protected":false},"excerpt":{"rendered":"<p>&#8211; Per\u00edodo de inscri\u00e7\u00f5es: 09 \u00e0 14 de Outubro de 2017. &#8211; N\u00ba de vagas: 25 (vinte e cinco) vagas\u00a0&#8211; distribu\u00eddas conforme disponibilidade dos orientadores. &nbsp; \u2192 Edital N\u00ba 03\/2017-PPGCF\/UNIFAP &#8211; Processo Seletivo 2018 \u2192 Edital N\u00ba 03\/2017-PPGCF\/UNIFAP &#8211; Anexo&hellip; <\/p>\n<p><a href=\"http:\/\/www2.unifap.br\/ppgcf\/processos-seletivos\/processo-seletivo-2018\/\" class=\"readmore-button\">Continue Reading<\/a><\/p>\n","protected":false},"author":624,"featured_media":0,"parent":268,"menu_order":9,"comment_status":"open","ping_status":"open","template":"","meta":{"inline_featured_image":false,"ngg_post_thumbnail":0,"footnotes":""},"class_list":["post-2028","page","type-page","status-publish","hentry"],"_links":{"self":[{"href":"http:\/\/www2.unifap.br\/ppgcf\/wp-json\/wp\/v2\/pages\/2028","targetHints":{"allow":["GET"]}}],"collection":[{"href":"http:\/\/www2.unifap.br\/ppgcf\/wp-json\/wp\/v2\/pages"}],"about":[{"href":"http:\/\/www2.unifap.br\/ppgcf\/wp-json\/wp\/v2\/types\/page"}],"author":[{"embeddable":true,"href":"http:\/\/www2.unifap.br\/ppgcf\/wp-json\/wp\/v2\/users\/624"}],"replies":[{"embeddable":true,"href":"http:\/\/www2.unifap.br\/ppgcf\/wp-json\/wp\/v2\/comments?post=2028"}],"version-history":[{"count":9,"href":"http:\/\/www2.unifap.br\/ppgcf\/wp-json\/wp\/v2\/pages\/2028\/revisions"}],"predecessor-version":[{"id":2132,"href":"http:\/\/www2.unifap.br\/ppgcf\/wp-json\/wp\/v2\/pages\/2028\/revisions\/2132"}],"up":[{"embeddable":true,"href":"http:\/\/www2.unifap.br\/ppgcf\/wp-json\/wp\/v2\/pages\/268"}],"wp:attachment":[{"href":"http:\/\/www2.unifap.br\/ppgcf\/wp-json\/wp\/v2\/media?parent=2028"}],"curies":[{"name":"wp","href":"https:\/\/api.w.org\/{rel}","templated":true}]}}