{"id":506,"date":"2017-05-11T19:25:23","date_gmt":"2017-05-11T19:25:23","guid":{"rendered":"http:\/\/www2.unifap.br\/ppgdif\/?page_id=506"},"modified":"2017-05-11T19:25:45","modified_gmt":"2017-05-11T19:25:45","slug":"cronograma-de-aulas-2017-1","status":"publish","type":"page","link":"http:\/\/www2.unifap.br\/ppgdif\/ofertas-de-disciplinas\/ofertas-2017-1\/cronograma-de-aulas-2017-1\/","title":{"rendered":"Cronograma de Aulas 2017.1"},"content":{"rendered":"<h3>PROGRAMA DE P\u00d3S-GRADUA\u00c7\u00c3O EM INOVA\u00c7\u00c3O FARMAC\u00caUTICA &#8211; PPGIF<\/h3>\n<p><a href=\"http:\/\/www2.unifap.br\/ppgdif\/files\/2017\/05\/2017-1_CRONOGRAMA-DE-AULAS-PPGIF.pdf\">\u2192 Cronograma de ofertas em formato PDF<\/a><\/p>\n<p style=\"text-align: center\"><strong>MAIO\/2017<\/strong><\/p>\n<p style=\"text-align: center\"><a href=\"http:\/\/www2.unifap.br\/ppgdif\/files\/2017\/05\/PPGIF-05_CRONOGRAMA_DE_AULAS_-_MAIO_2017.png\"><img decoding=\"async\" class=\"alignnone size-medium wp-image-507\" alt=\"PPGIF 05_CRONOGRAMA_DE_AULAS_-_MAIO_2017\" src=\"http:\/\/www2.unifap.br\/ppgdif\/files\/2017\/05\/PPGIF-05_CRONOGRAMA_DE_AULAS_-_MAIO_2017-300x148.png\" width=\"300\" height=\"148\" srcset=\"http:\/\/www2.unifap.br\/ppgdif\/files\/2017\/05\/PPGIF-05_CRONOGRAMA_DE_AULAS_-_MAIO_2017-300x148.png 300w, http:\/\/www2.unifap.br\/ppgdif\/files\/2017\/05\/PPGIF-05_CRONOGRAMA_DE_AULAS_-_MAIO_2017.png 878w\" sizes=\"(max-width: 300px) 100vw, 300px\" \/><\/a><\/p>\n<p style=\"text-align: center\"><strong>JUNHO\/2017<\/strong><\/p>\n<p style=\"text-align: center\"><a href=\"http:\/\/www2.unifap.br\/ppgdif\/files\/2017\/05\/PPGIF-06_CRONOGRAMA_DE_AULAS_-_JUNHO_2017.png\"><img decoding=\"async\" class=\"alignnone size-medium wp-image-508\" alt=\"PPGIF 06_CRONOGRAMA_DE_AULAS_-_JUNHO_2017\" src=\"http:\/\/www2.unifap.br\/ppgdif\/files\/2017\/05\/PPGIF-06_CRONOGRAMA_DE_AULAS_-_JUNHO_2017-300x153.png\" width=\"300\" height=\"153\" srcset=\"http:\/\/www2.unifap.br\/ppgdif\/files\/2017\/05\/PPGIF-06_CRONOGRAMA_DE_AULAS_-_JUNHO_2017-300x153.png 300w, http:\/\/www2.unifap.br\/ppgdif\/files\/2017\/05\/PPGIF-06_CRONOGRAMA_DE_AULAS_-_JUNHO_2017.png 877w\" sizes=\"(max-width: 300px) 100vw, 300px\" \/><\/a><\/p>\n<p style=\"text-align: center\"><strong>JULHO\/2017<\/strong><\/p>\n<p style=\"text-align: center\"><a href=\"http:\/\/www2.unifap.br\/ppgdif\/files\/2017\/05\/PPGIF-07_CRONOGRAMA_DE_AULAS_-_JULHO_2017.png\"><img fetchpriority=\"high\" decoding=\"async\" class=\"alignnone size-medium wp-image-509\" alt=\"PPGIF 07_CRONOGRAMA_DE_AULAS_-_JULHO_2017\" src=\"http:\/\/www2.unifap.br\/ppgdif\/files\/2017\/05\/PPGIF-07_CRONOGRAMA_DE_AULAS_-_JULHO_2017-300x191.png\" width=\"300\" height=\"191\" srcset=\"http:\/\/www2.unifap.br\/ppgdif\/files\/2017\/05\/PPGIF-07_CRONOGRAMA_DE_AULAS_-_JULHO_2017-300x191.png 300w, http:\/\/www2.unifap.br\/ppgdif\/files\/2017\/05\/PPGIF-07_CRONOGRAMA_DE_AULAS_-_JULHO_2017.png 875w\" sizes=\"(max-width: 300px) 100vw, 300px\" \/><\/a><\/p>\n<p style=\"text-align: center\">\n","protected":false},"excerpt":{"rendered":"<p>PROGRAMA DE P\u00d3S-GRADUA\u00c7\u00c3O EM INOVA\u00c7\u00c3O FARMAC\u00caUTICA &#8211; PPGIF \u2192 Cronograma de ofertas em formato PDF MAIO\/2017 JUNHO\/2017 JULHO\/2017<\/p>\n","protected":false},"author":624,"featured_media":0,"parent":503,"menu_order":1,"comment_status":"open","ping_status":"open","template":"","meta":{"inline_featured_image":false,"ngg_post_thumbnail":0,"footnotes":""},"class_list":["post-506","page","type-page","status-publish","hentry"],"_links":{"self":[{"href":"http:\/\/www2.unifap.br\/ppgdif\/wp-json\/wp\/v2\/pages\/506","targetHints":{"allow":["GET"]}}],"collection":[{"href":"http:\/\/www2.unifap.br\/ppgdif\/wp-json\/wp\/v2\/pages"}],"about":[{"href":"http:\/\/www2.unifap.br\/ppgdif\/wp-json\/wp\/v2\/types\/page"}],"author":[{"embeddable":true,"href":"http:\/\/www2.unifap.br\/ppgdif\/wp-json\/wp\/v2\/users\/624"}],"replies":[{"embeddable":true,"href":"http:\/\/www2.unifap.br\/ppgdif\/wp-json\/wp\/v2\/comments?post=506"}],"version-history":[{"count":2,"href":"http:\/\/www2.unifap.br\/ppgdif\/wp-json\/wp\/v2\/pages\/506\/revisions"}],"predecessor-version":[{"id":601,"href":"http:\/\/www2.unifap.br\/ppgdif\/wp-json\/wp\/v2\/pages\/506\/revisions\/601"}],"up":[{"embeddable":true,"href":"http:\/\/www2.unifap.br\/ppgdif\/wp-json\/wp\/v2\/pages\/503"}],"wp:attachment":[{"href":"http:\/\/www2.unifap.br\/ppgdif\/wp-json\/wp\/v2\/media?parent=506"}],"curies":[{"name":"wp","href":"https:\/\/api.w.org\/{rel}","templated":true}]}}