{"id":600,"date":"2017-09-08T20:05:15","date_gmt":"2017-09-08T20:05:15","guid":{"rendered":"http:\/\/www2.unifap.br\/ppgdif\/?page_id=600"},"modified":"2017-09-08T21:07:41","modified_gmt":"2017-09-08T21:07:41","slug":"cronograma-de-aulas-2017-2","status":"publish","type":"page","link":"http:\/\/www2.unifap.br\/ppgdif\/ofertas-de-disciplinas\/ofertas-2017-2\/cronograma-de-aulas-2017-2\/","title":{"rendered":"Cronograma de Aulas 2017.2"},"content":{"rendered":"<h3>PROGRAMA DE P\u00d3S-GRADUA\u00c7\u00c3O EM INOVA\u00c7\u00c3O FARMAC\u00caUTICA &#8211; PPGIF<\/h3>\n<p><a href=\"http:\/\/www2.unifap.br\/ppgdif\/files\/2017\/09\/PPGIF-2017-2_CRONOGRAMA-DE-AULAS1.pdf\">\u2192 Cronograma de ofertas 2017.2 em formato PDF (PPGIF\/UNIFAP)<\/a><\/p>\n<p>&nbsp;<\/p>\n<p style=\"text-align: center\"><strong>SETEMBRO\/2017<\/strong><\/p>\n<p style=\"text-align: center\"><a href=\"http:\/\/www2.unifap.br\/ppgdif\/files\/2017\/09\/PPGIF-09-CRONOGRAMA_DE_AULAS_-_SETEMBRO_2017.png\"><img fetchpriority=\"high\" decoding=\"async\" class=\"alignnone size-medium wp-image-617\" alt=\"PPGIF 09 CRONOGRAMA_DE_AULAS_-_SETEMBRO_2017\" src=\"http:\/\/www2.unifap.br\/ppgdif\/files\/2017\/09\/PPGIF-09-CRONOGRAMA_DE_AULAS_-_SETEMBRO_2017-300x211.png\" width=\"300\" height=\"211\" srcset=\"http:\/\/www2.unifap.br\/ppgdif\/files\/2017\/09\/PPGIF-09-CRONOGRAMA_DE_AULAS_-_SETEMBRO_2017-300x211.png 300w, http:\/\/www2.unifap.br\/ppgdif\/files\/2017\/09\/PPGIF-09-CRONOGRAMA_DE_AULAS_-_SETEMBRO_2017-250x175.png 250w, http:\/\/www2.unifap.br\/ppgdif\/files\/2017\/09\/PPGIF-09-CRONOGRAMA_DE_AULAS_-_SETEMBRO_2017.png 880w\" sizes=\"(max-width: 300px) 100vw, 300px\" \/><\/a><\/p>\n<p style=\"text-align: center\"><strong>OUTUBRO\/2017<\/strong><\/p>\n<p style=\"text-align: center\"><a href=\"http:\/\/www2.unifap.br\/ppgdif\/files\/2017\/09\/PPGIF-10-CRONOGRAMA_DE_AULAS_-_OUTUBRO_2017.png\"><img decoding=\"async\" class=\"alignnone size-medium wp-image-603\" alt=\"PPGIF 10 CRONOGRAMA_DE_AULAS_-_OUTUBRO_2017\" src=\"http:\/\/www2.unifap.br\/ppgdif\/files\/2017\/09\/PPGIF-10-CRONOGRAMA_DE_AULAS_-_OUTUBRO_2017-300x210.png\" width=\"300\" height=\"210\" srcset=\"http:\/\/www2.unifap.br\/ppgdif\/files\/2017\/09\/PPGIF-10-CRONOGRAMA_DE_AULAS_-_OUTUBRO_2017-300x210.png 300w, http:\/\/www2.unifap.br\/ppgdif\/files\/2017\/09\/PPGIF-10-CRONOGRAMA_DE_AULAS_-_OUTUBRO_2017-250x175.png 250w, http:\/\/www2.unifap.br\/ppgdif\/files\/2017\/09\/PPGIF-10-CRONOGRAMA_DE_AULAS_-_OUTUBRO_2017.png 874w\" sizes=\"(max-width: 300px) 100vw, 300px\" \/><\/a><\/p>\n<p style=\"text-align: center\"><strong>JANEIRO\/2018<\/strong><\/p>\n<p style=\"text-align: center\"><a href=\"http:\/\/www2.unifap.br\/ppgdif\/files\/2017\/09\/PPGIF-13-CRONOGRAMA_DE_AULAS_-_JANEIRO_2018.png\"><img decoding=\"async\" class=\"alignnone size-medium wp-image-604\" alt=\"PPGIF 13 CRONOGRAMA_DE_AULAS_-_JANEIRO_2018\" src=\"http:\/\/www2.unifap.br\/ppgdif\/files\/2017\/09\/PPGIF-13-CRONOGRAMA_DE_AULAS_-_JANEIRO_2018-300x203.png\" width=\"300\" height=\"203\" srcset=\"http:\/\/www2.unifap.br\/ppgdif\/files\/2017\/09\/PPGIF-13-CRONOGRAMA_DE_AULAS_-_JANEIRO_2018-300x203.png 300w, http:\/\/www2.unifap.br\/ppgdif\/files\/2017\/09\/PPGIF-13-CRONOGRAMA_DE_AULAS_-_JANEIRO_2018.png 878w\" sizes=\"(max-width: 300px) 100vw, 300px\" \/><\/a><\/p>\n<p>Obs. 01: Este calend\u00e1rio de ofertas est\u00e1 sujeito a altera\u00e7\u00f5es, quanto ao dia de algumas das ofertas e\/ou inclus\u00e3o de ofertas de outras disciplinas, sem aviso pr\u00e9vio;<\/p>\n<p>Obs. 02: Ofertas publicadas em 08\/09\/2017.<\/p>\n","protected":false},"excerpt":{"rendered":"<p>PROGRAMA DE P\u00d3S-GRADUA\u00c7\u00c3O EM INOVA\u00c7\u00c3O FARMAC\u00caUTICA &#8211; PPGIF \u2192 Cronograma de ofertas 2017.2 em formato PDF (PPGIF\/UNIFAP) &nbsp; SETEMBRO\/2017 OUTUBRO\/2017 JANEIRO\/2018 Obs. 01: Este calend\u00e1rio de ofertas est\u00e1 sujeito a altera\u00e7\u00f5es, quanto ao dia de algumas das ofertas e\/ou inclus\u00e3o&hellip; <\/p>\n<p><a href=\"http:\/\/www2.unifap.br\/ppgdif\/ofertas-de-disciplinas\/ofertas-2017-2\/cronograma-de-aulas-2017-2\/\" class=\"readmore-button\">Continue Reading<\/a><\/p>\n","protected":false},"author":624,"featured_media":0,"parent":597,"menu_order":1,"comment_status":"open","ping_status":"open","template":"","meta":{"inline_featured_image":false,"ngg_post_thumbnail":0,"footnotes":""},"class_list":["post-600","page","type-page","status-publish","hentry"],"_links":{"self":[{"href":"http:\/\/www2.unifap.br\/ppgdif\/wp-json\/wp\/v2\/pages\/600","targetHints":{"allow":["GET"]}}],"collection":[{"href":"http:\/\/www2.unifap.br\/ppgdif\/wp-json\/wp\/v2\/pages"}],"about":[{"href":"http:\/\/www2.unifap.br\/ppgdif\/wp-json\/wp\/v2\/types\/page"}],"author":[{"embeddable":true,"href":"http:\/\/www2.unifap.br\/ppgdif\/wp-json\/wp\/v2\/users\/624"}],"replies":[{"embeddable":true,"href":"http:\/\/www2.unifap.br\/ppgdif\/wp-json\/wp\/v2\/comments?post=600"}],"version-history":[{"count":6,"href":"http:\/\/www2.unifap.br\/ppgdif\/wp-json\/wp\/v2\/pages\/600\/revisions"}],"predecessor-version":[{"id":619,"href":"http:\/\/www2.unifap.br\/ppgdif\/wp-json\/wp\/v2\/pages\/600\/revisions\/619"}],"up":[{"embeddable":true,"href":"http:\/\/www2.unifap.br\/ppgdif\/wp-json\/wp\/v2\/pages\/597"}],"wp:attachment":[{"href":"http:\/\/www2.unifap.br\/ppgdif\/wp-json\/wp\/v2\/media?parent=600"}],"curies":[{"name":"wp","href":"https:\/\/api.w.org\/{rel}","templated":true}]}}