{"id":795,"date":"2018-12-14T19:30:52","date_gmt":"2018-12-14T19:30:52","guid":{"rendered":"http:\/\/www2.unifap.br\/ppged\/?page_id=795"},"modified":"2019-01-20T21:52:18","modified_gmt":"2019-01-20T21:52:18","slug":"inclusao-genero-sexualidades-racaetnia","status":"publish","type":"page","link":"http:\/\/www2.unifap.br\/ppged\/ementas-das-disciplinas\/inclusao-genero-sexualidades-racaetnia\/","title":{"rendered":"Inclus\u00e3o: G\u00eanero, Sexualidades, Ra\u00e7a\/Etnia"},"content":{"rendered":"<p><span style=\"color: #ff0000\"><strong>O PPGED\/UNIFAP ofertar\u00e1 a Disciplina\u00a0Inclus\u00e3o: G\u00eanero, Sexualidades, Ra\u00e7a\/Etnia<\/strong><strong>, ministrada pelo Prof. Dr. Salvador Vidal-Ortiz\u00a0 (American University)<\/strong><\/span><\/p>\n<p>Para acessar ao plano completo da disciplina\u00a0\u00a0<a href=\"http:\/\/www2.unifap.br\/ppged\/files\/2018\/12\/Programa-Final-Inclus\u00e3o-G\u00eanero-Sexualidades-Ra\u00e7a-Etnia-Macap\u00e1-Amap\u00e1-25-ene-20-feb-2019.pdf\">clique aqui (Programa da Disciplina)<\/a><\/p>\n<p>Para acessar o material bibliogr\u00e1fico da disciplina clique aqui:\u00a0<a title=\"clique aqui\" href=\"https:\/\/drive.google.com\/open?id=1wnJO8Z8c0OmGVKoDgnJIEgD4x6l6Mch3\" target=\"_blank\">https:\/\/drive.google.com\/open?id=1wnJO8Z8c0OmGVKoDgnJIEgD4x6l6Mch3<\/a><\/p>\n<table border=\"1\" cellspacing=\"0\" cellpadding=\"0\">\n<tbody>\n<tr>\n<td valign=\"top\" width=\"168\"><b>T\u00edtulo da Disciplina<\/b><\/td>\n<td valign=\"top\" width=\"446\">G\u00eanero, Sexualidades, Ra\u00e7a\/Etnia<\/td>\n<\/tr>\n<tr>\n<td valign=\"top\" width=\"168\"><b>Dias da semana<\/b><\/td>\n<td valign=\"top\" width=\"446\">quarta-feira e sexta-feira Janeiro: 23* 25, 30 Fevereiro:1, 6, 8, 13, 15 e 20<\/td>\n<\/tr>\n<tr>\n<td valign=\"top\" width=\"168\"><b>Hor\u00e1rio<\/b><\/td>\n<td valign=\"top\" width=\"446\">17h as 20h45<\/td>\n<\/tr>\n<tr>\n<td valign=\"top\" width=\"168\"><b>Idioma da disciplina<\/b><\/td>\n<td valign=\"top\" width=\"446\">Espanhol (a disciplina ser\u00e1 ministrada em espanhol)<\/td>\n<\/tr>\n<tr>\n<td valign=\"top\" width=\"168\"><b>Carga hor\u00e1ria <\/b><\/td>\n<td valign=\"top\" width=\"446\">30 horas<\/td>\n<\/tr>\n<tr>\n<td valign=\"top\" width=\"168\"><b>Numero de vagas<\/b><\/td>\n<td valign=\"top\" width=\"446\">20<\/td>\n<\/tr>\n<tr>\n<td style=\"text-align: justify\" colspan=\"2\" valign=\"top\" width=\"614\"><b>EMENTA: <\/b>Estamos viviendo en un proyecto neoliberal de privatizaci\u00f3n (tanto en Brasil como a nivel global) basado en la expansi\u00f3n de valores econ\u00f3micos, de consumo, y acumulaci\u00f3n de bienes privilegian a las personas con recursos, y a las empresas. En su implementaci\u00f3n, este proyecto neoliberal se expande al bloquear todo tipo de beneficios y seguridad social (o defensor\u00eda por parte del Estado). Estos procesos afectan directamente a personas altamente marginalizadas, y fomentan discriminaci\u00f3n y violencia. En este momento pol\u00edtico, es importante afianzarnos a metas como la verdadera inclusi\u00f3n y la diversificaci\u00f3n de proyectos de vida que beneficien a la mayor cantidad de personas posible, para promover una idea de cambio social, y de justicia. En esta clase trabajaremos con la inclusi\u00f3n desde los \u00e1ngulos de sexualidad, g\u00e9nero, y raza: discutiremos la educaci\u00f3n e inclusi\u00f3n trans y travesti Argentina, los feminismos negros decoloniales, y la interseccionalidad, todos temas que nos ayudan a explorar experiencias de pertenencia, de participaci\u00f3n ciudadana, y de entendimiento de formas distintas de hacer comunidad.1 Este curso apoyar\u00e1 proyectos de investigaci\u00f3n cualitativos con enfoque en educaci\u00f3n para sus maestr\u00edas, aportando al estudiante de postgrado herramientas para complementar o mejorar la pregunta de investigaci\u00f3n, o la propuesta de tesis, as\u00ed como la revisi\u00f3n de literatura o una metodolog\u00eda. La estructura de la clase consistir\u00e1 en ense\u00f1anza, lecturas, ejercicios, y escritura de todos los aspectos que exige el desarrollo de un proyecto de inclusi\u00f3n, pensando en la misma como un aspecto pol\u00edtico y simult\u00e1neamente acad\u00e9mico. Mi experiencia es m\u00e1s concreta con t\u00e9cnicas de investigaci\u00f3n cualitativas como la observaci\u00f3n participativa, las entrevistas, los grupos focales, las historias de vida, el trabajo de archivo y trabajo de campo (o etnograf\u00eda). Trabajaremos con lecturas de las ciencias sociales y de las humanidades. Si su tesis de la maestr\u00eda de educaci\u00f3n no es en temas de inclusi\u00f3n, pensaremos juntas\/os su pregunta de investigaci\u00f3n a trav\u00e9s de ese lente como ejercicio pedag\u00f3gico.<br \/>\n<b><\/b><\/td>\n<\/tr>\n<\/tbody>\n<\/table>\n<p>&nbsp;<\/p>\n<table border=\"1\" cellspacing=\"0\" cellpadding=\"0\">\n<tbody>\n<tr>\n<td valign=\"top\" width=\"614\"><b>OBJETIVOS DA DISCIPLINA<\/b><b><\/b><\/td>\n<\/tr>\n<tr>\n<td valign=\"top\" width=\"614\">\u2022 Entender algunos conceptos (como la interseccionalidad) para concebir la inclusi\u00f3n<br \/>\n\u2022 Explorar el g\u00e9nero, sexualidad, y raza\/etnia como lentes sociales para analizar las<br \/>\nrelaciones de poder<br \/>\n\u2022 Desarrollar la capacidad de entender\/aplicar la inclusi\u00f3n en un proyecto individual, local<\/td>\n<\/tr>\n<tr>\n<td valign=\"top\" width=\"614\"><strong>METODOLOGIA DE ENSINO<\/strong><\/td>\n<\/tr>\n<tr>\n<td valign=\"top\" width=\"614\">El curso se compondr\u00e1 de presentaciones introductorias y<br \/>\nexploraci\u00f3n de proyectos individuales de investigaci\u00f3n, seguidas de algunas clases expositivas,<br \/>\nlecturas y discusiones grupales de textos. Como dispositivos para la discusi\u00f3n utilizaremos<br \/>\nim\u00e1genes, debates en los medios de comunicaci\u00f3n, pel\u00edculas varias, y algunas powepoint para<br \/>\npoder ilustrar temas y ejemplos.<\/td>\n<\/tr>\n<tr>\n<td valign=\"top\" width=\"614\"><strong>CONTE\u00daDO PROGRAM\u00c1TICO<\/strong><\/td>\n<\/tr>\n<tr>\n<td valign=\"top\" width=\"614\">Incluiremos temas como la interseccionalidad, la teoria feminista, los est\u00fadios de g\u00e9nero, estudios de<b> <\/b>sexualidades, y raza y racializaci\u00f3n.<\/td>\n<\/tr>\n<tr>\n<td valign=\"top\" width=\"614\"><strong>AVALIA\u00c7\u00c3O<\/strong><\/td>\n<\/tr>\n<tr>\n<td valign=\"top\" width=\"614\">Participaci\u00f3n en cada clase, discusi\u00f3n de lecturas particulares, presentaciones de<br \/>\ninvestigaci\u00f3n en curso, presentaci\u00f3n de lecturas particulares, presentaci\u00f3n final.<\/td>\n<\/tr>\n<tr>\n<td valign=\"top\" width=\"614\"><strong>BIBLIOGRAFIA B\u00c1SICA<\/strong><\/td>\n<\/tr>\n<tr>\n<td valign=\"top\" width=\"614\">Libro requerido (en PDF): Mart\u00ednez, Juliana &amp; Salvador Vidal-Ortiz (compiladores). 2018. <b>Travar el Saber:<\/b><b><i><br \/>\n<\/i><\/b><b>Educaci\u00f3n de Personas Trans y Travesti en Argentina<\/b>. Editorial Universidad Nacional de La Plata.<\/td>\n<\/tr>\n<\/tbody>\n<\/table>\n<p>&nbsp;<\/p>\n<p>Para acessar a bibliografia da disciplina clique aqui: <a title=\"clique aqui\" href=\"https:\/\/drive.google.com\/open?id=1wnJO8Z8c0OmGVKoDgnJIEgD4x6l6Mch3\" target=\"_blank\">https:\/\/drive.google.com\/open?id=1wnJO8Z8c0OmGVKoDgnJIEgD4x6l6Mch3<\/a><\/p>\n<p>&nbsp;<\/p>\n<p>*Confer\u00eancia Magistral Salvador Vidal-Ortiz<\/p>\n<p><a title=\"Confer\u00eancia Magistral Salvador Vidal-Ortiz\" href=\"http:\/\/www2.unifap.br\/ppged\/events\/conferencia-magistral-salvador-vidal-ortiz\/\"> http:\/\/www2.unifap.br\/ppged\/events\/conferencia-magistral-salvador-vidal-ortiz\/<\/a><\/p>\n<p>&nbsp;<\/p>\n","protected":false},"excerpt":{"rendered":"<p>O PPGED\/UNIFAP ofertar\u00e1 a Disciplina\u00a0Inclus\u00e3o: G\u00eanero, Sexualidades, Ra\u00e7a\/Etnia, ministrada pelo Prof. Dr. Salvador Vidal-Ortiz\u00a0 (American University) Para acessar ao plano completo da disciplina\u00a0\u00a0clique aqui (Programa da Disciplina) Para acessar o material bibliogr\u00e1fico da disciplina clique aqui:\u00a0https:\/\/drive.google.com\/open?id=1wnJO8Z8c0OmGVKoDgnJIEgD4x6l6Mch3 T\u00edtulo da Disciplina G\u00eanero, Sexualidades, Ra\u00e7a\/Etnia Dias da semana quarta-feira e sexta-feira Janeiro: 23* 25, 30 Fevereiro:1, 6, 8,&#8230;<\/p>\n","protected":false},"author":1095,"featured_media":0,"parent":46,"menu_order":4,"comment_status":"closed","ping_status":"open","template":"","meta":{"inline_featured_image":false,"ngg_post_thumbnail":0,"footnotes":""},"folder":[],"class_list":["post-795","page","type-page","status-publish","hentry","entry"],"_links":{"self":[{"href":"http:\/\/www2.unifap.br\/ppged\/wp-json\/wp\/v2\/pages\/795","targetHints":{"allow":["GET"]}}],"collection":[{"href":"http:\/\/www2.unifap.br\/ppged\/wp-json\/wp\/v2\/pages"}],"about":[{"href":"http:\/\/www2.unifap.br\/ppged\/wp-json\/wp\/v2\/types\/page"}],"author":[{"embeddable":true,"href":"http:\/\/www2.unifap.br\/ppged\/wp-json\/wp\/v2\/users\/1095"}],"replies":[{"embeddable":true,"href":"http:\/\/www2.unifap.br\/ppged\/wp-json\/wp\/v2\/comments?post=795"}],"version-history":[{"count":10,"href":"http:\/\/www2.unifap.br\/ppged\/wp-json\/wp\/v2\/pages\/795\/revisions"}],"predecessor-version":[{"id":825,"href":"http:\/\/www2.unifap.br\/ppged\/wp-json\/wp\/v2\/pages\/795\/revisions\/825"}],"up":[{"embeddable":true,"href":"http:\/\/www2.unifap.br\/ppged\/wp-json\/wp\/v2\/pages\/46"}],"wp:attachment":[{"href":"http:\/\/www2.unifap.br\/ppged\/wp-json\/wp\/v2\/media?parent=795"}],"wp:term":[{"taxonomy":"folder","embeddable":true,"href":"http:\/\/www2.unifap.br\/ppged\/wp-json\/wp\/v2\/folder?post=795"}],"curies":[{"name":"wp","href":"https:\/\/api.w.org\/{rel}","templated":true}]}}