{"id":890,"date":"2019-03-15T17:51:28","date_gmt":"2019-03-15T17:51:28","guid":{"rendered":"http:\/\/www2.unifap.br\/ppged\/?page_id=890"},"modified":"2021-05-13T00:36:49","modified_gmt":"2021-05-13T00:36:49","slug":"objetivos","status":"publish","type":"page","link":"http:\/\/www2.unifap.br\/ppged\/apresentacao\/objetivos\/","title":{"rendered":"Objetivos do Curso e Perfil do Egresso"},"content":{"rendered":"\t\t<div data-elementor-type=\"wp-post\" data-elementor-id=\"890\" class=\"elementor elementor-890\">\n\t\t\t\t\t\t<section class=\"elementor-section elementor-top-section elementor-element elementor-element-4aade2a elementor-section-boxed elementor-section-height-default elementor-section-height-default\" data-id=\"4aade2a\" data-element_type=\"section\" data-e-type=\"section\">\n\t\t\t\t\t\t<div class=\"elementor-container elementor-column-gap-default\">\n\t\t\t\t\t<div class=\"elementor-column elementor-col-100 elementor-top-column elementor-element elementor-element-8ade681\" data-id=\"8ade681\" data-element_type=\"column\" data-e-type=\"column\">\n\t\t\t<div class=\"elementor-widget-wrap elementor-element-populated\">\n\t\t\t\t\t\t<div class=\"elementor-element elementor-element-e277ae4 elementor-widget elementor-widget-spacer\" data-id=\"e277ae4\" data-element_type=\"widget\" data-e-type=\"widget\" data-widget_type=\"spacer.default\">\n\t\t\t\t<div class=\"elementor-widget-container\">\n\t\t\t\t\t\t\t<div class=\"elementor-spacer\">\n\t\t\t<div class=\"elementor-spacer-inner\"><\/div>\n\t\t<\/div>\n\t\t\t\t\t\t<\/div>\n\t\t\t\t<\/div>\n\t\t\t\t\t<\/div>\n\t\t<\/div>\n\t\t\t\t\t<\/div>\n\t\t<\/section>\n\t\t\t\t<section class=\"elementor-section elementor-top-section elementor-element elementor-element-d4843d9 elementor-section-boxed elementor-section-height-default elementor-section-height-default\" data-id=\"d4843d9\" data-element_type=\"section\" data-e-type=\"section\">\n\t\t\t\t\t\t<div class=\"elementor-container elementor-column-gap-default\">\n\t\t\t\t\t<div class=\"elementor-column elementor-col-100 elementor-top-column elementor-element elementor-element-27a7f2f\" data-id=\"27a7f2f\" data-element_type=\"column\" data-e-type=\"column\">\n\t\t\t<div class=\"elementor-widget-wrap elementor-element-populated\">\n\t\t\t\t\t\t<div class=\"elementor-element elementor-element-d54e918 elementor-widget elementor-widget-heading\" data-id=\"d54e918\" data-element_type=\"widget\" data-e-type=\"widget\" data-widget_type=\"heading.default\">\n\t\t\t\t<div class=\"elementor-widget-container\">\n\t\t\t\t\t<h1 class=\"elementor-heading-title elementor-size-default\">PERFIL DO EGRESSO E OBJETIVOS<\/h1>\t\t\t\t<\/div>\n\t\t\t\t<\/div>\n\t\t\t\t<div class=\"elementor-element elementor-element-1dc1875 elementor-widget elementor-widget-heading\" data-id=\"1dc1875\" data-element_type=\"widget\" data-e-type=\"widget\" data-widget_type=\"heading.default\">\n\t\t\t\t<div class=\"elementor-widget-container\">\n\t\t\t\t\t<h2 class=\"elementor-heading-title elementor-size-default\">OBJETIVOS<\/h2>\t\t\t\t<\/div>\n\t\t\t\t<\/div>\n\t\t\t\t<div class=\"elementor-element elementor-element-b6df07f elementor-tabs-view-vertical elementor-hidden-phone elementor-widget elementor-widget-tabs\" data-id=\"b6df07f\" data-element_type=\"widget\" data-e-type=\"widget\" data-widget_type=\"tabs.default\">\n\t\t\t\t<div class=\"elementor-widget-container\">\n\t\t\t\t\t\t\t<div class=\"elementor-tabs\">\n\t\t\t<div class=\"elementor-tabs-wrapper\" role=\"tablist\" >\n\t\t\t\t\t\t\t\t\t<div id=\"elementor-tab-title-1911\" class=\"elementor-tab-title elementor-tab-desktop-title\" aria-selected=\"true\" data-tab=\"1\" role=\"tab\" tabindex=\"0\" aria-controls=\"elementor-tab-content-1911\" aria-expanded=\"false\">GERAIS<\/div>\n\t\t\t\t\t\t\t\t\t<div id=\"elementor-tab-title-1912\" class=\"elementor-tab-title elementor-tab-desktop-title\" aria-selected=\"false\" data-tab=\"2\" role=\"tab\" tabindex=\"-1\" aria-controls=\"elementor-tab-content-1912\" aria-expanded=\"false\">ESPEC\u00cdFICOS<\/div>\n\t\t\t\t\t\t\t<\/div>\n\t\t\t<div class=\"elementor-tabs-content-wrapper\" role=\"tablist\" aria-orientation=\"vertical\">\n\t\t\t\t\t\t\t\t\t<div class=\"elementor-tab-title elementor-tab-mobile-title\" aria-selected=\"true\" data-tab=\"1\" role=\"tab\" tabindex=\"0\" aria-controls=\"elementor-tab-content-1911\" aria-expanded=\"false\">GERAIS<\/div>\n\t\t\t\t\t<div id=\"elementor-tab-content-1911\" class=\"elementor-tab-content elementor-clearfix\" data-tab=\"1\" role=\"tabpanel\" aria-labelledby=\"elementor-tab-title-1911\" tabindex=\"0\" hidden=\"false\">Formar docentes-pesquisadores, atribuindo-lhes o t\u00edtulo de Mestre em \nEduca\u00e7\u00e3o, capazes de atuar no magist\u00e9rio e em pesquisas cujo foco \ncentral seja a educa\u00e7\u00e3o, buscando pautar sua pr\u00e1xis na valoriza\u00e7\u00e3o da \neduca\u00e7\u00e3o p\u00fablica, gratuita, laica, democr\u00e1tica e inclusiva;<\/div>\n\t\t\t\t\t\t\t\t\t<div class=\"elementor-tab-title elementor-tab-mobile-title\" aria-selected=\"false\" data-tab=\"2\" role=\"tab\" tabindex=\"-1\" aria-controls=\"elementor-tab-content-1912\" aria-expanded=\"false\">ESPEC\u00cdFICOS<\/div>\n\t\t\t\t\t<div id=\"elementor-tab-content-1912\" class=\"elementor-tab-content elementor-clearfix\" data-tab=\"2\" role=\"tabpanel\" aria-labelledby=\"elementor-tab-title-1912\" tabindex=\"0\" hidden=\"hidden\"><p>\u2013 Desenvolver estudos e pesquisas educacionais em seus aspectos<br \/>pol\u00edticos, sociais, hist\u00f3ricos e culturais, com base na compreens\u00e3o das<br \/>diferentes formas de articula\u00e7\u00e3o entre Estado e sociedade;<br \/>\u2013 Proporcionar fundamenta\u00e7\u00e3o te\u00f3rico-investigativa para a compreens\u00e3o e<br \/>interven\u00e7\u00e3o na realidade educacional, na perspectiva de uma educa\u00e7\u00e3o<br \/>cr\u00edtica e emancipadora;<br \/>\u2013 Promover forma\u00e7\u00e3o cient\u00edfica, com produ\u00e7\u00e3o e dissemina\u00e7\u00e3o de<br \/>conhecimentos, bem como saberes te\u00f3rico-pr\u00e1ticos, que auxiliem na<br \/>efetiva\u00e7\u00e3o de a\u00e7\u00f5es educativas cr\u00edticas.<br \/>\u2013 Fomentar interc\u00e2mbios com Grupos de Pesquisas e Programas de<br \/>P\u00f3s-Gradua\u00e7\u00e3o em Educa\u00e7\u00e3o de \u00e1reas afins, nacionais, internacionais e<br \/>especialmente os que atuam na Regi\u00e3o Amaz\u00f4nica.<\/p><\/div>\n\t\t\t\t\t\t\t<\/div>\n\t\t<\/div>\n\t\t\t\t\t\t<\/div>\n\t\t\t\t<\/div>\n\t\t\t\t<div class=\"elementor-element elementor-element-695b97c elementor-widget elementor-widget-heading\" data-id=\"695b97c\" data-element_type=\"widget\" data-e-type=\"widget\" data-widget_type=\"heading.default\">\n\t\t\t\t<div class=\"elementor-widget-container\">\n\t\t\t\t\t<h2 class=\"elementor-heading-title elementor-size-default\">PERFIL DO EGRESSO<\/h2>\t\t\t\t<\/div>\n\t\t\t\t<\/div>\n\t\t\t\t<div class=\"elementor-element elementor-element-a0712dc elementor-widget elementor-widget-text-editor\" data-id=\"a0712dc\" data-element_type=\"widget\" data-e-type=\"widget\" data-widget_type=\"text-editor.default\">\n\t\t\t\t<div class=\"elementor-widget-container\">\n\t\t\t\t\t\t\t\t\t<p>Profissional cr\u00edtico para atuar tanto na doc\u00eancia e em pesquisa, junto a institui\u00e7\u00f5es e \u00f3rg\u00e3os de Educa\u00e7\u00e3o Superior e de Educa\u00e7\u00e3o B\u00e1sica, quanto na elabora\u00e7\u00e3o e gest\u00e3o de projetos educativos em contextos escolares e n\u00e3o-escolares, em centros de pesquisa e\/ou de forma\u00e7\u00e3o continuada, com s\u00f3lida base te\u00f3rico-metodol\u00f3gica voltada \u00e0 compreens\u00e3o e \u00e0 interven\u00e7\u00e3o, articulando aspectos pol\u00edticos, sociais, hist\u00f3ricos e culturais, no \u00e2mbito educacional.<\/p><p><br>Destarte, almeja-se que o egresso do PPGED\/UNIFAP possua as seguintes caracter\u00edsticas:<\/p>\n<p>\u2013 Condi\u00e7\u00f5es de atuar como docente-pesquisador em Institui\u00e7\u00f5es da Educa\u00e7\u00e3o B\u00e1sica e da Educa\u00e7\u00e3o Superior, como formador de profissionais da \u00e1rea educacional e na gest\u00e3o de projetos pedag\u00f3gicos, tendo como princ\u00edpios a defesa da educa\u00e7\u00e3o p\u00fablica, laica, democr\u00e1tica e inclusiva;<br>\u2013 Capacidade de articular teoria e pr\u00e1tica educativa, na perspectiva de desenvolver e estimular a produ\u00e7\u00e3o de a\u00e7\u00f5es cr\u00edticas, no intuito de compreender a problem\u00e1tica educacional brasileira em sua complexidade e diversidade, especialmente da Regi\u00e3o Norte do Brasil;<br>\u2013 Possibilidade de elaborar, executar e desenvolver projetos de pesquisas e\/ou de forma\u00e7\u00e3o em ambientes escolares e\/ou n\u00e3o escolares;<br>\u2013 Compreens\u00e3o vis\u00e3o cr\u00edtica dos fen\u00f4menos educacionais existentes na sociedade, em seus aspectos pol\u00edticos, sociais e culturais.<\/p>\t\t\t\t\t\t\t\t<\/div>\n\t\t\t\t<\/div>\n\t\t\t\t\t<\/div>\n\t\t<\/div>\n\t\t\t\t\t<\/div>\n\t\t<\/section>\n\t\t\t\t<\/div>\n\t\t","protected":false},"excerpt":{"rendered":"<p>PERFIL DO EGRESSO E OBJETIVOS OBJETIVOS GERAIS ESPEC\u00cdFICOS GERAIS Formar docentes-pesquisadores, atribuindo-lhes o t\u00edtulo de Mestre em Educa\u00e7\u00e3o, capazes de atuar no magist\u00e9rio e em pesquisas cujo foco central seja a educa\u00e7\u00e3o, buscando pautar sua pr\u00e1xis na valoriza\u00e7\u00e3o da educa\u00e7\u00e3o p\u00fablica, gratuita, laica, democr\u00e1tica e inclusiva; ESPEC\u00cdFICOS \u2013 Desenvolver estudos e pesquisas educacionais em seus&#8230;<\/p>\n","protected":false},"author":1095,"featured_media":0,"parent":15,"menu_order":2,"comment_status":"closed","ping_status":"closed","template":"elementor_header_footer","meta":{"inline_featured_image":false,"ngg_post_thumbnail":0,"footnotes":""},"folder":[],"class_list":["post-890","page","type-page","status-publish","hentry","entry"],"_links":{"self":[{"href":"http:\/\/www2.unifap.br\/ppged\/wp-json\/wp\/v2\/pages\/890","targetHints":{"allow":["GET"]}}],"collection":[{"href":"http:\/\/www2.unifap.br\/ppged\/wp-json\/wp\/v2\/pages"}],"about":[{"href":"http:\/\/www2.unifap.br\/ppged\/wp-json\/wp\/v2\/types\/page"}],"author":[{"embeddable":true,"href":"http:\/\/www2.unifap.br\/ppged\/wp-json\/wp\/v2\/users\/1095"}],"replies":[{"embeddable":true,"href":"http:\/\/www2.unifap.br\/ppged\/wp-json\/wp\/v2\/comments?post=890"}],"version-history":[{"count":9,"href":"http:\/\/www2.unifap.br\/ppged\/wp-json\/wp\/v2\/pages\/890\/revisions"}],"predecessor-version":[{"id":2370,"href":"http:\/\/www2.unifap.br\/ppged\/wp-json\/wp\/v2\/pages\/890\/revisions\/2370"}],"up":[{"embeddable":true,"href":"http:\/\/www2.unifap.br\/ppged\/wp-json\/wp\/v2\/pages\/15"}],"wp:attachment":[{"href":"http:\/\/www2.unifap.br\/ppged\/wp-json\/wp\/v2\/media?parent=890"}],"wp:term":[{"taxonomy":"folder","embeddable":true,"href":"http:\/\/www2.unifap.br\/ppged\/wp-json\/wp\/v2\/folder?post=890"}],"curies":[{"name":"wp","href":"https:\/\/api.w.org\/{rel}","templated":true}]}}