{"id":114,"date":"2019-03-19T00:10:13","date_gmt":"2019-03-19T03:10:13","guid":{"rendered":"http:\/\/www2.unifap.br\/ppglet\/?page_id=114"},"modified":"2019-04-03T14:52:27","modified_gmt":"2019-04-03T17:52:27","slug":"turma-2019","status":"publish","type":"page","link":"http:\/\/www2.unifap.br\/ppglet\/processo-seletivo\/turma-2019\/","title":{"rendered":"Turma 2019"},"content":{"rendered":"<p><a href=\"http:\/\/www2.unifap.br\/ppglet\/files\/2019\/04\/EDITAL-N\u00ba-031-2019-CURSO-DE-MESTRADO-EM-LETRAS.pdf\">CONVOCA\u00c7\u00c3O PARA MATR\u00cdCULA &#8211; Edital n. 031\/2019 &#8211; DERCA\/UNIFAP<\/a><\/p>\n<p>1. <a href=\"http:\/\/www2.unifap.br\/ppglet\/files\/2019\/03\/1_Edital-PPGLET-2019.pdf\">Edital 001\/2018 &#8211; PPGLET 2019.1 (21\/12\/2018)<\/a><\/p>\n<p>2. <a href=\"http:\/\/www2.unifap.br\/ppglet\/files\/2019\/03\/2_ppglet19_lista_provisoria-1.pdf\">Lista Provis\u00f3ria das inscri\u00e7\u00f5es homologadas (12\/02\/2019)<\/a><\/p>\n<p><a href=\"http:\/\/www2.unifap.br\/ppglet\/files\/2019\/03\/3_ppglet19_lista_provisoria-CORRIGIDA.pdf\">3. Lista Provis\u00f3ria das inscri\u00e7\u00f5es homologadas &#8211; corrigidas<\/a>&nbsp;(13\/02\/2019)<\/p>\n<p><a href=\"http:\/\/www2.unifap.br\/ppglet\/files\/2019\/03\/4_ppglet19_lista_definitiva_2.pdf\">4. Resultado Definitivo da Homologa\u00e7\u00e3o das Inscri\u00e7\u00f5es (15\/02\/2019)<\/a><\/p>\n<p><a href=\"http:\/\/www2.unifap.br\/ppglet\/files\/2019\/03\/ppglet19_lista_definitiva_ind\u00edgena_2.pdf\">5. Resultado Definitivo da Homologa\u00e7\u00e3o das Inscri\u00e7\u00f5es &#8211; candidatos\/as ind\u00edgenas (15\/02\/2019)<\/a><\/p>\n<p><a href=\"http:\/\/www2.unifap.br\/ppglet\/files\/2019\/03\/Data_Local_Horario_Prova_Escrita.pdf\">6. Hor\u00e1rio e Local de realiza\u00e7\u00e3o da Etapa I (Prova Escrita) (15\/02\/2019)<\/a><\/p>\n<p>7. <a href=\"http:\/\/www2.unifap.br\/ppglet\/files\/2019\/03\/Comunicado.pdf\">Comunicado &#8211; ELEP 2019.1 (20\/02\/2019)<\/a><\/p>\n<p><a href=\"http:\/\/www2.unifap.br\/ppglet\/files\/2019\/03\/Errata_Edital_n_01_2018_ppglet_unifap.pdf\">8. Errata &#8211; Edital N. 01\/2018 &#8211; PPGLET\/UNIFAP (25\/02\/2019)<\/a><\/p>\n<p>9.&nbsp; <a href=\"http:\/\/www2.unifap.br\/ppglet\/files\/2019\/03\/1_Edital-PPGLET-2019_CORRIGIDO_22_02.pdf\">Edital 001\/2018 &#8211; PPGLET\/UNIFAP &#8211; Corrigido (25\/02\/2019)<\/a><\/p>\n<p>10.&nbsp;<a href=\"http:\/\/www2.unifap.br\/ppglet\/files\/2019\/03\/Resultado_Provis\u00f3rio_Prova_Etapa_I.pdf\">Resultado Provis\u00f3rio da Etapa I (Prova Escrita)<\/a> ( 26\/02\/2019)<\/p>\n<p>11.&nbsp;<a title=\"Resultado de Recurso\" href=\"http:\/\/www2.unifap.br\/ppglet\/files\/2019\/03\/Resposta_aos_Recurso-1.pdf\" target=\"_blank\" rel=\"noopener\">Resultado de Recurs<\/a>o (01\/03\/2019)<\/p>\n<p>12.&nbsp;<a title=\"Resultado Definitivo Etapa I (Prova Escrita)\" href=\"http:\/\/www2.unifap.br\/ppglet\/files\/2019\/03\/Resultado_Definitivo_Prova_Etapa_I.pdf\" target=\"_blank\" rel=\"noopener\">Resultado Definitivo Etapa I (Prova Escrit<\/a>a) (01\/03\/2019)<\/p>\n<p>13.&nbsp;<a title=\"Calend\u00e1rio de Entrevistas\" href=\"http:\/\/www2.unifap.br\/ppglet\/files\/2019\/03\/Horario_local_prova_entrevistas.pdf\" target=\"_blank\" rel=\"noopener\">Calend\u00e1rio de Entrevistas<\/a>&nbsp;(01\/03\/2019)<\/p>\n<p>14.&nbsp;<a title=\"Local e Hor\u00e1rio - documenta\u00e7\u00e3o Etapa III\" href=\"http:\/\/www2.unifap.br\/ppglet\/files\/2019\/03\/Horario_local_prova_Curr\u00edculo.pdf\" target=\"_blank\" rel=\"noopener\">Local e Hor\u00e1rio &#8211; Documenta\u00e7\u00e3o Etapa<\/a>&nbsp;III (01\/03\/2019)<\/p>\n<p>15.&nbsp;<a title=\"Resultado Provis\u00f3rio Memorial (Etapa 1) - Candidatos Ind\u00edgenas\" href=\"http:\/\/www2.unifap.br\/ppglet\/files\/2019\/03\/Resultado_Provis\u00f3rio_Etapa_Memorial.pdf\" target=\"_blank\" rel=\"noopener\">Resultado Provis\u00f3rio Memorial (Etapa 1) &#8211; Candidatos Ind\u00edgenas (13\/03\/2019)<\/a><\/p>\n<p>16.&nbsp;<a title=\"Resultado Definitivo do Memorial (Etapa 1) - Candidatos Ind\u00edgenas\" href=\"http:\/\/www2.unifap.br\/ppglet\/files\/2019\/03\/Resultado_Definitivo_Etapa_Memorial.pdf\" target=\"_blank\" rel=\"noopener\">Resultado Definitivo do Memorial (Etapa 1) &#8211; Candidatos Ind\u00edgena<\/a>s (18\/03\/2019)<\/p>\n<p><a href=\"http:\/\/www2.unifap.br\/ppglet\/files\/2019\/03\/Horario_local_prova_entrevistas_indigenas.pdf\">17. Hor\u00e1rio e Local de realiza\u00e7\u00e3o da Etapa II (Entrevista) &#8211; Candidatos Ind\u00edgenas (18\/03\/2019)<\/a><\/p>\n<p><a href=\"http:\/\/www2.unifap.br\/ppglet\/files\/2019\/03\/Retifica\u00e7\u00e3o_Edital_n_01_2018_ppglet_unifap.pdf\">18. Retifica\u00e7\u00e3o &#8211; Edital 01\/2018 &#8211; PPGLET\/UNIFAP (18\/03\/2019)<\/a><\/p>\n<p><a href=\"http:\/\/www2.unifap.br\/ppglet\/files\/2019\/03\/Resultado_Provis\u00f3rio_Prova_Etapa_II_Projeto_Entrevista.pdf\">19. Resultado Provis\u00f3rio da Etapa II (Projeto e Entrevista) (18\/03\/2019)<\/a><\/p>\n<p>20. <a href=\"http:\/\/www2.unifap.br\/ppglet\/files\/2019\/03\/Resposta_aos_Recursos_2.pdf\">Resposta aos Recursos da Etapa II (Projeto e Entrevista)<\/a> (22\/03\/2019)<\/p>\n<p>21. <a href=\"http:\/\/www2.unifap.br\/ppglet\/files\/2019\/03\/Resultado_Definitivo_Prova_Etapa_II_Projeto_Entrevista.pdf\">Resultado Definitivo da Etapa II (Projeto e Entrevista)<\/a> (22\/03\/2019)<\/p>\n<p><a href=\"http:\/\/www2.unifap.br\/ppglet\/files\/2019\/03\/Retifica\u00e7\u00e3o_2_Edital_n_01_2018_ppglet_unifap.pdf\">22. Retifica\u00e7\u00e3o N. 02 &#8211; Edital 01\/2018 &#8211; PPGLET\/UNIFAP (27\/02\/2019)<\/a><\/p>\n<p><a href=\"http:\/\/www2.unifap.br\/ppglet\/files\/2019\/03\/Resultado_Provis\u00f3rio_Etapa_III_Curr\u00edculo.pdf\">23. Resultado Provis\u00f3rio da Etapa III (Curr\u00edculo) (27\/03\/2019)<\/a><\/p>\n<p><a href=\"http:\/\/www2.unifap.br\/ppglet\/files\/2019\/03\/Resultado_Provis\u00f3rio_Etapa_Entrevista.pdf\">24. Resultado Provis\u00f3rio da Etapa II (Entrevista) &#8211; Candidatos Ind\u00edgenas (27\/03\/2019)<\/a><\/p>\n<p><a href=\"http:\/\/www2.unifap.br\/ppglet\/files\/2019\/03\/Resultado_Parcial.pdf\">25. Resultado Parcial &#8211; Edital N. 01\/2018 PPGLET\/UNIFAP &#8211; Turma 2019 (2703\/2019)<\/a><\/p>\n<p><a href=\"http:\/\/www2.unifap.br\/ppglet\/files\/2019\/04\/Resultado_Definitivo_Etapa_III_Curr\u00edculo.pdf\">26. Resultado Definitivo da Etapa III (Curr\u00edculo) (01\/04\/2019)<\/a><\/p>\n<p><a href=\"http:\/\/www2.unifap.br\/ppglet\/files\/2019\/04\/Resultado_Definitivo_Etapa_Entrevista.pdf\">27. Resultado Definitivo da Etapa II (Entrevista) &#8211; Candidatos Ind\u00edgenas (01\/04\/2019)<\/a><\/p>\n<p><a href=\"http:\/\/www2.unifap.br\/ppglet\/files\/2019\/04\/Resultado_Final_Definitivo.pdf\">28. Resultado Final &#8211; Edital N. 01\/2018 PPGLET\/UNIFAP &#8211; Turma 2019 (01\/04\/2019)<\/a><\/p>\n<p><a href=\"http:\/\/www2.unifap.br\/ppglet\/files\/2019\/04\/Comunicado_Etapa_IV.pdf\">29. COMUNICADO &#8211; Profici\u00eancia em L\u00edngua Estrangeira<\/a><\/p>\n<p>&nbsp;<\/p>\n<p>Edital, resultados e demais documentos est\u00e3o publicados em&nbsp;<strong><a href=\"http:\/\/www.unifap.br\/public\/index\/view\/id\/10738\" target=\"_blank\" rel=\"noopener\">http:\/\/www.unifap.br\/public\/index\/view\/id\/10738&nbsp;<\/a><\/strong><\/p>\n","protected":false},"excerpt":{"rendered":"<p>CONVOCA\u00c7\u00c3O PARA MATR\u00cdCULA &#8211; Edital n. 031\/2019 &#8211; DERCA\/UNIFAP 1. Edital 001\/2018 &#8211; PPGLET 2019.1 (21\/12\/2018) 2. Lista Provis\u00f3ria das inscri\u00e7\u00f5es homologadas (12\/02\/2019) 3. Lista Provis\u00f3ria das inscri\u00e7\u00f5es homologadas &#8211; corrigidas&nbsp;(13\/02\/2019) 4. Resultado Definitivo da Homologa\u00e7\u00e3o das Inscri\u00e7\u00f5es (15\/02\/2019) 5. Resultado Definitivo da Homologa\u00e7\u00e3o das Inscri\u00e7\u00f5es &#8211; candidatos\/as ind\u00edgenas (15\/02\/2019) 6. Hor\u00e1rio e Local de&#8230;<\/p>\n","protected":false},"author":3826,"featured_media":0,"parent":33,"menu_order":1,"comment_status":"closed","ping_status":"closed","template":"","meta":{"inline_featured_image":false,"ngg_post_thumbnail":0,"footnotes":""},"folder":[],"class_list":["post-114","page","type-page","status-publish","hentry","entry"],"_links":{"self":[{"href":"http:\/\/www2.unifap.br\/ppglet\/wp-json\/wp\/v2\/pages\/114","targetHints":{"allow":["GET"]}}],"collection":[{"href":"http:\/\/www2.unifap.br\/ppglet\/wp-json\/wp\/v2\/pages"}],"about":[{"href":"http:\/\/www2.unifap.br\/ppglet\/wp-json\/wp\/v2\/types\/page"}],"author":[{"embeddable":true,"href":"http:\/\/www2.unifap.br\/ppglet\/wp-json\/wp\/v2\/users\/3826"}],"replies":[{"embeddable":true,"href":"http:\/\/www2.unifap.br\/ppglet\/wp-json\/wp\/v2\/comments?post=114"}],"version-history":[{"count":12,"href":"http:\/\/www2.unifap.br\/ppglet\/wp-json\/wp\/v2\/pages\/114\/revisions"}],"predecessor-version":[{"id":336,"href":"http:\/\/www2.unifap.br\/ppglet\/wp-json\/wp\/v2\/pages\/114\/revisions\/336"}],"up":[{"embeddable":true,"href":"http:\/\/www2.unifap.br\/ppglet\/wp-json\/wp\/v2\/pages\/33"}],"wp:attachment":[{"href":"http:\/\/www2.unifap.br\/ppglet\/wp-json\/wp\/v2\/media?parent=114"}],"wp:term":[{"taxonomy":"folder","embeddable":true,"href":"http:\/\/www2.unifap.br\/ppglet\/wp-json\/wp\/v2\/folder?post=114"}],"curies":[{"name":"wp","href":"https:\/\/api.w.org\/{rel}","templated":true}]}}