{"id":1573,"date":"2022-05-16T13:57:47","date_gmt":"2022-05-16T16:57:47","guid":{"rendered":"https:\/\/www2.unifap.br\/ppglet\/?page_id=1573"},"modified":"2022-05-16T13:57:47","modified_gmt":"2022-05-16T16:57:47","slug":"rede-de-cooperacao-academica","status":"publish","type":"page","link":"http:\/\/www2.unifap.br\/ppglet\/discentes1\/rede-de-cooperacao-academica\/","title":{"rendered":"Rede de Coopera\u00e7\u00e3o Acad\u00eamica"},"content":{"rendered":"<h3 style=\"text-align: justify\"><a href=\"https:\/\/www.ppgsnorte.org\/home\" target=\"_blank\" rel=\"noopener\">Clique aqui<\/a> e acesse a Rede de Coopera\u00e7\u00e3o Acad\u00eamica, site que visa compartilhar informa\u00e7\u00f5es e a\u00e7\u00f5es da Rede de Programas de P\u00f3s-Gradua\u00e7\u00e3o da Regi\u00e3o Norte na \u00c1rea de Lingu\u00edstica e Literatura.<\/h3>\n<p>&nbsp;<\/p>\n<p>&nbsp;<\/p>\n","protected":false},"excerpt":{"rendered":"<p>Clique aqui e acesse a Rede de Coopera\u00e7\u00e3o Acad\u00eamica, site que visa compartilhar informa\u00e7\u00f5es e a\u00e7\u00f5es da Rede de Programas de P\u00f3s-Gradua\u00e7\u00e3o da Regi\u00e3o Norte na \u00c1rea de Lingu\u00edstica e Literatura. &nbsp; &nbsp;<\/p>\n","protected":false},"author":3826,"featured_media":0,"parent":104,"menu_order":4,"comment_status":"closed","ping_status":"closed","template":"","meta":{"inline_featured_image":false,"ngg_post_thumbnail":0,"footnotes":""},"folder":[],"class_list":["post-1573","page","type-page","status-publish","hentry","entry"],"_links":{"self":[{"href":"http:\/\/www2.unifap.br\/ppglet\/wp-json\/wp\/v2\/pages\/1573","targetHints":{"allow":["GET"]}}],"collection":[{"href":"http:\/\/www2.unifap.br\/ppglet\/wp-json\/wp\/v2\/pages"}],"about":[{"href":"http:\/\/www2.unifap.br\/ppglet\/wp-json\/wp\/v2\/types\/page"}],"author":[{"embeddable":true,"href":"http:\/\/www2.unifap.br\/ppglet\/wp-json\/wp\/v2\/users\/3826"}],"replies":[{"embeddable":true,"href":"http:\/\/www2.unifap.br\/ppglet\/wp-json\/wp\/v2\/comments?post=1573"}],"version-history":[{"count":1,"href":"http:\/\/www2.unifap.br\/ppglet\/wp-json\/wp\/v2\/pages\/1573\/revisions"}],"predecessor-version":[{"id":1574,"href":"http:\/\/www2.unifap.br\/ppglet\/wp-json\/wp\/v2\/pages\/1573\/revisions\/1574"}],"up":[{"embeddable":true,"href":"http:\/\/www2.unifap.br\/ppglet\/wp-json\/wp\/v2\/pages\/104"}],"wp:attachment":[{"href":"http:\/\/www2.unifap.br\/ppglet\/wp-json\/wp\/v2\/media?parent=1573"}],"wp:term":[{"taxonomy":"folder","embeddable":true,"href":"http:\/\/www2.unifap.br\/ppglet\/wp-json\/wp\/v2\/folder?post=1573"}],"curies":[{"name":"wp","href":"https:\/\/api.w.org\/{rel}","templated":true}]}}