{"id":225,"date":"2019-03-22T19:15:29","date_gmt":"2019-03-22T22:15:29","guid":{"rendered":"http:\/\/www2.unifap.br\/ppglet\/?page_id=225"},"modified":"2019-03-22T20:13:54","modified_gmt":"2019-03-22T23:13:54","slug":"metodologias-de-pesquisa-em-linguistica","status":"publish","type":"page","link":"http:\/\/www2.unifap.br\/ppglet\/programa\/estrutura-curricular\/metodologias-de-pesquisa-em-linguistica\/","title":{"rendered":"Metodologias de Pesquisa em Lingu\u00edstica"},"content":{"rendered":"<table width=\"579\">\n<tbody>\n<tr>\n<td colspan=\"4\" width=\"397\"><em>Metodologias de Pesquisa em Lingu\u00edstica<\/em><\/td>\n<td width=\"183\">Obrigat\u00f3ria<\/td>\n<\/tr>\n<tr>\n<td width=\"66\">CH: 30h<\/td>\n<td width=\"85\">Cred.: 02<\/td>\n<td width=\"189\">Linguagens na Amaz\u00f4nia<\/td>\n<td colspan=\"2\" width=\"239\">Diversidade Lingu\u00edstica na Amaz\u00f4nia<\/td>\n<\/tr>\n<tr>\n<td colspan=\"5\" width=\"579\">EMENTA<\/td>\n<\/tr>\n<tr>\n<td colspan=\"5\" width=\"579\">Discuss\u00e3o dos elementos te\u00f3ricos-metodol\u00f3gicos dos projetos de pesquisa.<\/td>\n<\/tr>\n<tr>\n<td colspan=\"5\" width=\"579\">BIBLIOGRAFIA<\/td>\n<\/tr>\n<tr>\n<td colspan=\"5\" width=\"579\">ABBI, A. <em>A manual of linguistic field work and structure of Indian languages<\/em>. Muenchen: LINCOM EUROPA, 2001.<\/p>\n<p>AUSTIN, P. K. (Ed.). <em>Language Documentation and Description<\/em>., vols. 1, 2. United Kingdom: Hans Rausing Endangered Languages Project, 2003.<\/p>\n<p>HONDA, M.; O\u2019NEIL, W. <em>Thinking Linguistically: <\/em>A Scientific Approach to Language. Malden: Blackwell Publ, 2007.<\/p>\n<p>LEITE, Y. As v\u00e1rias faces da pesquisa com l\u00ednguas ind\u00edgenas brasileiras. <em>Atas do XIX Encontro da Associa\u00e7\u00e3o Portuguesa de Lingu\u00edstica<\/em>, 2004, pp. 11-23<\/p>\n<p>VAUX, B.; COOPER, J. <em>Introduction to linguistic field methods<\/em>. Muenchen: LINCOM EUROPA, 1999.<\/td>\n<\/tr>\n<\/tbody>\n<\/table>\n","protected":false},"excerpt":{"rendered":"<p>Metodologias de Pesquisa em Lingu\u00edstica Obrigat\u00f3ria CH: 30h Cred.: 02 Linguagens na Amaz\u00f4nia Diversidade Lingu\u00edstica na Amaz\u00f4nia EMENTA Discuss\u00e3o dos elementos te\u00f3ricos-metodol\u00f3gicos dos projetos de pesquisa. BIBLIOGRAFIA ABBI, A. A manual of linguistic field work and structure of Indian languages. Muenchen: LINCOM EUROPA, 2001. AUSTIN, P. K. (Ed.). Language Documentation and Description., vols. 1, 2&#8230;.<\/p>\n","protected":false},"author":3826,"featured_media":0,"parent":69,"menu_order":0,"comment_status":"closed","ping_status":"closed","template":"","meta":{"inline_featured_image":false,"ngg_post_thumbnail":0,"footnotes":""},"folder":[],"class_list":["post-225","page","type-page","status-publish","hentry","entry"],"_links":{"self":[{"href":"http:\/\/www2.unifap.br\/ppglet\/wp-json\/wp\/v2\/pages\/225","targetHints":{"allow":["GET"]}}],"collection":[{"href":"http:\/\/www2.unifap.br\/ppglet\/wp-json\/wp\/v2\/pages"}],"about":[{"href":"http:\/\/www2.unifap.br\/ppglet\/wp-json\/wp\/v2\/types\/page"}],"author":[{"embeddable":true,"href":"http:\/\/www2.unifap.br\/ppglet\/wp-json\/wp\/v2\/users\/3826"}],"replies":[{"embeddable":true,"href":"http:\/\/www2.unifap.br\/ppglet\/wp-json\/wp\/v2\/comments?post=225"}],"version-history":[{"count":2,"href":"http:\/\/www2.unifap.br\/ppglet\/wp-json\/wp\/v2\/pages\/225\/revisions"}],"predecessor-version":[{"id":3166,"href":"http:\/\/www2.unifap.br\/ppglet\/wp-json\/wp\/v2\/pages\/225\/revisions\/3166"}],"up":[{"embeddable":true,"href":"http:\/\/www2.unifap.br\/ppglet\/wp-json\/wp\/v2\/pages\/69"}],"wp:attachment":[{"href":"http:\/\/www2.unifap.br\/ppglet\/wp-json\/wp\/v2\/media?parent=225"}],"wp:term":[{"taxonomy":"folder","embeddable":true,"href":"http:\/\/www2.unifap.br\/ppglet\/wp-json\/wp\/v2\/folder?post=225"}],"curies":[{"name":"wp","href":"https:\/\/api.w.org\/{rel}","templated":true}]}}