{"id":232,"date":"2019-03-22T19:20:58","date_gmt":"2019-03-22T22:20:58","guid":{"rendered":"http:\/\/www2.unifap.br\/ppglet\/?page_id=232"},"modified":"2019-03-22T20:13:21","modified_gmt":"2019-03-22T23:13:21","slug":"fonetica-e-fonologia","status":"publish","type":"page","link":"http:\/\/www2.unifap.br\/ppglet\/programa\/estrutura-curricular\/fonetica-e-fonologia\/","title":{"rendered":"Fon\u00e9tica e Fonologia"},"content":{"rendered":"<table width=\"579\">\n<tbody>\n<tr>\n<td colspan=\"4\" width=\"397\"><em>Fon\u00e9tica e Fonologia<\/em><\/td>\n<td width=\"183\">Optativa<\/td>\n<\/tr>\n<tr>\n<td width=\"66\">CH: 45h<\/td>\n<td width=\"85\">Cred.: 03<\/td>\n<td width=\"189\">Linguagens na Amaz\u00f4nia<\/td>\n<td colspan=\"2\" width=\"239\">Diversidade Lingu\u00edstica na Amaz\u00f4nia<\/td>\n<\/tr>\n<tr>\n<td colspan=\"5\" width=\"579\">EMENTA<\/td>\n<\/tr>\n<tr>\n<td colspan=\"5\" width=\"579\">Estudo de aspectos fon\u00e9tico-fonol\u00f3gicos de l\u00ednguas naturais. Teorias e modelos fonol\u00f3gicos.<\/td>\n<\/tr>\n<tr>\n<td colspan=\"5\" width=\"579\">BIBLIOGRAFIA<\/td>\n<\/tr>\n<tr>\n<td colspan=\"5\" width=\"579\">CHOMSKY, N. and HALLE, M. The Sound Pattern of English. Harper and Row, New York, 1968.<\/p>\n<p>GOLDSMITH, J. A.; RIGGLE, J.; YU, A. C. L. (ed.). The handbook of phonological theory. Cambridge, MA: Blackwell, 1995.<\/p>\n<p>DUANMU, S. Syllabe structure: the limits of variation. Oxford; New York: Oxford University Press, 2010.<\/p>\n<p>HAYES, B. Introductory Phonology. MALDEN\/MA: Wiley-Blackwell, 2011.<\/p>\n<p>JAKOBSON, R. FANT, C. G. M.; HALLE, M. Preliminaries to Speech Analysis. The distinctive features and their correlates. Cambridge, MA: The MIT Press, 1952<\/p>\n<p>KENSTOWICZ, M. Phonology in Generative Grammar, Blackwell, 2005.<\/p>\n<p>NESPOR, M; VOGEL, I. Prosodic Phonology, with a new foreword. Mouton de Gruyter, 2007.<\/p>\n<p>LADEFOGED, P. Vowels and consonants: an introduction to the sounds of languages. Malden\/MA: Blackwell, 2001.<\/p>\n<p>PIKE, K. Phonemics: a technique for reducing languages to writing, SIL, 1947.<\/p>\n<p>TRUBETZKOY, N. Principles of Phonology. Trad. C.A.M. Baltaxe. Berkeley, Los Angeles: University of California Press (Publica\u00e7\u00e3o original, pelo C\u00edrculo Ling\u00fc\u00edstico de Praga, em alem\u00e3o: 1939).<\/td>\n<\/tr>\n<\/tbody>\n<\/table>\n","protected":false},"excerpt":{"rendered":"<p>Fon\u00e9tica e Fonologia Optativa CH: 45h Cred.: 03 Linguagens na Amaz\u00f4nia Diversidade Lingu\u00edstica na Amaz\u00f4nia EMENTA Estudo de aspectos fon\u00e9tico-fonol\u00f3gicos de l\u00ednguas naturais. Teorias e modelos fonol\u00f3gicos. BIBLIOGRAFIA CHOMSKY, N. and HALLE, M. The Sound Pattern of English. Harper and Row, New York, 1968. GOLDSMITH, J. A.; RIGGLE, J.; YU, A. C. L. (ed.). The&#8230;<\/p>\n","protected":false},"author":3826,"featured_media":0,"parent":69,"menu_order":0,"comment_status":"closed","ping_status":"closed","template":"","meta":{"inline_featured_image":false,"ngg_post_thumbnail":0,"footnotes":""},"folder":[],"class_list":["post-232","page","type-page","status-publish","hentry","entry"],"_links":{"self":[{"href":"http:\/\/www2.unifap.br\/ppglet\/wp-json\/wp\/v2\/pages\/232","targetHints":{"allow":["GET"]}}],"collection":[{"href":"http:\/\/www2.unifap.br\/ppglet\/wp-json\/wp\/v2\/pages"}],"about":[{"href":"http:\/\/www2.unifap.br\/ppglet\/wp-json\/wp\/v2\/types\/page"}],"author":[{"embeddable":true,"href":"http:\/\/www2.unifap.br\/ppglet\/wp-json\/wp\/v2\/users\/3826"}],"replies":[{"embeddable":true,"href":"http:\/\/www2.unifap.br\/ppglet\/wp-json\/wp\/v2\/comments?post=232"}],"version-history":[{"count":1,"href":"http:\/\/www2.unifap.br\/ppglet\/wp-json\/wp\/v2\/pages\/232\/revisions"}],"predecessor-version":[{"id":233,"href":"http:\/\/www2.unifap.br\/ppglet\/wp-json\/wp\/v2\/pages\/232\/revisions\/233"}],"up":[{"embeddable":true,"href":"http:\/\/www2.unifap.br\/ppglet\/wp-json\/wp\/v2\/pages\/69"}],"wp:attachment":[{"href":"http:\/\/www2.unifap.br\/ppglet\/wp-json\/wp\/v2\/media?parent=232"}],"wp:term":[{"taxonomy":"folder","embeddable":true,"href":"http:\/\/www2.unifap.br\/ppglet\/wp-json\/wp\/v2\/folder?post=232"}],"curies":[{"name":"wp","href":"https:\/\/api.w.org\/{rel}","templated":true}]}}