{"id":234,"date":"2019-03-22T19:21:21","date_gmt":"2019-03-22T22:21:21","guid":{"rendered":"http:\/\/www2.unifap.br\/ppglet\/?page_id=234"},"modified":"2019-03-22T20:14:16","modified_gmt":"2019-03-22T23:14:16","slug":"morfossintaxe","status":"publish","type":"page","link":"http:\/\/www2.unifap.br\/ppglet\/programa\/estrutura-curricular\/morfossintaxe\/","title":{"rendered":"Morfossintaxe"},"content":{"rendered":"<table width=\"579\">\n<tbody>\n<tr>\n<td colspan=\"4\" width=\"397\"><em>Morfossintaxe<\/em><\/td>\n<td width=\"183\">Optativa<\/td>\n<\/tr>\n<tr>\n<td width=\"66\">CH: 45h<\/td>\n<td width=\"85\">Cred.: 03<\/td>\n<td width=\"189\">Linguagens na Amaz\u00f4nia<\/td>\n<td colspan=\"2\" width=\"239\">Diversidade Lingu\u00edstica na Amaz\u00f4nia<\/td>\n<\/tr>\n<tr>\n<td colspan=\"5\" width=\"579\">EMENTA<\/td>\n<\/tr>\n<tr>\n<td colspan=\"5\" width=\"579\">Estudos de aspectos morfossint\u00e1ticos de l\u00ednguas naturais: princ\u00edpios descritivos e principais abordagens.<\/p>\n<p>&nbsp;<\/td>\n<\/tr>\n<tr>\n<td colspan=\"5\" width=\"579\">BIBLIOGRAFIA<\/td>\n<\/tr>\n<tr>\n<td colspan=\"5\" width=\"579\">ARONOFF, M; KIRSTEN, F. <em>What is Morphology<\/em>. Blackwell Publishing. 2004<\/p>\n<p>COMRIE, B. <em>Language Universals &amp; Linguistic typology<\/em>. The University of Chicago Press, Vols. 1, 2, 3. 1989.<\/p>\n<p>DEGRAFF, M. Morphology and word order in \u201cCreolization\u201d and beyond. In. CINQUE, G; KAYNE, R. S. (Eds.). <em>The Oxford Handbook of Comparative Syntax<\/em>. 2005.<\/p>\n<p>DIXON, R. M. R. Basic Linguistic theory. Oxford: Oxford University Press, Vols. 1,2,3. 2010.<\/p>\n<p>GIV\u00d3N, T. Functionalism and Grammar. Amsterdam\/Philadelphia: John Benjamins. 1995.<\/p>\n<p>HALLIDAY, M. A. K. Hallyday\u2019s Introduction to functional grammar. London\/New York: Routledge. 2014.<\/p>\n<p>MIOTO, C; SILVA, M. C. F, LOPES, R. E. V. Nono Manual de Sintaxe. Florian\u00f3polis, Insular, 2a ed., 2005.<\/p>\n<p>MORAVCSIK, E. A. An introduction to syntactic theory. London: Continuum. 2006b.<\/p>\n<p>PAYNE, T. E. <em>Describing Morphosyntax<\/em>. A Guide for Field Linguistics. Cambridge: Cambridge University Press, 1997.<\/p>\n<p>SPENCER, A; ZWICKY, A. M. (Eds.). <em>The Handbook of Morphology<\/em>. Danvers: WILEY, 2001.<\/td>\n<\/tr>\n<\/tbody>\n<\/table>\n","protected":false},"excerpt":{"rendered":"<p>Morfossintaxe Optativa CH: 45h Cred.: 03 Linguagens na Amaz\u00f4nia Diversidade Lingu\u00edstica na Amaz\u00f4nia EMENTA Estudos de aspectos morfossint\u00e1ticos de l\u00ednguas naturais: princ\u00edpios descritivos e principais abordagens. &nbsp; BIBLIOGRAFIA ARONOFF, M; KIRSTEN, F. What is Morphology. Blackwell Publishing. 2004 COMRIE, B. Language Universals &amp; Linguistic typology. The University of Chicago Press, Vols. 1, 2, 3. 1989&#8230;.<\/p>\n","protected":false},"author":3826,"featured_media":0,"parent":69,"menu_order":0,"comment_status":"closed","ping_status":"closed","template":"","meta":{"inline_featured_image":false,"ngg_post_thumbnail":0,"footnotes":""},"folder":[],"class_list":["post-234","page","type-page","status-publish","hentry","entry"],"_links":{"self":[{"href":"http:\/\/www2.unifap.br\/ppglet\/wp-json\/wp\/v2\/pages\/234","targetHints":{"allow":["GET"]}}],"collection":[{"href":"http:\/\/www2.unifap.br\/ppglet\/wp-json\/wp\/v2\/pages"}],"about":[{"href":"http:\/\/www2.unifap.br\/ppglet\/wp-json\/wp\/v2\/types\/page"}],"author":[{"embeddable":true,"href":"http:\/\/www2.unifap.br\/ppglet\/wp-json\/wp\/v2\/users\/3826"}],"replies":[{"embeddable":true,"href":"http:\/\/www2.unifap.br\/ppglet\/wp-json\/wp\/v2\/comments?post=234"}],"version-history":[{"count":1,"href":"http:\/\/www2.unifap.br\/ppglet\/wp-json\/wp\/v2\/pages\/234\/revisions"}],"predecessor-version":[{"id":235,"href":"http:\/\/www2.unifap.br\/ppglet\/wp-json\/wp\/v2\/pages\/234\/revisions\/235"}],"up":[{"embeddable":true,"href":"http:\/\/www2.unifap.br\/ppglet\/wp-json\/wp\/v2\/pages\/69"}],"wp:attachment":[{"href":"http:\/\/www2.unifap.br\/ppglet\/wp-json\/wp\/v2\/media?parent=234"}],"wp:term":[{"taxonomy":"folder","embeddable":true,"href":"http:\/\/www2.unifap.br\/ppglet\/wp-json\/wp\/v2\/folder?post=234"}],"curies":[{"name":"wp","href":"https:\/\/api.w.org\/{rel}","templated":true}]}}