{"id":236,"date":"2019-03-22T19:21:40","date_gmt":"2019-03-22T22:21:40","guid":{"rendered":"http:\/\/www2.unifap.br\/ppglet\/?page_id=236"},"modified":"2019-03-22T20:17:01","modified_gmt":"2019-03-22T23:17:01","slug":"variacao-mudanca-e-contato-linguistico","status":"publish","type":"page","link":"http:\/\/www2.unifap.br\/ppglet\/programa\/estrutura-curricular\/variacao-mudanca-e-contato-linguistico\/","title":{"rendered":"Varia\u00e7\u00e3o, mudan\u00e7a e contato lingu\u00edstico"},"content":{"rendered":"<table width=\"579\">\n<tbody>\n<tr>\n<td colspan=\"4\" width=\"397\"><em>Varia\u00e7\u00e3o, mudan\u00e7a e contato lingu\u00edstico<\/em><\/td>\n<td width=\"183\">Optativa<\/td>\n<\/tr>\n<tr>\n<td width=\"66\">CH: 45h<\/td>\n<td width=\"85\">Cred.: 03<\/td>\n<td width=\"189\">Linguagens na Amaz\u00f4nia<\/td>\n<td colspan=\"2\" width=\"239\">Diversidade Lingu\u00edstica na Amaz\u00f4nia<\/td>\n<\/tr>\n<tr>\n<td colspan=\"5\" width=\"579\">EMENTA<\/td>\n<\/tr>\n<tr>\n<td colspan=\"5\" width=\"579\">Abordagem sint\u00e9tica de fen\u00f4menos de varia\u00e7\u00e3o, mudan\u00e7a e contato lingu\u00edstico. Inova\u00e7\u00e3o e difus\u00e3o das mudan\u00e7as lingu\u00edsticas.<\/p>\n<p>&nbsp;<\/td>\n<\/tr>\n<tr>\n<td colspan=\"5\" width=\"579\">BIBLIOGRAFIA<\/td>\n<\/tr>\n<tr>\n<td colspan=\"5\" width=\"579\">CHAMBERS, J. K.; TURDGILL &nbsp;P.; SHILLING-ESTES N. (Eds). <em>The Handbook of Language Variation and Change<\/em>. Oxford: Blackwell, 2004.<\/p>\n<p>KOUWENBERG, S.; SINGLER, J. V. (Orgs.). <em>The Handbook of Pidgin and Creole Studies<\/em>. Wiley-Blackwell, 2008.<\/p>\n<p>LABOV, W. <em>Principles of linguistic change:<\/em> cognitive and cultural factors. Malden Oxford, Wiley- Blackwell, 2010.<\/p>\n<p>LABOV, W. &nbsp;<em>Principles of linguistic change:<\/em> social factors. Cambridge e Oxford, Blackwell, 2001.<\/p>\n<p>LABOV, W. <em>Principles of linguistic change<\/em>: internal factors. Cambridge e Oxford, Blackwell, 1994.<\/p>\n<p>ROMAINE, S. <em>Language in society: An introduction to sociolinguistics. <\/em>Oxford: Oxford University Press, 1994.<\/p>\n<p>SEBBA, M. <em>Contact Languages: <\/em>Pidgins and Creoles. London, Macmillan, 1997.<\/p>\n<p>TARALLO, F. &amp; ALKMIN, T. Falares crioulos. L\u00ednguas em contato. S\u00e3o Paulo: Editora \u00c1tica. 1987.<\/p>\n<p>THOMASON, S. G.; KAUFMAN, T. <em>Language contact, creolization, and genetic linguistics<\/em>. California: University of California Press, 1992.<\/p>\n<p>Trask, R. L. <em>Language change<\/em>. London and New York: Routledge, 1994.<\/td>\n<\/tr>\n<\/tbody>\n<\/table>\n","protected":false},"excerpt":{"rendered":"<p>Varia\u00e7\u00e3o, mudan\u00e7a e contato lingu\u00edstico Optativa CH: 45h Cred.: 03 Linguagens na Amaz\u00f4nia Diversidade Lingu\u00edstica na Amaz\u00f4nia EMENTA Abordagem sint\u00e9tica de fen\u00f4menos de varia\u00e7\u00e3o, mudan\u00e7a e contato lingu\u00edstico. Inova\u00e7\u00e3o e difus\u00e3o das mudan\u00e7as lingu\u00edsticas. &nbsp; BIBLIOGRAFIA CHAMBERS, J. K.; TURDGILL &nbsp;P.; SHILLING-ESTES N. (Eds). The Handbook of Language Variation and Change. Oxford: Blackwell, 2004. KOUWENBERG,&#8230;<\/p>\n","protected":false},"author":3826,"featured_media":0,"parent":69,"menu_order":0,"comment_status":"closed","ping_status":"closed","template":"","meta":{"inline_featured_image":false,"ngg_post_thumbnail":0,"footnotes":""},"folder":[],"class_list":["post-236","page","type-page","status-publish","hentry","entry"],"_links":{"self":[{"href":"http:\/\/www2.unifap.br\/ppglet\/wp-json\/wp\/v2\/pages\/236","targetHints":{"allow":["GET"]}}],"collection":[{"href":"http:\/\/www2.unifap.br\/ppglet\/wp-json\/wp\/v2\/pages"}],"about":[{"href":"http:\/\/www2.unifap.br\/ppglet\/wp-json\/wp\/v2\/types\/page"}],"author":[{"embeddable":true,"href":"http:\/\/www2.unifap.br\/ppglet\/wp-json\/wp\/v2\/users\/3826"}],"replies":[{"embeddable":true,"href":"http:\/\/www2.unifap.br\/ppglet\/wp-json\/wp\/v2\/comments?post=236"}],"version-history":[{"count":2,"href":"http:\/\/www2.unifap.br\/ppglet\/wp-json\/wp\/v2\/pages\/236\/revisions"}],"predecessor-version":[{"id":3180,"href":"http:\/\/www2.unifap.br\/ppglet\/wp-json\/wp\/v2\/pages\/236\/revisions\/3180"}],"up":[{"embeddable":true,"href":"http:\/\/www2.unifap.br\/ppglet\/wp-json\/wp\/v2\/pages\/69"}],"wp:attachment":[{"href":"http:\/\/www2.unifap.br\/ppglet\/wp-json\/wp\/v2\/media?parent=236"}],"wp:term":[{"taxonomy":"folder","embeddable":true,"href":"http:\/\/www2.unifap.br\/ppglet\/wp-json\/wp\/v2\/folder?post=236"}],"curies":[{"name":"wp","href":"https:\/\/api.w.org\/{rel}","templated":true}]}}