{"id":238,"date":"2019-03-22T19:22:05","date_gmt":"2019-03-22T22:22:05","guid":{"rendered":"http:\/\/www2.unifap.br\/ppglet\/?page_id=238"},"modified":"2019-03-22T20:13:32","modified_gmt":"2019-03-22T23:13:32","slug":"linguistica-historica","status":"publish","type":"page","link":"http:\/\/www2.unifap.br\/ppglet\/programa\/estrutura-curricular\/linguistica-historica\/","title":{"rendered":"Lingu\u00edstica Hist\u00f3rica"},"content":{"rendered":"<table width=\"579\">\n<tbody>\n<tr>\n<td colspan=\"4\" width=\"397\"><em>Lingu\u00edstica Hist\u00f3rica<\/em><\/td>\n<td width=\"183\">Optativa<\/td>\n<\/tr>\n<tr>\n<td width=\"66\">CH: 45h<\/td>\n<td width=\"85\">Cred.: 03<\/td>\n<td width=\"189\">Linguagens na Amaz\u00f4nia<\/td>\n<td colspan=\"2\" width=\"239\">Diversidade Lingu\u00edstica na Amaz\u00f4nia<\/td>\n<\/tr>\n<tr>\n<td colspan=\"5\" width=\"579\">EMENTA<\/td>\n<\/tr>\n<tr>\n<td colspan=\"5\" width=\"579\">Estudos sobre m\u00e9todo hist\u00f3rico-comparativo, reconstru\u00e7\u00e3o comparativa e interna.<\/td>\n<\/tr>\n<tr>\n<td colspan=\"5\" width=\"579\">BIBLIOGRAFIA<\/td>\n<\/tr>\n<tr>\n<td colspan=\"5\" width=\"579\">CAMPBELL, L.; GRONDONA, V. (Orgs.) <em>The Indigenous Languages of South America: <\/em>A Comprehensive Guide. Berlin: De Gruyter Mouton, 2012.<\/p>\n<p>CAMPBELL, L. <em>American Indian Languages: <\/em>The Historical Linguistics of Native America. Oxford: Oxford University Press, 1997.<\/p>\n<p>DIXON, R. M. W.; AIKHENVALD, A.Y. (Eds.). <em>The Amazonian Languages<\/em>. Cambridge: Cambridge University Press, 1999.<\/p>\n<p>DURIE, M.; ROSS, M. (Eds.) <em>The Comparative Method Reviewed: <\/em>Regularity and Irregularity in Sound Change<em>. <\/em>New York, Oxford: Oxford University Press, 1996.<\/p>\n<p>GREENBERG, J. (Org.) <em>Essays in Linguistics<\/em>. Chicago: University of Chicago Press, 1957.<\/p>\n<p>GREENBERG, J. Historical Linguistics and Unwritten Languages. In Kroeber A. L. (Org.) <em>Anthropology Today<\/em>. Chicago: University of Chicago Press, 1953. pp. 265-286.<\/p>\n<p>JOSEPH, B.; JANDA, R (Orgs.) <em>The Handbook of Historical Linguistics<\/em>. Blackwell, 2003.<\/p>\n<p>KOCH, H. Morphological Reconstruction. In: Mark Durie e Malcolm Ross (orgs.) <em>The Comparative Method Reviewed: <\/em>Regularity and Irregularity in Sound Change<em>.<\/em> New York, Oxford: Oxford University Press, 1996.<\/p>\n<p>NICHOLS, J. The Comparative Method as Heuristic. In DURIE, M.; ROSS, M. (Eds.) <em>The Comparative Method Reviewed: <\/em>Regularity and Irregularity in Sound Change<em>. <\/em>New York, Oxford: Oxford University Press, 1996.<\/p>\n<p>WICHMANN, S. Internal Language Classification. In LURAGHI, S.; BUBENIK, V. (Orgs.). <em>The Continuum Companion to Historical Linguistics<\/em>. Continuum Press, 2010. pp. 70-86.<\/td>\n<\/tr>\n<\/tbody>\n<\/table>\n","protected":false},"excerpt":{"rendered":"<p>Lingu\u00edstica Hist\u00f3rica Optativa CH: 45h Cred.: 03 Linguagens na Amaz\u00f4nia Diversidade Lingu\u00edstica na Amaz\u00f4nia EMENTA Estudos sobre m\u00e9todo hist\u00f3rico-comparativo, reconstru\u00e7\u00e3o comparativa e interna. BIBLIOGRAFIA CAMPBELL, L.; GRONDONA, V. (Orgs.) The Indigenous Languages of South America: A Comprehensive Guide. Berlin: De Gruyter Mouton, 2012. CAMPBELL, L. American Indian Languages: The Historical Linguistics of Native America. Oxford:&#8230;<\/p>\n","protected":false},"author":3826,"featured_media":0,"parent":69,"menu_order":0,"comment_status":"closed","ping_status":"closed","template":"","meta":{"inline_featured_image":false,"ngg_post_thumbnail":0,"footnotes":""},"folder":[],"class_list":["post-238","page","type-page","status-publish","hentry","entry"],"_links":{"self":[{"href":"http:\/\/www2.unifap.br\/ppglet\/wp-json\/wp\/v2\/pages\/238","targetHints":{"allow":["GET"]}}],"collection":[{"href":"http:\/\/www2.unifap.br\/ppglet\/wp-json\/wp\/v2\/pages"}],"about":[{"href":"http:\/\/www2.unifap.br\/ppglet\/wp-json\/wp\/v2\/types\/page"}],"author":[{"embeddable":true,"href":"http:\/\/www2.unifap.br\/ppglet\/wp-json\/wp\/v2\/users\/3826"}],"replies":[{"embeddable":true,"href":"http:\/\/www2.unifap.br\/ppglet\/wp-json\/wp\/v2\/comments?post=238"}],"version-history":[{"count":1,"href":"http:\/\/www2.unifap.br\/ppglet\/wp-json\/wp\/v2\/pages\/238\/revisions"}],"predecessor-version":[{"id":239,"href":"http:\/\/www2.unifap.br\/ppglet\/wp-json\/wp\/v2\/pages\/238\/revisions\/239"}],"up":[{"embeddable":true,"href":"http:\/\/www2.unifap.br\/ppglet\/wp-json\/wp\/v2\/pages\/69"}],"wp:attachment":[{"href":"http:\/\/www2.unifap.br\/ppglet\/wp-json\/wp\/v2\/media?parent=238"}],"wp:term":[{"taxonomy":"folder","embeddable":true,"href":"http:\/\/www2.unifap.br\/ppglet\/wp-json\/wp\/v2\/folder?post=238"}],"curies":[{"name":"wp","href":"https:\/\/api.w.org\/{rel}","templated":true}]}}