{"id":240,"date":"2019-03-22T19:22:22","date_gmt":"2019-03-22T22:22:22","guid":{"rendered":"http:\/\/www2.unifap.br\/ppglet\/?page_id=240"},"modified":"2021-08-07T17:50:59","modified_gmt":"2021-08-07T20:50:59","slug":"documentacao-linguistica","status":"publish","type":"page","link":"http:\/\/www2.unifap.br\/ppglet\/programa\/estrutura-curricular\/documentacao-linguistica\/","title":{"rendered":"Documenta\u00e7\u00e3o Lingu\u00edstica"},"content":{"rendered":"<table width=\"579\">\n<tbody>\n<tr>\n<td colspan=\"4\" width=\"397\"><em>Documenta\u00e7\u00e3o Lingu\u00edstica<\/em><\/td>\n<td width=\"183\">Optativa<\/td>\n<\/tr>\n<tr>\n<td width=\"66\">CH: 45h<\/td>\n<td width=\"85\">Cred.: 03<\/td>\n<td width=\"189\">Linguagens na Amaz\u00f4nia<\/td>\n<td colspan=\"2\" width=\"239\">Diversidade Lingu\u00edstica na Amaz\u00f4nia<\/td>\n<\/tr>\n<tr>\n<td colspan=\"5\" width=\"579\">EMENTA<\/td>\n<\/tr>\n<tr>\n<td colspan=\"5\" width=\"579\">An\u00e1lise dos princ\u00edpios da documenta\u00e7\u00e3o lingu\u00edstica: fatores \u00e9ticos e planejamento do trabalho de campo. Tecnologias dispon\u00edveis, seus m\u00e9todos de coleta e tratamento digital de <em>corpora<\/em>.<\/td>\n<\/tr>\n<tr>\n<td colspan=\"5\" width=\"579\">BIBLIOGRAFIA<\/td>\n<\/tr>\n<tr>\n<td colspan=\"5\" width=\"579\">BIRD, S; SIMONS, G. Seven dimensions of portability for language documentation and description. <em>Language<\/em> v. 79, n 3, pp. 557-582, 2003.<\/p>\n<p>BOWERN, C. <em>Linguistic Field Work.<\/em> A Practical Guide. New York: Palgrave Macmillan, 2008.<\/p>\n<p>CRAIG, C. G. Los linguistas frente a las lenguas ind\u00edgenas. In QUEIXAL\u00d3S, F.; RENAULT-LESCURE (orgs.). <em>As l\u00ednguas amaz\u00f4nicas hoje<\/em>. S\u00e3o Paulo: IRD\/ISA\/MPEG, 2000, pp.37-52.<\/p>\n<p>GIPPERT, J.; HIMMELMANN, N. P.; MOSEL, U. <em>Essentials of <\/em>Language Documentation. Berlin: Mouton de Gruyter, 2006.<\/p>\n<p>HAG\u00c8GE, C.<em> No a la muerte de las Lenguas<\/em>. Barcelona: Paid\u00f3s. 2000.<\/p>\n<p>HIMMELMANN, N. P. Documentary and descriptive linguistics. <em>Linguistics<\/em> v. 36, pp. 161-195, 1998.<\/p>\n<p>IPHAN. <em>Guia de Pesquisa e Documenta\u00e7\u00e3o para o INDL<\/em>: patrim\u00f4nio cultural e diversidade lingu\u00edstica (vols. 1 e 2). Bras\u00edlia: IPHAN, 2014.<\/p>\n<p>LADEFOGED, P. <em>Phonetic Data Analysis<\/em>. An Introduction to Fieldwork and Instrumental Techniques. Oxford: Blackwell Publishing, 2003.<\/p>\n<p>MOORE, D. A.; GALUCIO, A. V.; GABAS, N. Jr. Desafio de documentar e preservar l\u00ednguas. Amaz\u00f4nia. <em>A Floresta e o Futuro<\/em>, v. 3, pp. 36-43, 2008.<\/td>\n<\/tr>\n<\/tbody>\n<\/table>\n","protected":false},"excerpt":{"rendered":"<p>Documenta\u00e7\u00e3o Lingu\u00edstica Optativa CH: 45h Cred.: 03 Linguagens na Amaz\u00f4nia Diversidade Lingu\u00edstica na Amaz\u00f4nia EMENTA An\u00e1lise dos princ\u00edpios da documenta\u00e7\u00e3o lingu\u00edstica: fatores \u00e9ticos e planejamento do trabalho de campo. Tecnologias dispon\u00edveis, seus m\u00e9todos de coleta e tratamento digital de corpora. BIBLIOGRAFIA BIRD, S; SIMONS, G. Seven dimensions of portability for language documentation and description. Language&#8230;<\/p>\n","protected":false},"author":3826,"featured_media":0,"parent":69,"menu_order":0,"comment_status":"closed","ping_status":"closed","template":"","meta":{"inline_featured_image":false,"ngg_post_thumbnail":0,"footnotes":""},"folder":[],"class_list":["post-240","page","type-page","status-publish","hentry","entry"],"_links":{"self":[{"href":"http:\/\/www2.unifap.br\/ppglet\/wp-json\/wp\/v2\/pages\/240","targetHints":{"allow":["GET"]}}],"collection":[{"href":"http:\/\/www2.unifap.br\/ppglet\/wp-json\/wp\/v2\/pages"}],"about":[{"href":"http:\/\/www2.unifap.br\/ppglet\/wp-json\/wp\/v2\/types\/page"}],"author":[{"embeddable":true,"href":"http:\/\/www2.unifap.br\/ppglet\/wp-json\/wp\/v2\/users\/3826"}],"replies":[{"embeddable":true,"href":"http:\/\/www2.unifap.br\/ppglet\/wp-json\/wp\/v2\/comments?post=240"}],"version-history":[{"count":2,"href":"http:\/\/www2.unifap.br\/ppglet\/wp-json\/wp\/v2\/pages\/240\/revisions"}],"predecessor-version":[{"id":3192,"href":"http:\/\/www2.unifap.br\/ppglet\/wp-json\/wp\/v2\/pages\/240\/revisions\/3192"}],"up":[{"embeddable":true,"href":"http:\/\/www2.unifap.br\/ppglet\/wp-json\/wp\/v2\/pages\/69"}],"wp:attachment":[{"href":"http:\/\/www2.unifap.br\/ppglet\/wp-json\/wp\/v2\/media?parent=240"}],"wp:term":[{"taxonomy":"folder","embeddable":true,"href":"http:\/\/www2.unifap.br\/ppglet\/wp-json\/wp\/v2\/folder?post=240"}],"curies":[{"name":"wp","href":"https:\/\/api.w.org\/{rel}","templated":true}]}}