{"id":244,"date":"2019-03-22T19:23:17","date_gmt":"2019-03-22T22:23:17","guid":{"rendered":"http:\/\/www2.unifap.br\/ppglet\/?page_id=244"},"modified":"2019-07-25T01:35:34","modified_gmt":"2019-07-25T04:35:34","slug":"topicos-em-linguistica-ii","status":"publish","type":"page","link":"http:\/\/www2.unifap.br\/ppglet\/programa\/estrutura-curricular\/topicos-em-linguistica-ii\/","title":{"rendered":"T\u00f3picos em Estudos Lingu\u00edsticos II"},"content":{"rendered":"<table width=\"579\">\n<tbody>\n<tr>\n<td colspan=\"4\" width=\"397\"><em>T\u00f3picos em Lingu\u00edstica II<\/em><\/td>\n<td width=\"183\">Optativa<\/td>\n<\/tr>\n<tr>\n<td width=\"66\">CH: 45h<\/td>\n<td width=\"85\">Cred.: 03<\/td>\n<td width=\"189\">Linguagens na Amaz\u00f4nia<\/td>\n<td colspan=\"2\" width=\"239\">Diversidade Lingu\u00edstica na Amaz\u00f4nia<\/td>\n<\/tr>\n<tr>\n<td colspan=\"5\" width=\"579\">EMENTA<\/td>\n<\/tr>\n<tr>\n<td colspan=\"5\" width=\"579\">Caracter\u00edsticas gramaticais, tipol\u00f3gicas e hist\u00f3ricas das l\u00ednguas ind\u00edgenas brasileiras, com especial aten\u00e7\u00e3o \u00e0quelas faladas na regi\u00e3o amaz\u00f4nica.<\/td>\n<\/tr>\n<tr>\n<td colspan=\"5\" width=\"579\">BIBLIOGRAFIA<\/td>\n<\/tr>\n<tr>\n<td colspan=\"5\" width=\"579\">ADELAAR, W. F. H.; VALENZUELA, P.; ZARIQUIEY, R. (Eds.). <em>Estudios sobre lenguas andinas y amaz\u00f3nicas<\/em>: homenaje a Rodolfo Cerr\u00f3n-Palomino. Lima: Fondo Editorial de Pontificia Universidad Catolica del Per\u00fa, 2011.<\/p>\n<p>CAMPBELL, L.; GRONDONA, V. (Eds.). <em>Indigenous languages of South American<\/em>. Vol. 2. Boston: Mouton de Gruyter, 2012.<\/p>\n<p>DIXON, R. M. W.; AIKHENVALD, A.Y. (Eds.). <em>The Amazonian Languages<\/em>. Cambridge: Cambridge University Press, 1999.<\/p>\n<p>GARAY, A. F.; CENSABELLA, M.; MALVESTITI (Eds.). <em>Ling\u00fc\u00edstica Amer\u00edndia:<\/em> contribuiciones y perspectivas. Buenos Aires: Editorial de la Facultad de Fiolosof\u00eda y Letras Universidad de Buenos Aires, 2013.<\/p>\n<p>PAYNE, D. <em>Amazonian Linguistics<\/em>. Studies in Lowland South American Languages, 1990. Austin: Texas University Press.<\/p>\n<p>RODRIGUES, A. D. <em>L\u00ednguas Brasileiras:<\/em> para o conhecimento das l\u00ednguas ind\u00edgenas. S\u00e3o Paulo: Edi\u00e7\u00f5es Loyola, 1985.<\/p>\n<p>SEKI, L. A Ling\u00fc\u00edstica ind\u00edgena no Brasil. <em>DELTA<\/em>, S\u00e3o Paulo, v. 15, n. especial, p 257-90. 1999.<\/p>\n<p>STORTO, L.; FRANCHETTO, B.; LIMA, S. (Orgs.). <em>Sintaxe e sem\u00e2ntica do verbo em l\u00ednguas ind\u00edgenas no Brasil<\/em>. Campinas, SP: Mercado de Letras, 2014.<\/p>\n<p><em>Revista Liames. <\/em>Instituto de Estudos da Linguagem da Universidade Estadual de Campinas (IEL\/UNICAMP) &#8211; Campinas, SP.<\/p>\n<p><em>Revista Brasileira de Lingu\u00edstica Antropol\u00f3gica<\/em>. Laborat\u00f3rio de L\u00ednguas Ind\u00edgenas da Universidade de Bras\u00edlia (LALI\/UnB) &#8211; Bras\u00edlia, DF.<\/td>\n<\/tr>\n<\/tbody>\n<\/table>\n","protected":false},"excerpt":{"rendered":"<p>T\u00f3picos em Lingu\u00edstica II Optativa CH: 45h Cred.: 03 Linguagens na Amaz\u00f4nia Diversidade Lingu\u00edstica na Amaz\u00f4nia EMENTA Caracter\u00edsticas gramaticais, tipol\u00f3gicas e hist\u00f3ricas das l\u00ednguas ind\u00edgenas brasileiras, com especial aten\u00e7\u00e3o \u00e0quelas faladas na regi\u00e3o amaz\u00f4nica. BIBLIOGRAFIA ADELAAR, W. F. H.; VALENZUELA, P.; ZARIQUIEY, R. (Eds.). Estudios sobre lenguas andinas y amaz\u00f3nicas: homenaje a Rodolfo Cerr\u00f3n-Palomino. Lima:&#8230;<\/p>\n","protected":false},"author":3826,"featured_media":0,"parent":69,"menu_order":0,"comment_status":"closed","ping_status":"closed","template":"","meta":{"inline_featured_image":false,"ngg_post_thumbnail":0,"footnotes":""},"folder":[],"class_list":["post-244","page","type-page","status-publish","hentry","entry"],"_links":{"self":[{"href":"http:\/\/www2.unifap.br\/ppglet\/wp-json\/wp\/v2\/pages\/244","targetHints":{"allow":["GET"]}}],"collection":[{"href":"http:\/\/www2.unifap.br\/ppglet\/wp-json\/wp\/v2\/pages"}],"about":[{"href":"http:\/\/www2.unifap.br\/ppglet\/wp-json\/wp\/v2\/types\/page"}],"author":[{"embeddable":true,"href":"http:\/\/www2.unifap.br\/ppglet\/wp-json\/wp\/v2\/users\/3826"}],"replies":[{"embeddable":true,"href":"http:\/\/www2.unifap.br\/ppglet\/wp-json\/wp\/v2\/comments?post=244"}],"version-history":[{"count":2,"href":"http:\/\/www2.unifap.br\/ppglet\/wp-json\/wp\/v2\/pages\/244\/revisions"}],"predecessor-version":[{"id":506,"href":"http:\/\/www2.unifap.br\/ppglet\/wp-json\/wp\/v2\/pages\/244\/revisions\/506"}],"up":[{"embeddable":true,"href":"http:\/\/www2.unifap.br\/ppglet\/wp-json\/wp\/v2\/pages\/69"}],"wp:attachment":[{"href":"http:\/\/www2.unifap.br\/ppglet\/wp-json\/wp\/v2\/media?parent=244"}],"wp:term":[{"taxonomy":"folder","embeddable":true,"href":"http:\/\/www2.unifap.br\/ppglet\/wp-json\/wp\/v2\/folder?post=244"}],"curies":[{"name":"wp","href":"https:\/\/api.w.org\/{rel}","templated":true}]}}