{"id":246,"date":"2019-03-22T19:23:39","date_gmt":"2019-03-22T22:23:39","guid":{"rendered":"http:\/\/www2.unifap.br\/ppglet\/?page_id=246"},"modified":"2019-07-25T01:35:45","modified_gmt":"2019-07-25T04:35:45","slug":"topicos-em-linguistica-iii","status":"publish","type":"page","link":"http:\/\/www2.unifap.br\/ppglet\/programa\/estrutura-curricular\/topicos-em-linguistica-iii\/","title":{"rendered":"T\u00f3picos em Estudos Lingu\u00edsticos III"},"content":{"rendered":"<table width=\"579\">\n<tbody>\n<tr>\n<td colspan=\"4\" width=\"397\"><em>T\u00f3picos em Lingu\u00edstica III<\/em><\/td>\n<td width=\"183\">Optativa<\/td>\n<\/tr>\n<tr>\n<td width=\"66\">CH: 45h<\/td>\n<td width=\"85\">Cred.: 03<\/td>\n<td width=\"189\">Linguagens na Amaz\u00f4nia<\/td>\n<td colspan=\"2\" width=\"239\">Diversidade Lingu\u00edstica na Amaz\u00f4nia<\/td>\n<\/tr>\n<tr>\n<td colspan=\"5\" width=\"579\">EMENTA<\/td>\n<\/tr>\n<tr>\n<td colspan=\"5\" width=\"579\">Caracter\u00edsticas gramaticais de l\u00ednguas crioulas das Am\u00e9ricas, \u00c1frica e Pac\u00edfico.<\/td>\n<\/tr>\n<tr>\n<td colspan=\"5\" width=\"579\">BIBLIOGRAFIA<\/td>\n<\/tr>\n<tr>\n<td colspan=\"5\" width=\"579\">ALLEYNE, M. C.; FERREIRA, J. S. Comparative perspectives on the origins, development and structure of Amazonian (Karip\u00fana) French Creole. <em>Synchronic and diachronic perspectives on contact languages<\/em>, v. 32, p. 325, 2007.<\/p>\n<p>ANONBY, S. <em>A Report on the Creoles of Amap\u00e1<\/em>. <em>SIL Electronic Survey Reports<\/em>, v. 20, p. 27, 2007.<\/p>\n<p>Bickerton, Derek (1983), &#8220;Creole Languages&#8221;, <em>Scientific American<\/em>, <strong>249<\/strong> (8): 116\u2013122, <a href=\"https:\/\/en.wikipedia.org\/wiki\/Digital_object_identifier\">doi<\/a>:<a href=\"https:\/\/doi.org\/10.1038%2Fscientificamerican0783-116\">10.1038\/scientificamerican0783-116<\/a>.<\/p>\n<p>DeGraff, Michel (2003), &#8220;Against Creole Exceptionalism&#8221;, <em>Language<\/em>, <strong>79<\/strong> (2): 391\u2013410, <a href=\"https:\/\/en.wikipedia.org\/wiki\/Digital_object_identifier\">doi<\/a>:<a href=\"https:\/\/doi.org\/10.1353%2Flan.2003.0114\">10.1353\/lan.2003.0114<\/a><\/p>\n<p>Hymes, D. H. (1971), <em>Pidginization and Creolization of Languages<\/em>, Cambridge University Press.<\/p>\n<p>HOLM, J. <em>An introduction to pidgins and creoles<\/em>. Cambridge\/NY: Cambridge University Press, 2000.<\/p>\n<p>McWhorter, John H. (2005), <em>Defining Creole<\/em>, Oxford: Oxford University Press.<\/p>\n<p>KOUWENBERG, S.; SINGLER, J. V. (Orgs.). <em>The Handbook of Pidgin and Creole Studies<\/em>. Wiley-Blackwell, 2008.<\/p>\n<p>SIEGEL, J. <em>The emergence of pidgin and creole languages<\/em>. Oxford: Oxford University Press, 2008.<\/p>\n<p>THOMASON, S. G.; KAUFMAN, T. <em>Language contact, creolization, and genetic linguistics<\/em>. California: University of California Press, 1992.<\/p>\n<p>&nbsp;<\/td>\n<\/tr>\n<\/tbody>\n<\/table>\n","protected":false},"excerpt":{"rendered":"<p>T\u00f3picos em Lingu\u00edstica III Optativa CH: 45h Cred.: 03 Linguagens na Amaz\u00f4nia Diversidade Lingu\u00edstica na Amaz\u00f4nia EMENTA Caracter\u00edsticas gramaticais de l\u00ednguas crioulas das Am\u00e9ricas, \u00c1frica e Pac\u00edfico. BIBLIOGRAFIA ALLEYNE, M. C.; FERREIRA, J. S. Comparative perspectives on the origins, development and structure of Amazonian (Karip\u00fana) French Creole. Synchronic and diachronic perspectives on contact languages, v&#8230;.<\/p>\n","protected":false},"author":3826,"featured_media":0,"parent":69,"menu_order":0,"comment_status":"closed","ping_status":"closed","template":"","meta":{"inline_featured_image":false,"ngg_post_thumbnail":0,"footnotes":""},"folder":[],"class_list":["post-246","page","type-page","status-publish","hentry","entry"],"_links":{"self":[{"href":"http:\/\/www2.unifap.br\/ppglet\/wp-json\/wp\/v2\/pages\/246","targetHints":{"allow":["GET"]}}],"collection":[{"href":"http:\/\/www2.unifap.br\/ppglet\/wp-json\/wp\/v2\/pages"}],"about":[{"href":"http:\/\/www2.unifap.br\/ppglet\/wp-json\/wp\/v2\/types\/page"}],"author":[{"embeddable":true,"href":"http:\/\/www2.unifap.br\/ppglet\/wp-json\/wp\/v2\/users\/3826"}],"replies":[{"embeddable":true,"href":"http:\/\/www2.unifap.br\/ppglet\/wp-json\/wp\/v2\/comments?post=246"}],"version-history":[{"count":2,"href":"http:\/\/www2.unifap.br\/ppglet\/wp-json\/wp\/v2\/pages\/246\/revisions"}],"predecessor-version":[{"id":507,"href":"http:\/\/www2.unifap.br\/ppglet\/wp-json\/wp\/v2\/pages\/246\/revisions\/507"}],"up":[{"embeddable":true,"href":"http:\/\/www2.unifap.br\/ppglet\/wp-json\/wp\/v2\/pages\/69"}],"wp:attachment":[{"href":"http:\/\/www2.unifap.br\/ppglet\/wp-json\/wp\/v2\/media?parent=246"}],"wp:term":[{"taxonomy":"folder","embeddable":true,"href":"http:\/\/www2.unifap.br\/ppglet\/wp-json\/wp\/v2\/folder?post=246"}],"curies":[{"name":"wp","href":"https:\/\/api.w.org\/{rel}","templated":true}]}}