{"id":250,"date":"2019-03-22T19:25:27","date_gmt":"2019-03-22T22:25:27","guid":{"rendered":"http:\/\/www2.unifap.br\/ppglet\/?page_id=250"},"modified":"2019-03-22T20:14:03","modified_gmt":"2019-03-22T23:14:03","slug":"metodologias-de-pesquisa-em-literatura","status":"publish","type":"page","link":"http:\/\/www2.unifap.br\/ppglet\/programa\/estrutura-curricular\/metodologias-de-pesquisa-em-literatura\/","title":{"rendered":"Metodologias de Pesquisa em Literatura"},"content":{"rendered":"<table width=\"579\">\n<tbody>\n<tr>\n<td colspan=\"4\" width=\"397\"><em>Metodologias de Pesquisa em Literatura<\/em><\/td>\n<td width=\"183\">Obrigat\u00f3ria<\/td>\n<\/tr>\n<tr>\n<td width=\"66\">CH: 30h<\/td>\n<td width=\"85\">Cred.: 02<\/td>\n<td width=\"189\">Linguagens na Amaz\u00f4nia<\/td>\n<td colspan=\"2\" width=\"239\">Literatura, Cultura e Mem\u00f3ria<\/td>\n<\/tr>\n<tr>\n<td colspan=\"5\" width=\"579\">EMENTA<\/td>\n<\/tr>\n<tr>\n<td colspan=\"5\" width=\"579\">Discuss\u00e3o dos elementos te\u00f3rico-metodol\u00f3gicos dos projetos de pesquisa.<\/td>\n<\/tr>\n<tr>\n<td colspan=\"5\" width=\"579\">BIBLIOGRAFIA<\/td>\n<\/tr>\n<tr>\n<td colspan=\"5\" width=\"579\">ADORNO, T. <em>O ensaio como forma<\/em>. In: ADORNO, T. Notas de literatura I. S\u00e3o Paulo Duas Cidades, 2012. p.15-46.<\/p>\n<p>BOURDIEU, P. <em>M\u00e9ditations pascaliennes<\/em>. Paris: Editions du Seuil, 1997.<\/p>\n<p>ECO, Umberto. <em>Como se faz uma tese<\/em>. S\u00e3o Paulo: Perspectiva, 2008.<\/p>\n<p>EVEN-ZOHAR, I. La literatura como bienes y como herramientas. In: LLANUEVA, D.; MONEGAL, A.; BOU, E. (Orgs.). <em>Sin fronteras<\/em>: ensayos de literatura comparada en homenaje a Claudio Guill\u00e9n. Madrid: Castalia, 1999. p. 27-36.<\/p>\n<p>GIL, A. C. <em>Como elaborar projetos de pesquisa. <\/em>S\u00e3o Paulo: Atlas, 2002.<\/p>\n<p>MEDEIROS, J. B. <em>Reda\u00e7\u00e3o cient\u00edfica.<\/em> 8\u00aa ed. S\u00e3o Paulo: Atlas. 2006<\/td>\n<\/tr>\n<\/tbody>\n<\/table>\n","protected":false},"excerpt":{"rendered":"<p>Metodologias de Pesquisa em Literatura Obrigat\u00f3ria CH: 30h Cred.: 02 Linguagens na Amaz\u00f4nia Literatura, Cultura e Mem\u00f3ria EMENTA Discuss\u00e3o dos elementos te\u00f3rico-metodol\u00f3gicos dos projetos de pesquisa. BIBLIOGRAFIA ADORNO, T. O ensaio como forma. In: ADORNO, T. Notas de literatura I. S\u00e3o Paulo Duas Cidades, 2012. p.15-46. BOURDIEU, P. M\u00e9ditations pascaliennes. Paris: Editions du Seuil, 1997&#8230;.<\/p>\n","protected":false},"author":3826,"featured_media":0,"parent":69,"menu_order":0,"comment_status":"closed","ping_status":"closed","template":"","meta":{"inline_featured_image":false,"ngg_post_thumbnail":0,"footnotes":""},"folder":[],"class_list":["post-250","page","type-page","status-publish","hentry","entry"],"_links":{"self":[{"href":"http:\/\/www2.unifap.br\/ppglet\/wp-json\/wp\/v2\/pages\/250","targetHints":{"allow":["GET"]}}],"collection":[{"href":"http:\/\/www2.unifap.br\/ppglet\/wp-json\/wp\/v2\/pages"}],"about":[{"href":"http:\/\/www2.unifap.br\/ppglet\/wp-json\/wp\/v2\/types\/page"}],"author":[{"embeddable":true,"href":"http:\/\/www2.unifap.br\/ppglet\/wp-json\/wp\/v2\/users\/3826"}],"replies":[{"embeddable":true,"href":"http:\/\/www2.unifap.br\/ppglet\/wp-json\/wp\/v2\/comments?post=250"}],"version-history":[{"count":1,"href":"http:\/\/www2.unifap.br\/ppglet\/wp-json\/wp\/v2\/pages\/250\/revisions"}],"predecessor-version":[{"id":251,"href":"http:\/\/www2.unifap.br\/ppglet\/wp-json\/wp\/v2\/pages\/250\/revisions\/251"}],"up":[{"embeddable":true,"href":"http:\/\/www2.unifap.br\/ppglet\/wp-json\/wp\/v2\/pages\/69"}],"wp:attachment":[{"href":"http:\/\/www2.unifap.br\/ppglet\/wp-json\/wp\/v2\/media?parent=250"}],"wp:term":[{"taxonomy":"folder","embeddable":true,"href":"http:\/\/www2.unifap.br\/ppglet\/wp-json\/wp\/v2\/folder?post=250"}],"curies":[{"name":"wp","href":"https:\/\/api.w.org\/{rel}","templated":true}]}}