{"id":252,"date":"2019-03-22T19:25:50","date_gmt":"2019-03-22T22:25:50","guid":{"rendered":"http:\/\/www2.unifap.br\/ppglet\/?page_id=252"},"modified":"2019-03-22T20:16:07","modified_gmt":"2019-03-22T23:16:07","slug":"teorias-criticas","status":"publish","type":"page","link":"http:\/\/www2.unifap.br\/ppglet\/programa\/estrutura-curricular\/teorias-criticas\/","title":{"rendered":"Teorias Cr\u00edticas"},"content":{"rendered":"<table width=\"579\">\n<tbody>\n<tr>\n<td colspan=\"4\" width=\"397\"><em>Teorias Cr\u00edticas<\/em><\/td>\n<td width=\"183\">Obrigat\u00f3ria<\/td>\n<\/tr>\n<tr>\n<td width=\"66\">CH: 60h<\/td>\n<td width=\"85\">Cred.: 02<\/td>\n<td width=\"189\">Linguagens na Amaz\u00f4nia<\/td>\n<td colspan=\"2\" width=\"239\">Literatura, Cultura e Mem\u00f3ria<\/td>\n<\/tr>\n<tr>\n<td colspan=\"5\" width=\"579\">EMENTA<\/td>\n<\/tr>\n<tr>\n<td colspan=\"5\" width=\"579\">An\u00e1lise das perspectivas hist\u00f3rico-cr\u00edtica e comparativa de teorias cr\u00edticas da literatura, a partir do s\u00e9culo XX. Exame dos pressupostos metodol\u00f3gicos de teorias cr\u00edticas da literatura. Estudo de suas repercuss\u00f5es e\/ou deriva\u00e7\u00f5es no momento presente.<\/td>\n<\/tr>\n<tr>\n<td colspan=\"5\" width=\"579\">BIBLIOGRAFIA<\/td>\n<\/tr>\n<tr>\n<td colspan=\"5\" width=\"579\">BAKHTIN, M. Marxismo e filosofia da linguagem. 6. ed. S\u00e3o Paulo: Hucitec, 2004.<\/p>\n<p>BHABHA, H. K. O local da cultura. Belo Horizonte: Editora da UFMG, 2007.<\/p>\n<p>BURKE, P. Hibridismo Cultural. S\u00e3o Leopoldo: Unisinos, 2003.<\/p>\n<p>BURKE, P. A Escrita da hist\u00f3ria. S\u00e3o Paulo: Editora da UNESP, 1992.<\/p>\n<p>EAGLETON, T. A ideia de cultura. S\u00e3o Paulo, SP: Universidade Estadual Paulista, 2005.<\/p>\n<p>HALL, S. A identidade cultural na p\u00f3s-modernidade. Rio de Janeiro: DP&amp;A, 1999.<\/p>\n<p>JAMESON, F. O inconsciente pol\u00edtico: a narrativa como ato socialmente simb\u00f3lico. S\u00e3o Paulo: \u00c1tica, 1992.<\/p>\n<p>JAMESON, F. Marxismo e forma: teorias dial\u00e9ticas da literatura no s\u00e9culo XX. S\u00e3o Paulo: Hucitec, 1985.<\/p>\n<p>SILVA, T. T. Identidade e diferen\u00e7a: A perspectiva dos Estudos Culturais. Rio de Janeiro: Vozes, 2000.<\/p>\n<p>SPIVAK, G. C. Pode o subalterno falar? Belo Horizonte: Editora da UFMG, 2014.<\/td>\n<\/tr>\n<\/tbody>\n<\/table>\n","protected":false},"excerpt":{"rendered":"<p>Teorias Cr\u00edticas Obrigat\u00f3ria CH: 60h Cred.: 02 Linguagens na Amaz\u00f4nia Literatura, Cultura e Mem\u00f3ria EMENTA An\u00e1lise das perspectivas hist\u00f3rico-cr\u00edtica e comparativa de teorias cr\u00edticas da literatura, a partir do s\u00e9culo XX. Exame dos pressupostos metodol\u00f3gicos de teorias cr\u00edticas da literatura. Estudo de suas repercuss\u00f5es e\/ou deriva\u00e7\u00f5es no momento presente. BIBLIOGRAFIA BAKHTIN, M. Marxismo e filosofia&#8230;<\/p>\n","protected":false},"author":3826,"featured_media":0,"parent":69,"menu_order":0,"comment_status":"closed","ping_status":"closed","template":"","meta":{"inline_featured_image":false,"ngg_post_thumbnail":0,"footnotes":""},"folder":[],"class_list":["post-252","page","type-page","status-publish","hentry","entry"],"_links":{"self":[{"href":"http:\/\/www2.unifap.br\/ppglet\/wp-json\/wp\/v2\/pages\/252","targetHints":{"allow":["GET"]}}],"collection":[{"href":"http:\/\/www2.unifap.br\/ppglet\/wp-json\/wp\/v2\/pages"}],"about":[{"href":"http:\/\/www2.unifap.br\/ppglet\/wp-json\/wp\/v2\/types\/page"}],"author":[{"embeddable":true,"href":"http:\/\/www2.unifap.br\/ppglet\/wp-json\/wp\/v2\/users\/3826"}],"replies":[{"embeddable":true,"href":"http:\/\/www2.unifap.br\/ppglet\/wp-json\/wp\/v2\/comments?post=252"}],"version-history":[{"count":1,"href":"http:\/\/www2.unifap.br\/ppglet\/wp-json\/wp\/v2\/pages\/252\/revisions"}],"predecessor-version":[{"id":253,"href":"http:\/\/www2.unifap.br\/ppglet\/wp-json\/wp\/v2\/pages\/252\/revisions\/253"}],"up":[{"embeddable":true,"href":"http:\/\/www2.unifap.br\/ppglet\/wp-json\/wp\/v2\/pages\/69"}],"wp:attachment":[{"href":"http:\/\/www2.unifap.br\/ppglet\/wp-json\/wp\/v2\/media?parent=252"}],"wp:term":[{"taxonomy":"folder","embeddable":true,"href":"http:\/\/www2.unifap.br\/ppglet\/wp-json\/wp\/v2\/folder?post=252"}],"curies":[{"name":"wp","href":"https:\/\/api.w.org\/{rel}","templated":true}]}}