{"id":254,"date":"2019-03-22T19:26:14","date_gmt":"2019-03-22T22:26:14","guid":{"rendered":"http:\/\/www2.unifap.br\/ppglet\/?page_id=254"},"modified":"2019-03-22T20:13:45","modified_gmt":"2019-03-22T23:13:45","slug":"literatura-cultura-e-memoria-na-amazonia","status":"publish","type":"page","link":"http:\/\/www2.unifap.br\/ppglet\/programa\/estrutura-curricular\/literatura-cultura-e-memoria-na-amazonia\/","title":{"rendered":"Literatura, Cultura e Mem\u00f3ria na Amaz\u00f4nia"},"content":{"rendered":"<table width=\"579\">\n<tbody>\n<tr>\n<td colspan=\"4\" width=\"397\"><em>Literatura, Cultura e Mem\u00f3ria na Amaz\u00f4nia<\/em><\/td>\n<td width=\"183\">Optativa<\/td>\n<\/tr>\n<tr>\n<td width=\"66\">CH: 45h<\/td>\n<td width=\"85\">Cred.: 03<\/td>\n<td width=\"189\">Linguagens na Amaz\u00f4nia<\/td>\n<td colspan=\"2\" width=\"239\">Literatura, Cultura e Mem\u00f3ria<\/td>\n<\/tr>\n<tr>\n<td colspan=\"5\" width=\"579\">EMENTA<\/td>\n<\/tr>\n<tr>\n<td colspan=\"5\" width=\"579\">Estudo de quest\u00f5es relativas \u00e0 cultura e \u00e0 mem\u00f3ria presentes no acervo liter\u00e1rio da Amaz\u00f4nia e do Amap\u00e1. An\u00e1lise de textos ficcionais sobre a constitui\u00e7\u00e3o do espa\u00e7o amaz\u00f4nico a partir da cr\u00edtica p\u00f3s-colonial.<\/td>\n<\/tr>\n<tr>\n<td colspan=\"5\" width=\"579\">BIBLIOGRAFIA<\/td>\n<\/tr>\n<tr>\n<td colspan=\"5\" width=\"579\">BHABHA, H. K. O local da cultura. Belo Horizonte: Editora da UFMG, 2007.<\/p>\n<p>CALDAS, Y. P. <em>A Constru\u00e7\u00e3o \u00c9pica na Amaz\u00f4nia no Poema Muhuraida, de Henrique Jo\u00e3o Wilkens<\/em>. 2007. 305 f. Tese (Doutorado em Literatura Comparada) \u2013 Faculdade de Letras, Universidade Federal de Minas Gerais, Belo Horizonte, 2007.<\/p>\n<p>CANDAU, J. <em>Mem\u00f3ria e identidade<\/em>. Tradu\u00e7\u00e3o de Maria Leticia Ferreira. S\u00e3o Paulo: Contexto, 2014.<\/p>\n<p>HALL, S. <em>Da di\u00e1spora: <\/em>identidades e media\u00e7\u00f5es culturais<em>. <\/em>Trad. de Adelaine La Guardia Resende et alli<em>.<\/em> Belo Horizonte: Editora UFMG, 2013.<\/p>\n<p>HATOUM, M. <em>Relato de um certo Oriente. <\/em>S\u00e3o Paulo: Companhia das Letras, 1998.<\/p>\n<p>HATOUM, M. A natureza como fic\u00e7\u00e3o. In GROSSMANN, J. et allli (Orgs.). <em>O espa\u00e7o geogr\u00e1fico no romance brasileiro. <\/em>Salvador: Funda\u00e7\u00e3o Casa de Jorge Amado, 1993, pp. 103-17.<\/p>\n<p>PIZARRO, A. (org.). <em>Am\u00e9rica Latina: <\/em>palavra, literatura e cultura. S\u00e3o Paulo: Memorial; Campinas: Editora Unicamp, 1994.<\/p>\n<p>RAMA, A. <em>Transculturaci\u00f3n narrativa en Am\u00e9rica Latina. <\/em>Montevideo: Fundaci\u00f3n Angel Rama\/Arca Editorial, 1989.<\/p>\n<p>SAID, E. <em>Orientalismo: <\/em>o Oriente como inven\u00e7\u00e3o do Ocidente. Tradu\u00e7\u00e3o de Rosaura Eichenberg. S\u00e3o Paulo: Companhia das Letras, 2007.<\/p>\n<p>SANTOS, B. S. <em>A gram\u00e1tica do tempo: <\/em>para uma nova cultura pol\u00edtica. S\u00e3o Paulo: Cortez, 2008.<\/td>\n<\/tr>\n<\/tbody>\n<\/table>\n","protected":false},"excerpt":{"rendered":"<p>Literatura, Cultura e Mem\u00f3ria na Amaz\u00f4nia Optativa CH: 45h Cred.: 03 Linguagens na Amaz\u00f4nia Literatura, Cultura e Mem\u00f3ria EMENTA Estudo de quest\u00f5es relativas \u00e0 cultura e \u00e0 mem\u00f3ria presentes no acervo liter\u00e1rio da Amaz\u00f4nia e do Amap\u00e1. An\u00e1lise de textos ficcionais sobre a constitui\u00e7\u00e3o do espa\u00e7o amaz\u00f4nico a partir da cr\u00edtica p\u00f3s-colonial. BIBLIOGRAFIA BHABHA, H&#8230;.<\/p>\n","protected":false},"author":3826,"featured_media":0,"parent":69,"menu_order":0,"comment_status":"closed","ping_status":"closed","template":"","meta":{"inline_featured_image":false,"ngg_post_thumbnail":0,"footnotes":""},"folder":[],"class_list":["post-254","page","type-page","status-publish","hentry","entry"],"_links":{"self":[{"href":"http:\/\/www2.unifap.br\/ppglet\/wp-json\/wp\/v2\/pages\/254","targetHints":{"allow":["GET"]}}],"collection":[{"href":"http:\/\/www2.unifap.br\/ppglet\/wp-json\/wp\/v2\/pages"}],"about":[{"href":"http:\/\/www2.unifap.br\/ppglet\/wp-json\/wp\/v2\/types\/page"}],"author":[{"embeddable":true,"href":"http:\/\/www2.unifap.br\/ppglet\/wp-json\/wp\/v2\/users\/3826"}],"replies":[{"embeddable":true,"href":"http:\/\/www2.unifap.br\/ppglet\/wp-json\/wp\/v2\/comments?post=254"}],"version-history":[{"count":1,"href":"http:\/\/www2.unifap.br\/ppglet\/wp-json\/wp\/v2\/pages\/254\/revisions"}],"predecessor-version":[{"id":255,"href":"http:\/\/www2.unifap.br\/ppglet\/wp-json\/wp\/v2\/pages\/254\/revisions\/255"}],"up":[{"embeddable":true,"href":"http:\/\/www2.unifap.br\/ppglet\/wp-json\/wp\/v2\/pages\/69"}],"wp:attachment":[{"href":"http:\/\/www2.unifap.br\/ppglet\/wp-json\/wp\/v2\/media?parent=254"}],"wp:term":[{"taxonomy":"folder","embeddable":true,"href":"http:\/\/www2.unifap.br\/ppglet\/wp-json\/wp\/v2\/folder?post=254"}],"curies":[{"name":"wp","href":"https:\/\/api.w.org\/{rel}","templated":true}]}}