{"id":256,"date":"2019-03-22T19:26:30","date_gmt":"2019-03-22T22:26:30","guid":{"rendered":"http:\/\/www2.unifap.br\/ppglet\/?page_id=256"},"modified":"2019-03-22T20:14:59","modified_gmt":"2019-03-22T23:14:59","slug":"literatura-de-viagem-na-amazonia","status":"publish","type":"page","link":"http:\/\/www2.unifap.br\/ppglet\/programa\/estrutura-curricular\/literatura-de-viagem-na-amazonia\/","title":{"rendered":"Literatura de viagem na Amaz\u00f4nia"},"content":{"rendered":"<table width=\"579\">\n<tbody>\n<tr>\n<td colspan=\"4\" width=\"397\"><em>Literatura de viagem na Amaz\u00f4nia<\/em><\/td>\n<td width=\"183\">Optativa<\/td>\n<\/tr>\n<tr>\n<td width=\"66\">CH: 45h<\/td>\n<td width=\"85\">Cred.: 03<\/td>\n<td width=\"189\">Linguagens na Amaz\u00f4nia<\/td>\n<td colspan=\"2\" width=\"239\">Literatura, Cultura e Mem\u00f3ria<\/td>\n<\/tr>\n<tr>\n<td colspan=\"5\" width=\"579\">EMENTA<\/td>\n<\/tr>\n<tr>\n<td colspan=\"5\" width=\"579\">Estudo da literatura de viagem. Constru\u00e7\u00e3o de uma ret\u00f3rica da alteridade nas obras odep\u00f3ricas sobre a Amaz\u00f4nia. Aferidores de alteridade. An\u00e1lise do olhar do viajante sobre o ind\u00edgena no espa\u00e7o amaz\u00f4nico.<\/td>\n<\/tr>\n<tr>\n<td colspan=\"5\" width=\"579\">BIBLIOGRAFIA<\/td>\n<\/tr>\n<tr>\n<td colspan=\"5\" width=\"579\">BETTENDORF, J. F. <em>Cr\u00f4nica da Miss\u00e3o dos Padres da Companhia de Jesus no Estado do Maranh\u00e3o<\/em>. Bras\u00edlia: Edi\u00e7\u00f5es do Senado Federal, vol. 115, 2010.<\/p>\n<p>BUTTOR, M. <em>Essais sur les Modernes<\/em>. Paris: Gallimard, 1960.<\/p>\n<p>CHARTIER, R. <em>A Hist\u00f3ria Cultural. <\/em>Entre Pr\u00e1ticas e Representa\u00e7\u00f5es. Tradu\u00e7\u00e3o de Maria Manuela Galhardo. Lisboa: Difel; Rio de Janeiro: Bertrand Brasil, 1990.<\/p>\n<p>CRIST\u00d3V\u00c3O, F. (Org). <em>Condicionantes Culturais da Literatura de Viagens <\/em>\u2013 Estudos e Bibliografias. Coimbra\/ Lisboa: Almedina\/ CLEPUL, 2002.<\/p>\n<p>DEL PRIORE, M.; GOMES, F. <em>Os Senhores dos Rios<\/em>. Amaz\u00f4nia, Margens &amp; Hist\u00f3rias. Rio De Janeiro: Elsevier, 2003.<\/p>\n<p>FRAN\u00c7A, J. M. C. <em>A constru\u00e7\u00e3o do Brasil na Literatura de viagem dos s\u00e9culos XVI, XVII e XVIII. <\/em>Rio de Janeiro; S\u00e3o Paulo: Jos\u00e9 Olympio Editora; Editora Unesp, 2012.<\/p>\n<p>FERREIRA, A. R. <em>Viagem filos\u00f3fica pelas capitanias do gr\u00e3o Par\u00e1, Rio Negro, Mato Grosso e Cuiaba: 1783-1792. <\/em>Rio de Janeiro: Conselho Federal de Cultura, 1971. Brasil. S\u00e3o Paulo: Cia. Editora Nacional, 3 ed., 1977.<\/p>\n<p>HARTOG, F. <em>O espelho de Her\u00f3doto<\/em>. Ensaio sobre a representa\u00e7\u00e3o do outro. Tradu\u00e7\u00e3o de Jacyntho Lins Brand\u00e3o. Belo Horizonte: UFMG, 1999.<\/p>\n<p>LANGROUVA, H. A ideia de viagem de Homero a Cam\u00f5es: texto-s\u00edntese-I. <em>Brot\u00e9ria<\/em>. Lisboa: Brot\u00e9ria, p. 267-295, n.\u00ba 156, mar\u00e7o 2003.<\/p>\n<p>VEYNE, P. <em>Acreditavam os Gregos em seus Mitos?<\/em> Ensaio sobre a imagina\u00e7\u00e3o constituinte. Editora Brasiliense, 1984.<\/p>\n<p>&nbsp;<\/td>\n<\/tr>\n<\/tbody>\n<\/table>\n","protected":false},"excerpt":{"rendered":"<p>Literatura de viagem na Amaz\u00f4nia Optativa CH: 45h Cred.: 03 Linguagens na Amaz\u00f4nia Literatura, Cultura e Mem\u00f3ria EMENTA Estudo da literatura de viagem. Constru\u00e7\u00e3o de uma ret\u00f3rica da alteridade nas obras odep\u00f3ricas sobre a Amaz\u00f4nia. Aferidores de alteridade. An\u00e1lise do olhar do viajante sobre o ind\u00edgena no espa\u00e7o amaz\u00f4nico. BIBLIOGRAFIA BETTENDORF, J. F. Cr\u00f4nica da&#8230;<\/p>\n","protected":false},"author":3826,"featured_media":0,"parent":69,"menu_order":0,"comment_status":"closed","ping_status":"closed","template":"","meta":{"inline_featured_image":false,"ngg_post_thumbnail":0,"footnotes":""},"folder":[],"class_list":["post-256","page","type-page","status-publish","hentry","entry"],"_links":{"self":[{"href":"http:\/\/www2.unifap.br\/ppglet\/wp-json\/wp\/v2\/pages\/256","targetHints":{"allow":["GET"]}}],"collection":[{"href":"http:\/\/www2.unifap.br\/ppglet\/wp-json\/wp\/v2\/pages"}],"about":[{"href":"http:\/\/www2.unifap.br\/ppglet\/wp-json\/wp\/v2\/types\/page"}],"author":[{"embeddable":true,"href":"http:\/\/www2.unifap.br\/ppglet\/wp-json\/wp\/v2\/users\/3826"}],"replies":[{"embeddable":true,"href":"http:\/\/www2.unifap.br\/ppglet\/wp-json\/wp\/v2\/comments?post=256"}],"version-history":[{"count":1,"href":"http:\/\/www2.unifap.br\/ppglet\/wp-json\/wp\/v2\/pages\/256\/revisions"}],"predecessor-version":[{"id":257,"href":"http:\/\/www2.unifap.br\/ppglet\/wp-json\/wp\/v2\/pages\/256\/revisions\/257"}],"up":[{"embeddable":true,"href":"http:\/\/www2.unifap.br\/ppglet\/wp-json\/wp\/v2\/pages\/69"}],"wp:attachment":[{"href":"http:\/\/www2.unifap.br\/ppglet\/wp-json\/wp\/v2\/media?parent=256"}],"wp:term":[{"taxonomy":"folder","embeddable":true,"href":"http:\/\/www2.unifap.br\/ppglet\/wp-json\/wp\/v2\/folder?post=256"}],"curies":[{"name":"wp","href":"https:\/\/api.w.org\/{rel}","templated":true}]}}