{"id":258,"date":"2019-03-22T19:26:49","date_gmt":"2019-03-22T22:26:49","guid":{"rendered":"http:\/\/www2.unifap.br\/ppglet\/?page_id=258"},"modified":"2019-03-22T20:14:24","modified_gmt":"2019-03-22T23:14:24","slug":"narrativa-nas-guianas","status":"publish","type":"page","link":"http:\/\/www2.unifap.br\/ppglet\/programa\/estrutura-curricular\/narrativa-nas-guianas\/","title":{"rendered":"Narrativa nas Guianas"},"content":{"rendered":"<table width=\"579\">\n<tbody>\n<tr>\n<td colspan=\"4\" width=\"397\"><em>Narrativa nas Guianas<\/em><\/td>\n<td width=\"183\">Optativa<\/td>\n<\/tr>\n<tr>\n<td width=\"66\">CH: 45h<\/td>\n<td width=\"85\">Cred.: 03<\/td>\n<td width=\"189\">Linguagens na Amaz\u00f4nia<\/td>\n<td colspan=\"2\" width=\"239\">Literatura, Cultura e Mem\u00f3ria<\/td>\n<\/tr>\n<tr>\n<td colspan=\"5\" width=\"579\">EMENTA<\/td>\n<\/tr>\n<tr>\n<td colspan=\"5\" width=\"579\">Discuss\u00e3o de aspectos fundamentais das narrativas produzidas na regi\u00e3o das Guianas, mais especificamente na Guiana Francesa, no Suriname e na Guiana. An\u00e1lise de textos liter\u00e1rios a partir das quest\u00f5es de literatura e mem\u00f3ria.<\/td>\n<\/tr>\n<tr>\n<td colspan=\"5\" width=\"579\">BIBLIOGRAFIA<\/td>\n<\/tr>\n<tr>\n<td colspan=\"5\" width=\"579\">ALARCON, M. C. <em>La b\u00fasqueda de la identidad guyanesa como ciencia pol\u00edtica:<\/em> Martin Carter. In ROMERO, R. G. (Org). <em>Guyana hoy<\/em>. M\u00e9rida: Corpoandes Editora Venezolana C. A., 1982.<\/p>\n<p>BHABHA, H. K. <em>O local da cultura<\/em>. Belo Horizonte: Editora da UFMG, 2007.<\/p>\n<p>BERNAB\u00c9, J.; CHAMOISEAU, P.; CONFIANT, R. <em>\u00c9loge de la cr\u00e9olit\u00e9.<\/em> Paris: Gallimard, 1993.<\/p>\n<p>BESSI\u00c8RE, J. <em>Litt\u00e9ratures francophones et politiques<\/em>. Paris: \u00c9ditions Karthala, 2009.<\/p>\n<p>HALL, S. <em>A identidade cultural na p\u00f3s-modernidade<\/em>. Rio de Janeiro: DP&amp;A, 1999.<\/p>\n<p>HALL, S. <em>Da di\u00e1spora: <\/em>identidades e media\u00e7\u00f5es culturais<em>. <\/em>Trad. de Adelaine La Guardia Resende et alli<em>. <\/em>Belo Horizonte: Editora UFMG, 2013<\/p>\n<p>HUTCHEON, L. <em>Po\u00e9tica do p\u00f3s-modernismo<\/em>: hist\u00f3ria, teoria, fic\u00e7\u00e3o. Rio de Janeiro: Imago Edi\u00e7\u00f5es, 1991.<\/p>\n<p>NDAGANO, B. <em>La Guyane entre mots et maux<\/em>: Une lecture de l\u2019oeuvre d\u2019Elie Stephenson. Paris: L\u2019Harmattan, 1994.<\/p>\n<p>SEYMOUR, A. J. <em>The making of Guyanese literature<\/em>. Georgetown: Guyana National Co. Ltd., 1980.<\/p>\n<p>SPIVAK, G. C. <em>Pode o subalterno falar? <\/em>Belo Horizonte: Editora da UFMG, 2014.<\/td>\n<\/tr>\n<\/tbody>\n<\/table>\n","protected":false},"excerpt":{"rendered":"<p>Narrativa nas Guianas Optativa CH: 45h Cred.: 03 Linguagens na Amaz\u00f4nia Literatura, Cultura e Mem\u00f3ria EMENTA Discuss\u00e3o de aspectos fundamentais das narrativas produzidas na regi\u00e3o das Guianas, mais especificamente na Guiana Francesa, no Suriname e na Guiana. An\u00e1lise de textos liter\u00e1rios a partir das quest\u00f5es de literatura e mem\u00f3ria. BIBLIOGRAFIA ALARCON, M. C. La b\u00fasqueda&#8230;<\/p>\n","protected":false},"author":3826,"featured_media":0,"parent":69,"menu_order":0,"comment_status":"closed","ping_status":"closed","template":"","meta":{"inline_featured_image":false,"ngg_post_thumbnail":0,"footnotes":""},"folder":[],"class_list":["post-258","page","type-page","status-publish","hentry","entry"],"_links":{"self":[{"href":"http:\/\/www2.unifap.br\/ppglet\/wp-json\/wp\/v2\/pages\/258","targetHints":{"allow":["GET"]}}],"collection":[{"href":"http:\/\/www2.unifap.br\/ppglet\/wp-json\/wp\/v2\/pages"}],"about":[{"href":"http:\/\/www2.unifap.br\/ppglet\/wp-json\/wp\/v2\/types\/page"}],"author":[{"embeddable":true,"href":"http:\/\/www2.unifap.br\/ppglet\/wp-json\/wp\/v2\/users\/3826"}],"replies":[{"embeddable":true,"href":"http:\/\/www2.unifap.br\/ppglet\/wp-json\/wp\/v2\/comments?post=258"}],"version-history":[{"count":1,"href":"http:\/\/www2.unifap.br\/ppglet\/wp-json\/wp\/v2\/pages\/258\/revisions"}],"predecessor-version":[{"id":259,"href":"http:\/\/www2.unifap.br\/ppglet\/wp-json\/wp\/v2\/pages\/258\/revisions\/259"}],"up":[{"embeddable":true,"href":"http:\/\/www2.unifap.br\/ppglet\/wp-json\/wp\/v2\/pages\/69"}],"wp:attachment":[{"href":"http:\/\/www2.unifap.br\/ppglet\/wp-json\/wp\/v2\/media?parent=258"}],"wp:term":[{"taxonomy":"folder","embeddable":true,"href":"http:\/\/www2.unifap.br\/ppglet\/wp-json\/wp\/v2\/folder?post=258"}],"curies":[{"name":"wp","href":"https:\/\/api.w.org\/{rel}","templated":true}]}}