{"id":260,"date":"2019-03-22T19:27:09","date_gmt":"2019-03-22T22:27:09","guid":{"rendered":"http:\/\/www2.unifap.br\/ppglet\/?page_id=260"},"modified":"2019-07-25T01:34:42","modified_gmt":"2019-07-25T04:34:42","slug":"estudos-de-genero-na-literatura-do-caribe","status":"publish","type":"page","link":"http:\/\/www2.unifap.br\/ppglet\/programa\/estrutura-curricular\/estudos-de-genero-na-literatura-do-caribe\/","title":{"rendered":"Estudos de G\u00eanero na Literatura do Caribe"},"content":{"rendered":"<table width=\"579\">\n<tbody>\n<tr>\n<td colspan=\"4\" width=\"397\"><em>Estudos de g\u00eanero na literatura do Caribe<\/em><\/td>\n<td width=\"183\">Optativa<\/td>\n<\/tr>\n<tr>\n<td width=\"66\">CH: 45h<\/td>\n<td width=\"85\">Cred.: 03<\/td>\n<td width=\"189\">Linguagens na Amaz\u00f4nia<\/td>\n<td colspan=\"2\" width=\"239\">Literatura, Cultura e Mem\u00f3ria<\/td>\n<\/tr>\n<tr>\n<td colspan=\"5\" width=\"579\">EMENTA<\/td>\n<\/tr>\n<tr>\n<td colspan=\"5\" width=\"579\">Estudo das quest\u00f5es de g\u00eanero na literatura caribenha. An\u00e1lise das rela\u00e7\u00f5es de poder: pol\u00edtica sexual, a partir de abordagens p\u00f3s-coloniais e decoloniais.<\/td>\n<\/tr>\n<tr>\n<td colspan=\"5\" width=\"579\">BIBLIOGRAFIA<\/td>\n<\/tr>\n<tr>\n<td colspan=\"5\" width=\"579\">BUTCHER, Maggie (Ed). <em>Tibisiri<\/em>: Caribbean writers and critics. New South Wales: Dangaroo Press, 2001.<\/p>\n<p>BUTLER, Judith. <em>Bodies that matter<\/em>: on the discursive limits of &#8220;sex&#8221;. New York: Routledge,1993.<\/p>\n<p>DUARTE, Const\u00e2ncia Lima. <em>Falas Do Outro<\/em> &#8211; Literatura, G\u00eanero, Etnicidades. Belo Horizonte: Editora Nandyala, 2010.<\/p>\n<p>FRIEDMAN, Susan. Bodies on the Move: a Poetics of Home and Diaspora. <em>Tulsa Studies in Women\u2019s Literature<\/em>, Tulsa, v. 23, n .2, p. 189-212, 2004.<\/p>\n<p>HOSEIN, Gabrielle; OUTAR, Lisa (Eds). <em>Indo-Caribbean Feminist Thought<\/em><strong>.<\/strong> Genealogies, Theories, Enactments. New York: Palgrave Macmillan US, 2016.<\/p>\n<p>LIONNET, Fran\u00e7oise. <em>Postcolonial Representations<\/em>: Women, Literature, Identity. Ithaca, NY: Cornell University Press, 1995.<\/p>\n<p>McCLINTOK, Anne et al, (Eds). <em>Dangerous Liaisons<\/em>: Gender, Nation and Postcolonial Perspectives. Minneapolis: University of Minnesota Press, 1997.<\/p>\n<p>MILLETT, Kate. <em>Sexual Politics<\/em>. New York: Columbia University Press, 2016.<\/p>\n<p>SPIVAK, Gayatri. <em>Pode o subalterno falar<\/em>?. Tradu\u00e7\u00e3o Marcos Pereira Feitosa. Belo Horizonte: Editora UFMG, 2010<\/p>\n<p>SPIVAK, Gayatri. <em>Diasporas Old and New<\/em>: women in the transnational world. In: <em>Textual Practice<\/em>, Sussex, v.10, n.2, p. 245-269, 1996.<\/td>\n<\/tr>\n<\/tbody>\n<\/table>\n","protected":false},"excerpt":{"rendered":"<p>Estudos de g\u00eanero na literatura do Caribe Optativa CH: 45h Cred.: 03 Linguagens na Amaz\u00f4nia Literatura, Cultura e Mem\u00f3ria EMENTA Estudo das quest\u00f5es de g\u00eanero na literatura caribenha. An\u00e1lise das rela\u00e7\u00f5es de poder: pol\u00edtica sexual, a partir de abordagens p\u00f3s-coloniais e decoloniais. BIBLIOGRAFIA BUTCHER, Maggie (Ed). Tibisiri: Caribbean writers and critics. New South Wales: Dangaroo&#8230;<\/p>\n","protected":false},"author":3826,"featured_media":0,"parent":69,"menu_order":0,"comment_status":"closed","ping_status":"closed","template":"","meta":{"inline_featured_image":false,"ngg_post_thumbnail":0,"footnotes":""},"folder":[],"class_list":["post-260","page","type-page","status-publish","hentry","entry"],"_links":{"self":[{"href":"http:\/\/www2.unifap.br\/ppglet\/wp-json\/wp\/v2\/pages\/260","targetHints":{"allow":["GET"]}}],"collection":[{"href":"http:\/\/www2.unifap.br\/ppglet\/wp-json\/wp\/v2\/pages"}],"about":[{"href":"http:\/\/www2.unifap.br\/ppglet\/wp-json\/wp\/v2\/types\/page"}],"author":[{"embeddable":true,"href":"http:\/\/www2.unifap.br\/ppglet\/wp-json\/wp\/v2\/users\/3826"}],"replies":[{"embeddable":true,"href":"http:\/\/www2.unifap.br\/ppglet\/wp-json\/wp\/v2\/comments?post=260"}],"version-history":[{"count":2,"href":"http:\/\/www2.unifap.br\/ppglet\/wp-json\/wp\/v2\/pages\/260\/revisions"}],"predecessor-version":[{"id":504,"href":"http:\/\/www2.unifap.br\/ppglet\/wp-json\/wp\/v2\/pages\/260\/revisions\/504"}],"up":[{"embeddable":true,"href":"http:\/\/www2.unifap.br\/ppglet\/wp-json\/wp\/v2\/pages\/69"}],"wp:attachment":[{"href":"http:\/\/www2.unifap.br\/ppglet\/wp-json\/wp\/v2\/media?parent=260"}],"wp:term":[{"taxonomy":"folder","embeddable":true,"href":"http:\/\/www2.unifap.br\/ppglet\/wp-json\/wp\/v2\/folder?post=260"}],"curies":[{"name":"wp","href":"https:\/\/api.w.org\/{rel}","templated":true}]}}