{"id":262,"date":"2019-03-22T19:27:34","date_gmt":"2019-03-22T22:27:34","guid":{"rendered":"http:\/\/www2.unifap.br\/ppglet\/?page_id=262"},"modified":"2019-03-22T20:13:12","modified_gmt":"2019-03-22T23:13:12","slug":"letras-luso-brasileiras","status":"publish","type":"page","link":"http:\/\/www2.unifap.br\/ppglet\/programa\/estrutura-curricular\/letras-luso-brasileiras\/","title":{"rendered":"Letras Luso-Brasileiras"},"content":{"rendered":"<table width=\"579\">\n<tbody>\n<tr>\n<td colspan=\"4\" width=\"397\"><em>Letras Luso-Brasileiras<\/em><\/td>\n<td width=\"183\">Optativa<\/td>\n<\/tr>\n<tr>\n<td width=\"66\">CH: 45h<\/td>\n<td width=\"85\">Cred.: 03<\/td>\n<td width=\"189\">Linguagens na Amaz\u00f4nia<\/td>\n<td colspan=\"2\" width=\"239\">Literatura, Cultura e Mem\u00f3ria<\/td>\n<\/tr>\n<tr>\n<td colspan=\"5\" width=\"579\">EMENTA<\/td>\n<\/tr>\n<tr>\n<td colspan=\"5\" width=\"579\">Estudo das letras no Brasil Col\u00f4nia. An\u00e1lise de relevantes fontes bibliogr\u00e1ficas. Discuss\u00e3o espec\u00edfica acerca das letras luso-brasileiras relacionadas \u00e0 (atualmente) denominada \u201cregi\u00e3o amaz\u00f4nica\u201d.<\/p>\n<p>&nbsp;<\/td>\n<\/tr>\n<tr>\n<td colspan=\"5\" width=\"579\">BIBLIOGRAFIA<\/td>\n<\/tr>\n<tr>\n<td colspan=\"5\" width=\"579\">ACU\u00d1A, C. de. <em>Novo Descobrimento do Rio Amazonas<\/em> (edi\u00e7\u00e3o bil\u00edngue). Edi\u00e7\u00e3o, tradu\u00e7\u00e3o e introdu\u00e7\u00e3o de Ant\u00f4nio R. Esteves. Bras\u00edlia: Consejer\u00eda de Educaci\u00f3n de la Embajada de Espa\u00f1a en Brasil; Montevid\u00e9u: Oltaver S.A. buenos libros activos, 1994.<\/p>\n<p>AZEVEDO, J. L. de. <em>Os jesu\u00edtas no Gr\u00e3o-Par\u00e1: suas miss\u00f5es e a coloniza\u00e7\u00e3o<\/em>. Bel\u00e9m: SECULT, 1999.<\/p>\n<p>CALDAS, Y. P. <em>A Constru\u00e7\u00e3o \u00c9pica na Amaz\u00f4nia no Poema Muhuraida, de Henrique Jo\u00e3o Wilkens<\/em>. 2007. 305 f. Tese (Doutorado em Literatura Comparada) \u2013 Faculdade de Letras, Universidade Federal de Minas Gerais, Belo Horizonte, 2007.<\/p>\n<p>CARVALHO, M. do S. F. de. <em>Poesia de agudeza em Portugal: estudo ret\u00f3rico da poesia l\u00edrica e sat\u00edrica escrita em Portugal no s\u00e9culo XVII<\/em>. S\u00e3o Paulo: Humanitas; Edusp; Fapesp, 2007.<\/p>\n<p>GOIS, S. M. de.<em> A Muhuraida &#8211; Uma p\u00e1gina indel\u00e9vel na Literatura Brasileira<\/em>. S\u00e3o Paulo: Scortecci, 2013.<\/p>\n<p>HANSEN, J. A. <em>A s\u00e1tira e o engenho: Greg\u00f3rio de Matos e a Bahia do s\u00e9culo XVII. <\/em>2a ed. rev. S\u00e3o Paulo: Ateli\u00ea Editorial; Campinas: Editora da Unicamp, 2004.<\/p>\n<p>LACHAT, M. \u201cBernardo Vieira Ravasco: mem\u00f3ria de uma <em>auctoritas<\/em> po\u00e9tica seiscentista\u201d. In: <em>Textos da Mem\u00f3ria &#8211; a mem\u00f3ria dos textos: homenagem \u00e0 profa. \u00c2ngela Vaz Le\u00e3o<\/em>. Organiza\u00e7\u00e3o de Jos\u00e9 Pereira da Silva e Luciana Marina do Nascimento. Rio de Janeiro: Letra Capital, 2015, p. 150-170<\/p>\n<p>MOREIRA, M. <em>Critica Textualis in Caelum Revocata? Uma Proposta de Edi\u00e7\u00e3o e Estudo da Tradi\u00e7\u00e3o de Greg\u00f3rio de Matos e Guerra<\/em>. S\u00e3o Paulo: Edusp, 2011.<\/p>\n<p>&nbsp;P\u00c9CORA, A. <em>Teatro do Sacramento<\/em>. S\u00e3o Paulo: Edusp, 1994.<\/p>\n<p>TORRES, M. <em>A Epopeia Amaz\u00f4nica de Frei Pedro de Santo Eliseu: Viagem (1746)<\/em>. S\u00e3o Paulo: Edusp; Bel\u00e9m: Ed.UFPA, 2015.<\/td>\n<\/tr>\n<\/tbody>\n<\/table>\n","protected":false},"excerpt":{"rendered":"<p>Letras Luso-Brasileiras Optativa CH: 45h Cred.: 03 Linguagens na Amaz\u00f4nia Literatura, Cultura e Mem\u00f3ria EMENTA Estudo das letras no Brasil Col\u00f4nia. An\u00e1lise de relevantes fontes bibliogr\u00e1ficas. Discuss\u00e3o espec\u00edfica acerca das letras luso-brasileiras relacionadas \u00e0 (atualmente) denominada \u201cregi\u00e3o amaz\u00f4nica\u201d. &nbsp; BIBLIOGRAFIA ACU\u00d1A, C. de. Novo Descobrimento do Rio Amazonas (edi\u00e7\u00e3o bil\u00edngue). Edi\u00e7\u00e3o, tradu\u00e7\u00e3o e introdu\u00e7\u00e3o de&#8230;<\/p>\n","protected":false},"author":3826,"featured_media":0,"parent":69,"menu_order":0,"comment_status":"closed","ping_status":"closed","template":"","meta":{"inline_featured_image":false,"ngg_post_thumbnail":0,"footnotes":""},"folder":[],"class_list":["post-262","page","type-page","status-publish","hentry","entry"],"_links":{"self":[{"href":"http:\/\/www2.unifap.br\/ppglet\/wp-json\/wp\/v2\/pages\/262","targetHints":{"allow":["GET"]}}],"collection":[{"href":"http:\/\/www2.unifap.br\/ppglet\/wp-json\/wp\/v2\/pages"}],"about":[{"href":"http:\/\/www2.unifap.br\/ppglet\/wp-json\/wp\/v2\/types\/page"}],"author":[{"embeddable":true,"href":"http:\/\/www2.unifap.br\/ppglet\/wp-json\/wp\/v2\/users\/3826"}],"replies":[{"embeddable":true,"href":"http:\/\/www2.unifap.br\/ppglet\/wp-json\/wp\/v2\/comments?post=262"}],"version-history":[{"count":1,"href":"http:\/\/www2.unifap.br\/ppglet\/wp-json\/wp\/v2\/pages\/262\/revisions"}],"predecessor-version":[{"id":263,"href":"http:\/\/www2.unifap.br\/ppglet\/wp-json\/wp\/v2\/pages\/262\/revisions\/263"}],"up":[{"embeddable":true,"href":"http:\/\/www2.unifap.br\/ppglet\/wp-json\/wp\/v2\/pages\/69"}],"wp:attachment":[{"href":"http:\/\/www2.unifap.br\/ppglet\/wp-json\/wp\/v2\/media?parent=262"}],"wp:term":[{"taxonomy":"folder","embeddable":true,"href":"http:\/\/www2.unifap.br\/ppglet\/wp-json\/wp\/v2\/folder?post=262"}],"curies":[{"name":"wp","href":"https:\/\/api.w.org\/{rel}","templated":true}]}}