{"id":270,"date":"2019-03-22T19:28:50","date_gmt":"2019-03-22T22:28:50","guid":{"rendered":"http:\/\/www2.unifap.br\/ppglet\/?page_id=270"},"modified":"2019-03-22T20:12:52","modified_gmt":"2019-03-22T23:12:52","slug":"estudos-especiais-i","status":"publish","type":"page","link":"http:\/\/www2.unifap.br\/ppglet\/programa\/estrutura-curricular\/estudos-especiais-i\/","title":{"rendered":"Estudos Especiais I"},"content":{"rendered":"<table width=\"579\">\n<tbody>\n<tr>\n<td colspan=\"4\" width=\"397\"><em>Estudos Especiais I<\/em><\/td>\n<td width=\"183\">Optativa<\/td>\n<\/tr>\n<tr>\n<td width=\"66\">CH: 15h<\/td>\n<td width=\"85\">Cred.: 01<\/td>\n<td width=\"189\">Linguagens na Amaz\u00f4nia<\/td>\n<td colspan=\"2\" width=\"239\">Comum<\/td>\n<\/tr>\n<tr>\n<td colspan=\"5\" width=\"579\">EMENTA<\/td>\n<\/tr>\n<tr>\n<td colspan=\"5\" width=\"579\">Tema aberto a ser escolhido pelo professor respons\u00e1vel pela disciplina.<\/td>\n<\/tr>\n<tr>\n<td colspan=\"5\" width=\"579\">BIBLIOGRAFIA<\/td>\n<\/tr>\n<tr>\n<td colspan=\"5\" width=\"579\">Bibliografia aberta a ser escolhido pelo professor respons\u00e1vel pela disciplina.<\/td>\n<\/tr>\n<\/tbody>\n<\/table>\n","protected":false},"excerpt":{"rendered":"<p>Estudos Especiais I Optativa CH: 15h Cred.: 01 Linguagens na Amaz\u00f4nia Comum EMENTA Tema aberto a ser escolhido pelo professor respons\u00e1vel pela disciplina. BIBLIOGRAFIA Bibliografia aberta a ser escolhido pelo professor respons\u00e1vel pela disciplina.<\/p>\n","protected":false},"author":3826,"featured_media":0,"parent":69,"menu_order":0,"comment_status":"closed","ping_status":"closed","template":"","meta":{"inline_featured_image":false,"ngg_post_thumbnail":0,"footnotes":""},"folder":[],"class_list":["post-270","page","type-page","status-publish","hentry","entry"],"_links":{"self":[{"href":"http:\/\/www2.unifap.br\/ppglet\/wp-json\/wp\/v2\/pages\/270","targetHints":{"allow":["GET"]}}],"collection":[{"href":"http:\/\/www2.unifap.br\/ppglet\/wp-json\/wp\/v2\/pages"}],"about":[{"href":"http:\/\/www2.unifap.br\/ppglet\/wp-json\/wp\/v2\/types\/page"}],"author":[{"embeddable":true,"href":"http:\/\/www2.unifap.br\/ppglet\/wp-json\/wp\/v2\/users\/3826"}],"replies":[{"embeddable":true,"href":"http:\/\/www2.unifap.br\/ppglet\/wp-json\/wp\/v2\/comments?post=270"}],"version-history":[{"count":1,"href":"http:\/\/www2.unifap.br\/ppglet\/wp-json\/wp\/v2\/pages\/270\/revisions"}],"predecessor-version":[{"id":271,"href":"http:\/\/www2.unifap.br\/ppglet\/wp-json\/wp\/v2\/pages\/270\/revisions\/271"}],"up":[{"embeddable":true,"href":"http:\/\/www2.unifap.br\/ppglet\/wp-json\/wp\/v2\/pages\/69"}],"wp:attachment":[{"href":"http:\/\/www2.unifap.br\/ppglet\/wp-json\/wp\/v2\/media?parent=270"}],"wp:term":[{"taxonomy":"folder","embeddable":true,"href":"http:\/\/www2.unifap.br\/ppglet\/wp-json\/wp\/v2\/folder?post=270"}],"curies":[{"name":"wp","href":"https:\/\/api.w.org\/{rel}","templated":true}]}}