{"id":52,"date":"2019-03-18T23:12:43","date_gmt":"2019-03-19T02:12:43","guid":{"rendered":"http:\/\/www2.unifap.br\/ppglet\/?page_id=52"},"modified":"2022-05-16T12:26:43","modified_gmt":"2022-05-16T15:26:43","slug":"regimento","status":"publish","type":"page","link":"http:\/\/www2.unifap.br\/ppglet\/programa\/regimento\/","title":{"rendered":"Regimento"},"content":{"rendered":"<p style=\"text-align: left\"><strong>REGIMENTO DO PROGRAMA DE P\u00d3S-GRADUA\u00c7\u00c3O EM LETRAS (PPGLET)<\/strong><\/p>\n<p style=\"text-align: left\"><a href=\"http:\/\/www2.unifap.br\/ppglet\/files\/2019\/07\/Regimento_PPGLET-Atualizado_Maio.pdf\">Vers\u00e3o em PDF<\/a><\/p>\n<p>&nbsp;<\/p>\n<p style=\"text-align: right\">&nbsp;<\/p>\n","protected":false},"excerpt":{"rendered":"<p>REGIMENTO DO PROGRAMA DE P\u00d3S-GRADUA\u00c7\u00c3O EM LETRAS (PPGLET) Vers\u00e3o em PDF &nbsp; &nbsp;<\/p>\n","protected":false},"author":3826,"featured_media":0,"parent":60,"menu_order":2,"comment_status":"closed","ping_status":"closed","template":"","meta":{"inline_featured_image":false,"ngg_post_thumbnail":0,"footnotes":""},"folder":[],"class_list":["post-52","page","type-page","status-publish","hentry","entry"],"_links":{"self":[{"href":"http:\/\/www2.unifap.br\/ppglet\/wp-json\/wp\/v2\/pages\/52","targetHints":{"allow":["GET"]}}],"collection":[{"href":"http:\/\/www2.unifap.br\/ppglet\/wp-json\/wp\/v2\/pages"}],"about":[{"href":"http:\/\/www2.unifap.br\/ppglet\/wp-json\/wp\/v2\/types\/page"}],"author":[{"embeddable":true,"href":"http:\/\/www2.unifap.br\/ppglet\/wp-json\/wp\/v2\/users\/3826"}],"replies":[{"embeddable":true,"href":"http:\/\/www2.unifap.br\/ppglet\/wp-json\/wp\/v2\/comments?post=52"}],"version-history":[{"count":18,"href":"http:\/\/www2.unifap.br\/ppglet\/wp-json\/wp\/v2\/pages\/52\/revisions"}],"predecessor-version":[{"id":1562,"href":"http:\/\/www2.unifap.br\/ppglet\/wp-json\/wp\/v2\/pages\/52\/revisions\/1562"}],"up":[{"embeddable":true,"href":"http:\/\/www2.unifap.br\/ppglet\/wp-json\/wp\/v2\/pages\/60"}],"wp:attachment":[{"href":"http:\/\/www2.unifap.br\/ppglet\/wp-json\/wp\/v2\/media?parent=52"}],"wp:term":[{"taxonomy":"folder","embeddable":true,"href":"http:\/\/www2.unifap.br\/ppglet\/wp-json\/wp\/v2\/folder?post=52"}],"curies":[{"name":"wp","href":"https:\/\/api.w.org\/{rel}","templated":true}]}}