{"id":60,"date":"2019-03-18T23:26:07","date_gmt":"2019-03-19T02:26:07","guid":{"rendered":"http:\/\/www2.unifap.br\/ppglet\/?page_id=60"},"modified":"2019-07-26T12:14:48","modified_gmt":"2019-07-26T15:14:48","slug":"programa","status":"publish","type":"page","link":"http:\/\/www2.unifap.br\/ppglet\/programa\/","title":{"rendered":"O Programa"},"content":{"rendered":"<ul>\n<li><a href=\"http:\/\/www2.unifap.br\/ppglet\/o-programa\/apresentacao\/\">Apresenta\u00e7\u00e3o<\/a><\/li>\n<li><a href=\"http:\/\/www2.unifap.br\/ppglet\/programa\/objetivos-do-programa-e-perfil-do-egresso\/\">Objetivos do Programa e Perfil do Egresso<\/a><\/li>\n<li><a href=\"http:\/\/www2.unifap.br\/ppglet\/o-programa\/coordenacao\/\">Coordena\u00e7\u00e3o<\/a><\/li>\n<li><a href=\"http:\/\/www2.unifap.br\/ppglet\/o-programa\/estrutura-curricular\/\">Estrutura curricular<\/a><\/li>\n<li><a href=\"http:\/\/www2.unifap.br\/ppglet\/o-programa\/regimento\/\">Regimento<\/a><\/li>\n<li><a href=\"http:\/\/www2.unifap.br\/ppglet\/o-programa\/bolsas-e-financiamentos\/\">Bolsas<\/a><\/li>\n<\/ul>\n","protected":false},"excerpt":{"rendered":"<p>Apresenta\u00e7\u00e3o Objetivos do Programa e Perfil do Egresso Coordena\u00e7\u00e3o Estrutura curricular Regimento Bolsas<\/p>\n","protected":false},"author":3826,"featured_media":0,"parent":0,"menu_order":0,"comment_status":"closed","ping_status":"closed","template":"","meta":{"inline_featured_image":false,"ngg_post_thumbnail":0,"footnotes":""},"folder":[],"class_list":["post-60","page","type-page","status-publish","hentry","entry"],"_links":{"self":[{"href":"http:\/\/www2.unifap.br\/ppglet\/wp-json\/wp\/v2\/pages\/60","targetHints":{"allow":["GET"]}}],"collection":[{"href":"http:\/\/www2.unifap.br\/ppglet\/wp-json\/wp\/v2\/pages"}],"about":[{"href":"http:\/\/www2.unifap.br\/ppglet\/wp-json\/wp\/v2\/types\/page"}],"author":[{"embeddable":true,"href":"http:\/\/www2.unifap.br\/ppglet\/wp-json\/wp\/v2\/users\/3826"}],"replies":[{"embeddable":true,"href":"http:\/\/www2.unifap.br\/ppglet\/wp-json\/wp\/v2\/comments?post=60"}],"version-history":[{"count":6,"href":"http:\/\/www2.unifap.br\/ppglet\/wp-json\/wp\/v2\/pages\/60\/revisions"}],"predecessor-version":[{"id":571,"href":"http:\/\/www2.unifap.br\/ppglet\/wp-json\/wp\/v2\/pages\/60\/revisions\/571"}],"wp:attachment":[{"href":"http:\/\/www2.unifap.br\/ppglet\/wp-json\/wp\/v2\/media?parent=60"}],"wp:term":[{"taxonomy":"folder","embeddable":true,"href":"http:\/\/www2.unifap.br\/ppglet\/wp-json\/wp\/v2\/folder?post=60"}],"curies":[{"name":"wp","href":"https:\/\/api.w.org\/{rel}","templated":true}]}}