{"id":65,"date":"2019-03-18T23:30:08","date_gmt":"2019-03-19T02:30:08","guid":{"rendered":"http:\/\/www2.unifap.br\/ppglet\/?page_id=65"},"modified":"2022-05-16T12:20:46","modified_gmt":"2022-05-16T15:20:46","slug":"coordenacao","status":"publish","type":"page","link":"http:\/\/www2.unifap.br\/ppglet\/programa\/coordenacao\/","title":{"rendered":"Coordena\u00e7\u00e3o e Secretaria -2019-2021"},"content":{"rendered":"\t\t<div data-elementor-type=\"wp-page\" data-elementor-id=\"65\" class=\"elementor elementor-65\">\n\t\t\t\t\t\t<section class=\"elementor-section elementor-top-section elementor-element elementor-element-473d4fc4 elementor-section-boxed elementor-section-height-default elementor-section-height-default\" data-id=\"473d4fc4\" data-element_type=\"section\" data-e-type=\"section\">\n\t\t\t\t\t\t<div class=\"elementor-container elementor-column-gap-default\">\n\t\t\t\t\t<div class=\"elementor-column elementor-col-100 elementor-top-column elementor-element elementor-element-545cce08\" data-id=\"545cce08\" data-element_type=\"column\" data-e-type=\"column\">\n\t\t\t<div class=\"elementor-widget-wrap elementor-element-populated\">\n\t\t\t\t\t\t<div class=\"elementor-element elementor-element-4ec659f3 elementor-widget elementor-widget-text-editor\" data-id=\"4ec659f3\" data-element_type=\"widget\" data-e-type=\"widget\" data-widget_type=\"text-editor.default\">\n\t\t\t\t<div class=\"elementor-widget-container\">\n\t\t\t\t\t\t\t\t\t<p><span style=\"color: #000000\"><strong>Coordenador<\/strong>: Prof. Dr. Eduardo Alves Vasconcelos<\/span><\/p><p><span style=\"color: #000000\"><strong>Vice-Coordenadora<\/strong>: Profa. Dra. Fernanda Cristina Encarna\u00e7\u00e3o dos Santos<\/span><\/p><p><span style=\"color: #000000\"><strong>Seceret\u00e1ria<\/strong>: Wilma Monteiro<\/span><\/p><p><span style=\"color: #000000\"><strong>Hor\u00e1rio de funcionamento da secretaria:<\/strong>\u00a0<em>segunda a sexta, das 14h-18h*<\/em><\/span><\/p><p><span style=\"color: #000000\"><strong>Hor\u00e1rio de atendimento do coordenador:\u00a0<\/strong><em>Segundas, quartas e sexta, das 15h-18h*<\/em><\/span><\/p><p><span style=\"color: #000000\"><strong>E-mails:<\/strong> ppglet@unifap.br \/ ppglet.unifap@gmail.com\u00a0<\/span><\/p><p><span style=\"color: #000000\"><strong>Telefones<\/strong>: (96) 9 8131-9884 (PPGLET) \/ (96) 4009-2812 (DPG)<\/span><\/p><p><span style=\"color: #000000\">* Sujeito a altera\u00e7\u00f5es decorrentes de outras demandas do Departamento de P\u00f3s-Gradua\u00e7\u00e3o.<\/span><\/p>\t\t\t\t\t\t\t\t<\/div>\n\t\t\t\t<\/div>\n\t\t\t\t\t<\/div>\n\t\t<\/div>\n\t\t\t\t\t<\/div>\n\t\t<\/section>\n\t\t\t\t<\/div>\n\t\t","protected":false},"excerpt":{"rendered":"<p>Coordenador: Prof. Dr. Eduardo Alves Vasconcelos Vice-Coordenadora: Profa. Dra. Fernanda Cristina Encarna\u00e7\u00e3o dos Santos Seceret\u00e1ria: Wilma Monteiro Hor\u00e1rio de funcionamento da secretaria:\u00a0segunda a sexta, das 14h-18h* Hor\u00e1rio de atendimento do coordenador:\u00a0Segundas, quartas e sexta, das 15h-18h* E-mails: ppglet@unifap.br \/ ppglet.unifap@gmail.com\u00a0 Telefones: (96) 9 8131-9884 (PPGLET) \/ (96) 4009-2812 (DPG) * Sujeito a altera\u00e7\u00f5es decorrentes de&#8230;<\/p>\n","protected":false},"author":3826,"featured_media":0,"parent":60,"menu_order":0,"comment_status":"closed","ping_status":"closed","template":"","meta":{"inline_featured_image":false,"ngg_post_thumbnail":0,"footnotes":""},"folder":[],"class_list":["post-65","page","type-page","status-publish","hentry","entry"],"_links":{"self":[{"href":"http:\/\/www2.unifap.br\/ppglet\/wp-json\/wp\/v2\/pages\/65","targetHints":{"allow":["GET"]}}],"collection":[{"href":"http:\/\/www2.unifap.br\/ppglet\/wp-json\/wp\/v2\/pages"}],"about":[{"href":"http:\/\/www2.unifap.br\/ppglet\/wp-json\/wp\/v2\/types\/page"}],"author":[{"embeddable":true,"href":"http:\/\/www2.unifap.br\/ppglet\/wp-json\/wp\/v2\/users\/3826"}],"replies":[{"embeddable":true,"href":"http:\/\/www2.unifap.br\/ppglet\/wp-json\/wp\/v2\/comments?post=65"}],"version-history":[{"count":9,"href":"http:\/\/www2.unifap.br\/ppglet\/wp-json\/wp\/v2\/pages\/65\/revisions"}],"predecessor-version":[{"id":1553,"href":"http:\/\/www2.unifap.br\/ppglet\/wp-json\/wp\/v2\/pages\/65\/revisions\/1553"}],"up":[{"embeddable":true,"href":"http:\/\/www2.unifap.br\/ppglet\/wp-json\/wp\/v2\/pages\/60"}],"wp:attachment":[{"href":"http:\/\/www2.unifap.br\/ppglet\/wp-json\/wp\/v2\/media?parent=65"}],"wp:term":[{"taxonomy":"folder","embeddable":true,"href":"http:\/\/www2.unifap.br\/ppglet\/wp-json\/wp\/v2\/folder?post=65"}],"curies":[{"name":"wp","href":"https:\/\/api.w.org\/{rel}","templated":true}]}}