{"id":69,"date":"2019-03-18T23:31:14","date_gmt":"2019-03-19T02:31:14","guid":{"rendered":"http:\/\/www2.unifap.br\/ppglet\/?page_id=69"},"modified":"2022-05-16T12:25:39","modified_gmt":"2022-05-16T15:25:39","slug":"estrutura-curricular","status":"publish","type":"page","link":"http:\/\/www2.unifap.br\/ppglet\/programa\/estrutura-curricular\/","title":{"rendered":"Estrutura Curricular"},"content":{"rendered":"<p><strong><span style=\"color: #000000\">Estrutura Curricular<\/span><\/strong><\/p>\n<p><span style=\"color: #000000\"><strong>O curr\u00edculo, no n\u00edvel de Mestrado, integraliza 24 cr\u00e9ditos:<\/strong><\/span><\/p>\n<ul>\n<li><span style=\"color: #000000\">06 cr\u00e9ditos em disciplinas obrigat\u00f3rias da linha de pesquisa;<\/span><\/li>\n<li><span style=\"color: #000000\">09 cr\u00e9ditos em disciplinas optativas e\/ou eletivas;<\/span><\/li>\n<li><span style=\"color: #000000\">03 cr\u00e9ditos em atividades complementares;<\/span><\/li>\n<li><span style=\"color: #000000\">02 cr\u00e9ditos em exame de qualifica\u00e7\u00e3o<\/span><\/li>\n<li><span style=\"color: #000000\">04 cr\u00e9ditos na defesa da disserta\u00e7\u00e3o.<\/span><\/li>\n<\/ul>\n<p>&nbsp;<\/p>\n<table class=\"listagem\" width=\"100%\">\n<tbody>\n<tr>\n<td colspan=\"4\"><span style=\"color: #000000\"><b>Linha: Diversidade Lingu\u00edstica na Amaz\u00f4nia<\/b><\/span><\/td>\n<\/tr>\n<tr class=\"linhaPar\">\n<td><span style=\"color: #000000\"><a style=\"color: #000000\" href=\"http:\/\/www2.unifap.br\/ppglet\/programa\/estrutura-curricular\/teorias-linguisticas\/\">PPGLET0001 &#8211; TEORIAS LINGU\u00cdSTICAS &#8211; 60h<\/a><\/span><\/td>\n<td><span style=\"color: #000000\"><i>Obrigat\u00f3ria<\/i><\/span><\/td>\n<\/tr>\n<tr class=\"linhaImpar\">\n<td><span style=\"color: #000000\"><a style=\"color: #000000\" href=\"http:\/\/www2.unifap.br\/ppglet\/programa\/estrutura-curricular\/metodologias-de-pesquisa-em-linguistica\/\">PPGLET0004 &#8211; METODOLOGIAS DE PESQUISA EM LINGU\u00cdSTICA &#8211; 30h<\/a><\/span><\/td>\n<td><span style=\"color: #000000\"><i>Obrigat\u00f3ria<\/i><\/span><\/td>\n<\/tr>\n<tr class=\"linhaPar\">\n<td><span style=\"color: #000000\"><a style=\"color: #000000\" href=\"http:\/\/www2.unifap.br\/ppglet\/programa\/estrutura-curricular\/variacao-mudanca-e-contato-linguistico\/\">PPGLET0005 &#8211; VARIA\u00c7\u00c3O, MUDAN\u00c7A E CONTATO LINGU\u00cdSTICO &#8211; 45h<\/a><\/span><\/td>\n<td><span style=\"color: #000000\"><i>Optativa<\/i><\/span><\/td>\n<\/tr>\n<tr class=\"linhaImpar\">\n<td><span style=\"color: #000000\"><a style=\"color: #000000\" href=\"http:\/\/www2.unifap.br\/ppglet\/programa\/estrutura-curricular\/topicos-em-linguistica-i\/\">PPGLET0009 &#8211; T\u00d3PICOS EM ESTUDOS LINGU\u00cdSTICOS I &#8211; 45h<\/a><\/span><\/td>\n<td><span style=\"color: #000000\"><i>Optativa<\/i><\/span><\/td>\n<\/tr>\n<tr class=\"linhaPar\">\n<td><span style=\"color: #000000\"><a style=\"color: #000000\" href=\"http:\/\/www2.unifap.br\/ppglet\/programa\/estrutura-curricular\/topicos-em-linguistica-ii\/\">PPGLET0010 &#8211; T\u00d3PICOS EM ESTUDOS LINGU\u00cdSTICOS II &#8211; 45h<\/a><\/span><\/td>\n<td><span style=\"color: #000000\"><i>Optativa<\/i><\/span><\/td>\n<\/tr>\n<tr class=\"linhaImpar\">\n<td><span style=\"color: #000000\"><a style=\"color: #000000\" href=\"http:\/\/www2.unifap.br\/ppglet\/programa\/estrutura-curricular\/topicos-em-linguistica-iii\/\">PPGLET0011 &#8211; T\u00d3PICOS EM ESTUDOS LINGU\u00cdSTICOS III &#8211; 45h<\/a><\/span><\/td>\n<td><span style=\"color: #000000\"><i>Optativa<\/i><\/span><\/td>\n<\/tr>\n<tr class=\"linhaPar\">\n<td><span style=\"color: #000000\"><a style=\"color: #000000\" href=\"http:\/\/www2.unifap.br\/ppglet\/programa\/estrutura-curricular\/topicos-em-linguistica-iv\/\">PPGLET0012 &#8211; T\u00d3PICOS EM ESTUDOS LINGU\u00cdSTICOS IV &#8211; 45h<\/a><\/span><\/td>\n<td><span style=\"color: #000000\"><i>Optativa<\/i><\/span><\/td>\n<\/tr>\n<tr class=\"linhaImpar\">\n<td><span style=\"color: #000000\"><a style=\"color: #000000\" href=\"http:\/\/www2.unifap.br\/ppglet\/programa\/estrutura-curricular\/morfossintaxe\/\">PPGLET0014 &#8211; MORFOSSINTAXE &#8211; 45h<\/a><\/span><\/td>\n<td><span style=\"color: #000000\"><i>Optativa<\/i><\/span><\/td>\n<\/tr>\n<tr class=\"linhaPar\">\n<td><span style=\"color: #000000\"><a style=\"color: #000000\" href=\"http:\/\/www2.unifap.br\/ppglet\/programa\/estrutura-curricular\/linguistica-historica\/\">PPGLET0017 &#8211; LINGU\u00cdSTICA HIST\u00d3RICA &#8211; 45h<\/a><\/span><\/td>\n<td><span style=\"color: #000000\"><i>Optativa<\/i><\/span><\/td>\n<\/tr>\n<tr class=\"linhaImpar\">\n<td><span style=\"color: #000000\"><a style=\"color: #000000\" href=\"http:\/\/www2.unifap.br\/ppglet\/programa\/estrutura-curricular\/fonetica-e-fonologia\/\">PPGLET0019 &#8211; FON\u00c9TICA E FONOLOGIA &#8211; 45h<\/a><\/span><\/td>\n<td><span style=\"color: #000000\"><i>Optativa<\/i><\/span><\/td>\n<\/tr>\n<tr class=\"linhaPar\">\n<td><span style=\"color: #000000\"><a style=\"color: #000000\" href=\"http:\/\/www2.unifap.br\/ppglet\/programa\/estrutura-curricular\/documentacao-linguistica\/\">PPGLET0024 &#8211; DOCUMENTA\u00c7\u00c3O LINGU\u00cdSTICA &#8211; 45h<\/a><\/span><\/td>\n<td><span style=\"color: #000000\"><i>Optativa<\/i><\/span><\/td>\n<\/tr>\n<\/tbody>\n<\/table>\n<p>&nbsp;<\/p>\n<table class=\"listagem\" width=\"100%\">\n<tbody>\n<tr>\n<td colspan=\"4\"><span style=\"color: #000000\"><b>Linha: Literatura, Cultura e Mem\u00f3ria<\/b><\/span><\/td>\n<\/tr>\n<tr class=\"linhaImpar\">\n<td><span style=\"color: #000000\"><a style=\"color: #000000\" href=\"http:\/\/www2.unifap.br\/ppglet\/programa\/estrutura-curricular\/teorias-criticas\/\">PPGLET0002 &#8211; TEORIAS CR\u00cdTICAS &#8211; 60h<\/a><\/span><\/td>\n<td><span style=\"color: #000000\"><i>Obrigat\u00f3ria<\/i><\/span><\/td>\n<\/tr>\n<tr class=\"linhaPar\">\n<td><span style=\"color: #000000\"><a style=\"color: #000000\" href=\"http:\/\/www2.unifap.br\/ppglet\/programa\/estrutura-curricular\/metodologias-de-pesquisa-em-literatura\/\">PPGLET0003 &#8211; METODOLOGIAS DE PESQUISA EM LITERATURA &#8211; 30h<\/a><\/span><\/td>\n<td><span style=\"color: #000000\"><i>Obrigat\u00f3ria<\/i><\/span><\/td>\n<\/tr>\n<tr class=\"linhaImpar\">\n<td><span style=\"color: #000000\"><a style=\"color: #000000\" href=\"http:\/\/www2.unifap.br\/ppglet\/programa\/estrutura-curricular\/topicos-em-estudos-literarios-i\/\">PPGLET0006 &#8211; T\u00d3PICOS EM ESTUDOS LITER\u00c1RIOS I &#8211; 45h<\/a><\/span><\/td>\n<td><span style=\"color: #000000\"><i>Optativa<\/i><\/span><\/td>\n<\/tr>\n<tr class=\"linhaPar\">\n<td><span style=\"color: #000000\"><a style=\"color: #000000\" href=\"http:\/\/www2.unifap.br\/ppglet\/programa\/estrutura-curricular\/topicos-em-estudos-literarios-ii\/\">PPGLET0007 &#8211; T\u00d3PICOS EM ESTUDOS LITER\u00c1RIOS II &#8211; 45h<\/a><\/span><\/td>\n<td><span style=\"color: #000000\"><i>Optativa<\/i><\/span><\/td>\n<\/tr>\n<tr class=\"linhaImpar\">\n<td><span style=\"color: #000000\"><a style=\"color: #000000\" href=\"http:\/\/www2.unifap.br\/ppglet\/programa\/estrutura-curricular\/topicos-em-estudos-literarios-iii\/\">PPGLET0008 &#8211; T\u00d3PICOS EM ESTUDOS LITER\u00c1RIOS III &#8211; 45h<\/a><\/span><\/td>\n<td><span style=\"color: #000000\"><i>Optativa<\/i><\/span><\/td>\n<\/tr>\n<tr class=\"linhaPar\">\n<td><span style=\"color: #000000\"><a style=\"color: #000000\" href=\"http:\/\/www2.unifap.br\/ppglet\/programa\/estrutura-curricular\/narrativa-nas-guianas\/\">PPGLET0013 &#8211; NARRATIVA NAS GUIANAS &#8211; 45h<\/a><\/span><\/td>\n<td><span style=\"color: #000000\"><i>Optativa<\/i><\/span><\/td>\n<\/tr>\n<tr class=\"linhaImpar\">\n<td><span style=\"color: #000000\"><a style=\"color: #000000\" href=\"http:\/\/www2.unifap.br\/ppglet\/programa\/estrutura-curricular\/literatura-cultura-e-memoria-na-amazonia\/\">PPGLET0015 &#8211; LITERATURA, CULTURA E MEM\u00d3RIA NA AMAZ\u00d4NIA &#8211; 45h<\/a><\/span><\/td>\n<td><span style=\"color: #000000\"><i>Optativa<\/i><\/span><\/td>\n<\/tr>\n<tr class=\"linhaPar\">\n<td><span style=\"color: #000000\"><a style=\"color: #000000\" href=\"http:\/\/www2.unifap.br\/ppglet\/programa\/estrutura-curricular\/literatura-de-viagem-na-amazonia\/\">PPGLET0016 &#8211; LITERATURA DE VIAGEM NA AMAZ\u00d4NIA &#8211; 45h<\/a><\/span><\/td>\n<td><span style=\"color: #000000\"><i>Optativa<\/i><\/span><\/td>\n<\/tr>\n<tr class=\"linhaImpar\">\n<td><span style=\"color: #000000\"><a style=\"color: #000000\" href=\"http:\/\/www2.unifap.br\/ppglet\/programa\/estrutura-curricular\/letras-luso-brasileiras\/\">PPGLET0018 &#8211; LETRAS LUSO-BRASILEIRAS &#8211; 45h<\/a><\/span><\/td>\n<td><span style=\"color: #000000\"><i>Optativa<\/i><\/span><\/td>\n<\/tr>\n<tr class=\"linhaPar\">\n<td><span style=\"color: #000000\"><a style=\"color: #000000\" href=\"http:\/\/www2.unifap.br\/ppglet\/programa\/estrutura-curricular\/estudos-de-genero-na-literatura-do-caribe\/\">PPGLET0021 &#8211; ESTUDOS DE G\u00caNERO NA LITERATURA DO CARIBE &#8211; 45h<\/a><\/span><\/td>\n<td><span style=\"color: #000000\"><i>Optativa<\/i><\/span><\/td>\n<\/tr>\n<\/tbody>\n<\/table>\n<p>&nbsp;<\/p>\n<table class=\"listagem\" style=\"height: 212px\" width=\"823\">\n<tbody>\n<tr>\n<td colspan=\"4\"><span style=\"color: #000000\"><b>Comum<\/b><\/span><\/td>\n<\/tr>\n<tr class=\"linhaImpar\">\n<td><span style=\"color: #000000\"><a style=\"color: #000000\" href=\"http:\/\/www2.unifap.br\/ppglet\/programa\/estrutura-curricular\/estagio-docencia\/\">PPGLET0020 &#8211; EST\u00c1GIO DOCENTE &#8211; 15h<\/a><\/span><\/td>\n<td><span style=\"color: #000000\"><i>Optativa<\/i><\/span><\/td>\n<\/tr>\n<tr class=\"linhaPar\">\n<td><span style=\"color: #000000\"><a style=\"color: #000000\" href=\"http:\/\/www2.unifap.br\/ppglet\/programa\/estrutura-curricular\/estudos-especiais-i\/\">PPGLET0022 &#8211; ESTUDOS ESPECIAIS I &#8211; 15h<\/a><\/span><\/td>\n<td><span style=\"color: #000000\"><i>Optativa<\/i><\/span><\/td>\n<\/tr>\n<tr class=\"linhaImpar\">\n<td><span style=\"color: #000000\"><a style=\"color: #000000\" href=\"http:\/\/www2.unifap.br\/ppglet\/programa\/estrutura-curricular\/estudos-especiais-ii\/\">PPGLET0023 &#8211; ESTUDOS ESPECIAIS II &#8211; 15h<\/a><\/span><\/td>\n<td><span style=\"color: #000000\"><i>Optativa<\/i><\/span><\/td>\n<\/tr>\n<\/tbody>\n<\/table>\n<p>&nbsp;<\/p>\n","protected":false},"excerpt":{"rendered":"<p>Estrutura Curricular O curr\u00edculo, no n\u00edvel de Mestrado, integraliza 24 cr\u00e9ditos: 06 cr\u00e9ditos em disciplinas obrigat\u00f3rias da linha de pesquisa; 09 cr\u00e9ditos em disciplinas optativas e\/ou eletivas; 03 cr\u00e9ditos em atividades complementares; 02 cr\u00e9ditos em exame de qualifica\u00e7\u00e3o 04 cr\u00e9ditos na defesa da disserta\u00e7\u00e3o. &nbsp; Linha: Diversidade Lingu\u00edstica na Amaz\u00f4nia PPGLET0001 &#8211; TEORIAS LINGU\u00cdSTICAS &#8211;&#8230;<\/p>\n","protected":false},"author":3826,"featured_media":0,"parent":60,"menu_order":5,"comment_status":"closed","ping_status":"closed","template":"","meta":{"inline_featured_image":false,"ngg_post_thumbnail":0,"footnotes":""},"folder":[],"class_list":["post-69","page","type-page","status-publish","hentry","entry"],"_links":{"self":[{"href":"http:\/\/www2.unifap.br\/ppglet\/wp-json\/wp\/v2\/pages\/69","targetHints":{"allow":["GET"]}}],"collection":[{"href":"http:\/\/www2.unifap.br\/ppglet\/wp-json\/wp\/v2\/pages"}],"about":[{"href":"http:\/\/www2.unifap.br\/ppglet\/wp-json\/wp\/v2\/types\/page"}],"author":[{"embeddable":true,"href":"http:\/\/www2.unifap.br\/ppglet\/wp-json\/wp\/v2\/users\/3826"}],"replies":[{"embeddable":true,"href":"http:\/\/www2.unifap.br\/ppglet\/wp-json\/wp\/v2\/comments?post=69"}],"version-history":[{"count":12,"href":"http:\/\/www2.unifap.br\/ppglet\/wp-json\/wp\/v2\/pages\/69\/revisions"}],"predecessor-version":[{"id":1561,"href":"http:\/\/www2.unifap.br\/ppglet\/wp-json\/wp\/v2\/pages\/69\/revisions\/1561"}],"up":[{"embeddable":true,"href":"http:\/\/www2.unifap.br\/ppglet\/wp-json\/wp\/v2\/pages\/60"}],"wp:attachment":[{"href":"http:\/\/www2.unifap.br\/ppglet\/wp-json\/wp\/v2\/media?parent=69"}],"wp:term":[{"taxonomy":"folder","embeddable":true,"href":"http:\/\/www2.unifap.br\/ppglet\/wp-json\/wp\/v2\/folder?post=69"}],"curies":[{"name":"wp","href":"https:\/\/api.w.org\/{rel}","templated":true}]}}