{"id":71,"date":"2019-03-18T23:31:40","date_gmt":"2019-03-19T02:31:40","guid":{"rendered":"http:\/\/www2.unifap.br\/ppglet\/?page_id=71"},"modified":"2022-07-05T01:11:56","modified_gmt":"2022-07-05T04:11:56","slug":"bolsas-e-financiamentos","status":"publish","type":"page","link":"http:\/\/www2.unifap.br\/ppglet\/programa\/bolsas-e-financiamentos\/","title":{"rendered":"Bolsas"},"content":{"rendered":"<h4><strong>Programa de Demanda Social (DS) &#8211; CAPES\/DS<\/strong><\/h4>\n<p>Promover a forma\u00e7\u00e3o de recursos humanos de alto n\u00edvel, por meio de concess\u00e3o de bolsas a cursos de p\u00f3s-gradua\u00e7\u00e3o stricto sensu (mestrado e doutorado).<\/p>\n<p><strong>Condi\u00e7\u00f5es obrigat\u00f3rias<\/strong><\/p>\n<p>As bolsas ser\u00e3o concedidas a institui\u00e7\u00f5es de personalidade jur\u00eddica de direito p\u00fablico e ensino gratuito, avaliadas pela CAPES com nota igual ou superior a tr\u00eas.<\/p>\n<p><strong>Como funciona?<\/strong><\/p>\n<p>As bolsas de estudo do DS s\u00e3o gerenciadas pelas institui\u00e7\u00f5es e cursos de p\u00f3s-gradua\u00e7\u00e3o, que s\u00e3o respons\u00e1veis pela sele\u00e7\u00e3o e acompanhamento dos bolsistas, conforme orienta\u00e7\u00f5es da CAPES.<\/p>\n<p><strong>Processos Seletivos:<\/strong><\/p>\n<p><a href=\"https:\/\/www2.unifap.br\/ppglet\/2019\/07\/04\/chamada-processo-seletivo-bolsa-capes-ds\/\">Chamada n. 3\/2019 &#8211; PPGLET\/UNIFAP<\/a><\/p>\n<p><a href=\"https:\/\/www2.unifap.br\/ppglet\/2019\/07\/12\/chamada-processo-seletivo-capes-ds-resultado\/\">Chamada n. 3\/2019 &#8211; PPGLET\/UNIFAP &#8211; Resultado<\/a><\/p>\n<p><strong>COMISS\u00c3O DE BOLSAS &#8211; PPGLET\/2019<\/strong><\/p>\n<p>Portaria n. 0961\/2019<\/p>\n<p>Eduardo Alves Vasconcelos (Presidente)<br \/>\nNatali Fabiana da Costa e Silva (Representante Docente)<br \/>\nKerllyo Barbosa Maciel (Representante Discente)<\/p>\n","protected":false},"excerpt":{"rendered":"<p>Programa de Demanda Social (DS) &#8211; CAPES\/DS Promover a forma\u00e7\u00e3o de recursos humanos de alto n\u00edvel, por meio de concess\u00e3o de bolsas a cursos de p\u00f3s-gradua\u00e7\u00e3o stricto sensu (mestrado e doutorado). Condi\u00e7\u00f5es obrigat\u00f3rias As bolsas ser\u00e3o concedidas a institui\u00e7\u00f5es de personalidade jur\u00eddica de direito p\u00fablico e ensino gratuito, avaliadas pela CAPES com nota igual ou&#8230;<\/p>\n","protected":false},"author":3826,"featured_media":0,"parent":60,"menu_order":6,"comment_status":"closed","ping_status":"closed","template":"","meta":{"inline_featured_image":false,"ngg_post_thumbnail":0,"footnotes":""},"folder":[],"class_list":["post-71","page","type-page","status-publish","hentry","entry"],"_links":{"self":[{"href":"http:\/\/www2.unifap.br\/ppglet\/wp-json\/wp\/v2\/pages\/71","targetHints":{"allow":["GET"]}}],"collection":[{"href":"http:\/\/www2.unifap.br\/ppglet\/wp-json\/wp\/v2\/pages"}],"about":[{"href":"http:\/\/www2.unifap.br\/ppglet\/wp-json\/wp\/v2\/types\/page"}],"author":[{"embeddable":true,"href":"http:\/\/www2.unifap.br\/ppglet\/wp-json\/wp\/v2\/users\/3826"}],"replies":[{"embeddable":true,"href":"http:\/\/www2.unifap.br\/ppglet\/wp-json\/wp\/v2\/comments?post=71"}],"version-history":[{"count":7,"href":"http:\/\/www2.unifap.br\/ppglet\/wp-json\/wp\/v2\/pages\/71\/revisions"}],"predecessor-version":[{"id":1797,"href":"http:\/\/www2.unifap.br\/ppglet\/wp-json\/wp\/v2\/pages\/71\/revisions\/1797"}],"up":[{"embeddable":true,"href":"http:\/\/www2.unifap.br\/ppglet\/wp-json\/wp\/v2\/pages\/60"}],"wp:attachment":[{"href":"http:\/\/www2.unifap.br\/ppglet\/wp-json\/wp\/v2\/media?parent=71"}],"wp:term":[{"taxonomy":"folder","embeddable":true,"href":"http:\/\/www2.unifap.br\/ppglet\/wp-json\/wp\/v2\/folder?post=71"}],"curies":[{"name":"wp","href":"https:\/\/api.w.org\/{rel}","templated":true}]}}