{"id":3638,"date":"2017-10-13T19:03:33","date_gmt":"2017-10-13T19:03:33","guid":{"rendered":"http:\/\/www2.unifap.br\/procri\/?page_id=3638"},"modified":"2017-10-13T19:03:33","modified_gmt":"2017-10-13T19:03:33","slug":"edital-no172015procri-aux-pesquisador-centro-cultural-brasil-guyana","status":"publish","type":"page","link":"http:\/\/www2.unifap.br\/procri\/bolsas-para-pesquisa\/editais-2015\/edital-no172015procri-aux-pesquisador-centro-cultural-brasil-guyana\/","title":{"rendered":"EDITAL N\u00ba17\/2015\/PROCRI-Aux. Pesquisador Centro Cultural Brasil-Guyana"},"content":{"rendered":"<p>A <b>UNIVERSIDADE FEDERAL DO AMAPA &#8211; UNIFAP<\/b>, atrav\u00e9s da Pr\u00f3-Reitoria de Coopera\u00e7\u00e3o e Rela\u00e7\u00f5es Interinstitucionais &#8211; PROCRI, torna p\u00fablica a inscri\u00e7\u00e3o e sele\u00e7\u00e3o de professores da institui\u00e7\u00e3o para participarem do <b>PARA O PROGRAMA DE AUX\u00cdLIO PARA ATIVIDADES NO CENTRO CULTURAL BRASIL GUYANA (GEORGETOWN).<\/b><\/p>\n<p><a href=\"http:\/\/www2.unifap.br\/procri\/files\/2017\/10\/RESULTADO-EDITAL-17-2015.pdf\">RESULTADO EDITAL 17-2015<\/a><\/p>\n<p><a href=\"http:\/\/www2.unifap.br\/procri\/files\/2017\/10\/EDITAL-17-2015-PROCRI-UNIFAP_AUX.-ATIV.-CULTURAL-BRASIL-GUYANA.pdf\">EDITAL 17-2015-PROCRI-UNIFAP_AUX. ATIV. CULTURAL BRASIL-GUYANA<\/a><\/p>\n<p><a href=\"http:\/\/www2.unifap.br\/procri\/files\/2017\/10\/ANEXOS-I-II-III-IV-_CCBG.docx\">ANEXOS I-II-III-IV <\/a><\/p>\n<p>&nbsp;<\/p>\n","protected":false},"excerpt":{"rendered":"<p>A UNIVERSIDADE FEDERAL DO AMAPA &#8211; UNIFAP, atrav\u00e9s da Pr\u00f3-Reitoria de Coopera\u00e7\u00e3o e Rela\u00e7\u00f5es Interinstitucionais &#8211; PROCRI, torna p\u00fablica a inscri\u00e7\u00e3o e sele\u00e7\u00e3o de professores da institui\u00e7\u00e3o para participarem do PARA O PROGRAMA DE AUX\u00cdLIO PARA ATIVIDADES NO CENTRO CULTURAL BRASIL GUYANA (GEORGETOWN). RESULTADO EDITAL 17-2015 EDITAL 17-2015-PROCRI-UNIFAP_AUX. ATIV. CULTURAL BRASIL-GUYANA ANEXOS I-II-III-IV &nbsp;<\/p>\n","protected":false},"author":189,"featured_media":0,"parent":2743,"menu_order":15,"comment_status":"open","ping_status":"open","template":"","meta":{"inline_featured_image":false,"ngg_post_thumbnail":0,"footnotes":""},"class_list":["post-3638","page","type-page","status-publish","hentry","entry"],"_links":{"self":[{"href":"http:\/\/www2.unifap.br\/procri\/wp-json\/wp\/v2\/pages\/3638","targetHints":{"allow":["GET"]}}],"collection":[{"href":"http:\/\/www2.unifap.br\/procri\/wp-json\/wp\/v2\/pages"}],"about":[{"href":"http:\/\/www2.unifap.br\/procri\/wp-json\/wp\/v2\/types\/page"}],"author":[{"embeddable":true,"href":"http:\/\/www2.unifap.br\/procri\/wp-json\/wp\/v2\/users\/189"}],"replies":[{"embeddable":true,"href":"http:\/\/www2.unifap.br\/procri\/wp-json\/wp\/v2\/comments?post=3638"}],"version-history":[{"count":1,"href":"http:\/\/www2.unifap.br\/procri\/wp-json\/wp\/v2\/pages\/3638\/revisions"}],"predecessor-version":[{"id":3642,"href":"http:\/\/www2.unifap.br\/procri\/wp-json\/wp\/v2\/pages\/3638\/revisions\/3642"}],"up":[{"embeddable":true,"href":"http:\/\/www2.unifap.br\/procri\/wp-json\/wp\/v2\/pages\/2743"}],"wp:attachment":[{"href":"http:\/\/www2.unifap.br\/procri\/wp-json\/wp\/v2\/media?parent=3638"}],"curies":[{"name":"wp","href":"https:\/\/api.w.org\/{rel}","templated":true}]}}