{"id":3828,"date":"2018-03-09T17:06:39","date_gmt":"2018-03-09T17:06:39","guid":{"rendered":"http:\/\/www2.unifap.br\/procri\/?page_id=3828"},"modified":"2019-01-11T12:44:55","modified_gmt":"2019-01-11T12:44:55","slug":"edital-022018-bracol-2018-2","status":"publish","type":"page","link":"http:\/\/www2.unifap.br\/procri\/bolsas-para-pesquisa\/editais-2018_todos-os-resultados-para-consulta\/edital-022018-bracol-2018-2\/","title":{"rendered":"Edital 02\/2018 &#8211; BRACOL 2018.2"},"content":{"rendered":"<p style=\"text-align: center\"><span style=\"color: #0000ff\"><a href=\"http:\/\/www2.unifap.br\/procri\/files\/2018\/05\/CONVOCA\u00c7\u00c3O-PARA-REUNI\u00c3O.pdf\"><span style=\"color: #0000ff\">CONVOCA\u00c7\u00c3O PARA REUNI\u00c3O NESTA QUINTA, dia 10\/05\/2018<\/span><\/a><\/span><\/p>\n<p style=\"text-align: center\"><a href=\"http:\/\/www2.unifap.br\/procri\/files\/2018\/05\/Resultado-Final-BRACOL-2018.2.pdf\">Resultado Final BRACOL 2018.2<\/a><\/p>\n<p style=\"text-align: center\"><a href=\"http:\/\/www2.unifap.br\/procri\/files\/2018\/03\/EDITAL-02-2018-PROCRI-BRACOL-2018.2.pdf\">EDITAL 02-2018 PROCRI BRACOL 2018.2<\/a><\/p>\n<p style=\"text-align: center\"><a href=\"http:\/\/www2.unifap.br\/procri\/files\/2018\/03\/Anexo-1-PLANILHA-PONTUA\u00c7\u00c3O-ESTUDANTES-2018.2.docx\">Anexo 1 -PLANILHA PONTUA\u00c7\u00c3O ESTUDANTES 2018.2<\/a><\/p>\n<p style=\"text-align: center\"><a href=\"http:\/\/www2.unifap.br\/procri\/files\/2018\/03\/Anexo-2-Formul\u00e1rio-de-recurso.docx\">Anexo 2- Formul\u00e1rio de recurso<\/a><\/p>\n<p style=\"text-align: center\"><a href=\"http:\/\/www2.unifap.br\/procri\/files\/2018\/03\/Acordo-Espec\u00edfico-BRACOL.pdf\">Acordo Espec\u00edfico BRACOL<\/a><\/p>\n","protected":false},"excerpt":{"rendered":"<p>CONVOCA\u00c7\u00c3O PARA REUNI\u00c3O NESTA QUINTA, dia 10\/05\/2018 Resultado Final BRACOL 2018.2 EDITAL 02-2018 PROCRI BRACOL 2018.2 Anexo 1 -PLANILHA PONTUA\u00c7\u00c3O ESTUDANTES 2018.2 Anexo 2- Formul\u00e1rio de recurso Acordo Espec\u00edfico BRACOL<\/p>\n","protected":false},"author":622,"featured_media":0,"parent":3801,"menu_order":4,"comment_status":"open","ping_status":"closed","template":"","meta":{"inline_featured_image":false,"ngg_post_thumbnail":0,"footnotes":""},"class_list":["post-3828","page","type-page","status-publish","hentry","entry"],"_links":{"self":[{"href":"http:\/\/www2.unifap.br\/procri\/wp-json\/wp\/v2\/pages\/3828","targetHints":{"allow":["GET"]}}],"collection":[{"href":"http:\/\/www2.unifap.br\/procri\/wp-json\/wp\/v2\/pages"}],"about":[{"href":"http:\/\/www2.unifap.br\/procri\/wp-json\/wp\/v2\/types\/page"}],"author":[{"embeddable":true,"href":"http:\/\/www2.unifap.br\/procri\/wp-json\/wp\/v2\/users\/622"}],"replies":[{"embeddable":true,"href":"http:\/\/www2.unifap.br\/procri\/wp-json\/wp\/v2\/comments?post=3828"}],"version-history":[{"count":3,"href":"http:\/\/www2.unifap.br\/procri\/wp-json\/wp\/v2\/pages\/3828\/revisions"}],"predecessor-version":[{"id":3963,"href":"http:\/\/www2.unifap.br\/procri\/wp-json\/wp\/v2\/pages\/3828\/revisions\/3963"}],"up":[{"embeddable":true,"href":"http:\/\/www2.unifap.br\/procri\/wp-json\/wp\/v2\/pages\/3801"}],"wp:attachment":[{"href":"http:\/\/www2.unifap.br\/procri\/wp-json\/wp\/v2\/media?parent=3828"}],"curies":[{"name":"wp","href":"https:\/\/api.w.org\/{rel}","templated":true}]}}