{"id":3889,"date":"2018-04-09T21:39:44","date_gmt":"2018-04-09T21:39:44","guid":{"rendered":"http:\/\/www2.unifap.br\/procri\/?page_id=3889"},"modified":"2020-02-18T12:21:06","modified_gmt":"2020-02-18T12:21:06","slug":"edital-032018procri-bolsas-ibero-americ-santander-alunos-2018","status":"publish","type":"page","link":"http:\/\/www2.unifap.br\/procri\/bolsas-para-pesquisa\/editais-2018_todos-os-resultados-para-consulta\/edital-032018procri-bolsas-ibero-americ-santander-alunos-2018\/","title":{"rendered":"EDITAL 06\/2018\/PROCRI-BOLSAS IBERO-AMERIC SANTANDER ALUNOS 2018"},"content":{"rendered":"<p style=\"text-align: center\">A Pr\u00f3-Reitoria de Coopera\u00e7\u00e3o e Rela\u00e7\u00f5es Interinstitucionais da Universidade Federal do Amap\u00e1 \u2013 PROCRI, mediante Conv\u00eanio firmado entre o SANTANDER UNIVERSIDADES e a UNIFAP, torna p\u00fablico o presente Edital para inscri\u00e7\u00e3o e sele\u00e7\u00e3o de alunos da UNIFAP ao Programa de Bolsas Ibero-Americanas Santander 2018.<\/p>\n<p style=\"text-align: center\"><a href=\"http:\/\/www2.unifap.br\/procri\/files\/2020\/02\/RESULTADO-IBERO-SANTANDER-2018_definitivo.pdf\">RESULTADO IBERO SANTANDER 2018_definitivo<\/a>_04.10.2018<\/p>\n<p style=\"text-align: center\"><a href=\"http:\/\/www2.unifap.br\/procri\/files\/2019\/10\/RESULTADO-DEFINITIVO-IBERO-SANTANDER-2018_Ordem-Classif_04.10.2018.pdf\">RESULTADO DEFINITIVO IBERO SANTANDER 2018_Ordem Classif_04.10.2018<\/a><\/p>\n<p style=\"text-align: center\"><a href=\"http:\/\/www2.unifap.br\/procri\/files\/2018\/04\/RESULTADO-IBERO-SANTANDER-2018_Ordem-Classif.pdf\">RESULTADO IBERO SANTANDER 2018_Ordem Classif<\/a><\/p>\n<p style=\"text-align: center\"><a href=\"http:\/\/www2.unifap.br\/procri\/files\/2018\/09\/RESULTADO-PRELIMINAR-IBERO-SANTANDER-2018_Ordem-Classif.pdf\">RESULTADO PRELIMINAR IBERO SANTANDER 2018_Ordem Classif<\/a><\/p>\n<p style=\"text-align: center\"><a href=\"http:\/\/www2.unifap.br\/procri\/files\/2018\/04\/Errata-do-cronograma.pdf\">Errata do cronograma<\/a><\/p>\n<p style=\"text-align: center\"><span style=\"color: #0000ff\"><a href=\"http:\/\/www2.unifap.br\/procri\/files\/2018\/04\/EDITAL-N\u00ba-06-2018-PROCRI-UNIFAP-IBERO-AMERIC-SANTANDER-ALUNOS-2018.pdf\"><span style=\"color: #0000ff\">EDITAL N\u00ba 06-2018-PROCRI-UNIFAP-IBERO-AMERIC SANTANDER ALUNOS 2018<\/span><\/a><\/span><\/p>\n<p style=\"text-align: center\"><a href=\"http:\/\/www2.unifap.br\/procri\/files\/2018\/04\/ANEXO-I-PLANILHA-PONTUA\u00c7\u00c3O.pdf\">ANEXO I-PLANILHA PONTUA\u00c7\u00c3O <span style=\"color: #000080\">(em <span style=\"color: #003300\"><span style=\"color: #003366\">07.08.2018:<\/span> <span style=\"color: #003300\">corrigido per\u00edodo p\/<\/span><\/span> <span style=\"color: #0000ff\">2013-2018<\/span>)<\/span><\/a><\/p>\n<p style=\"text-align: center\"><a href=\"http:\/\/www2.unifap.br\/procri\/files\/2018\/04\/Princ\u00edpios-Gerais-dos-Programas-de-Bolsas.pdf\">Princ\u00edpios Gerais&nbsp;<\/a><\/p>\n<p style=\"text-align: center\"><a href=\"http:\/\/www2.unifap.br\/procri\/files\/2018\/04\/Anexo-Ibero-2018-assinado-pela-Reitora.pdf\">Anexo Ibero 2018 assinado pela Reitora<\/a>&nbsp; &nbsp; &nbsp;&nbsp;<a href=\"http:\/\/www2.unifap.br\/procri\/files\/2018\/04\/Convenio-Ibero-2018-assinado-pela-Reitora.pdf\">Convenio Ibero 2018 assinado pela Reitora<\/a><\/p>\n<p style=\"text-align: center\"><a href=\"http:\/\/www2.unifap.br\/procri\/files\/2018\/04\/Formul\u00e1rio-de-recurso2.docx\">Formul\u00e1rio de recurso<\/a>&nbsp; &nbsp; &nbsp; <a href=\"http:\/\/www2.unifap.br\/procri\/files\/2018\/04\/Modelo-Relat\u00f3rio-de-Atividades-Interc\u00e2mbio.docx\">Modelo Relat\u00f3rio de Atividades Interc\u00e2mbio<\/a><\/p>\n","protected":false},"excerpt":{"rendered":"<p>A Pr\u00f3-Reitoria de Coopera\u00e7\u00e3o e Rela\u00e7\u00f5es Interinstitucionais da Universidade Federal do Amap\u00e1 \u2013 PROCRI, mediante Conv\u00eanio firmado entre o SANTANDER UNIVERSIDADES e a UNIFAP, torna p\u00fablico o presente Edital para inscri\u00e7\u00e3o e sele\u00e7\u00e3o de alunos da UNIFAP ao Programa de Bolsas Ibero-Americanas Santander 2018. RESULTADO IBERO SANTANDER 2018_definitivo_04.10.2018 RESULTADO DEFINITIVO IBERO SANTANDER 2018_Ordem Classif_04.10.2018 RESULTADO&#8230;<\/p>\n","protected":false},"author":189,"featured_media":0,"parent":3801,"menu_order":8,"comment_status":"open","ping_status":"closed","template":"","meta":{"inline_featured_image":false,"ngg_post_thumbnail":0,"footnotes":""},"class_list":["post-3889","page","type-page","status-publish","hentry","entry"],"_links":{"self":[{"href":"http:\/\/www2.unifap.br\/procri\/wp-json\/wp\/v2\/pages\/3889","targetHints":{"allow":["GET"]}}],"collection":[{"href":"http:\/\/www2.unifap.br\/procri\/wp-json\/wp\/v2\/pages"}],"about":[{"href":"http:\/\/www2.unifap.br\/procri\/wp-json\/wp\/v2\/types\/page"}],"author":[{"embeddable":true,"href":"http:\/\/www2.unifap.br\/procri\/wp-json\/wp\/v2\/users\/189"}],"replies":[{"embeddable":true,"href":"http:\/\/www2.unifap.br\/procri\/wp-json\/wp\/v2\/comments?post=3889"}],"version-history":[{"count":10,"href":"http:\/\/www2.unifap.br\/procri\/wp-json\/wp\/v2\/pages\/3889\/revisions"}],"predecessor-version":[{"id":5132,"href":"http:\/\/www2.unifap.br\/procri\/wp-json\/wp\/v2\/pages\/3889\/revisions\/5132"}],"up":[{"embeddable":true,"href":"http:\/\/www2.unifap.br\/procri\/wp-json\/wp\/v2\/pages\/3801"}],"wp:attachment":[{"href":"http:\/\/www2.unifap.br\/procri\/wp-json\/wp\/v2\/media?parent=3889"}],"curies":[{"name":"wp","href":"https:\/\/api.w.org\/{rel}","templated":true}]}}