{"id":2,"date":"2011-10-14T13:56:00","date_gmt":"2011-10-14T13:56:00","guid":{"rendered":"http:\/\/www2.unifap.br\/procultura\/?page_id=2"},"modified":"2011-10-14T15:43:00","modified_gmt":"2011-10-14T15:43:00","slug":"pagina-exemplo","status":"publish","type":"page","link":"http:\/\/www2.unifap.br\/procultura\/pagina-exemplo\/","title":{"rendered":"Garagem Universit\u00e1ria"},"content":{"rendered":"<p><a href=\"http:\/\/www2.unifap.br\/procultura\/files\/2011\/10\/1284434840_leve.jpg\"><img fetchpriority=\"high\" decoding=\"async\" class=\"aligncenter size-medium wp-image-22\" src=\"http:\/\/www2.unifap.br\/procultura\/files\/2011\/10\/1284434840_leve-300x218.jpg\" alt=\"\" width=\"300\" height=\"218\" srcset=\"http:\/\/www2.unifap.br\/procultura\/files\/2011\/10\/1284434840_leve-300x218.jpg 300w, http:\/\/www2.unifap.br\/procultura\/files\/2011\/10\/1284434840_leve.jpg 440w\" sizes=\"(max-width: 300px) 100vw, 300px\" \/><\/a>Mais informa\u00e7\u00f5es em breve<\/p>\n<p>&nbsp;<\/p>\n<p>&nbsp;<\/p>\n<p>Mais informa\u00e7\u00f5es em breve<\/p>\n","protected":false},"excerpt":{"rendered":"<p>Mais informa\u00e7\u00f5es em breve &nbsp; &nbsp; Mais informa\u00e7\u00f5es em breve<\/p>\n","protected":false},"author":1,"featured_media":0,"parent":0,"menu_order":0,"comment_status":"open","ping_status":"open","template":"","meta":{"inline_featured_image":false,"ngg_post_thumbnail":0,"footnotes":""},"class_list":["post-2","page","type-page","status-publish","hentry"],"_links":{"self":[{"href":"http:\/\/www2.unifap.br\/procultura\/wp-json\/wp\/v2\/pages\/2","targetHints":{"allow":["GET"]}}],"collection":[{"href":"http:\/\/www2.unifap.br\/procultura\/wp-json\/wp\/v2\/pages"}],"about":[{"href":"http:\/\/www2.unifap.br\/procultura\/wp-json\/wp\/v2\/types\/page"}],"author":[{"embeddable":true,"href":"http:\/\/www2.unifap.br\/procultura\/wp-json\/wp\/v2\/users\/1"}],"replies":[{"embeddable":true,"href":"http:\/\/www2.unifap.br\/procultura\/wp-json\/wp\/v2\/comments?post=2"}],"version-history":[{"count":2,"href":"http:\/\/www2.unifap.br\/procultura\/wp-json\/wp\/v2\/pages\/2\/revisions"}],"predecessor-version":[{"id":21,"href":"http:\/\/www2.unifap.br\/procultura\/wp-json\/wp\/v2\/pages\/2\/revisions\/21"}],"wp:attachment":[{"href":"http:\/\/www2.unifap.br\/procultura\/wp-json\/wp\/v2\/media?parent=2"}],"curies":[{"name":"wp","href":"https:\/\/api.w.org\/{rel}","templated":true}]}}