{"id":5319,"date":"2023-05-08T08:39:27","date_gmt":"2023-05-08T11:39:27","guid":{"rendered":"https:\/\/www2.unifap.br\/proeac\/?page_id=5319"},"modified":"2023-05-08T10:32:39","modified_gmt":"2023-05-08T13:32:39","slug":"organograma","status":"publish","type":"page","link":"http:\/\/www2.unifap.br\/proeac\/organograma\/","title":{"rendered":"Organograma"},"content":{"rendered":"\t\t<div data-elementor-type=\"wp-page\" data-elementor-id=\"5319\" class=\"elementor elementor-5319\">\n\t\t\t\t\t\t<section class=\"elementor-section elementor-top-section elementor-element elementor-element-62723a6 elementor-section-boxed elementor-section-height-default elementor-section-height-default\" data-id=\"62723a6\" data-element_type=\"section\" data-e-type=\"section\">\n\t\t\t\t\t\t<div class=\"elementor-container elementor-column-gap-default\">\n\t\t\t\t\t<div class=\"elementor-column elementor-col-100 elementor-top-column elementor-element elementor-element-0406170\" data-id=\"0406170\" data-element_type=\"column\" data-e-type=\"column\">\n\t\t\t<div class=\"elementor-widget-wrap elementor-element-populated\">\n\t\t\t\t\t\t<div class=\"elementor-element elementor-element-8bdcf59 elementor-widget elementor-widget-html\" data-id=\"8bdcf59\" data-element_type=\"widget\" data-e-type=\"widget\" data-widget_type=\"html.default\">\n\t\t\t\t<div class=\"elementor-widget-container\">\n\t\t\t\t\t\n<section class=\"section\">\n    <h1>Conhecendo a PROEAC e suas unidades<\/h1>\n        <p>As unidades representadas abaixo possuem \u00e1reas clic\u00e1veis que redirecionam para os sites das unidades<\/p>\n    <hr>\n    <figure>\n        <img fetchpriority=\"high\" decoding=\"async\" src=\"http:\/\/www2.unifap.br\/proeac\/files\/2023\/05\/orgPROEAC-08-05-2023.png\" alt=\"Organograma PROEAC\" usemap=\"#orgnograma\" width=\"1127\" height=\"1628\"><figcaption>Clique sobre o quadro da unidade que deseja visuaizar.<\/figcaption>\n    <\/figure>\n    <map name=\"orgnograma\">\n        <area target=\"_blank\" coords=\"563,296,179\" shape=\"circle\" alt=\"PROEAC\" title=\"PR\u00d3-REITORIA EXTENS\u00c3O A\u00c7\u00d5ES COMUNIT\u00c1RIAS - PROEAC\" href=\"https:\/\/www2.unifap.br\/proeac\/\">\n\t\t<area target=\"_self\" coords=\"287,598,20,521\" shape=\"rect\" alt=\"SECPROEAC\" title=\"SECRETARIA PRO-REITORIA DE EXTENS\u00d5ES E A\u00c7\u00d5ES COMUNIT\u00c1RIAS - SECPROEAC\" href=\"#\">\n\t\t<area target=\"_blank\" coords=\"6,696,220,855\" shape=\"rect\" alt=\"DACE\" title=\"DEPARTAMENTO DE A\u00c7\u00d5ES COMUNIT\u00c1RIAS E ESTUDANTIS - DACE\" href=\"https:\/\/www2.unifap.br\/dace\/\">\n\t\t<area target=\"_self\" coords=\"153,879,331,1006\" shape=\"rect\" alt=\"DAC\" title=\"DIVIS\u00c3O DE A\u00c7\u00d5ES COMUNIT\u00c1RIAS - DAC\" href=\"#\">\n\t\t<area target=\"_self\" coords=\"152,1019,330,1144\" shape=\"rect\" alt=\"DAE\" title=\"DIVIS\u00c3O DE A\u00c7\u00d5ES ESTUDANTIS - DAE\" href=\"#\">\n\t\t<area target=\"_self\" coords=\"153,1170,329,1295\" shape=\"rect\" alt=\"DCARTE\" title=\"DIVIS\u00c3O DE CULTURA E ARTE - DCARTE\" href=\"#\">\n\t\t<area target=\"_blank\" coords=\"152,1331,329,1456\" shape=\"rect\" alt=\"DESPL\" title=\"DIVIS\u00c3O DE ESPORTE E LAZER - DESPL\" href=\"https:\/\/www2.unifap.br\/despl\/\">\n\t\t<area target=\"_blank\" coords=\"152,1479,331,1606\" shape=\"rect\" alt=\"RU\" title=\"RESTAURANTE UNIVERSIT\u00c1RIO - RU\" href=\"https:\/\/www2.unifap.br\/dace\/restaurante-universitario\">\n\t\t<area target=\"_blank\" coords=\"457,698,671,854\" shape=\"rect\" alt=\"DS\" title=\"DEPARTAMENTO DE SA\u00daDE - DS\" href=\"https:\/\/www2.unifap.br\/ds\/\">\n\t\t<area target=\"_self\" coords=\"599,879,760,1036\" shape=\"rect\" alt=\"DBS\" title=\"DIVIS\u00c3O B\u00c1SICA DE SA\u00daDE -DBS\" href=\"#\">\n\t\t<area target=\"_blank\" coords=\"598,1051,759,1206\" shape=\"rect\" alt=\"DSP\" title=\"DIVIS\u00c3O DE SERVI\u00c7O PSICOSSOCIAL - DSP\" href=\"https:\/\/www2.unifap.br\/dsp\/\">\n\t\t<area target=\"_blank\" coords=\"682,697,898,854\" shape=\"rect\" alt=\"NAI\" title=\"N\u00daCLEO DE ACESSIBILIDADE E INCLUS\u00c3O - NAI\" href=\"https:\/\/www2.unifap.br\/nai\/\">\n\t\t<area target=\"_self\" coords=\"838,1255,1052,1447\" shape=\"rect\" alt=\"DDMDPA\" title=\"DIVIS\u00c3O DE DESENVOLVIMENTO DE MATERIAL DID\u00c1TICO E PEDAG\u00d3GICO ACESSIVEL - DDMDPA\" href=\"#\">\n\t\t<area target=\"_self\" coords=\"838,1050,1051,1241\" shape=\"rect\" alt=\"DSEEAP\" title=\"DIVIS\u00c3O DE SERVI\u00c7OS EDUCACIONAIS ESPECIALIZADOS E DO APOIO PSICOPEDAG\u00d3GICO - DSEEAP\" href=\"#\">\n\t\t<area target=\"_self\" coords=\"838,879,1051,1035\" shape=\"rect\" alt=\"SECNAI\" title=\"SECRETARIA EXECUTIVA NAI - SECNAI\" href=\"#\">\n\t\t<area target=\"_blank\" coords=\"906,697,1123,855\" shape=\"rect\" alt=\"NEAB\" title=\"N\u00daCLEO DE ESTUDOS AFRO-BRASILEIROS - NEAB\" href=\"https:\/\/www2.unifap.br\/neab\/\">\n\t\t<area target=\"_blank\" coords=\"231,699,446,853\" shape=\"rect\" alt=\"DEX\" title=\"DEPARTAMENTO DE EXTENS\u00c3O - DEX\" href=\"https:\/\/www2.unifap.br\/dex\/\">\n    <\/map>\n<\/section>\t\t\t\t<\/div>\n\t\t\t\t<\/div>\n\t\t\t\t\t<\/div>\n\t\t<\/div>\n\t\t\t\t\t<\/div>\n\t\t<\/section>\n\t\t\t\t<\/div>\n\t\t","protected":false},"excerpt":{"rendered":"<p>Conhecendo a PROEAC e suas unidades As unidades representadas abaixo possuem \u00e1reas clic\u00e1veis que redirecionam para os sites das unidades Clique sobre o quadro da unidade que deseja visuaizar.<\/p>\n","protected":false},"author":2504,"featured_media":0,"parent":0,"menu_order":0,"comment_status":"closed","ping_status":"closed","template":"","meta":{"inline_featured_image":false,"site-sidebar-layout":"no-sidebar","site-content-layout":"page-builder","ast-site-content-layout":"default","site-content-style":"default","site-sidebar-style":"default","ast-global-header-display":"","ast-banner-title-visibility":"","ast-main-header-display":"","ast-hfb-above-header-display":"","ast-hfb-below-header-display":"","ast-hfb-mobile-header-display":"","site-post-title":"disabled","ast-breadcrumbs-content":"","ast-featured-img":"disabled","footer-sml-layout":"","theme-transparent-header-meta":"default","adv-header-id-meta":"","stick-header-meta":"","header-above-stick-meta":"","header-main-stick-meta":"","header-below-stick-meta":"","astra-migrate-meta-layouts":"default","ast-page-background-enabled":"default","ast-page-background-meta":{"desktop":{"background-color":"var(--ast-global-color-4)","background-image":"","background-repeat":"repeat","background-position":"center center","background-size":"auto","background-attachment":"scroll","background-type":"","background-media":"","overlay-type":"","overlay-color":"","overlay-opacity":"","overlay-gradient":""},"tablet":{"background-color":"","background-image":"","background-repeat":"repeat","background-position":"center center","background-size":"auto","background-attachment":"scroll","background-type":"","background-media":"","overlay-type":"","overlay-color":"","overlay-opacity":"","overlay-gradient":""},"mobile":{"background-color":"","background-image":"","background-repeat":"repeat","background-position":"center center","background-size":"auto","background-attachment":"scroll","background-type":"","background-media":"","overlay-type":"","overlay-color":"","overlay-opacity":"","overlay-gradient":""}},"ast-content-background-meta":{"desktop":{"background-color":"var(--ast-global-color-5)","background-image":"","background-repeat":"repeat","background-position":"center center","background-size":"auto","background-attachment":"scroll","background-type":"","background-media":"","overlay-type":"","overlay-color":"","overlay-opacity":"","overlay-gradient":""},"tablet":{"background-color":"var(--ast-global-color-5)","background-image":"","background-repeat":"repeat","background-position":"center center","background-size":"auto","background-attachment":"scroll","background-type":"","background-media":"","overlay-type":"","overlay-color":"","overlay-opacity":"","overlay-gradient":""},"mobile":{"background-color":"var(--ast-global-color-5)","background-image":"","background-repeat":"repeat","background-position":"center center","background-size":"auto","background-attachment":"scroll","background-type":"","background-media":"","overlay-type":"","overlay-color":"","overlay-opacity":"","overlay-gradient":""}},"ngg_post_thumbnail":0,"footnotes":""},"class_list":["post-5319","page","type-page","status-publish","hentry"],"_links":{"self":[{"href":"http:\/\/www2.unifap.br\/proeac\/wp-json\/wp\/v2\/pages\/5319","targetHints":{"allow":["GET"]}}],"collection":[{"href":"http:\/\/www2.unifap.br\/proeac\/wp-json\/wp\/v2\/pages"}],"about":[{"href":"http:\/\/www2.unifap.br\/proeac\/wp-json\/wp\/v2\/types\/page"}],"author":[{"embeddable":true,"href":"http:\/\/www2.unifap.br\/proeac\/wp-json\/wp\/v2\/users\/2504"}],"replies":[{"embeddable":true,"href":"http:\/\/www2.unifap.br\/proeac\/wp-json\/wp\/v2\/comments?post=5319"}],"version-history":[{"count":31,"href":"http:\/\/www2.unifap.br\/proeac\/wp-json\/wp\/v2\/pages\/5319\/revisions"}],"predecessor-version":[{"id":5353,"href":"http:\/\/www2.unifap.br\/proeac\/wp-json\/wp\/v2\/pages\/5319\/revisions\/5353"}],"wp:attachment":[{"href":"http:\/\/www2.unifap.br\/proeac\/wp-json\/wp\/v2\/media?parent=5319"}],"curies":[{"name":"wp","href":"https:\/\/api.w.org\/{rel}","templated":true}]}}