{"id":260,"date":"2019-11-11T23:50:01","date_gmt":"2019-11-11T23:50:01","guid":{"rendered":"http:\/\/www2.unifap.br\/profnit\/?page_id=260"},"modified":"2019-12-05T20:15:23","modified_gmt":"2019-12-05T20:15:23","slug":"i-simposio","status":"publish","type":"page","link":"http:\/\/www2.unifap.br\/profnit\/agenda\/eventos-publicos\/i-simposio\/","title":{"rendered":"I SIMP\u00d3SIO SAIT"},"content":{"rendered":"<p><strong>I SIMP\u00d3SIO AMAPAENSE DE INOVA\u00c7\u00c3O TECNOL\u00d3GICA<\/strong><\/p>\n<p><strong>UMA REALIZA\u00c7\u00c3O DO PROGRAMA DE P\u00d3S-GRADUA\u00c7\u00c3O EM PROPRIEDADE INTELECTUAL E TRANSFER\u00caNCIA DE TECNOLOGIA PARA A INOVA\u00c7\u00c3O (PROFNIT, PONTO FOCAL UNIFAP) E\u00a0<\/strong><strong>DA UNIDADE AMAP\u00c1 DA EMPRESA BRASILEIRA DE PESQUISA AGROPECU\u00c1RIA (EMBRAPA-AP)<\/strong><\/p>\n<p><strong>APOIO E PARCERIA<\/strong> | PR\u00d3-REITORIA DE PESQUISA E P\u00d3S-GRADUA\u00c7\u00c3O DA UNIVERSIDADE FEDERAL DO AMAP\u00c1 (PROPESPG-UNIFAP), UNIVERSIDADE ESTADUAL DO AMAP\u00c1 (UEAP), ASSOCIA\u00c7\u00c3O F\u00d3RUM NACIONAL DE GESTORES DE INOVA\u00c7\u00c3O E TRANSFER\u00caNCIA DE TECNOLOGIA (FORTEC),\u00a0UNIDADE AMAP\u00c1 DO SERVI\u00c7O BRASILEIRO DE APOIO \u00c0S MICRO E PEQUENAS EMPRESAS (SEBRAE).<\/p>\n<p><a href=\"http:\/\/www2.unifap.br\/profnit\/files\/2019\/12\/ISIMPINOVAAP2.png\"><img fetchpriority=\"high\" decoding=\"async\" class=\"size-large wp-image-300 aligncenter\" src=\"http:\/\/www2.unifap.br\/profnit\/files\/2019\/12\/ISIMPINOVAAP2-724x1024.png\" alt=\"\" width=\"640\" height=\"905\" srcset=\"http:\/\/www2.unifap.br\/profnit\/files\/2019\/12\/ISIMPINOVAAP2-724x1024.png 724w, http:\/\/www2.unifap.br\/profnit\/files\/2019\/12\/ISIMPINOVAAP2-212x300.png 212w, http:\/\/www2.unifap.br\/profnit\/files\/2019\/12\/ISIMPINOVAAP2-768x1086.png 768w, http:\/\/www2.unifap.br\/profnit\/files\/2019\/12\/ISIMPINOVAAP2.png 1587w\" sizes=\"(max-width: 640px) 100vw, 640px\" \/><\/a><\/p>\n<p><strong>DATA<\/strong> | 06 DE DEZEMBRO DE 2019<\/p>\n<p><strong>LOCAL<\/strong> | AUDIT\u00d3RIO MARABAIXO DA EMBRAPA-AP. ENDERE\u00c7O | RODOVIA JUSCELINO KUBITSCHEK, Km-5, 2600, UNIVERSIDADE, MACAP\u00c1 \/ AP. CEP 68903-419. <a href=\"https:\/\/goo.gl\/maps\/FaHhWNp5LZd5Svx19\" target=\"_blank\" rel=\"noopener\">Link para localiza\u00e7\u00e3o via Google Maps<\/a><\/p>\n<p><strong>INSCRI\u00c7\u00d5ES PARA P\u00daBLICO OUVINTE<\/strong> | No local, conforme hor\u00e1rio orientado no Programa do evento<\/p>\n<p><strong>INVESTIMENTO<\/strong>\u00a0| 1 pacote de Fralda Geri\u00e1trica G ou EXG para a\u00e7\u00e3o de solidariedade natalina junto ao <a href=\"https:\/\/sims.portal.ap.gov.br\/conteudo\/abrigos\/casa-abrigo-sao-jose\" target=\"_blank\" rel=\"noopener\">Abrigo S\u00e3o Jos\u00e9<\/a><\/p>\n<p><strong>OBJETIVO<\/strong> | Apresentando as discuss\u00f5es ora existentes nas pesquisas cient\u00edficas em curso no Ponto Focal da Universidade Federal do Amap\u00e1, por sua vez relativo ao Programa de P\u00f3s-Gradua\u00e7\u00e3o em Propriedade Intelectual e Transfer\u00eancia de Tecnologia para a Inova\u00e7\u00e3o (PROFNIT-UNIFAP), este Simp\u00f3sio realiza-se em esfor\u00e7o coordenado com o objetivo de publicizar, apresentar e debater alguns dos temas estrat\u00e9gicos para o desenvolvimento dos estudos em Propriedade Intelectual e Transfer\u00eancia de Tecnologia para a Inova\u00e7\u00e3o no Amap\u00e1.<\/p>\n<p><strong>TEMA<\/strong> | Inova\u00e7\u00e3o, Ecossistemas e Empreendedorismo<\/p>\n<p>&nbsp;<\/p>\n<p><strong>SUBMISS\u00c3O DE P\u00d4STERES PARA APRESENTA\u00c7\u00c3O<\/strong><\/p>\n<p><strong>NORMAS<\/strong> | <a href=\"http:\/\/www2.unifap.br\/profnit\/files\/2019\/11\/NORMAS-I-SAIT-21nov2019.pdf\" target=\"_blank\" rel=\"noopener\">Clique aqui<\/a><\/p>\n<p><strong>TEMPLATE PARA P\u00d4STER<\/strong> | <a href=\"http:\/\/www2.unifap.br\/profnit\/files\/2019\/11\/ISAIT2019_TEMPLATE_POSTER.ppt\" target=\"_blank\" rel=\"noopener\">Clique aqui<\/a><\/p>\n<p><strong>SUBMISS\u00d5ES (at\u00e9 02\/12\/2019)<\/strong>\u00a0| <a href=\"https:\/\/forms.gle\/wNddrURhPFzV5jtk7\" target=\"_blank\" rel=\"noopener\">Clique aqui<\/a><\/p>\n<p>&nbsp;<\/p>\n<p><strong>PROGRAMA (em atualiza\u00e7\u00e3o constante)<\/strong><\/p>\n<p><strong>8h-8h30 |\u00a0<\/strong>Credenciamento Presencial<\/p>\n<p><strong>8h30-9h30<\/strong> | Abertura com\u00a0Palavra da Reitoria, da Dire\u00e7\u00e3o da EMBRAPA-AP, da Coordena\u00e7\u00e3o do Programa e da Coordena\u00e7\u00e3o Geral do evento.<\/p>\n<p>Profa. Dra. Simone Leal (Vice-Reitora da UNIFAP),\u00a0Dr. Nagib Jorge Mel\u00e9m Jr. (Diretor da EMBRAPA-AP), Prof. Dr. Werbeston Douglas de Oliveira (Coordenador do PROFNIT na UNIFAP) Prof. Dr. Daniel Chaves (Coordenador-Geral do Evento e Coordenador Regional Norte do FORTEC)<\/p>\n<p><strong>9h<\/strong> |\u00a0Palavra dos Parceiros e Convidados sobre avan\u00e7os e desafios para a Inova\u00e7\u00e3o no estado<\/p>\n<p>Profa. Dra. K\u00e1tia Paulino (Reitora da UEAP), Prof. Dr. Rafael Pontes Lima (Secret\u00e1rio Estadual de Ci\u00eancia e Tecnologia do Amap\u00e1), MSc. Bruno Castro (Gerente de Inova\u00e7\u00e3o &#8211; SEBRAE), Vanderlei Meireles (Gerente de Educa\u00e7\u00e3o, Tecnologia e Inova\u00e7\u00e3o &#8211; SENAI), Dra. Fabiola Felix Gondola (Coordenadora de Pesquisa e Inova\u00e7\u00e3o do IFAP), Felipe Ferreira (Presidente da AMAPATEC), profa. Danielle Brito (Leva Ci\u00eancia) .<\/p>\n<p><strong>9h30-11h30<\/strong>\u00a0| Palestra de Abertura<\/p>\n<p>&#8220;Indica\u00e7\u00f5es Geogr\u00e1ficas&#8221;, com a profa. Dra. <a href=\"http:\/\/lattes.cnpq.br\/2285127061716886\">Kelly Lissandra Bruch<\/a> (Universidade Federal do Rio Grande do Sul)<\/p>\n<p>Debatedor\/a: Dr. <a href=\"http:\/\/lattes.cnpq.br\/3934576346924533\" target=\"_blank\" rel=\"noopener\">Adilson Lima<\/a> (Coordenador de Transfer\u00eancia de Tecnologia \/ EMBRAPA-AP)<\/p>\n<p><strong>14h30-16h<\/strong> | Apresenta\u00e7\u00e3o de P\u00f4steres. <a href=\"https:\/\/forms.gle\/CqWNyjrVYTkediic9\" target=\"_blank\" rel=\"noopener\">Link para Inscri\u00e7\u00e3o<\/a>.<\/p>\n<p><strong>15h30-17h20<\/strong>\u00a0| Palestra de Encerramento<\/p>\n<p>&#8220;Parques Cient\u00edfico-Tecnol\u00f3gicos&#8221;, com o prof. Dr. <a href=\"http:\/\/lattes.cnpq.br\/6542769654042813\" target=\"_blank\" rel=\"noopener\">Ubiratan Bezerra<\/a> (Universidade Federal do Par\u00e1)<\/p>\n<p>Debatedor\/a: Prof. Dr. <a href=\"http:\/\/lattes.cnpq.br\/3248608898278519\" target=\"_blank\" rel=\"noopener\">Rafael Pontes<\/a> (Secret\u00e1rio Estadual de Ci\u00eancia e Tecnologia do Amap\u00e1)<\/p>\n<p><strong>17h20-18h<\/strong> | Homenagem da SETEC AP aos pioneiros do Sistema Estadual de Ci\u00eancia e Tecnologia<\/p>\n<p>&nbsp;<\/p>\n<hr \/>\n<p>&nbsp;<\/p>\n<p><strong>APOIO<\/strong> | Secretaria de Estado de Ci\u00eancia e Tecnologia do Amap\u00e1, Gengibirra Mangarataya, Doces da Nan\u00e1<\/p>\n<p><strong>COORDENA\u00c7\u00c3O<\/strong>\u00a0| Adilson Lopes Lima, Daniel Santiago Chaves Ribeiro,\u00a0Dilneia Rochana Tavares do Couto, Gerciane Cordeiro da Costa, Jamile Borges, Lucio Dias das Neves, Nagib Jorge Mel\u00e9m Jr.<\/p>\n<p><strong>COMISS\u00c3O CIENT\u00cdFICA<\/strong>\u00a0| Alaan Ubaiara Brito (UNIFAP), Anapatr\u00edcia Vilha (UFABC), Ana Paula Palheta (IFPA), Cristina Quintella (Coordenadora Nacional do PROFNIT \/ UFBA), D\u00e9bora Aymor\u00e9 (UFPR), Edilson Pedro (MCTIC\/FORTEC-CO), Gra\u00e7a Ferraz (MPEG\/CAN PROFNIT), Olivam Rabelo (UFMT\/FORTEC-CO), Robson Tavares Costa (UNIFAP), Sandra Henriques (FADERGS), Vivianni Marques (UNIVASF\/FORTEC-NE)<\/p>\n<p>&nbsp;<\/p>\n<p style=\"text-align: right\"><em>\u00faltima atualiza\u00e7\u00e3o em 05\/12\/2019, 17h11<\/em><\/p>\n","protected":false},"excerpt":{"rendered":"<p>I SIMP\u00d3SIO AMAPAENSE DE INOVA\u00c7\u00c3O TECNOL\u00d3GICA UMA REALIZA\u00c7\u00c3O DO PROGRAMA DE P\u00d3S-GRADUA\u00c7\u00c3O EM PROPRIEDADE INTELECTUAL E TRANSFER\u00caNCIA DE TECNOLOGIA PARA A INOVA\u00c7\u00c3O (PROFNIT, PONTO FOCAL UNIFAP) E\u00a0DA UNIDADE AMAP\u00c1 DA EMPRESA BRASILEIRA DE PESQUISA AGROPECU\u00c1RIA (EMBRAPA-AP) APOIO E PARCERIA | PR\u00d3-REITORIA DE PESQUISA E P\u00d3S-GRADUA\u00c7\u00c3O DA UNIVERSIDADE FEDERAL DO AMAP\u00c1 (PROPESPG-UNIFAP), UNIVERSIDADE ESTADUAL DO AMAP\u00c1 (UEAP), ASSOCIA\u00c7\u00c3O F\u00d3RUM NACIONAL DE GESTORES DE INOVA\u00c7\u00c3O E TRANSFER\u00caNCIA DE TECNOLOGIA (FORTEC),\u00a0UNIDADE AMAP\u00c1 DO SERVI\u00c7O BRASILEIRO DE APOIO \u00c0S MICRO E PEQUENAS EMPRESAS (SEBRAE). DATA | 06 DE DEZEMBRO DE 2019 LOCAL | AUDIT\u00d3RIO MARABAIXO DA EMBRAPA-AP. ENDERE\u00c7O | RODOVIA JUSCELINO KUBITSCHEK, Km-5, 2600, UNIVERSIDADE, MACAP\u00c1 \/ AP. CEP 68903-419. Link para localiza\u00e7\u00e3o via Google Maps INSCRI\u00c7\u00d5ES PARA P\u00daBLICO OUVINTE | No local, conforme hor\u00e1rio orientado no Programa do evento INVESTIMENTO\u00a0| 1 pacote de Fralda Geri\u00e1trica G ou EXG para a\u00e7\u00e3o de solidariedade natalina junto ao Abrigo S\u00e3o Jos\u00e9 OBJETIVO | Apresentando as discuss\u00f5es ora existentes nas pesquisas cient\u00edficas em curso no Ponto Focal da Universidade Federal do Amap\u00e1, por sua vez relativo ao Programa de P\u00f3s-Gradua\u00e7\u00e3o em Propriedade Intelectual e Transfer\u00eancia de Tecnologia para a Inova\u00e7\u00e3o (PROFNIT-UNIFAP), este Simp\u00f3sio realiza-se em esfor\u00e7o coordenado com o objetivo de publicizar, apresentar e debater alguns dos temas estrat\u00e9gicos para o desenvolvimento dos estudos em Propriedade Intelectual e Transfer\u00eancia de Tecnologia para a Inova\u00e7\u00e3o no Amap\u00e1. TEMA | Inova\u00e7\u00e3o, Ecossistemas e Empreendedorismo &nbsp; SUBMISS\u00c3O DE P\u00d4STERES PARA APRESENTA\u00c7\u00c3O NORMAS | Clique aqui TEMPLATE PARA P\u00d4STER | Clique aqui SUBMISS\u00d5ES (at\u00e9 02\/12\/2019)\u00a0| Clique aqui &nbsp; PROGRAMA (em atualiza\u00e7\u00e3o constante) 8h-8h30 |\u00a0Credenciamento Presencial 8h30-9h30 | Abertura com\u00a0Palavra da Reitoria, da Dire\u00e7\u00e3o da EMBRAPA-AP, da Coordena\u00e7\u00e3o do Programa e da Coordena\u00e7\u00e3o Geral do evento. Profa. Dra. Simone Leal (Vice-Reitora da UNIFAP),\u00a0Dr. Nagib Jorge Mel\u00e9m Jr. (Diretor da EMBRAPA-AP), Prof. Dr. Werbeston Douglas de Oliveira (Coordenador do PROFNIT na UNIFAP) Prof. Dr. Daniel Chaves (Coordenador-Geral do Evento e Coordenador Regional Norte do FORTEC) 9h |\u00a0Palavra dos Parceiros e Convidados sobre avan\u00e7os e desafios para a Inova\u00e7\u00e3o no estado Profa. Dra. K\u00e1tia Paulino (Reitora da UEAP), Prof. Dr. Rafael Pontes Lima (Secret\u00e1rio Estadual de Ci\u00eancia e Tecnologia do Amap\u00e1), MSc. Bruno Castro (Gerente de Inova\u00e7\u00e3o &#8211; SEBRAE), Vanderlei Meireles (Gerente de Educa\u00e7\u00e3o, Tecnologia e Inova\u00e7\u00e3o &#8211; SENAI), Dra. Fabiola Felix Gondola (Coordenadora de Pesquisa e Inova\u00e7\u00e3o do IFAP), Felipe Ferreira (Presidente da AMAPATEC), profa. Danielle Brito (Leva Ci\u00eancia) . 9h30-11h30\u00a0| Palestra de Abertura &#8220;Indica\u00e7\u00f5es Geogr\u00e1ficas&#8221;, com a profa. Dra. Kelly Lissandra Bruch (Universidade Federal do Rio Grande do Sul) Debatedor\/a: Dr. Adilson Lima (Coordenador de Transfer\u00eancia de Tecnologia \/ EMBRAPA-AP) 14h30-16h | Apresenta\u00e7\u00e3o de P\u00f4steres. Link para Inscri\u00e7\u00e3o. 15h30-17h20\u00a0| Palestra de Encerramento &#8220;Parques Cient\u00edfico-Tecnol\u00f3gicos&#8221;, com o prof. Dr. Ubiratan Bezerra (Universidade Federal do Par\u00e1) Debatedor\/a: Prof. Dr. Rafael Pontes (Secret\u00e1rio Estadual de Ci\u00eancia e Tecnologia do Amap\u00e1) 17h20-18h | Homenagem da SETEC AP aos pioneiros do Sistema Estadual de Ci\u00eancia e Tecnologia &nbsp; &nbsp; APOIO | Secretaria de Estado de Ci\u00eancia e Tecnologia do Amap\u00e1, Gengibirra Mangarataya, Doces da Nan\u00e1 COORDENA\u00c7\u00c3O\u00a0| Adilson Lopes Lima, Daniel Santiago Chaves Ribeiro,\u00a0Dilneia Rochana Tavares do Couto, Gerciane Cordeiro da Costa, Jamile Borges, Lucio Dias das Neves, Nagib Jorge Mel\u00e9m Jr. COMISS\u00c3O CIENT\u00cdFICA\u00a0| Alaan Ubaiara Brito (UNIFAP), Anapatr\u00edcia Vilha (UFABC), Ana Paula Palheta (IFPA), Cristina Quintella (Coordenadora Nacional do PROFNIT \/ UFBA), D\u00e9bora Aymor\u00e9 (UFPR), Edilson Pedro (MCTIC\/FORTEC-CO), Gra\u00e7a Ferraz (MPEG\/CAN PROFNIT), Olivam Rabelo (UFMT\/FORTEC-CO), Robson Tavares Costa (UNIFAP), Sandra Henriques (FADERGS), Vivianni Marques (UNIVASF\/FORTEC-NE) &nbsp; \u00faltima atualiza\u00e7\u00e3o em 05\/12\/2019, 17h11<\/p>\n","protected":false},"author":168,"featured_media":0,"parent":44,"menu_order":1,"comment_status":"closed","ping_status":"closed","template":"","meta":{"inline_featured_image":false,"ngg_post_thumbnail":0,"footnotes":""},"class_list":["post-260","page","type-page","status-publish","hentry","entry"],"_links":{"self":[{"href":"http:\/\/www2.unifap.br\/profnit\/wp-json\/wp\/v2\/pages\/260","targetHints":{"allow":["GET"]}}],"collection":[{"href":"http:\/\/www2.unifap.br\/profnit\/wp-json\/wp\/v2\/pages"}],"about":[{"href":"http:\/\/www2.unifap.br\/profnit\/wp-json\/wp\/v2\/types\/page"}],"author":[{"embeddable":true,"href":"http:\/\/www2.unifap.br\/profnit\/wp-json\/wp\/v2\/users\/168"}],"replies":[{"embeddable":true,"href":"http:\/\/www2.unifap.br\/profnit\/wp-json\/wp\/v2\/comments?post=260"}],"version-history":[{"count":37,"href":"http:\/\/www2.unifap.br\/profnit\/wp-json\/wp\/v2\/pages\/260\/revisions"}],"predecessor-version":[{"id":318,"href":"http:\/\/www2.unifap.br\/profnit\/wp-json\/wp\/v2\/pages\/260\/revisions\/318"}],"up":[{"embeddable":true,"href":"http:\/\/www2.unifap.br\/profnit\/wp-json\/wp\/v2\/pages\/44"}],"wp:attachment":[{"href":"http:\/\/www2.unifap.br\/profnit\/wp-json\/wp\/v2\/media?parent=260"}],"curies":[{"name":"wp","href":"https:\/\/api.w.org\/{rel}","templated":true}]}}