{"id":1377,"date":"2023-01-17T16:43:42","date_gmt":"2023-01-17T16:43:42","guid":{"rendered":"https:\/\/www2.unifap.br\/propespg\/?page_id=1377"},"modified":"2023-01-17T16:43:42","modified_gmt":"2023-01-17T16:43:42","slug":"perguntas-frequentes-departamento-de-pos-graduacao-dpg","status":"publish","type":"page","link":"http:\/\/www2.unifap.br\/propespg\/perguntas-frequentes\/perguntas-frequentes-departamento-de-pos-graduacao-dpg\/","title":{"rendered":"PERGUNTAS FREQUENTES DEPARTAMENTO DE P\u00d3S-GRADUA\u00c7\u00c3O &#8211; DPG"},"content":{"rendered":"<p><a href=\"https:\/\/www2.unifap.br\/propespg\/perguntas-frequentes\/logo-unifap\/#main\" rel=\"attachment wp-att-1364\"><img fetchpriority=\"high\" decoding=\"async\" class=\"size-full wp-image-1364 aligncenter\" src=\"http:\/\/www2.unifap.br\/propespg\/files\/2023\/01\/LOGO-UNIFAP.jpg\" alt=\"\" width=\"600\" height=\"350\" \/><\/a><\/p>\n<p><span style=\"color: #000000\"><strong>O que \u00e9 p\u00f3s-gradua\u00e7\u00e3o?<\/strong><\/span><br \/>\n<span style=\"color: #000000\">O termo p\u00f3s-gradua\u00e7\u00e3o \u00e9 utilizado nos cursos realizados ap\u00f3s o t\u00e9rmino da<\/span><br \/>\n<span style=\"color: #000000\">gradua\u00e7\u00e3o, seja esta um bacharelado, um tecnol\u00f3gico ou uma licenciatura.<\/span><br \/>\n<span style=\"color: #000000\">Aqui entram as especializa\u00e7\u00f5es, os mestrados e os doutorados.<\/span><br \/>\n<span style=\"color: #000000\"><strong>2. O que \u00e9 a Capes?<\/strong><\/span><br \/>\n<span style=\"color: #000000\">A Coordena\u00e7\u00e3o de Aperfei\u00e7oamento de Pessoal de N\u00edvel Superior (Capes) que<\/span><br \/>\n<span style=\"color: #000000\">atua na avalia\u00e7\u00e3o da p\u00f3s-gradua\u00e7\u00e3o stricto sensu (mestrado e doutorado) em<\/span><br \/>\n<span style=\"color: #000000\">todos os estados do pa\u00eds e na distribui\u00e7\u00e3o de bolsas de estudo.<\/span><br \/>\n<span style=\"color: #000000\">As especializa\u00e7\u00f5es n\u00e3o se submetem \u00e0 avalia\u00e7\u00e3o sistem\u00e1tica da Capes. Para<\/span><br \/>\n<span style=\"color: #000000\">conhecer mais: https:\/\/www.gov.br\/capes\/pt-br\/acesso-ainformacao\/institucional\/historia-e-missao<\/span><br \/>\n<span style=\"color: #000000\"><strong>3. Qual a diferen\u00e7a entre lato sensu e stricto sensu?<\/strong><\/span><br \/>\n<span style=\"color: #000000\">Lato sensu designa todo curso que se segue \u00e0 gradua\u00e7\u00e3o e destinado ao<\/span><br \/>\n<span style=\"color: #000000\">aperfei\u00e7oamento e a especializa\u00e7\u00e3o em uma \u00e1rea certa e limitada do saber ou<\/span><br \/>\n<span style=\"color: #000000\">da profiss\u00e3o &#8211; s\u00e3o conhecidos apenas como &#8220;especializa\u00e7\u00e3o&#8221;. J\u00e1 os<\/span><br \/>\n<span style=\"color: #000000\">cursos stricto sensu conduzem \u00e0 obten\u00e7\u00e3o de um grau acad\u00eamico, e<\/span><br \/>\n<span style=\"color: #000000\">subdividem-se em dois ciclos: mestrado e doutorado.<\/span><br \/>\n<span style=\"color: #000000\"><strong>4. P\u00f3s-gradua\u00e7\u00e3o e especializa\u00e7\u00e3o s\u00e3o a mesma coisa?<\/strong><\/span><br \/>\n<span style=\"color: #000000\">N\u00e3o. Especializa\u00e7\u00e3o \u00e9 apenas um tipo de p\u00f3s-gradua\u00e7\u00e3o, o lato sensu. O<\/span><br \/>\n<span style=\"color: #000000\">mestrado e o doutorado s\u00e3o o outro tipo, o stricto sensu.<\/span><br \/>\n<span style=\"color: #000000\"><strong>5. Posso fazer mestrado ou doutorado sem ter feito especializa\u00e7\u00e3o?<\/strong><\/span><br \/>\n<span style=\"color: #000000\">Sim. Qualquer aluno pode candidatar-se a um curso de mestrado ap\u00f3s o<\/span><br \/>\n<span style=\"color: #000000\">t\u00e9rmino da gradua\u00e7\u00e3o.<\/span><br \/>\n<span style=\"color: #000000\"><strong>6. \u00c9 preciso fazer um mestrado antes do doutorado?<\/strong><\/span><br \/>\n<span style=\"color: #000000\">N\u00e3o necessariamente. A legisla\u00e7\u00e3o educacional n\u00e3o exige o mestrado para<\/span><br \/>\n<span style=\"color: #000000\">ingressar no doutorado. Entretanto, a maioria das institui\u00e7\u00f5es exige o<\/span><br \/>\n<span style=\"color: #000000\">06\/01\/2023 10:21 Memorando Eletr\u00f4nico &#8211; SIPAC<\/span><br \/>\n<span style=\"color: #000000\">https:\/\/sipac.unifap.br\/sipac\/protocolo\/memorando_eletronico\/memorando_eletronico.jsf?idMemorandoEletronico=876729&amp;sr=true 2\/2<\/span><br \/>\n<span style=\"color: #000000\">mestrado para os candidatos a doutorado. Em outras a sele\u00e7\u00e3o \u00e9 feita por<\/span><br \/>\n<span style=\"color: #000000\">an\u00e1lise de curr\u00edculo, e como existem muito mais candidatos do que vagas,<\/span><br \/>\n<span style=\"color: #000000\">normalmente os candidatos com mestrado ingressam em detrimento dos<\/span><br \/>\n<span style=\"color: #000000\">outros pelo crit\u00e9rio da titula\u00e7\u00e3o, mas n\u00e3o como exig\u00eancia legal.<\/span><br \/>\n<span style=\"color: #000000\"><strong>7 &#8211; Quais Especializa\u00e7\u00f5es a Universidade possui atualmente?<\/strong><\/span><br \/>\n<span style=\"color: #000000\">Dentre presenciais e \u00e0 dist\u00e2ncia a Universidade disp\u00f5e dos seguintes cursos:<\/span><br \/>\n<span style=\"color: #000000\">Ci\u00eancias da Religi\u00e3o, Especializa\u00e7\u00e3o em Ensino de Geografia, Ensino de<\/span><br \/>\n<span style=\"color: #000000\">Filosofia no Ensino M\u00e9dio, Ensino de F\u00edsica, Ensino de Matem\u00e1tica do Ensino<\/span><br \/>\n<span style=\"color: #000000\">M\u00e9dio, Ensino de Sociologia no Ensino M\u00e9dio, Estudos Culturais e Pol\u00edticas<\/span><br \/>\n<span style=\"color: #000000\">P\u00fablicas, Geografia em Rela\u00e7\u00f5es Socioespaciais na fronteira Franco-Brasileira,<\/span><br \/>\n<span style=\"color: #000000\">Lingu\u00edstica aplicada ao ensino de L\u00ednguas, Pol\u00edtica Educacional, al\u00e9m da<\/span><br \/>\n<span style=\"color: #000000\">Resid\u00eancia Multiprofissional em Sa\u00fade Coletiva e Resid\u00eancia M\u00e9dica;<\/span><br \/>\n<span style=\"color: #000000\"><strong>8 &#8211; Quais Programas de Mestrado a Universidade possui atualmente?<\/strong><\/span><br \/>\n<span style=\"color: #000000\">Ci\u00eancias Ambientais, Ci\u00eancias Da Sa\u00fade, Desenvolvimento Regional, Educa\u00e7\u00e3o<\/span><br \/>\n<span style=\"color: #000000\">Inclusiva, Geografia &#8211; Mestrado Acad\u00eamico, Historia &#8211; Mestrado Acad\u00eamico,<\/span><br \/>\n<span style=\"color: #000000\">Hist\u00f3ria &#8211; Mestrado Profissional, Mestrado Em Ci\u00eancias Farmac\u00eauticas,<\/span><br \/>\n<span style=\"color: #000000\">Mestrado Em Educa\u00e7\u00e3o, Mestrado Em Letras, Mestrado Profissional Em Estudos<\/span><br \/>\n<span style=\"color: #000000\">De Fronteiras, Profissional Em Matem\u00e1tica, Propriedade Intelectual E<\/span><br \/>\n<span style=\"color: #000000\">Transfer\u00eancia De Tecnologia Para Inova\u00e7\u00e3o, Sa\u00fade Da Fam\u00edlia.<\/span><br \/>\n<span style=\"color: #000000\"><strong>9 &#8211; Quais Programas de Doutorado a Universidade possui atualmente?<\/strong><\/span><br \/>\n<span style=\"color: #000000\">Biodiversidade e Biotecnologia Rede Bionorte, Biodiversidade Tropical,<\/span><br \/>\n<span style=\"color: #000000\">Doutorado Em Inova\u00e7\u00e3o Farmac\u00eautica.<\/span><br \/>\n<span style=\"color: #000000\"><strong>10 &#8211; Quando ocorrem os Processos de Sele\u00e7\u00e3o para a P\u00f3s-Gradua\u00e7\u00e3o na<\/strong><\/span><br \/>\n<span style=\"color: #000000\"><strong>Universidade?<\/strong><\/span><br \/>\n<span style=\"color: #000000\">N\u00e3o h\u00e1 um prazo espec\u00edfico, cada Programa\/Curso tem autonomia para<\/span><br \/>\n<span style=\"color: #000000\">realizar sua sele\u00e7\u00e3o, mas, majoritariamente, ocorrem no segundo semestre de<\/span><br \/>\n<span style=\"color: #000000\">um ano letivo para ingresso no primeiro semestre do ano seguinte, ou, ainda,<\/span><br \/>\n<span style=\"color: #000000\">no in\u00edcio\u00a0de cada ano, devendo o interessado acompanhar nas p\u00e1ginas de cada<\/span><br \/>\n<span style=\"color: #000000\">Programa.\u00a0<\/span><\/p>\n","protected":false},"excerpt":{"rendered":"<p>O que \u00e9 p\u00f3s-gradua\u00e7\u00e3o? O termo p\u00f3s-gradua\u00e7\u00e3o \u00e9 utilizado nos cursos realizados ap\u00f3s o t\u00e9rmino da gradua\u00e7\u00e3o, seja esta um bacharelado, um tecnol\u00f3gico ou uma licenciatura. Aqui entram as especializa\u00e7\u00f5es, os mestrados e os doutorados. 2. O que \u00e9 a&hellip; <\/p>\n<p><a href=\"http:\/\/www2.unifap.br\/propespg\/perguntas-frequentes\/perguntas-frequentes-departamento-de-pos-graduacao-dpg\/\" class=\"readmore-button\">Continue Reading<\/a><\/p>\n","protected":false},"author":623,"featured_media":0,"parent":1363,"menu_order":0,"comment_status":"closed","ping_status":"closed","template":"","meta":{"inline_featured_image":false,"ngg_post_thumbnail":0,"footnotes":""},"class_list":["post-1377","page","type-page","status-publish","hentry"],"_links":{"self":[{"href":"http:\/\/www2.unifap.br\/propespg\/wp-json\/wp\/v2\/pages\/1377","targetHints":{"allow":["GET"]}}],"collection":[{"href":"http:\/\/www2.unifap.br\/propespg\/wp-json\/wp\/v2\/pages"}],"about":[{"href":"http:\/\/www2.unifap.br\/propespg\/wp-json\/wp\/v2\/types\/page"}],"author":[{"embeddable":true,"href":"http:\/\/www2.unifap.br\/propespg\/wp-json\/wp\/v2\/users\/623"}],"replies":[{"embeddable":true,"href":"http:\/\/www2.unifap.br\/propespg\/wp-json\/wp\/v2\/comments?post=1377"}],"version-history":[{"count":1,"href":"http:\/\/www2.unifap.br\/propespg\/wp-json\/wp\/v2\/pages\/1377\/revisions"}],"predecessor-version":[{"id":1379,"href":"http:\/\/www2.unifap.br\/propespg\/wp-json\/wp\/v2\/pages\/1377\/revisions\/1379"}],"up":[{"embeddable":true,"href":"http:\/\/www2.unifap.br\/propespg\/wp-json\/wp\/v2\/pages\/1363"}],"wp:attachment":[{"href":"http:\/\/www2.unifap.br\/propespg\/wp-json\/wp\/v2\/media?parent=1377"}],"curies":[{"name":"wp","href":"https:\/\/api.w.org\/{rel}","templated":true}]}}